{"id":15,"date":"2015-11-02T14:51:22","date_gmt":"2015-11-02T13:51:22","guid":{"rendered":"http:\/\/magotarm.se\/vasterbottens-lansforening\/?page_id=15"},"modified":"2017-03-27T22:57:44","modified_gmt":"2017-03-27T20:57:44","slug":"vilka-vi-ar","status":"publish","type":"page","link":"https:\/\/magotarm.se\/vasterbottens-lansforening\/vilka-vi-ar\/","title":{"rendered":"Vilka vi \u00e4r"},"content":{"rendered":"<p><strong>V\u00e4sterbottens l\u00e4nsf\u00f6rening av Mag- och tarmf\u00f6rbundet bildades 1984 och har f\u00f6r n\u00e4rvarande 125 medlemmar.<\/strong><\/p>\n<p>F\u00f6reningen v\u00e4nder sig till personer med sjukdomar eller andra funktionsst\u00f6rningar i matsm\u00e4ltningskanalen och som bor i V\u00e4sterbottens l\u00e4n. Genom medlemsst\u00f6d, informationsverksamhet och p\u00e5verkansarbete medverkar f\u00f6reningen till att mag-tamsjuka ska f\u00e5 st\u00f6d och hj\u00e4lp som beh\u00f6vs till f\u00f6ljd av sjukdomen.<\/p>\n<p>Som medlem i f\u00f6reningen f\u00e5r du m\u00f6jlighet att tr\u00e4ffa andra i samma situation f\u00f6r utbyte av tips och erfarenheter som kan underl\u00e4tta i vardagen. Du inbjuds till f\u00f6rel\u00e4sningar och andra aktiviteter d\u00e4r du kan l\u00e4ra dig mer om din sjukdom och f\u00e5 annan v\u00e4rdefull information. Du \u00e4r ocks\u00e5 v\u00e4lkommen att vara med och p\u00e5verka villkoren f\u00f6r dig sj\u00e4lv och andra mag-tarmsjuka genom att medverka i f\u00f6reningens informations- och p\u00e5verkansarbete.<\/p>\n","protected":false},"excerpt":{"rendered":"<p>V\u00e4sterbottens l\u00e4nsf\u00f6rening av Mag- och tarmf\u00f6rbundet bildades 1984 och har f\u00f6r n\u00e4rvarande 125 medlemmar. F\u00f6reningen v\u00e4nder sig till personer &#8230;<\/p>\n","protected":false},"author":3,"featured_media":0,"parent":0,"menu_order":2,"comment_status":"closed","ping_status":"closed","template":"page-entrypage.php","meta":{"_acf_changed":false,"footnotes":"","_links_to":"","_links_to_target":""},"class_list":["post-15","page","type-page","status-publish","hentry","wp-sticky"],"acf":[],"yoast_head":"<!-- This site is optimized with the Yoast SEO plugin v27.4 - https:\/\/yoast.com\/product\/yoast-seo-wordpress\/ -->\n<title>Vilka vi \u00e4r - Mag- och tarmf\u00f6reningen i V\u00e4sterbotten<\/title>\n<meta name=\"robots\" content=\"index, follow, max-snippet:-1, max-image-preview:large, max-video-preview:-1\" \/>\n<link rel=\"canonical\" href=\"https:\/\/magotarm.se\/vasterbottens-lansforening\/vilka-vi-ar\/\" \/>\n<meta property=\"og:locale\" content=\"sv_SE\" \/>\n<meta property=\"og:type\" content=\"article\" \/>\n<meta property=\"og:title\" content=\"Vilka vi \u00e4r - Mag- och tarmf\u00f6reningen i V\u00e4sterbotten\" \/>\n<meta property=\"og:description\" content=\"V\u00e4sterbottens l\u00e4nsf\u00f6rening av Mag- och tarmf\u00f6rbundet bildades 1984 och har f\u00f6r n\u00e4rvarande 125 medlemmar. F\u00f6reningen v\u00e4nder sig till personer ...\" \/>\n<meta property=\"og:url\" content=\"https:\/\/magotarm.se\/vasterbottens-lansforening\/vilka-vi-ar\/\" \/>\n<meta property=\"og:site_name\" content=\"Mag- och tarmf\u00f6reningen i V\u00e4sterbotten\" \/>\n<meta property=\"article:modified_time\" content=\"2017-03-27T20:57:44+00:00\" \/>\n<meta name=\"twitter:card\" content=\"summary_large_image\" \/>\n<meta name=\"twitter:label1\" content=\"Ber\u00e4knad l\u00e4stid\" \/>\n\t<meta name=\"twitter:data1\" content=\"1 minut\" \/>\n<script type=\"application\/ld+json\" class=\"yoast-schema-graph\">{\"@context\":\"https:\\\/\\\/schema.org\",\"@graph\":[{\"@type\":\"WebPage\",\"@id\":\"https:\\\/\\\/magotarm.se\\\/vasterbottens-lansforening\\\/vilka-vi-ar\\\/\",\"url\":\"https:\\\/\\\/magotarm.se\\\/vasterbottens-lansforening\\\/vilka-vi-ar\\\/\",\"name\":\"Vilka vi \u00e4r - Mag- och tarmf\u00f6reningen i V\u00e4sterbotten\",\"isPartOf\":{\"@id\":\"https:\\\/\\\/magotarm.se\\\/vasterbottens-lansforening\\\/#website\"},\"datePublished\":\"2015-11-02T13:51:22+00:00\",\"dateModified\":\"2017-03-27T20:57:44+00:00\",\"breadcrumb\":{\"@id\":\"https:\\\/\\\/magotarm.se\\\/vasterbottens-lansforening\\\/vilka-vi-ar\\\/#breadcrumb\"},\"inLanguage\":\"sv-SE\",\"potentialAction\":[{\"@type\":\"ReadAction\",\"target\":[\"https:\\\/\\\/magotarm.se\\\/vasterbottens-lansforening\\\/vilka-vi-ar\\\/\"]}]},{\"@type\":\"BreadcrumbList\",\"@id\":\"https:\\\/\\\/magotarm.se\\\/vasterbottens-lansforening\\\/vilka-vi-ar\\\/#breadcrumb\",\"itemListElement\":[{\"@type\":\"ListItem\",\"position\":1,\"name\":\"Hem\",\"item\":\"https:\\\/\\\/magotarm.se\\\/vasterbottens-lansforening\\\/\"},{\"@type\":\"ListItem\",\"position\":2,\"name\":\"Vilka vi \u00e4r\"}]},{\"@type\":\"WebSite\",\"@id\":\"https:\\\/\\\/magotarm.se\\\/vasterbottens-lansforening\\\/#website\",\"url\":\"https:\\\/\\\/magotarm.se\\\/vasterbottens-lansforening\\\/\",\"name\":\"Mag- och tarmf\u00f6reningen i V\u00e4sterbotten\",\"description\":\"En till Mag- och tarmf\u00f6rbundets Webbplatser webbplats\",\"potentialAction\":[{\"@type\":\"SearchAction\",\"target\":{\"@type\":\"EntryPoint\",\"urlTemplate\":\"https:\\\/\\\/magotarm.se\\\/vasterbottens-lansforening\\\/?s={search_term_string}\"},\"query-input\":{\"@type\":\"PropertyValueSpecification\",\"valueRequired\":true,\"valueName\":\"search_term_string\"}}],\"inLanguage\":\"sv-SE\"}]}<\/script>\n<!-- \/ Yoast SEO plugin. -->","yoast_head_json":{"title":"Vilka vi \u00e4r - Mag- och tarmf\u00f6reningen i V\u00e4sterbotten","robots":{"index":"index","follow":"follow","max-snippet":"max-snippet:-1","max-image-preview":"max-image-preview:large","max-video-preview":"max-video-preview:-1"},"canonical":"https:\/\/magotarm.se\/vasterbottens-lansforening\/vilka-vi-ar\/","og_locale":"sv_SE","og_type":"article","og_title":"Vilka vi \u00e4r - Mag- och tarmf\u00f6reningen i V\u00e4sterbotten","og_description":"V\u00e4sterbottens l\u00e4nsf\u00f6rening av Mag- och tarmf\u00f6rbundet bildades 1984 och har f\u00f6r n\u00e4rvarande 125 medlemmar. F\u00f6reningen v\u00e4nder sig till personer ...","og_url":"https:\/\/magotarm.se\/vasterbottens-lansforening\/vilka-vi-ar\/","og_site_name":"Mag- och tarmf\u00f6reningen i V\u00e4sterbotten","article_modified_time":"2017-03-27T20:57:44+00:00","twitter_card":"summary_large_image","twitter_misc":{"Ber\u00e4knad l\u00e4stid":"1 minut"},"schema":{"@context":"https:\/\/schema.org","@graph":[{"@type":"WebPage","@id":"https:\/\/magotarm.se\/vasterbottens-lansforening\/vilka-vi-ar\/","url":"https:\/\/magotarm.se\/vasterbottens-lansforening\/vilka-vi-ar\/","name":"Vilka vi \u00e4r - Mag- och tarmf\u00f6reningen i V\u00e4sterbotten","isPartOf":{"@id":"https:\/\/magotarm.se\/vasterbottens-lansforening\/#website"},"datePublished":"2015-11-02T13:51:22+00:00","dateModified":"2017-03-27T20:57:44+00:00","breadcrumb":{"@id":"https:\/\/magotarm.se\/vasterbottens-lansforening\/vilka-vi-ar\/#breadcrumb"},"inLanguage":"sv-SE","potentialAction":[{"@type":"ReadAction","target":["https:\/\/magotarm.se\/vasterbottens-lansforening\/vilka-vi-ar\/"]}]},{"@type":"BreadcrumbList","@id":"https:\/\/magotarm.se\/vasterbottens-lansforening\/vilka-vi-ar\/#breadcrumb","itemListElement":[{"@type":"ListItem","position":1,"name":"Hem","item":"https:\/\/magotarm.se\/vasterbottens-lansforening\/"},{"@type":"ListItem","position":2,"name":"Vilka vi \u00e4r"}]},{"@type":"WebSite","@id":"https:\/\/magotarm.se\/vasterbottens-lansforening\/#website","url":"https:\/\/magotarm.se\/vasterbottens-lansforening\/","name":"Mag- och tarmf\u00f6reningen i V\u00e4sterbotten","description":"En till Mag- och tarmf\u00f6rbundets Webbplatser webbplats","potentialAction":[{"@type":"SearchAction","target":{"@type":"EntryPoint","urlTemplate":"https:\/\/magotarm.se\/vasterbottens-lansforening\/?s={search_term_string}"},"query-input":{"@type":"PropertyValueSpecification","valueRequired":true,"valueName":"search_term_string"}}],"inLanguage":"sv-SE"}]}},"_links":{"self":[{"href":"https:\/\/magotarm.se\/vasterbottens-lansforening\/wp-json\/wp\/v2\/pages\/15","targetHints":{"allow":["GET"]}}],"collection":[{"href":"https:\/\/magotarm.se\/vasterbottens-lansforening\/wp-json\/wp\/v2\/pages"}],"about":[{"href":"https:\/\/magotarm.se\/vasterbottens-lansforening\/wp-json\/wp\/v2\/types\/page"}],"author":[{"embeddable":true,"href":"https:\/\/magotarm.se\/vasterbottens-lansforening\/wp-json\/wp\/v2\/users\/3"}],"replies":[{"embeddable":true,"href":"https:\/\/magotarm.se\/vasterbottens-lansforening\/wp-json\/wp\/v2\/comments?post=15"}],"version-history":[{"count":4,"href":"https:\/\/magotarm.se\/vasterbottens-lansforening\/wp-json\/wp\/v2\/pages\/15\/revisions"}],"predecessor-version":[{"id":158,"href":"https:\/\/magotarm.se\/vasterbottens-lansforening\/wp-json\/wp\/v2\/pages\/15\/revisions\/158"}],"wp:attachment":[{"href":"https:\/\/magotarm.se\/vasterbottens-lansforening\/wp-json\/wp\/v2\/media?parent=15"}],"curies":[{"name":"wp","href":"https:\/\/api.w.org\/{rel}","templated":true}]}}