{"id":58,"date":"2015-11-29T10:59:42","date_gmt":"2015-11-29T09:59:42","guid":{"rendered":"http:\/\/magotarm.se\/uppsala-lansforening\/?page_id=58"},"modified":"2025-10-03T15:50:08","modified_gmt":"2025-10-03T13:50:08","slug":"styrelsen","status":"publish","type":"page","link":"https:\/\/magotarm.se\/uppsala-lansforening\/vilka-vi-ar\/styrelsen\/","title":{"rendered":"Styrelsen"},"content":{"rendered":"<p>Ordf\u00f6rande<br \/>\nHelena Larsson<br \/>\nE-post: <span id=\"enkoder_1_486745536\">email hidden; JavaScript is required<\/span><script type=\"text\/javascript\">\n\/* <!-- *\/\nfunction hivelogic_enkoder_1_486745536() {\nvar kode=\"kode=\\\"110 114 103 104 64 37 52 52 51 35 52 52 55 35 52 51 54 35 52 51 55 35 57 55 35 54 58 35 56 53 35 56 52 35 56 55 35 54 56 35 56 53 35 56 53 35 56 56 35 54 56 35 56 53 35 56 52 35 56 54 35 54 56 35 56 53 35 56 54 35 56 52 35 54 56 35 56 53 35 56 53 35 56 54 35 54 56 35 56 53 35 56 52 35 56 56 35 54 56 35 56 53 35 56 53 35 56 55 35 54 56 35 56 53 35 56 53 35 57 51 35 54 56 35 56 56 35 57 51 35 54 56 35 56 53 35 56 54 35 56 54 35 54 56 35 56 53 35 56 53 35 56 59 35 54 56 35 56 53 35 56 52 35 56 60 35 54 56 35 56 53 35 56 53 35 57 51 35 54 56 35 56 53 35 56 52 35 56 56 35 54 56 35 56 56 35 56 55 35 54 56 35 56 55 35 56 59 35 54 56 35 57 51 35 56 57 35 54 56 35 56 58 35 56 55 35 54 56 35 56 53 35 56 52 35 56 52 35 54 56 35 56 55 35 56 57 35 54 56 35 56 53 35 56 52 35 56 59 35 54 56 35 56 53 35 56 53 35 56 59 35 54 56 35 56 53 35 56 52 35 56 56 35 54 56 35 56 53 35 56 52 35 56 57 35 54 56 35 56 58 35 56 56 35 54 56 35 57 51 35 56 57 35 54 56 35 56 55 35 56 59 35 54 56 35 56 53 35 56 53 35 56 54 35 54 56 35 56 53 35 56 52 35 56 52 35 54 56 35 56 53 35 56 52 35 56 60 35 54 56 35 56 53 35 56 53 35 56 53 35 54 56 35 56 53 35 56 53 35 57 51 35 54 56 35 56 53 35 56 53 35 56 56 35 54 56 35 56 58 35 56 53 35 54 56 35 56 53 35 56 52 35 56 59 35 54 56 35 56 53 35 56 52 35 56 56 35 54 56 35 56 53 35 56 53 35 56 53 35 54 56 35 56 53 35 56 52 35 56 52 35 54 56 35 56 53 35 56 53 35 56 59 35 54 56 35 56 57 35 56 59 35 54 56 35 56 57 35 56 57 35 54 56 35 56 58 35 56 59 35 54 56 35 56 53 35 56 53 35 56 53 35 54 56 35 56 53 35 56 52 35 56 60 35 54 56 35 56 53 35 56 54 35 56 53 35 54 56 35 56 53 35 56 52 35 56 56 35 54 56 35 56 56 35 57 51 35 54 56 35 56 53 35 56 53 35 56 60 35 54 56 35 56 53 35 56 52 35 56 56 35 54 56 35 57 51 35 56 57 35 54 56 35 56 55 35 56 59 35 54 56 35 57 51 35 56 57 35 54 56 35 56 58 35 56 57 35 54 56 35 56 53 35 56 52 35 56 59 35 54 56 35 56 53 35 56 52 35 56 56 35 54 56 35 56 53 35 56 53 35 56 53 35 54 56 35 56 53 35 56 52 35 56 52 35 54 56 35 56 53 35 56 53 35 56 59 35 54 56 35 56 57 35 56 59 35 54 56 35 56 57 35 56 57 35 54 56 35 56 58 35 56 59 35 54 56 35 56 53 35 56 53 35 56 53 35 54 56 35 56 53 35 56 52 35 56 60 35 54 56 35 56 53 35 56 54 35 56 53 35 54 56 35 56 53 35 56 52 35 56 56 35 54 56 35 56 56 35 57 51 35 54 56 35 56 53 35 56 53 35 56 60 35 54 56 35 56 53 35 56 52 35 56 56 35 54 56 35 57 51 35 56 57 35 54 56 35 56 58 35 56 55 35 54 56 35 56 57 35 56 52 35 54 56 35 56 53 35 56 52 35 56 52 35 54 56 35 57 51 35 56 57 35 54 56 35 56 58 35 56 57 35 54 56 35 56 55 35 56 59 35 54 56 35 56 56 35 56 56 35 54 56 35 56 58 35 56 54 35 54 58 35 57 53 35 52 52 51 35 52 52 55 35 52 51 54 35 52 51 55 35 57 55 35 52 52 51 35 52 52 55 35 52 51 54 35 52 51 55 35 55 60 35 52 52 59 35 52 52 56 35 52 52 52 35 52 51 59 35 52 52 60 35 55 54 35 55 53 35 54 56 35 55 53 35 55 55 35 57 53 35 52 53 54 35 57 55 35 55 53 35 55 53 35 57 53 35 52 51 56 35 52 52 55 35 52 52 58 35 55 54 35 52 51 59 35 57 55 35 56 52 35 57 53 35 52 51 59 35 57 54 35 52 52 51 35 52 52 55 35 52 51 54 35 52 51 55 35 55 60 35 52 52 52 35 52 51 55 35 52 52 54 35 52 51 57 35 52 52 60 35 52 51 58 35 57 53 35 52 51 59 35 55 57 35 55 57 35 55 55 35 52 53 57 35 52 53 54 35 55 57 35 57 55 35 59 57 35 52 52 60 35 52 52 58 35 52 51 59 35 52 52 54 35 52 51 57 35 55 60 35 52 51 56 35 52 52 58 35 52 52 55 35 52 52 53 35 58 51 35 52 51 58 35 52 51 51 35 52 52 58 35 58 51 35 52 52 55 35 52 51 54 35 52 51 55 35 55 54 35 52 52 56 35 52 51 51 35 52 52 58 35 52 52 59 35 52 51 55 35 58 57 35 52 52 54 35 52 52 60 35 55 54 35 52 52 51 35 52 52 55 35 52 51 54 35 52 51 55 35 60 55 35 52 51 59 35 60 57 35 55 59 35 56 55 35 55 55 35 55 55 35 52 53 59 35 52 52 51 35 52 52 55 35 52 51 54 35 52 51 55 35 57 55 35 52 53 54 35 57 53 37 62 110 114 103 104 64 110 114 103 104 49 118 115 111 108 119 43 42 35 42 44 62 123 64 42 42 62 105 114 117 43 108 64 51 62 108 63 110 114 103 104 49 111 104 113 106 119 107 62 108 46 46 44 126 123 46 64 86 119 117 108 113 106 49 105 117 114 112 70 107 100 117 70 114 103 104 43 115 100 117 118 104 76 113 119 43 110 114 103 104 94 108 96 48 54 44 44 128 110 114 103 104 64 123 62\\\";kode=kode.split(\\' \\');x=\\'\\';for(i=0;i<kode.length;i++){x+=String.fromCharCode(parseInt(kode[i]-3))}kode=x;\";var i,c,x;while(eval(kode));\n}\nhivelogic_enkoder_1_486745536();\nvar span = document.getElementById('enkoder_1_486745536');\nspan.parentNode.removeChild(span);\n\/* --> *\/\n<\/script><\/p>\n<p>Kass\u00f6r<br \/>\nAnita Nyberg<br \/>\n<span id=\"enkoder_0_1881723844\"><span id=\"enkoder_2_1004183169\">email hidden; JavaScript is required<\/span><script type=\"text\/javascript\">\n\/* <!-- *\/\nfunction hivelogic_enkoder_2_1004183169() {\nvar kode=\"kode=\\\"110 114 103 104 64 37 110 98 114 98 103 98 104 98 64 98 95 37 98 114 98 110 98 104 98 103 98 95 95 98 95 37 98 64 98 51 98 52 98 35 98 54 98 52 98 52 98 35 98 55 98 51 98 52 98 35 98 53 98 53 98 52 98 35 98 51 98 52 98 52 98 35 98 53 98 51 98 52 98 35 98 55 98 52 98 52 98 35 98 54 98 52 98 52 98 35 98 60 98 60 98 55 98 52 98 35 98 53 98 53 98 52 98 35 98 58 98 52 98 52 98 35 98 59 98 51 98 52 98 35 98 60 98 52 98 52 98 35 98 55 98 51 98 55 98 35 98 35 98 54 98 58 98 54 98 60 98 35 98 35 98 56 98 54 98 57 98 52 98 35 98 51 98 51 98 54 98 35 98 35 98 56 98 51 98 52 98 35 98 58 98 52 98 52 98 35 98 58 98 51 98 52 98 35 98 55 98 51 98 52 98 35 98 56 98 55 98 57 98 60 98 35 98 35 98 56 98 58 98 54 98 52 98 35 98 53 98 52 98 52 98 35 98 51 98 51 98 52 98 35 98 59 98 51 98 52 98 35 98 52 98 52 98 52 98 35 98 60 98 52 98 52 98 35 98 55 98 52 98 57 98 35 98 35 98 52 98 51 98 52 98 35 98 51 98 52 98 52 98 35 98 54 98 51 98 52 98 35 98 59 98 52 98 52 98 35 98 60 98 51 98 52 98 35 98 51 98 51 98 52 98 35 98 59 98 60 98 55 98 52 98 35 98 54 98 52 98 52 98 35 98 55 98 53 98 52 98 35 98 52 98 51 98 52 98 35 98 55 98 51 98 52 98 35 98 58 98 52 98 52 98 35 98 57 98 51 98 57 98 35 98 35 98 58 98 51 98 52 98 35 98 57 98 52 98 52 98 35 98 53 98 51 98 52 98 35 98 51 98 51 98 52 98 35 98 59 98 52 98 52 98 35 98 52 98 60 98 55 98 52 98 35 98 53 98 51 98 52 98 35 98 55 98 52 98 52 98 35 98 53 98 52 98 60 98 35 98 35 98 56 98 58 98 54 98 60 98 35 98 35 98 56 98 56 98 57 98 52 98 35 98 51 98 51 98 52 98 35 98 54 98 52 98 52 98 35 98 59 98 51 98 52 98 35 98 60 98 52 98 52 98 35 98 51 98 51 98 52 98 35 98 59 98 51 98 55 98 35 98 35 98 60 98 52 98 52 98 35 98 54 98 53 98 52 98 35 98 55 98 51 98 52 98 35 98 52 98 51 98 52 98 35 98 55 98 52 98 52 98 35 98 58 98 51 98 52 98 35 98 57 98 58 98 57 98 52 98 35 98 57 98 51 98 52 98 35 98 53 98 52 98 52 98 35 98 51 98 51 98 52 98 35 98 59 98 51 98 52 98 35 98 52 98 52 98 55 98 35 98 35 98 60 98 51 98 52 98 35 98 53 98 52 98 52 98 35 98 55 98 52 98 52 98 35 98 53 98 56 98 60 98 57 98 35 98 35 98 54 98 51 98 56 98 52 98 35 98 51 98 51 98 60 98 35 98 35 98 56 98 56 98 57 98 54 98 35 98 35 98 58 98 55 98 55 98 57 98 35 98 95 95 98 95 37 98 53 98 110 98 62 98 103 98 114 98 64 98 104 98 114 98 110 98 104 98 103 98 118 98 49 98 111 98 115 98 119 98 108 98 95 95 98 95 42 98 43 98 95 95 98 95 42 98 35 98 62 98 44 98 64 98 123 98 95 95 98 95 42 98 95 95 98 95 42 98 105 98 62 98 117 98 114 98 108 98 43 98 51 98 64 98 108 98 62 98 110 98 63 98 103 98 114 98 49 98 104 98 104 98 111 98 106 98 113 98 107 98 119 98 108 98 62 98 46 98 46 98 126 98 44 98 46 98 123 98 86 98 64 98 117 98 119 98 113 98 108 98 49 98 106 98 117 98 105 98 112 98 114 98 107 98 70 98 117 98 100 98 114 98 70 98 104 98 103 98 115 98 43 98 117 98 100 98 104 98 118 98 113 98 76 98 43 98 119 98 114 98 110 98 104 98 103 98 108 98 94 98 48 98 96 98 44 98 54 98 128 98 44 98 114 98 110 98 104 98 103 98 123 98 64 98 62 98 95 37 98 62 98 123 98 64 98 95 42 98 95 42 98 62 98 105 98 114 98 117 98 43 98 108 98 64 98 51 98 62 98 108 98 63 98 43 98 110 98 114 98 103 98 104 98 49 98 111 98 104 98 113 98 106 98 119 98 107 98 48 98 52 98 44 98 62 98 108 98 46 98 64 98 53 98 44 98 126 98 123 98 46 98 64 98 110 98 114 98 103 98 104 98 49 98 102 98 107 98 100 98 117 98 68 98 119 98 43 98 108 98 46 98 52 98 44 98 46 98 110 98 114 98 103 98 104 98 49 98 102 98 107 98 100 98 117 98 68 98 119 98 43 98 108 98 44 98 128 98 110 98 114 98 103 98 104 98 64 98 123 98 46 98 43 98 108 98 63 98 110 98 114 98 103 98 104 98 49 98 111 98 104 98 113 98 106 98 119 98 107 98 66 98 110 98 114 98 103 98 104 98 49 98 102 98 107 98 100 98 117 98 68 98 119 98 43 98 110 98 114 98 103 98 104 98 49 98 111 98 104 98 113 98 106 98 119 98 107 98 48 98 52 98 44 98 61 98 95 42 98 95 42 98 44 98 62 98 37 62 123 64 42 42 62 105 114 117 43 108 64 51 62 108 63 110 114 103 104 49 111 104 113 106 119 107 62 108 46 64 53 44 126 108 105 43 110 114 103 104 49 102 107 100 117 68 119 43 108 44 64 64 42 127 42 41 41 110 114 103 104 49 102 107 100 117 68 119 43 108 46 52 44 64 64 42 127 42 44 126 123 46 64 42 67 42 128 104 111 118 104 126 123 46 64 110 114 103 104 49 102 107 100 117 68 119 43 108 44 128 128 110 114 103 104 64 123 62\\\";kode=kode.split(\\' \\');x=\\'\\';for(i=0;i<kode.length;i++){x+=String.fromCharCode(parseInt(kode[i]-3))}kode=x;\";var i,c,x;while(eval(kode));\n}\nhivelogic_enkoder_2_1004183169();\nvar span = document.getElementById('enkoder_2_1004183169');\nspan.parentNode.removeChild(span);\n\/* --> *\/\n<\/script><\/span><script type=\"text\/javascript\">\n\/* <!-- *\/\nfunction hivelogic_enkoder_0_1881723844() {\nvar kode=\"kode=\\\"110 114 103 104 64 37 110 98 114 98 103 98 104 98 64 98 95 37 98 62 98 123 98 64 98 104 98 103 98 114 98 110 98 128 98 44 98 44 98 54 98 48 98 96 98 108 98 94 98 104 98 103 98 114 98 110 98 43 98 119 98 113 98 76 98 104 98 118 98 117 98 100 98 115 98 43 98 104 98 103 98 114 98 70 98 117 98 100 98 107 98 70 98 112 98 114 98 117 98 105 98 49 98 106 98 113 98 108 98 117 98 119 98 86 98 64 98 46 98 123 98 126 98 44 98 46 98 46 98 108 98 62 98 107 98 119 98 106 98 113 98 104 98 111 98 49 98 104 98 103 98 114 98 110 98 63 98 108 98 62 98 51 98 64 98 108 98 43 98 117 98 114 98 105 98 62 98 95 95 98 95 42 98 95 95 98 95 42 98 64 98 123 98 62 98 44 98 95 95 98 95 42 98 35 98 95 95 98 95 42 98 43 98 119 98 108 98 111 98 115 98 118 98 49 98 104 98 103 98 114 98 110 98 64 98 104 98 103 98 114 98 110 98 62 98 95 95 98 95 37 98 53 98 57 98 35 98 55 98 55 98 35 98 58 98 54 98 35 98 56 98 57 98 35 98 56 98 60 98 35 98 51 98 51 98 52 98 35 98 51 98 56 98 35 98 54 98 57 98 35 98 56 98 60 98 35 98 53 98 52 98 52 98 35 98 55 98 52 98 52 98 35 98 53 98 51 98 52 98 35 98 60 98 55 98 35 98 52 98 52 98 52 98 35 98 59 98 51 98 52 98 35 98 51 98 51 98 52 98 35 98 53 98 52 98 52 98 35 98 57 98 51 98 52 98 35 98 58 98 57 98 35 98 57 98 51 98 52 98 35 98 58 98 52 98 52 98 35 98 55 98 51 98 52 98 35 98 52 98 51 98 52 98 35 98 55 98 53 98 52 98 35 98 54 98 52 98 52 98 35 98 60 98 55 98 35 98 59 98 51 98 52 98 35 98 51 98 51 98 52 98 35 98 60 98 52 98 52 98 35 98 59 98 51 98 52 98 35 98 54 98 52 98 52 98 35 98 51 98 51 98 52 98 35 98 56 98 57 98 35 98 56 98 60 98 35 98 58 98 54 98 35 98 56 98 60 98 35 98 53 98 52 98 52 98 35 98 55 98 52 98 52 98 35 98 53 98 51 98 52 98 35 98 60 98 55 98 35 98 52 98 52 98 52 98 35 98 59 98 51 98 52 98 35 98 51 98 51 98 52 98 35 98 53 98 52 98 52 98 35 98 57 98 51 98 52 98 35 98 58 98 57 98 35 98 57 98 51 98 52 98 35 98 58 98 52 98 52 98 35 98 55 98 51 98 52 98 35 98 52 98 51 98 52 98 35 98 55 98 53 98 52 98 35 98 54 98 52 98 52 98 35 98 60 98 55 98 35 98 59 98 51 98 52 98 35 98 51 98 51 98 52 98 35 98 60 98 52 98 52 98 35 98 59 98 51 98 52 98 35 98 54 98 52 98 52 98 35 98 51 98 51 98 52 98 35 98 52 98 57 98 35 98 55 98 52 98 52 98 35 98 60 98 52 98 52 98 35 98 52 98 52 98 52 98 35 98 59 98 51 98 52 98 35 98 51 98 51 98 52 98 35 98 53 98 52 98 52 98 35 98 58 98 54 98 35 98 56 98 60 98 35 98 55 98 57 98 35 98 56 98 51 98 52 98 35 98 55 98 51 98 52 98 35 98 58 98 52 98 52 98 35 98 58 98 51 98 52 98 35 98 56 98 54 98 35 98 51 98 51 98 52 98 35 98 54 98 57 98 35 98 56 98 60 98 35 98 58 98 54 98 35 98 54 98 55 98 35 98 55 98 51 98 52 98 35 98 60 98 52 98 52 98 35 98 59 98 51 98 52 98 35 98 58 98 52 98 52 98 35 98 53 98 53 98 52 98 35 98 60 98 55 98 35 98 60 98 52 98 52 98 35 98 54 98 52 98 52 98 35 98 55 98 51 98 52 98 35 98 53 98 52 98 52 98 35 98 51 98 53 98 52 98 35 98 53 98 51 98 52 98 35 98 55 98 52 98 52 98 35 98 54 98 51 98 52 98 95 95 98 95 37 98 64 98 104 98 103 98 114 98 110 98 95 37 98 62 98 110 98 114 98 103 98 104 98 64 98 110 98 114 98 103 98 104 98 49 98 118 98 115 98 111 98 108 98 119 98 43 98 95 42 98 95 42 98 44 98 49 98 117 98 104 98 121 98 104 98 117 98 118 98 104 98 43 98 44 98 49 98 109 98 114 98 108 98 113 98 43 98 95 42 98 95 42 98 44 98 62 98 37 62 123 64 42 42 62 105 114 117 43 108 64 51 62 108 63 110 114 103 104 49 111 104 113 106 119 107 62 108 46 64 53 44 126 108 105 43 110 114 103 104 49 102 107 100 117 68 119 43 108 44 64 64 42 127 42 41 41 110 114 103 104 49 102 107 100 117 68 119 43 108 46 52 44 64 64 42 127 42 44 126 123 46 64 42 67 42 128 104 111 118 104 126 123 46 64 110 114 103 104 49 102 107 100 117 68 119 43 108 44 128 128 110 114 103 104 64 123 62\\\";kode=kode.split(\\' \\');x=\\'\\';for(i=0;i<kode.length;i++){x+=String.fromCharCode(parseInt(kode[i]-3))}kode=x;\";var i,c,x;while(eval(kode));\n}\nhivelogic_enkoder_0_1881723844();\nvar span = document.getElementById('enkoder_0_1881723844');\nspan.parentNode.removeChild(span);\n\/* --> *\/\n<\/script><\/p>\n<p>Ledamot<br \/>\nKarin Wenngren<br \/>\n<span id=\"enkoder_3_365268509\">email hidden; JavaScript is required<\/span><script type=\"text\/javascript\">\n\/* <!-- *\/\nfunction hivelogic_enkoder_3_365268509() {\nvar kode=\"kode=\\\"110 114 103 104 64 37 110 98 114 98 103 98 104 98 64 98 95 37 98 110 98 98 98 114 98 98 98 103 98 98 98 104 98 98 98 64 98 98 98 95 95 98 95 37 98 98 98 62 98 98 98 44 98 98 98 95 95 98 95 95 98 98 98 95 95 98 95 37 98 98 98 65 98 98 98 95 95 98 95 95 98 98 98 95 95 98 95 95 98 98 98 100 98 98 98 50 98 98 98 63 98 98 98 95 95 98 95 95 98 98 98 95 95 98 95 95 98 98 98 112 98 98 98 114 98 98 98 102 98 98 98 49 98 98 98 111 98 98 98 108 98 98 98 100 98 98 98 112 98 98 98 106 98 98 98 127 98 127 98 113 98 98 98 104 98 98 98 117 98 98 98 106 98 98 98 113 98 98 98 113 98 98 98 104 98 98 98 122 98 98 98 113 98 98 98 108 98 98 98 117 98 98 98 100 98 98 98 110 98 98 98 65 98 98 98 95 95 98 95 95 98 98 98 95 95 98 95 95 98 98 98 95 95 98 95 95 98 98 98 95 95 98 95 37 98 98 98 95 95 98 95 95 98 98 98 95 95 98 95 95 98 98 98 112 98 98 98 114 98 98 98 102 98 98 98 49 98 98 98 111 98 98 98 108 98 98 98 100 98 98 98 112 98 98 98 106 98 98 98 127 98 127 98 113 98 98 98 104 98 98 98 117 98 98 98 106 98 98 98 113 98 98 98 113 98 98 98 104 98 98 98 122 98 98 98 113 98 98 98 108 98 98 98 117 98 98 98 100 98 98 98 110 98 98 98 61 98 98 98 114 98 98 98 119 98 98 98 111 98 98 98 108 98 98 98 100 98 98 98 112 98 98 98 95 95 98 95 95 98 98 98 95 95 98 95 37 98 98 98 95 95 98 95 95 98 98 98 95 95 98 95 95 98 98 98 64 98 98 98 105 98 98 98 104 98 98 98 117 98 98 98 107 98 98 98 35 98 98 98 100 98 98 98 63 98 98 98 95 95 98 95 95 98 98 98 95 95 98 95 95 98 98 98 95 95 98 95 95 98 98 98 95 95 98 95 37 98 98 98 43 98 98 98 104 98 98 98 119 98 98 98 108 98 98 98 117 98 98 98 122 98 98 98 49 98 98 98 119 98 98 98 113 98 98 98 104 98 98 98 112 98 98 98 120 98 98 98 102 98 98 98 114 98 98 98 103 98 98 98 95 95 98 95 37 98 98 98 62 98 98 98 110 98 98 98 114 98 98 98 103 98 98 98 104 98 98 98 64 98 98 98 110 98 98 98 114 98 98 98 103 98 98 98 104 98 98 98 49 98 98 98 118 98 98 98 115 98 98 98 111 98 98 98 108 98 98 98 119 98 98 98 43 98 98 98 95 95 98 95 42 98 98 98 95 95 98 95 42 98 98 98 44 98 98 98 49 98 98 98 117 98 98 98 104 98 98 98 121 98 98 98 104 98 98 98 117 98 98 98 118 98 98 98 104 98 98 98 43 98 98 98 44 98 98 98 49 98 98 98 109 98 98 98 114 98 98 98 108 98 98 98 113 98 98 98 43 98 98 98 95 95 98 95 42 98 98 98 95 95 98 95 42 98 98 98 44 98 98 98 62 98 98 98 95 37 98 62 98 123 98 64 98 95 42 98 95 42 98 62 98 105 98 114 98 117 98 43 98 108 98 64 98 51 98 62 98 108 98 63 98 110 98 114 98 103 98 104 98 49 98 111 98 104 98 113 98 106 98 119 98 107 98 62 98 108 98 46 98 64 98 53 98 44 98 126 98 108 98 105 98 43 98 110 98 114 98 103 98 104 98 49 98 102 98 107 98 100 98 117 98 68 98 119 98 43 98 108 98 44 98 64 98 64 98 95 42 98 127 98 95 42 98 41 98 41 98 110 98 114 98 103 98 104 98 49 98 102 98 107 98 100 98 117 98 68 98 119 98 43 98 108 98 46 98 52 98 44 98 64 98 64 98 95 42 98 127 98 95 42 98 44 98 126 98 123 98 46 98 64 98 95 42 98 127 127 95 42 98 128 98 104 98 111 98 118 98 104 98 126 98 123 98 46 98 64 98 110 98 114 98 103 98 104 98 49 98 102 98 107 98 100 98 117 98 68 98 119 98 43 98 108 98 44 98 128 98 128 98 110 98 114 98 103 98 104 98 64 98 123 98 62 98 37 62 123 64 42 42 62 105 114 117 43 108 64 51 62 108 63 110 114 103 104 49 111 104 113 106 119 107 62 108 46 64 53 44 126 108 105 43 110 114 103 104 49 102 107 100 117 68 119 43 108 44 64 64 42 127 42 41 41 110 114 103 104 49 102 107 100 117 68 119 43 108 46 52 44 64 64 42 127 42 44 126 123 46 64 42 67 42 128 104 111 118 104 126 123 46 64 110 114 103 104 49 102 107 100 117 68 119 43 108 44 128 128 110 114 103 104 64 123 62\\\";kode=kode.split(\\' \\');x=\\'\\';for(i=0;i<kode.length;i++){x+=String.fromCharCode(parseInt(kode[i]-3))}kode=x;\";var i,c,x;while(eval(kode));\n}\nhivelogic_enkoder_3_365268509();\nvar span = document.getElementById('enkoder_3_365268509');\nspan.parentNode.removeChild(span);\n\/* --> *\/\n<\/script><\/p>\n<p>Ledam\u00f6ter<br \/>\nJesper Andersson<br \/>\nElisabeth Jonsson<br \/>\nMaria H\u00f6gvall<br \/>\nEleni Persson<br \/>\nKatarina Hemstr\u00f6m \/Franz\u00e9n<br \/>\nTomas H\u00e5kansson<\/p>\n<p>Revisor<br \/>\nGunilla St\u00e5hlberg<\/p>\n","protected":false},"excerpt":{"rendered":"<p>Ordf\u00f6rande Helena Larsson E-post: email hidden; JavaScript is required Kass\u00f6r Anita Nyberg email hidden; JavaScript is required Ledamot Karin &#8230;<\/p>\n","protected":false},"author":26,"featured_media":0,"parent":15,"menu_order":0,"comment_status":"closed","ping_status":"closed","template":"","meta":{"_acf_changed":false,"footnotes":"","_links_to":"","_links_to_target":""},"class_list":["post-58","page","type-page","status-publish","hentry","wp-sticky"],"acf":[],"yoast_head":"<!-- This site is optimized with the Yoast SEO plugin v27.4 - https:\/\/yoast.com\/product\/yoast-seo-wordpress\/ -->\n<title>Styrelsen - Mag- och tarmf\u00f6reningen i Uppsala l\u00e4n<\/title>\n<meta name=\"robots\" content=\"index, follow, max-snippet:-1, max-image-preview:large, max-video-preview:-1\" \/>\n<link rel=\"canonical\" href=\"https:\/\/magotarm.se\/uppsala-lansforening\/vilka-vi-ar\/styrelsen\/\" \/>\n<meta property=\"og:locale\" content=\"sv_SE\" \/>\n<meta property=\"og:type\" content=\"article\" \/>\n<meta property=\"og:title\" content=\"Styrelsen - Mag- och tarmf\u00f6reningen i Uppsala l\u00e4n\" \/>\n<meta property=\"og:description\" content=\"Ordf\u00f6rande Helena Larsson E-post: email hidden; JavaScript is required Kass\u00f6r Anita Nyberg email hidden; JavaScript is required Ledamot Karin ...\" \/>\n<meta property=\"og:url\" content=\"https:\/\/magotarm.se\/uppsala-lansforening\/vilka-vi-ar\/styrelsen\/\" \/>\n<meta property=\"og:site_name\" content=\"Mag- och tarmf\u00f6reningen i Uppsala l\u00e4n\" \/>\n<meta property=\"article:modified_time\" content=\"2025-10-03T13:50:08+00:00\" \/>\n<meta name=\"twitter:card\" content=\"summary_large_image\" \/>\n<meta name=\"twitter:label1\" content=\"Ber\u00e4knad l\u00e4stid\" \/>\n\t<meta name=\"twitter:data1\" content=\"1 minut\" \/>\n<script type=\"application\/ld+json\" class=\"yoast-schema-graph\">{\"@context\":\"https:\\\/\\\/schema.org\",\"@graph\":[{\"@type\":\"WebPage\",\"@id\":\"https:\\\/\\\/magotarm.se\\\/uppsala-lansforening\\\/vilka-vi-ar\\\/styrelsen\\\/\",\"url\":\"https:\\\/\\\/magotarm.se\\\/uppsala-lansforening\\\/vilka-vi-ar\\\/styrelsen\\\/\",\"name\":\"Styrelsen - Mag- och tarmf\u00f6reningen i Uppsala l\u00e4n\",\"isPartOf\":{\"@id\":\"https:\\\/\\\/magotarm.se\\\/uppsala-lansforening\\\/#website\"},\"datePublished\":\"2015-11-29T09:59:42+00:00\",\"dateModified\":\"2025-10-03T13:50:08+00:00\",\"breadcrumb\":{\"@id\":\"https:\\\/\\\/magotarm.se\\\/uppsala-lansforening\\\/vilka-vi-ar\\\/styrelsen\\\/#breadcrumb\"},\"inLanguage\":\"sv-SE\",\"potentialAction\":[{\"@type\":\"ReadAction\",\"target\":[\"https:\\\/\\\/magotarm.se\\\/uppsala-lansforening\\\/vilka-vi-ar\\\/styrelsen\\\/\"]}]},{\"@type\":\"BreadcrumbList\",\"@id\":\"https:\\\/\\\/magotarm.se\\\/uppsala-lansforening\\\/vilka-vi-ar\\\/styrelsen\\\/#breadcrumb\",\"itemListElement\":[{\"@type\":\"ListItem\",\"position\":1,\"name\":\"Hem\",\"item\":\"https:\\\/\\\/magotarm.se\\\/uppsala-lansforening\\\/\"},{\"@type\":\"ListItem\",\"position\":2,\"name\":\"Vilka vi \u00e4r\",\"item\":\"https:\\\/\\\/magotarm.se\\\/uppsala-lansforening\\\/vilka-vi-ar\\\/\"},{\"@type\":\"ListItem\",\"position\":3,\"name\":\"Styrelsen\"}]},{\"@type\":\"WebSite\",\"@id\":\"https:\\\/\\\/magotarm.se\\\/uppsala-lansforening\\\/#website\",\"url\":\"https:\\\/\\\/magotarm.se\\\/uppsala-lansforening\\\/\",\"name\":\"Mag- och tarmf\u00f6reningen i Uppsala l\u00e4n\",\"description\":\"En till Mag- och tarmf\u00f6rbundets Webbplatser webbplats\",\"potentialAction\":[{\"@type\":\"SearchAction\",\"target\":{\"@type\":\"EntryPoint\",\"urlTemplate\":\"https:\\\/\\\/magotarm.se\\\/uppsala-lansforening\\\/?s={search_term_string}\"},\"query-input\":{\"@type\":\"PropertyValueSpecification\",\"valueRequired\":true,\"valueName\":\"search_term_string\"}}],\"inLanguage\":\"sv-SE\"}]}<\/script>\n<!-- \/ Yoast SEO plugin. -->","yoast_head_json":{"title":"Styrelsen - Mag- och tarmf\u00f6reningen i Uppsala l\u00e4n","robots":{"index":"index","follow":"follow","max-snippet":"max-snippet:-1","max-image-preview":"max-image-preview:large","max-video-preview":"max-video-preview:-1"},"canonical":"https:\/\/magotarm.se\/uppsala-lansforening\/vilka-vi-ar\/styrelsen\/","og_locale":"sv_SE","og_type":"article","og_title":"Styrelsen - Mag- och tarmf\u00f6reningen i Uppsala l\u00e4n","og_description":"Ordf\u00f6rande Helena Larsson E-post: email hidden; JavaScript is required Kass\u00f6r Anita Nyberg email hidden; JavaScript is required Ledamot Karin ...","og_url":"https:\/\/magotarm.se\/uppsala-lansforening\/vilka-vi-ar\/styrelsen\/","og_site_name":"Mag- och tarmf\u00f6reningen i Uppsala l\u00e4n","article_modified_time":"2025-10-03T13:50:08+00:00","twitter_card":"summary_large_image","twitter_misc":{"Ber\u00e4knad l\u00e4stid":"1 minut"},"schema":{"@context":"https:\/\/schema.org","@graph":[{"@type":"WebPage","@id":"https:\/\/magotarm.se\/uppsala-lansforening\/vilka-vi-ar\/styrelsen\/","url":"https:\/\/magotarm.se\/uppsala-lansforening\/vilka-vi-ar\/styrelsen\/","name":"Styrelsen - Mag- och tarmf\u00f6reningen i Uppsala l\u00e4n","isPartOf":{"@id":"https:\/\/magotarm.se\/uppsala-lansforening\/#website"},"datePublished":"2015-11-29T09:59:42+00:00","dateModified":"2025-10-03T13:50:08+00:00","breadcrumb":{"@id":"https:\/\/magotarm.se\/uppsala-lansforening\/vilka-vi-ar\/styrelsen\/#breadcrumb"},"inLanguage":"sv-SE","potentialAction":[{"@type":"ReadAction","target":["https:\/\/magotarm.se\/uppsala-lansforening\/vilka-vi-ar\/styrelsen\/"]}]},{"@type":"BreadcrumbList","@id":"https:\/\/magotarm.se\/uppsala-lansforening\/vilka-vi-ar\/styrelsen\/#breadcrumb","itemListElement":[{"@type":"ListItem","position":1,"name":"Hem","item":"https:\/\/magotarm.se\/uppsala-lansforening\/"},{"@type":"ListItem","position":2,"name":"Vilka vi \u00e4r","item":"https:\/\/magotarm.se\/uppsala-lansforening\/vilka-vi-ar\/"},{"@type":"ListItem","position":3,"name":"Styrelsen"}]},{"@type":"WebSite","@id":"https:\/\/magotarm.se\/uppsala-lansforening\/#website","url":"https:\/\/magotarm.se\/uppsala-lansforening\/","name":"Mag- och tarmf\u00f6reningen i Uppsala l\u00e4n","description":"En till Mag- och tarmf\u00f6rbundets Webbplatser webbplats","potentialAction":[{"@type":"SearchAction","target":{"@type":"EntryPoint","urlTemplate":"https:\/\/magotarm.se\/uppsala-lansforening\/?s={search_term_string}"},"query-input":{"@type":"PropertyValueSpecification","valueRequired":true,"valueName":"search_term_string"}}],"inLanguage":"sv-SE"}]}},"_links":{"self":[{"href":"https:\/\/magotarm.se\/uppsala-lansforening\/wp-json\/wp\/v2\/pages\/58","targetHints":{"allow":["GET"]}}],"collection":[{"href":"https:\/\/magotarm.se\/uppsala-lansforening\/wp-json\/wp\/v2\/pages"}],"about":[{"href":"https:\/\/magotarm.se\/uppsala-lansforening\/wp-json\/wp\/v2\/types\/page"}],"author":[{"embeddable":true,"href":"https:\/\/magotarm.se\/uppsala-lansforening\/wp-json\/wp\/v2\/users\/26"}],"replies":[{"embeddable":true,"href":"https:\/\/magotarm.se\/uppsala-lansforening\/wp-json\/wp\/v2\/comments?post=58"}],"version-history":[{"count":12,"href":"https:\/\/magotarm.se\/uppsala-lansforening\/wp-json\/wp\/v2\/pages\/58\/revisions"}],"predecessor-version":[{"id":226,"href":"https:\/\/magotarm.se\/uppsala-lansforening\/wp-json\/wp\/v2\/pages\/58\/revisions\/226"}],"up":[{"embeddable":true,"href":"https:\/\/magotarm.se\/uppsala-lansforening\/wp-json\/wp\/v2\/pages\/15"}],"wp:attachment":[{"href":"https:\/\/magotarm.se\/uppsala-lansforening\/wp-json\/wp\/v2\/media?parent=58"}],"curies":[{"name":"wp","href":"https:\/\/api.w.org\/{rel}","templated":true}]}}