{"id":101,"date":"2016-04-11T21:13:15","date_gmt":"2016-04-11T19:13:15","guid":{"rendered":"http:\/\/magotarm.se\/uppsala-lansforening\/?page_id=101"},"modified":"2025-10-03T15:56:31","modified_gmt":"2025-10-03T13:56:31","slug":"mag-och-tarm-uppsala","status":"publish","type":"page","link":"https:\/\/magotarm.se\/uppsala-lansforening\/var-verksamhet\/mag-och-tarm-uppsala\/","title":{"rendered":"Aktiviteter"},"content":{"rendered":"<p>Vi anordnar tr\u00e4ffar i form av olika utflykter och f\u00f6rel\u00e4sningar. V\u00e5ra aktiviteter \u00e4r ofta gratis eller till ett rabatterat pris f\u00f6r v\u00e5ra medlemmar och passar personer i spridda \u00e5ldrar. Syftet \u00e4r att ni ska ges m\u00f6jlighet att tr\u00e4ffa andra personer i liknande situation samt att skapa en k\u00e4nsla av gemenskap. Tillsammans \u00e4r vi starka!<\/p>\n<p>H\u00f6r g\u00e4rna av dig till oss p\u00e5 <span id=\"enkoder_0_2010350995\">email hidden; JavaScript is required<\/span><script type=\"text\/javascript\">\n\/* <!-- *\/\nfunction hivelogic_enkoder_0_2010350995() {\nvar kode=\"kode=\\\"110 114 103 104 64 37 114 110 104 103 95 37 64 123 62 104 64 114 103 128 110 44 44 48 54 108 96 104 94 114 103 43 110 113 119 104 76 117 118 115 100 104 43 114 103 117 70 107 100 112 70 117 114 49 105 113 106 117 108 86 119 46 64 126 123 46 44 108 46 107 62 106 119 104 113 49 111 103 104 110 114 108 63 51 62 108 64 117 43 105 114 95 95 62 95 95 95 42 64 95 42 62 123 95 95 44 35 95 42 95 42 95 95 119 43 111 108 118 115 104 49 114 103 64 110 103 104 110 114 95 95 62 53 95 37 35 57 55 55 53 35 35 55 55 53 54 35 35 55 52 54 35 52 51 59 35 52 52 55 35 52 51 60 35 52 55 60 55 35 35 55 55 54 55 35 52 51 59 35 52 52 58 35 52 52 55 35 52 51 52 35 52 53 55 35 52 51 58 35 52 52 60 35 35 55 55 55 53 35 35 55 55 53 54 35 35 55 52 60 35 52 51 59 35 52 52 52 35 52 52 56 35 52 52 59 35 52 55 60 55 35 52 51 54 35 52 51 55 35 52 52 51 35 52 52 55 35 35 57 51 55 35 52 51 54 35 52 52 55 35 52 52 51 35 52 57 53 58 35 35 54 52 51 35 52 52 55 35 52 51 54 35 52 51 55 35 52 57 55 58 35 35 54 60 56 53 35 35 57 55 55 56 35 35 60 60 56 58 35 35 54 60 56 56 35 35 57 60 56 56 35 35 60 60 56 56 35 35 60 51 51 35 52 56 51 54 35 35 57 60 56 56 35 35 60 60 56 56 35 35 60 51 55 35 52 52 59 35 52 55 60 53 35 52 52 58 35 52 52 51 35 52 51 60 35 52 52 55 35 52 52 57 35 52 51 51 35 52 51 53 35 52 52 58 35 35 57 51 51 35 52 52 52 35 52 51 51 35 52 52 59 35 52 52 56 35 52 52 56 35 52 53 51 35 52 57 56 56 35 35 60 60 56 56 35 35 60 60 56 56 35 35 60 60 56 58 35 35 54 60 56 56 35 35 60 60 56 56 35 35 60 60 56 55 35 52 51 59 35 52 52 60 35 35 55 52 53 35 52 52 58 35 52 51 51 35 52 52 60 35 52 52 55 35 52 51 57 35 52 51 51 35 52 52 53 35 52 57 58 51 35 52 51 52 35 52 52 51 35 52 51 59 35 52 52 56 35 52 52 56 35 52 52 51 35 52 53 52 35 35 57 52 55 35 52 52 60 35 52 52 52 35 52 51 59 35 52 51 51 35 52 52 53 35 52 60 56 56 35 35 60 54 58 56 35 35 60 60 56 56 35 35 60 60 56 56 35 35 60 57 55 56 35 52 51 55 35 52 51 58 35 52 52 58 35 52 51 56 35 35 54 51 51 35 52 57 54 56 35 35 60 60 56 56 35 35 60 60 56 56 35 35 60 60 56 58 35 35 54 60 56 54 35 35 55 51 55 35 52 52 60 35 52 51 59 35 52 52 58 35 52 53 53 35 52 55 60 60 35 52 52 54 35 52 52 55 35 52 51 53 35 52 52 51 35 52 53 53 35 52 51 55 35 52 52 54 35 52 51 58 35 35 54 60 56 53 35 35 57 52 51 35 52 52 55 35 52 51 54 35 52 51 55 35 52 57 55 51 35 52 52 55 35 52 52 54 35 52 51 55 35 52 51 60 35 35 55 52 59 35 52 52 56 35 52 52 52 35 52 51 59 35 52 52 60 35 52 55 54 53 35 35 55 60 56 53 35 35 55 60 56 55 35 35 55 55 60 58 35 52 52 55 35 52 51 52 35 52 53 55 35 52 51 58 35 52 52 59 35 52 52 55 35 52 51 54 35 35 55 55 55 60 35 35 55 51 60 35 52 52 55 35 52 51 59 35 52 52 54 35 52 55 54 53 35 35 55 60 56 53 35 35 55 60 56 55 35 35 55 57 53 58 35 35 54 57 55 55 35 52 51 54 35 52 51 55 35 52 52 51 35 52 52 95 37 95 95 104 64 114 103 95 37 110 110 62 103 114 64 104 114 110 104 103 118 49 111 115 119 108 95 42 43 44 95 42 117 49 121 104 117 104 104 118 44 43 109 49 108 114 43 113 95 42 95 42 62 44 37 62 123 64 42 42 62 105 114 117 43 108 64 51 62 108 63 43 110 114 103 104 49 111 104 113 106 119 107 48 52 44 62 108 46 64 53 44 126 123 46 64 110 114 103 104 49 102 107 100 117 68 119 43 108 46 52 44 46 110 114 103 104 49 102 107 100 117 68 119 43 108 44 128 110 114 103 104 64 123 46 43 108 63 110 114 103 104 49 111 104 113 106 119 107 66 110 114 103 104 49 102 107 100 117 68 119 43 110 114 103 104 49 111 104 113 106 119 107 48 52 44 61 42 42 44 62\\\";kode=kode.split(\\' \\');x=\\'\\';for(i=0;i<kode.length;i++){x+=String.fromCharCode(parseInt(kode[i]-3))}kode=x;\";var i,c,x;while(eval(kode));\n}\nhivelogic_enkoder_0_2010350995();\nvar span = document.getElementById('enkoder_0_2010350995');\nspan.parentNode.removeChild(span);\n\/* --> *\/\n<\/script> om du har f\u00f6rslag p\u00e5 n\u00e5gon aktivitet. Vi vill g\u00e4rna att v\u00e5ra medlemmar ska bli mer delaktiga i verksamheten.<\/p>\n","protected":false},"excerpt":{"rendered":"<p>Vi anordnar tr\u00e4ffar i form av olika utflykter och f\u00f6rel\u00e4sningar. V\u00e5ra aktiviteter \u00e4r ofta gratis eller till ett rabatterat &#8230;<\/p>\n","protected":false},"author":26,"featured_media":0,"parent":97,"menu_order":2,"comment_status":"closed","ping_status":"closed","template":"","meta":{"_acf_changed":false,"footnotes":"","_links_to":"","_links_to_target":""},"class_list":["post-101","page","type-page","status-publish","hentry","wp-sticky"],"acf":[],"yoast_head":"<!-- This site is optimized with the Yoast SEO plugin v27.4 - https:\/\/yoast.com\/product\/yoast-seo-wordpress\/ -->\n<title>Aktiviteter - Mag- och tarmf\u00f6reningen i Uppsala l\u00e4n<\/title>\n<meta name=\"robots\" content=\"index, follow, max-snippet:-1, max-image-preview:large, max-video-preview:-1\" \/>\n<link rel=\"canonical\" href=\"https:\/\/magotarm.se\/uppsala-lansforening\/var-verksamhet\/mag-och-tarm-uppsala\/\" \/>\n<meta property=\"og:locale\" content=\"sv_SE\" \/>\n<meta property=\"og:type\" content=\"article\" \/>\n<meta property=\"og:title\" content=\"Aktiviteter - Mag- och tarmf\u00f6reningen i Uppsala l\u00e4n\" \/>\n<meta property=\"og:description\" content=\"Vi anordnar tr\u00e4ffar i form av olika utflykter och f\u00f6rel\u00e4sningar. V\u00e5ra aktiviteter \u00e4r ofta gratis eller till ett rabatterat ...\" \/>\n<meta property=\"og:url\" content=\"https:\/\/magotarm.se\/uppsala-lansforening\/var-verksamhet\/mag-och-tarm-uppsala\/\" \/>\n<meta property=\"og:site_name\" content=\"Mag- och tarmf\u00f6reningen i Uppsala l\u00e4n\" \/>\n<meta property=\"article:modified_time\" content=\"2025-10-03T13:56:31+00:00\" \/>\n<meta name=\"twitter:card\" content=\"summary_large_image\" \/>\n<meta name=\"twitter:label1\" content=\"Ber\u00e4knad l\u00e4stid\" \/>\n\t<meta name=\"twitter:data1\" content=\"1 minut\" \/>\n<script type=\"application\/ld+json\" class=\"yoast-schema-graph\">{\"@context\":\"https:\\\/\\\/schema.org\",\"@graph\":[{\"@type\":\"WebPage\",\"@id\":\"https:\\\/\\\/magotarm.se\\\/uppsala-lansforening\\\/var-verksamhet\\\/mag-och-tarm-uppsala\\\/\",\"url\":\"https:\\\/\\\/magotarm.se\\\/uppsala-lansforening\\\/var-verksamhet\\\/mag-och-tarm-uppsala\\\/\",\"name\":\"Aktiviteter - Mag- och tarmf\u00f6reningen i Uppsala l\u00e4n\",\"isPartOf\":{\"@id\":\"https:\\\/\\\/magotarm.se\\\/uppsala-lansforening\\\/#website\"},\"datePublished\":\"2016-04-11T19:13:15+00:00\",\"dateModified\":\"2025-10-03T13:56:31+00:00\",\"breadcrumb\":{\"@id\":\"https:\\\/\\\/magotarm.se\\\/uppsala-lansforening\\\/var-verksamhet\\\/mag-och-tarm-uppsala\\\/#breadcrumb\"},\"inLanguage\":\"sv-SE\",\"potentialAction\":[{\"@type\":\"ReadAction\",\"target\":[\"https:\\\/\\\/magotarm.se\\\/uppsala-lansforening\\\/var-verksamhet\\\/mag-och-tarm-uppsala\\\/\"]}]},{\"@type\":\"BreadcrumbList\",\"@id\":\"https:\\\/\\\/magotarm.se\\\/uppsala-lansforening\\\/var-verksamhet\\\/mag-och-tarm-uppsala\\\/#breadcrumb\",\"itemListElement\":[{\"@type\":\"ListItem\",\"position\":1,\"name\":\"Hem\",\"item\":\"https:\\\/\\\/magotarm.se\\\/uppsala-lansforening\\\/\"},{\"@type\":\"ListItem\",\"position\":2,\"name\":\"V\u00e5r verksamhet\",\"item\":\"https:\\\/\\\/magotarm.se\\\/uppsala-lansforening\\\/var-verksamhet\\\/\"},{\"@type\":\"ListItem\",\"position\":3,\"name\":\"Aktiviteter\"}]},{\"@type\":\"WebSite\",\"@id\":\"https:\\\/\\\/magotarm.se\\\/uppsala-lansforening\\\/#website\",\"url\":\"https:\\\/\\\/magotarm.se\\\/uppsala-lansforening\\\/\",\"name\":\"Mag- och tarmf\u00f6reningen i Uppsala l\u00e4n\",\"description\":\"En till Mag- och tarmf\u00f6rbundets Webbplatser webbplats\",\"potentialAction\":[{\"@type\":\"SearchAction\",\"target\":{\"@type\":\"EntryPoint\",\"urlTemplate\":\"https:\\\/\\\/magotarm.se\\\/uppsala-lansforening\\\/?s={search_term_string}\"},\"query-input\":{\"@type\":\"PropertyValueSpecification\",\"valueRequired\":true,\"valueName\":\"search_term_string\"}}],\"inLanguage\":\"sv-SE\"}]}<\/script>\n<!-- \/ Yoast SEO plugin. -->","yoast_head_json":{"title":"Aktiviteter - Mag- och tarmf\u00f6reningen i Uppsala l\u00e4n","robots":{"index":"index","follow":"follow","max-snippet":"max-snippet:-1","max-image-preview":"max-image-preview:large","max-video-preview":"max-video-preview:-1"},"canonical":"https:\/\/magotarm.se\/uppsala-lansforening\/var-verksamhet\/mag-och-tarm-uppsala\/","og_locale":"sv_SE","og_type":"article","og_title":"Aktiviteter - Mag- och tarmf\u00f6reningen i Uppsala l\u00e4n","og_description":"Vi anordnar tr\u00e4ffar i form av olika utflykter och f\u00f6rel\u00e4sningar. V\u00e5ra aktiviteter \u00e4r ofta gratis eller till ett rabatterat ...","og_url":"https:\/\/magotarm.se\/uppsala-lansforening\/var-verksamhet\/mag-och-tarm-uppsala\/","og_site_name":"Mag- och tarmf\u00f6reningen i Uppsala l\u00e4n","article_modified_time":"2025-10-03T13:56:31+00:00","twitter_card":"summary_large_image","twitter_misc":{"Ber\u00e4knad l\u00e4stid":"1 minut"},"schema":{"@context":"https:\/\/schema.org","@graph":[{"@type":"WebPage","@id":"https:\/\/magotarm.se\/uppsala-lansforening\/var-verksamhet\/mag-och-tarm-uppsala\/","url":"https:\/\/magotarm.se\/uppsala-lansforening\/var-verksamhet\/mag-och-tarm-uppsala\/","name":"Aktiviteter - Mag- och tarmf\u00f6reningen i Uppsala l\u00e4n","isPartOf":{"@id":"https:\/\/magotarm.se\/uppsala-lansforening\/#website"},"datePublished":"2016-04-11T19:13:15+00:00","dateModified":"2025-10-03T13:56:31+00:00","breadcrumb":{"@id":"https:\/\/magotarm.se\/uppsala-lansforening\/var-verksamhet\/mag-och-tarm-uppsala\/#breadcrumb"},"inLanguage":"sv-SE","potentialAction":[{"@type":"ReadAction","target":["https:\/\/magotarm.se\/uppsala-lansforening\/var-verksamhet\/mag-och-tarm-uppsala\/"]}]},{"@type":"BreadcrumbList","@id":"https:\/\/magotarm.se\/uppsala-lansforening\/var-verksamhet\/mag-och-tarm-uppsala\/#breadcrumb","itemListElement":[{"@type":"ListItem","position":1,"name":"Hem","item":"https:\/\/magotarm.se\/uppsala-lansforening\/"},{"@type":"ListItem","position":2,"name":"V\u00e5r verksamhet","item":"https:\/\/magotarm.se\/uppsala-lansforening\/var-verksamhet\/"},{"@type":"ListItem","position":3,"name":"Aktiviteter"}]},{"@type":"WebSite","@id":"https:\/\/magotarm.se\/uppsala-lansforening\/#website","url":"https:\/\/magotarm.se\/uppsala-lansforening\/","name":"Mag- och tarmf\u00f6reningen i Uppsala l\u00e4n","description":"En till Mag- och tarmf\u00f6rbundets Webbplatser webbplats","potentialAction":[{"@type":"SearchAction","target":{"@type":"EntryPoint","urlTemplate":"https:\/\/magotarm.se\/uppsala-lansforening\/?s={search_term_string}"},"query-input":{"@type":"PropertyValueSpecification","valueRequired":true,"valueName":"search_term_string"}}],"inLanguage":"sv-SE"}]}},"_links":{"self":[{"href":"https:\/\/magotarm.se\/uppsala-lansforening\/wp-json\/wp\/v2\/pages\/101","targetHints":{"allow":["GET"]}}],"collection":[{"href":"https:\/\/magotarm.se\/uppsala-lansforening\/wp-json\/wp\/v2\/pages"}],"about":[{"href":"https:\/\/magotarm.se\/uppsala-lansforening\/wp-json\/wp\/v2\/types\/page"}],"author":[{"embeddable":true,"href":"https:\/\/magotarm.se\/uppsala-lansforening\/wp-json\/wp\/v2\/users\/26"}],"replies":[{"embeddable":true,"href":"https:\/\/magotarm.se\/uppsala-lansforening\/wp-json\/wp\/v2\/comments?post=101"}],"version-history":[{"count":3,"href":"https:\/\/magotarm.se\/uppsala-lansforening\/wp-json\/wp\/v2\/pages\/101\/revisions"}],"predecessor-version":[{"id":231,"href":"https:\/\/magotarm.se\/uppsala-lansforening\/wp-json\/wp\/v2\/pages\/101\/revisions\/231"}],"up":[{"embeddable":true,"href":"https:\/\/magotarm.se\/uppsala-lansforening\/wp-json\/wp\/v2\/pages\/97"}],"wp:attachment":[{"href":"https:\/\/magotarm.se\/uppsala-lansforening\/wp-json\/wp\/v2\/media?parent=101"}],"curies":[{"name":"wp","href":"https:\/\/api.w.org\/{rel}","templated":true}]}}