{"id":104,"date":"2016-05-09T09:44:22","date_gmt":"2016-05-09T07:44:22","guid":{"rendered":"http:\/\/magotarm.se\/unga-magar\/?page_id=104"},"modified":"2016-05-13T21:13:09","modified_gmt":"2016-05-13T19:13:09","slug":"om-oss","status":"publish","type":"page","link":"https:\/\/magotarm.se\/unga-magar\/om-oss\/","title":{"rendered":"Om oss"},"content":{"rendered":"<p>Varmt v\u00e4lkommen ska du vara till v\u00e5r blogg:\u00a0<strong>Prata mage<\/strong> &#8211; av Unga Magar.<\/p>\n<p>Unga Magar \u00e4r ett n\u00e4tverk f\u00f6r dig som \u00e4r ung vuxen* och lever med mag- och tarmproblem.\u00a0Vi \u00e4r en del av Mag- och tarmf\u00f6rbundet\u00a0och arbetar f\u00f6r att ge st\u00f6d och sprida kunskap och f\u00f6rst\u00e5else om mag- och tarmproblem.<\/p>\n<p>Att vara ung och p\u00e5 v\u00e4g ut i livet kan vara nog s\u00e5 sv\u00e5rt utan att vara sjuk. F\u00f6r oss \u00e4r det d\u00e4rf\u00f6r v\u00e4ldigt viktigt att ingen k\u00e4nner sig ensam i sin sjukdom eller sina besv\u00e4r.<\/p>\n<p>Vi vill att bloggen ska vara en k\u00e4lla till kunskap, inspiration och st\u00f6d f\u00f6r alla magkrigare d\u00e4r ute. F\u00f6r tabu bryter vi\u00a0genom att v\u00e5ga prata mage! Hoppas ni vill h\u00e4nga med oss \ud83d\ude42<\/p>\n<p>B\u00e4sta h\u00e4lsningar\/<\/p>\n<p><em>Unga Magar styrgrupp\u00a0<\/em><\/p>\n<a href=\"http:\/\/magotarm.se\/unga-magar\/wp-content\/uploads\/sites\/30\/2016\/05\/13148153_272646359748170_735289000_o.jpg\"><img loading=\"lazy\" decoding=\"async\" class=\"alignnone size-medium wp-image-98\" src=\"http:\/\/magotarm.se\/unga-magar\/wp-content\/uploads\/sites\/30\/2016\/05\/13148153_272646359748170_735289000_o-300x200.jpg\" alt=\"13148153_272646359748170_735289000_o\" width=\"300\" height=\"200\" srcset=\"https:\/\/magotarm.se\/unga-magar\/wp-content\/uploads\/sites\/30\/2016\/05\/13148153_272646359748170_735289000_o-300x200.jpg 300w, https:\/\/magotarm.se\/unga-magar\/wp-content\/uploads\/sites\/30\/2016\/05\/13148153_272646359748170_735289000_o-768x512.jpg 768w, https:\/\/magotarm.se\/unga-magar\/wp-content\/uploads\/sites\/30\/2016\/05\/13148153_272646359748170_735289000_o-1024x683.jpg 1024w, https:\/\/magotarm.se\/unga-magar\/wp-content\/uploads\/sites\/30\/2016\/05\/13148153_272646359748170_735289000_o.jpg 2048w\" sizes=\"auto, (max-width: 300px) 100vw, 300px\" \/><\/a>\n<p>&nbsp;<\/p>\n<p>*Med det menar vi personer upp till 30 \u00e5r eller du som anh\u00f6rig.<\/p>\n<p>&nbsp;<\/p>\n","protected":false},"excerpt":{"rendered":"<p>Varmt v\u00e4lkommen ska du vara till v\u00e5r blogg:\u00a0Prata mage &#8211; av Unga Magar. Unga Magar \u00e4r ett n\u00e4tverk f\u00f6r &#8230;<\/p>\n","protected":false},"author":3,"featured_media":0,"parent":0,"menu_order":0,"comment_status":"closed","ping_status":"closed","template":"","meta":{"_acf_changed":false,"footnotes":"","_links_to":"","_links_to_target":""},"class_list":["post-104","page","type-page","status-publish","hentry","wp-sticky"],"acf":[],"yoast_head":"<!-- This site is optimized with the Yoast SEO plugin v27.4 - https:\/\/yoast.com\/product\/yoast-seo-wordpress\/ -->\n<title>Om oss - Unga Magar<\/title>\n<meta name=\"robots\" content=\"index, follow, max-snippet:-1, max-image-preview:large, max-video-preview:-1\" \/>\n<link rel=\"canonical\" href=\"https:\/\/magotarm.se\/unga-magar\/om-oss\/\" \/>\n<meta property=\"og:locale\" content=\"sv_SE\" \/>\n<meta property=\"og:type\" content=\"article\" \/>\n<meta property=\"og:title\" content=\"Om oss - Unga Magar\" \/>\n<meta property=\"og:description\" content=\"Varmt v\u00e4lkommen ska du vara till v\u00e5r blogg:\u00a0Prata mage &#8211; av Unga Magar. Unga Magar \u00e4r ett n\u00e4tverk f\u00f6r ...\" \/>\n<meta property=\"og:url\" content=\"https:\/\/magotarm.se\/unga-magar\/om-oss\/\" \/>\n<meta property=\"og:site_name\" content=\"Unga Magar\" \/>\n<meta property=\"article:modified_time\" content=\"2016-05-13T19:13:09+00:00\" \/>\n<meta property=\"og:image\" content=\"http:\/\/magotarm.se\/unga-magar\/wp-content\/uploads\/sites\/30\/2016\/05\/13148153_272646359748170_735289000_o-300x200.jpg\" \/>\n<meta name=\"twitter:card\" content=\"summary_large_image\" \/>\n<meta name=\"twitter:label1\" content=\"Ber\u00e4knad l\u00e4stid\" \/>\n\t<meta name=\"twitter:data1\" content=\"1 minut\" \/>\n<script type=\"application\/ld+json\" class=\"yoast-schema-graph\">{\"@context\":\"https:\\\/\\\/schema.org\",\"@graph\":[{\"@type\":\"WebPage\",\"@id\":\"https:\\\/\\\/magotarm.se\\\/unga-magar\\\/om-oss\\\/\",\"url\":\"https:\\\/\\\/magotarm.se\\\/unga-magar\\\/om-oss\\\/\",\"name\":\"Om oss - Unga Magar\",\"isPartOf\":{\"@id\":\"https:\\\/\\\/magotarm.se\\\/unga-magar\\\/#website\"},\"primaryImageOfPage\":{\"@id\":\"https:\\\/\\\/magotarm.se\\\/unga-magar\\\/om-oss\\\/#primaryimage\"},\"image\":{\"@id\":\"https:\\\/\\\/magotarm.se\\\/unga-magar\\\/om-oss\\\/#primaryimage\"},\"thumbnailUrl\":\"http:\\\/\\\/magotarm.se\\\/unga-magar\\\/wp-content\\\/uploads\\\/sites\\\/30\\\/2016\\\/05\\\/13148153_272646359748170_735289000_o-300x200.jpg\",\"datePublished\":\"2016-05-09T07:44:22+00:00\",\"dateModified\":\"2016-05-13T19:13:09+00:00\",\"breadcrumb\":{\"@id\":\"https:\\\/\\\/magotarm.se\\\/unga-magar\\\/om-oss\\\/#breadcrumb\"},\"inLanguage\":\"sv-SE\",\"potentialAction\":[{\"@type\":\"ReadAction\",\"target\":[\"https:\\\/\\\/magotarm.se\\\/unga-magar\\\/om-oss\\\/\"]}]},{\"@type\":\"ImageObject\",\"inLanguage\":\"sv-SE\",\"@id\":\"https:\\\/\\\/magotarm.se\\\/unga-magar\\\/om-oss\\\/#primaryimage\",\"url\":\"http:\\\/\\\/magotarm.se\\\/unga-magar\\\/wp-content\\\/uploads\\\/sites\\\/30\\\/2016\\\/05\\\/13148153_272646359748170_735289000_o-300x200.jpg\",\"contentUrl\":\"http:\\\/\\\/magotarm.se\\\/unga-magar\\\/wp-content\\\/uploads\\\/sites\\\/30\\\/2016\\\/05\\\/13148153_272646359748170_735289000_o-300x200.jpg\"},{\"@type\":\"BreadcrumbList\",\"@id\":\"https:\\\/\\\/magotarm.se\\\/unga-magar\\\/om-oss\\\/#breadcrumb\",\"itemListElement\":[{\"@type\":\"ListItem\",\"position\":1,\"name\":\"Hem\",\"item\":\"https:\\\/\\\/magotarm.se\\\/unga-magar\\\/\"},{\"@type\":\"ListItem\",\"position\":2,\"name\":\"Om oss\"}]},{\"@type\":\"WebSite\",\"@id\":\"https:\\\/\\\/magotarm.se\\\/unga-magar\\\/#website\",\"url\":\"https:\\\/\\\/magotarm.se\\\/unga-magar\\\/\",\"name\":\"Unga Magar\",\"description\":\"En till Mag- och tarmf\u00f6rbundets Webbplatser webbplats\",\"potentialAction\":[{\"@type\":\"SearchAction\",\"target\":{\"@type\":\"EntryPoint\",\"urlTemplate\":\"https:\\\/\\\/magotarm.se\\\/unga-magar\\\/?s={search_term_string}\"},\"query-input\":{\"@type\":\"PropertyValueSpecification\",\"valueRequired\":true,\"valueName\":\"search_term_string\"}}],\"inLanguage\":\"sv-SE\"}]}<\/script>\n<!-- \/ Yoast SEO plugin. -->","yoast_head_json":{"title":"Om oss - Unga Magar","robots":{"index":"index","follow":"follow","max-snippet":"max-snippet:-1","max-image-preview":"max-image-preview:large","max-video-preview":"max-video-preview:-1"},"canonical":"https:\/\/magotarm.se\/unga-magar\/om-oss\/","og_locale":"sv_SE","og_type":"article","og_title":"Om oss - Unga Magar","og_description":"Varmt v\u00e4lkommen ska du vara till v\u00e5r blogg:\u00a0Prata mage &#8211; av Unga Magar. Unga Magar \u00e4r ett n\u00e4tverk f\u00f6r ...","og_url":"https:\/\/magotarm.se\/unga-magar\/om-oss\/","og_site_name":"Unga Magar","article_modified_time":"2016-05-13T19:13:09+00:00","og_image":[{"url":"http:\/\/magotarm.se\/unga-magar\/wp-content\/uploads\/sites\/30\/2016\/05\/13148153_272646359748170_735289000_o-300x200.jpg","type":"","width":"","height":""}],"twitter_card":"summary_large_image","twitter_misc":{"Ber\u00e4knad l\u00e4stid":"1 minut"},"schema":{"@context":"https:\/\/schema.org","@graph":[{"@type":"WebPage","@id":"https:\/\/magotarm.se\/unga-magar\/om-oss\/","url":"https:\/\/magotarm.se\/unga-magar\/om-oss\/","name":"Om oss - Unga Magar","isPartOf":{"@id":"https:\/\/magotarm.se\/unga-magar\/#website"},"primaryImageOfPage":{"@id":"https:\/\/magotarm.se\/unga-magar\/om-oss\/#primaryimage"},"image":{"@id":"https:\/\/magotarm.se\/unga-magar\/om-oss\/#primaryimage"},"thumbnailUrl":"http:\/\/magotarm.se\/unga-magar\/wp-content\/uploads\/sites\/30\/2016\/05\/13148153_272646359748170_735289000_o-300x200.jpg","datePublished":"2016-05-09T07:44:22+00:00","dateModified":"2016-05-13T19:13:09+00:00","breadcrumb":{"@id":"https:\/\/magotarm.se\/unga-magar\/om-oss\/#breadcrumb"},"inLanguage":"sv-SE","potentialAction":[{"@type":"ReadAction","target":["https:\/\/magotarm.se\/unga-magar\/om-oss\/"]}]},{"@type":"ImageObject","inLanguage":"sv-SE","@id":"https:\/\/magotarm.se\/unga-magar\/om-oss\/#primaryimage","url":"http:\/\/magotarm.se\/unga-magar\/wp-content\/uploads\/sites\/30\/2016\/05\/13148153_272646359748170_735289000_o-300x200.jpg","contentUrl":"http:\/\/magotarm.se\/unga-magar\/wp-content\/uploads\/sites\/30\/2016\/05\/13148153_272646359748170_735289000_o-300x200.jpg"},{"@type":"BreadcrumbList","@id":"https:\/\/magotarm.se\/unga-magar\/om-oss\/#breadcrumb","itemListElement":[{"@type":"ListItem","position":1,"name":"Hem","item":"https:\/\/magotarm.se\/unga-magar\/"},{"@type":"ListItem","position":2,"name":"Om oss"}]},{"@type":"WebSite","@id":"https:\/\/magotarm.se\/unga-magar\/#website","url":"https:\/\/magotarm.se\/unga-magar\/","name":"Unga Magar","description":"En till Mag- och tarmf\u00f6rbundets Webbplatser webbplats","potentialAction":[{"@type":"SearchAction","target":{"@type":"EntryPoint","urlTemplate":"https:\/\/magotarm.se\/unga-magar\/?s={search_term_string}"},"query-input":{"@type":"PropertyValueSpecification","valueRequired":true,"valueName":"search_term_string"}}],"inLanguage":"sv-SE"}]}},"_links":{"self":[{"href":"https:\/\/magotarm.se\/unga-magar\/wp-json\/wp\/v2\/pages\/104","targetHints":{"allow":["GET"]}}],"collection":[{"href":"https:\/\/magotarm.se\/unga-magar\/wp-json\/wp\/v2\/pages"}],"about":[{"href":"https:\/\/magotarm.se\/unga-magar\/wp-json\/wp\/v2\/types\/page"}],"author":[{"embeddable":true,"href":"https:\/\/magotarm.se\/unga-magar\/wp-json\/wp\/v2\/users\/3"}],"replies":[{"embeddable":true,"href":"https:\/\/magotarm.se\/unga-magar\/wp-json\/wp\/v2\/comments?post=104"}],"version-history":[{"count":5,"href":"https:\/\/magotarm.se\/unga-magar\/wp-json\/wp\/v2\/pages\/104\/revisions"}],"predecessor-version":[{"id":119,"href":"https:\/\/magotarm.se\/unga-magar\/wp-json\/wp\/v2\/pages\/104\/revisions\/119"}],"wp:attachment":[{"href":"https:\/\/magotarm.se\/unga-magar\/wp-json\/wp\/v2\/media?parent=104"}],"curies":[{"name":"wp","href":"https:\/\/api.w.org\/{rel}","templated":true}]}}