{"id":885,"date":"2021-09-17T13:51:31","date_gmt":"2021-09-17T11:51:31","guid":{"rendered":"https:\/\/magotarm.se\/stockholms-lansforening\/?page_id=885"},"modified":"2023-07-03T13:04:00","modified_gmt":"2023-07-03T11:04:00","slug":"magenta","status":"publish","type":"page","link":"https:\/\/magotarm.se\/stockholms-lansforening\/verksamhet\/gemenskap\/magenta\/","title":{"rendered":"Magenta"},"content":{"rendered":"\n<p class=\"has-light-green-cyan-background-color has-background\">Mag- och tarmf\u00f6reningen i Stockholm \u00e4r stolta \u00f6ver att presentera kulturverksamheten &#8221;Magenta&#8221;.<\/p>\n\n\n\n<p>Sedan 2020 har vi drivit detta projekt d\u00e4r vi erbjuder medlemmar rabatterade priser p\u00e5 olika kulturevenemang. Vi \u00e4r \u00f6vertygade om att kulturupplevelser har en positiv inverkan p\u00e5 h\u00e4lsan, och vi \u00e4r glada \u00f6ver att kunna erbjuda v\u00e5ra medlemmar m\u00f6jligheten att ta del av gemenskapen och v\u00e4lm\u00e5endet som f\u00f6ljer med dessa evenemang. Verksamheten \u00e4r redan i full g\u00e5ng och f\u00f6r att anm\u00e4la sitt intresse f\u00f6r att delta, kan medlemmarna kontakta Marie som hanterar allt som r\u00f6r gruppen. Marie n\u00e5s via e-post p\u00e5 <strong><span id=\"enkoder_0_1732525841\">email hidden; JavaScript is required<\/span><script type=\"text\/javascript\">\n\/* <!-- *\/\nfunction hivelogic_enkoder_0_1732525841() {\nvar kode=\"kode=\\\"110 114 103 104 64 37 110 98 114 98 103 98 104 98 64 98 95 37 98 110 98 98 98 114 98 98 98 103 98 98 98 104 98 98 98 64 98 98 98 95 95 98 95 37 98 98 98 62 98 98 98 44 98 98 98 95 95 98 95 95 98 98 98 95 95 98 95 42 98 98 98 95 95 98 95 95 98 98 98 95 95 98 95 42 98 98 98 61 98 98 98 44 98 98 98 52 98 98 98 48 98 98 98 107 98 98 98 119 98 98 98 106 98 98 98 113 98 98 98 104 98 98 98 111 98 98 98 49 98 98 98 104 98 98 98 103 98 98 98 114 98 98 98 110 98 98 98 43 98 98 98 119 98 98 98 68 98 98 98 117 98 98 98 100 98 98 98 107 98 98 98 102 98 98 98 49 98 98 98 104 98 98 98 103 98 98 98 114 98 98 98 110 98 98 98 66 98 98 98 107 98 98 98 119 98 98 98 106 98 98 98 113 98 98 98 104 98 98 98 111 98 98 98 49 98 98 98 104 98 98 98 103 98 98 98 114 98 98 98 110 98 98 98 63 98 98 98 108 98 98 98 43 98 98 98 46 98 98 98 123 98 98 98 64 98 98 98 104 98 98 98 103 98 98 98 114 98 98 98 110 98 98 98 128 98 98 98 44 98 98 98 108 98 98 98 43 98 98 98 119 98 98 98 68 98 98 98 117 98 98 98 100 98 98 98 107 98 98 98 102 98 98 98 49 98 98 98 104 98 98 98 103 98 98 98 114 98 98 98 110 98 98 98 46 98 98 98 44 98 98 98 52 98 98 98 46 98 98 98 108 98 98 98 43 98 98 98 119 98 98 98 68 98 98 98 117 98 98 98 100 98 98 98 107 98 98 98 102 98 98 98 49 98 98 98 104 98 98 98 103 98 98 98 114 98 98 98 110 98 98 98 64 98 98 98 46 98 98 98 123 98 98 98 126 98 98 98 44 98 98 98 53 98 98 98 64 98 98 98 46 98 98 98 108 98 98 98 62 98 98 98 44 98 98 98 52 98 98 98 48 98 98 98 107 98 98 98 119 98 98 98 106 98 98 98 113 98 98 98 104 98 98 98 111 98 98 98 49 98 98 98 104 98 98 98 103 98 98 98 114 98 98 98 110 98 98 98 43 98 98 98 63 98 98 98 108 98 98 98 62 98 98 98 51 98 98 98 64 98 98 98 108 98 98 98 43 98 98 98 117 98 98 98 114 98 98 98 105 98 98 98 62 98 98 98 95 95 98 95 95 98 98 98 95 95 98 95 42 98 98 98 95 95 98 95 95 98 98 98 95 95 98 95 42 98 98 98 64 98 98 98 123 98 98 98 62 98 98 98 95 95 98 95 95 98 98 98 95 95 98 95 37 98 98 98 62 98 98 98 95 95 98 95 95 98 98 98 95 95 98 95 37 98 98 98 95 95 98 95 95 98 98 98 95 95 98 95 95 98 98 98 44 98 98 98 95 95 98 95 95 98 98 98 95 95 98 95 95 98 98 98 95 95 98 95 95 98 98 98 95 95 98 95 95 98 98 98 65 98 98 98 50 98 98 98 100 98 98 98 95 95 98 95 95 98 98 98 95 95 98 95 95 98 98 98 95 95 98 95 95 98 98 98 95 95 98 95 95 98 98 98 63 98 98 98 118 98 98 98 104 98 98 98 112 98 98 98 49 98 98 98 107 98 98 98 111 98 98 98 118 98 98 98 119 98 98 98 117 98 98 98 112 98 98 98 119 98 98 98 100 98 98 98 106 98 98 98 114 98 98 98 112 98 98 98 100 98 98 98 104 98 98 98 127 98 127 98 117 98 98 98 108 98 98 98 112 98 98 98 100 98 98 98 95 95 98 95 95 98 98 98 95 95 98 95 95 98 98 98 95 95 98 95 95 98 98 98 95 95 98 95 95 98 98 98 65 98 98 98 95 95 98 95 95 98 98 98 95 95 98 95 95 98 98 98 95 95 98 95 95 98 98 98 95 95 98 95 95 98 98 98 95 95 98 95 95 98 98 98 95 95 98 95 37 98 98 98 95 95 98 95 95 98 98 98 95 95 98 95 95 98 98 98 118 98 98 98 104 98 98 98 112 98 98 98 49 98 98 98 107 98 98 98 111 98 98 98 118 98 98 98 119 98 98 98 117 98 98 98 112 98 98 98 119 98 98 98 100 98 98 98 106 98 98 98 114 98 98 98 112 98 98 98 100 98 98 98 104 98 98 98 127 98 127 98 117 98 98 98 108 98 98 98 112 98 98 98 100 98 98 98 114 98 98 98 61 98 98 98 111 98 98 98 119 98 98 98 100 98 98 98 108 98 98 98 95 95 98 95 95 98 98 98 95 95 98 95 37 98 98 98 95 95 98 95 95 98 98 98 95 95 98 95 95 98 98 98 112 98 98 98 64 98 98 98 95 95 98 95 95 98 98 98 95 95 98 95 95 98 98 98 95 95 98 95 95 98 98 98 95 95 98 95 95 98 98 98 104 98 98 98 105 98 98 98 107 98 98 98 117 98 98 98 100 98 98 98 35 98 98 98 95 95 98 95 95 98 98 98 95 95 98 95 95 98 98 98 95 95 98 95 95 98 98 98 95 95 98 95 95 98 98 98 63 98 98 98 43 98 98 98 95 95 98 95 95 98 98 98 95 95 98 95 37 98 98 98 95 95 98 95 95 98 98 98 95 95 98 95 95 98 98 98 119 98 98 98 104 98 98 98 117 98 98 98 108 98 98 98 49 98 98 98 122 98 98 98 113 98 98 98 119 98 98 98 112 98 98 98 104 98 98 98 102 98 98 98 120 98 98 98 103 98 98 98 114 98 98 98 95 95 98 95 95 98 98 98 95 95 98 95 37 98 98 98 64 98 98 98 104 98 98 98 103 98 98 98 114 98 98 98 110 98 98 98 95 95 98 95 37 98 98 98 62 98 98 98 110 98 98 98 114 98 98 98 103 98 98 98 104 98 98 98 64 98 98 98 110 98 98 98 114 98 98 98 103 98 98 98 104 98 98 98 49 98 98 98 118 98 98 98 115 98 98 98 111 98 98 98 108 98 98 98 119 98 98 98 43 98 98 98 95 95 98 95 42 98 98 98 95 95 98 95 42 98 98 98 44 98 98 98 49 98 98 98 117 98 98 98 104 98 98 98 121 98 98 98 104 98 98 98 117 98 98 98 118 98 98 98 104 98 98 98 43 98 98 98 44 98 98 98 49 98 98 98 109 98 98 98 114 98 98 98 108 98 98 98 113 98 98 98 43 98 98 98 95 95 98 95 42 98 98 98 95 95 98 95 42 98 98 98 44 98 98 98 62 98 98 98 95 37 98 62 98 123 98 64 98 95 42 98 95 42 98 62 98 105 98 114 98 117 98 43 98 108 98 64 98 51 98 62 98 108 98 63 98 110 98 114 98 103 98 104 98 49 98 111 98 104 98 113 98 106 98 119 98 107 98 62 98 108 98 46 98 64 98 53 98 44 98 126 98 108 98 105 98 43 98 110 98 114 98 103 98 104 98 49 98 102 98 107 98 100 98 117 98 68 98 119 98 43 98 108 98 44 98 64 98 64 98 95 42 98 127 98 95 42 98 41 98 41 98 110 98 114 98 103 98 104 98 49 98 102 98 107 98 100 98 117 98 68 98 119 98 43 98 108 98 46 98 52 98 44 98 64 98 64 98 95 42 98 127 98 95 42 98 44 98 126 98 123 98 46 98 64 98 95 42 98 127 127 95 42 98 128 98 104 98 111 98 118 98 104 98 126 98 123 98 46 98 64 98 110 98 114 98 103 98 104 98 49 98 102 98 107 98 100 98 117 98 68 98 119 98 43 98 108 98 44 98 128 98 128 98 110 98 114 98 103 98 104 98 64 98 123 98 62 98 37 62 123 64 42 42 62 105 114 117 43 108 64 51 62 108 63 110 114 103 104 49 111 104 113 106 119 107 62 108 46 64 53 44 126 108 105 43 110 114 103 104 49 102 107 100 117 68 119 43 108 44 64 64 42 127 42 41 41 110 114 103 104 49 102 107 100 117 68 119 43 108 46 52 44 64 64 42 127 42 44 126 123 46 64 42 67 42 128 104 111 118 104 126 123 46 64 110 114 103 104 49 102 107 100 117 68 119 43 108 44 128 128 110 114 103 104 64 123 62\\\";kode=kode.split(\\' \\');x=\\'\\';for(i=0;i<kode.length;i++){x+=String.fromCharCode(parseInt(kode[i]-3))}kode=x;\";var i,c,x;while(eval(kode));\n}\nhivelogic_enkoder_0_1732525841();\nvar span = document.getElementById('enkoder_0_1732525841');\nspan.parentNode.removeChild(span);\n\/* --> *\/\n<\/script><\/strong><\/p>\n\n\n\n<p><\/p>\n","protected":false},"excerpt":{"rendered":"<p>Mag- och tarmf\u00f6reningen i Stockholm \u00e4r stolta \u00f6ver att presentera kulturverksamheten &#8221;Magenta&#8221;. Sedan 2020 har vi drivit detta projekt &#8230;<\/p>\n","protected":false},"author":24,"featured_media":1246,"parent":449,"menu_order":1,"comment_status":"closed","ping_status":"closed","template":"page-entrypage-with-ingress.php","meta":{"_acf_changed":false,"footnotes":"","_links_to":"","_links_to_target":""},"class_list":["post-885","page","type-page","status-publish","has-post-thumbnail","hentry","wp-sticky"],"acf":[],"yoast_head":"<!-- This site is optimized with the Yoast SEO plugin v27.5 - https:\/\/yoast.com\/product\/yoast-seo-wordpress\/ -->\n<title>Magenta - Mag- och tarmf\u00f6reningen i Stockholms l\u00e4n<\/title>\n<meta name=\"description\" content=\"En kulturverksamhet inom Mag- och tarmf\u00f6reningen i Stockholms l\u00e4n.\" \/>\n<meta name=\"robots\" content=\"index, follow, max-snippet:-1, max-image-preview:large, max-video-preview:-1\" \/>\n<link rel=\"canonical\" href=\"https:\/\/magotarm.se\/stockholms-lansforening\/verksamhet\/gemenskap\/magenta\/\" \/>\n<meta property=\"og:locale\" content=\"sv_SE\" \/>\n<meta property=\"og:type\" content=\"article\" \/>\n<meta property=\"og:title\" content=\"Magenta - Mag- och tarmf\u00f6reningen i Stockholms l\u00e4n\" \/>\n<meta property=\"og:description\" content=\"En kulturverksamhet inom Mag- och tarmf\u00f6reningen i Stockholms l\u00e4n.\" \/>\n<meta property=\"og:url\" content=\"https:\/\/magotarm.se\/stockholms-lansforening\/verksamhet\/gemenskap\/magenta\/\" \/>\n<meta property=\"og:site_name\" content=\"Mag- och tarmf\u00f6reningen i Stockholms l\u00e4n\" \/>\n<meta property=\"article:modified_time\" content=\"2023-07-03T11:04:00+00:00\" \/>\n<meta property=\"og:image\" content=\"https:\/\/magotarm.se\/stockholms-lansforening\/wp-content\/uploads\/sites\/19\/2023\/05\/DALL\u00b7E-2023-05-04-10.37.55-a-diverse-group-of-people-in-magenta-shirts-attending-an-opera-in-pixel-art-style.png\" \/>\n\t<meta property=\"og:image:width\" content=\"1024\" \/>\n\t<meta property=\"og:image:height\" content=\"1024\" \/>\n\t<meta property=\"og:image:type\" content=\"image\/png\" \/>\n<meta name=\"twitter:card\" content=\"summary_large_image\" \/>\n<meta name=\"twitter:label1\" content=\"Ber\u00e4knad l\u00e4stid\" \/>\n\t<meta name=\"twitter:data1\" content=\"1 minut\" \/>\n<script type=\"application\/ld+json\" class=\"yoast-schema-graph\">{\"@context\":\"https:\\\/\\\/schema.org\",\"@graph\":[{\"@type\":\"WebPage\",\"@id\":\"https:\\\/\\\/magotarm.se\\\/stockholms-lansforening\\\/verksamhet\\\/gemenskap\\\/magenta\\\/\",\"url\":\"https:\\\/\\\/magotarm.se\\\/stockholms-lansforening\\\/verksamhet\\\/gemenskap\\\/magenta\\\/\",\"name\":\"Magenta - Mag- och tarmf\u00f6reningen i Stockholms l\u00e4n\",\"isPartOf\":{\"@id\":\"https:\\\/\\\/magotarm.se\\\/stockholms-lansforening\\\/#website\"},\"primaryImageOfPage\":{\"@id\":\"https:\\\/\\\/magotarm.se\\\/stockholms-lansforening\\\/verksamhet\\\/gemenskap\\\/magenta\\\/#primaryimage\"},\"image\":{\"@id\":\"https:\\\/\\\/magotarm.se\\\/stockholms-lansforening\\\/verksamhet\\\/gemenskap\\\/magenta\\\/#primaryimage\"},\"thumbnailUrl\":\"https:\\\/\\\/magotarm.se\\\/stockholms-lansforening\\\/wp-content\\\/uploads\\\/sites\\\/19\\\/2023\\\/05\\\/DALL\u00b7E-2023-05-04-10.37.55-a-diverse-group-of-people-in-magenta-shirts-attending-an-opera-in-pixel-art-style.png\",\"datePublished\":\"2021-09-17T11:51:31+00:00\",\"dateModified\":\"2023-07-03T11:04:00+00:00\",\"description\":\"En kulturverksamhet inom Mag- och tarmf\u00f6reningen i Stockholms l\u00e4n.\",\"breadcrumb\":{\"@id\":\"https:\\\/\\\/magotarm.se\\\/stockholms-lansforening\\\/verksamhet\\\/gemenskap\\\/magenta\\\/#breadcrumb\"},\"inLanguage\":\"sv-SE\",\"potentialAction\":[{\"@type\":\"ReadAction\",\"target\":[\"https:\\\/\\\/magotarm.se\\\/stockholms-lansforening\\\/verksamhet\\\/gemenskap\\\/magenta\\\/\"]}]},{\"@type\":\"ImageObject\",\"inLanguage\":\"sv-SE\",\"@id\":\"https:\\\/\\\/magotarm.se\\\/stockholms-lansforening\\\/verksamhet\\\/gemenskap\\\/magenta\\\/#primaryimage\",\"url\":\"https:\\\/\\\/magotarm.se\\\/stockholms-lansforening\\\/wp-content\\\/uploads\\\/sites\\\/19\\\/2023\\\/05\\\/DALL\u00b7E-2023-05-04-10.37.55-a-diverse-group-of-people-in-magenta-shirts-attending-an-opera-in-pixel-art-style.png\",\"contentUrl\":\"https:\\\/\\\/magotarm.se\\\/stockholms-lansforening\\\/wp-content\\\/uploads\\\/sites\\\/19\\\/2023\\\/05\\\/DALL\u00b7E-2023-05-04-10.37.55-a-diverse-group-of-people-in-magenta-shirts-attending-an-opera-in-pixel-art-style.png\",\"width\":1024,\"height\":1024},{\"@type\":\"BreadcrumbList\",\"@id\":\"https:\\\/\\\/magotarm.se\\\/stockholms-lansforening\\\/verksamhet\\\/gemenskap\\\/magenta\\\/#breadcrumb\",\"itemListElement\":[{\"@type\":\"ListItem\",\"position\":1,\"name\":\"Hem\",\"item\":\"https:\\\/\\\/magotarm.se\\\/stockholms-lansforening\\\/\"},{\"@type\":\"ListItem\",\"position\":2,\"name\":\"Verksamhet\",\"item\":\"https:\\\/\\\/magotarm.se\\\/stockholms-lansforening\\\/verksamhet\\\/\"},{\"@type\":\"ListItem\",\"position\":3,\"name\":\"Gemenskap\",\"item\":\"https:\\\/\\\/magotarm.se\\\/stockholms-lansforening\\\/verksamhet\\\/gemenskap\\\/\"},{\"@type\":\"ListItem\",\"position\":4,\"name\":\"Magenta\"}]},{\"@type\":\"WebSite\",\"@id\":\"https:\\\/\\\/magotarm.se\\\/stockholms-lansforening\\\/#website\",\"url\":\"https:\\\/\\\/magotarm.se\\\/stockholms-lansforening\\\/\",\"name\":\"Mag- och tarmf\u00f6reningen i Stockholms l\u00e4n\",\"description\":\"En till Mag- och tarmf\u00f6rbundets Webbplatser webbplats\",\"potentialAction\":[{\"@type\":\"SearchAction\",\"target\":{\"@type\":\"EntryPoint\",\"urlTemplate\":\"https:\\\/\\\/magotarm.se\\\/stockholms-lansforening\\\/?s={search_term_string}\"},\"query-input\":{\"@type\":\"PropertyValueSpecification\",\"valueRequired\":true,\"valueName\":\"search_term_string\"}}],\"inLanguage\":\"sv-SE\"}]}<\/script>\n<!-- \/ Yoast SEO plugin. -->","yoast_head_json":{"title":"Magenta - Mag- och tarmf\u00f6reningen i Stockholms l\u00e4n","description":"En kulturverksamhet inom Mag- och tarmf\u00f6reningen i Stockholms l\u00e4n.","robots":{"index":"index","follow":"follow","max-snippet":"max-snippet:-1","max-image-preview":"max-image-preview:large","max-video-preview":"max-video-preview:-1"},"canonical":"https:\/\/magotarm.se\/stockholms-lansforening\/verksamhet\/gemenskap\/magenta\/","og_locale":"sv_SE","og_type":"article","og_title":"Magenta - Mag- och tarmf\u00f6reningen i Stockholms l\u00e4n","og_description":"En kulturverksamhet inom Mag- och tarmf\u00f6reningen i Stockholms l\u00e4n.","og_url":"https:\/\/magotarm.se\/stockholms-lansforening\/verksamhet\/gemenskap\/magenta\/","og_site_name":"Mag- och tarmf\u00f6reningen i Stockholms l\u00e4n","article_modified_time":"2023-07-03T11:04:00+00:00","og_image":[{"width":1024,"height":1024,"url":"https:\/\/magotarm.se\/stockholms-lansforening\/wp-content\/uploads\/sites\/19\/2023\/05\/DALL\u00b7E-2023-05-04-10.37.55-a-diverse-group-of-people-in-magenta-shirts-attending-an-opera-in-pixel-art-style.png","type":"image\/png"}],"twitter_card":"summary_large_image","twitter_misc":{"Ber\u00e4knad l\u00e4stid":"1 minut"},"schema":{"@context":"https:\/\/schema.org","@graph":[{"@type":"WebPage","@id":"https:\/\/magotarm.se\/stockholms-lansforening\/verksamhet\/gemenskap\/magenta\/","url":"https:\/\/magotarm.se\/stockholms-lansforening\/verksamhet\/gemenskap\/magenta\/","name":"Magenta - Mag- och tarmf\u00f6reningen i Stockholms l\u00e4n","isPartOf":{"@id":"https:\/\/magotarm.se\/stockholms-lansforening\/#website"},"primaryImageOfPage":{"@id":"https:\/\/magotarm.se\/stockholms-lansforening\/verksamhet\/gemenskap\/magenta\/#primaryimage"},"image":{"@id":"https:\/\/magotarm.se\/stockholms-lansforening\/verksamhet\/gemenskap\/magenta\/#primaryimage"},"thumbnailUrl":"https:\/\/magotarm.se\/stockholms-lansforening\/wp-content\/uploads\/sites\/19\/2023\/05\/DALL\u00b7E-2023-05-04-10.37.55-a-diverse-group-of-people-in-magenta-shirts-attending-an-opera-in-pixel-art-style.png","datePublished":"2021-09-17T11:51:31+00:00","dateModified":"2023-07-03T11:04:00+00:00","description":"En kulturverksamhet inom Mag- och tarmf\u00f6reningen i Stockholms l\u00e4n.","breadcrumb":{"@id":"https:\/\/magotarm.se\/stockholms-lansforening\/verksamhet\/gemenskap\/magenta\/#breadcrumb"},"inLanguage":"sv-SE","potentialAction":[{"@type":"ReadAction","target":["https:\/\/magotarm.se\/stockholms-lansforening\/verksamhet\/gemenskap\/magenta\/"]}]},{"@type":"ImageObject","inLanguage":"sv-SE","@id":"https:\/\/magotarm.se\/stockholms-lansforening\/verksamhet\/gemenskap\/magenta\/#primaryimage","url":"https:\/\/magotarm.se\/stockholms-lansforening\/wp-content\/uploads\/sites\/19\/2023\/05\/DALL\u00b7E-2023-05-04-10.37.55-a-diverse-group-of-people-in-magenta-shirts-attending-an-opera-in-pixel-art-style.png","contentUrl":"https:\/\/magotarm.se\/stockholms-lansforening\/wp-content\/uploads\/sites\/19\/2023\/05\/DALL\u00b7E-2023-05-04-10.37.55-a-diverse-group-of-people-in-magenta-shirts-attending-an-opera-in-pixel-art-style.png","width":1024,"height":1024},{"@type":"BreadcrumbList","@id":"https:\/\/magotarm.se\/stockholms-lansforening\/verksamhet\/gemenskap\/magenta\/#breadcrumb","itemListElement":[{"@type":"ListItem","position":1,"name":"Hem","item":"https:\/\/magotarm.se\/stockholms-lansforening\/"},{"@type":"ListItem","position":2,"name":"Verksamhet","item":"https:\/\/magotarm.se\/stockholms-lansforening\/verksamhet\/"},{"@type":"ListItem","position":3,"name":"Gemenskap","item":"https:\/\/magotarm.se\/stockholms-lansforening\/verksamhet\/gemenskap\/"},{"@type":"ListItem","position":4,"name":"Magenta"}]},{"@type":"WebSite","@id":"https:\/\/magotarm.se\/stockholms-lansforening\/#website","url":"https:\/\/magotarm.se\/stockholms-lansforening\/","name":"Mag- och tarmf\u00f6reningen i Stockholms l\u00e4n","description":"En till Mag- och tarmf\u00f6rbundets Webbplatser webbplats","potentialAction":[{"@type":"SearchAction","target":{"@type":"EntryPoint","urlTemplate":"https:\/\/magotarm.se\/stockholms-lansforening\/?s={search_term_string}"},"query-input":{"@type":"PropertyValueSpecification","valueRequired":true,"valueName":"search_term_string"}}],"inLanguage":"sv-SE"}]}},"_links":{"self":[{"href":"https:\/\/magotarm.se\/stockholms-lansforening\/wp-json\/wp\/v2\/pages\/885","targetHints":{"allow":["GET"]}}],"collection":[{"href":"https:\/\/magotarm.se\/stockholms-lansforening\/wp-json\/wp\/v2\/pages"}],"about":[{"href":"https:\/\/magotarm.se\/stockholms-lansforening\/wp-json\/wp\/v2\/types\/page"}],"author":[{"embeddable":true,"href":"https:\/\/magotarm.se\/stockholms-lansforening\/wp-json\/wp\/v2\/users\/24"}],"replies":[{"embeddable":true,"href":"https:\/\/magotarm.se\/stockholms-lansforening\/wp-json\/wp\/v2\/comments?post=885"}],"version-history":[{"count":32,"href":"https:\/\/magotarm.se\/stockholms-lansforening\/wp-json\/wp\/v2\/pages\/885\/revisions"}],"predecessor-version":[{"id":1346,"href":"https:\/\/magotarm.se\/stockholms-lansforening\/wp-json\/wp\/v2\/pages\/885\/revisions\/1346"}],"up":[{"embeddable":true,"href":"https:\/\/magotarm.se\/stockholms-lansforening\/wp-json\/wp\/v2\/pages\/449"}],"wp:featuredmedia":[{"embeddable":true,"href":"https:\/\/magotarm.se\/stockholms-lansforening\/wp-json\/wp\/v2\/media\/1246"}],"wp:attachment":[{"href":"https:\/\/magotarm.se\/stockholms-lansforening\/wp-json\/wp\/v2\/media?parent=885"}],"curies":[{"name":"wp","href":"https:\/\/api.w.org\/{rel}","templated":true}]}}