{"id":81,"date":"2015-11-29T11:37:23","date_gmt":"2015-11-29T10:37:23","guid":{"rendered":"http:\/\/magotarm.se\/stockholms-lansforening\/?page_id=81"},"modified":"2023-04-25T21:45:09","modified_gmt":"2023-04-25T19:45:09","slug":"kontakta-oss","status":"publish","type":"page","link":"https:\/\/magotarm.se\/stockholms-lansforening\/kontakta-oss\/","title":{"rendered":"Kontakta oss"},"content":{"rendered":"<p>V\u00e5rt prim\u00e4ra verktyg f\u00f6r kommunikation \u00e4r e-post. Vi l\u00e4ser och svarar p\u00e5 e-post dagligen. Anv\u00e4nd g\u00e4rna formul\u00e4ret nedan f\u00f6r att skicka meddelande till oss.<br \/>\nVill du ringa in g\u00e5r det bra, men vi har ingen \u00f6ppen telefontid och kan inte garantera svar. Du kan l\u00e4mna ett meddelande s\u00e5 kan vi ringa upp vid ett senare tillf\u00e4lle, f\u00f6rutsatt att du l\u00e4mnar dina&nbsp;kontaktuppgifter.<\/p>\n<p>Vi finns \u00e4ven p\u00e5 <a href=\"https:\/\/twitter.com\/MagoTarmSTHLM\" target=\"_blank\" rel=\"noopener\">Twitter<\/a>, <a href=\"http:\/\/instagram.com\/magotarmsthlm\" target=\"_blank\" rel=\"noopener\">Instagram<\/a> och <a href=\"http:\/\/facebook.com\/magotarmsthlm\" target=\"_blank\" rel=\"noopener\">Facebook<\/a> under namnet <em>MagoTarmSTHLM<\/em><\/p>\n","protected":false},"excerpt":{"rendered":"<p>V\u00e5rt prim\u00e4ra verktyg f\u00f6r kommunikation \u00e4r e-post. Vi l\u00e4ser och svarar p\u00e5 e-post dagligen. Anv\u00e4nd g\u00e4rna formul\u00e4ret nedan f\u00f6r &#8230;<\/p>\n","protected":false},"author":24,"featured_media":0,"parent":0,"menu_order":5,"comment_status":"closed","ping_status":"closed","template":"page-contact.php","meta":{"_acf_changed":false,"footnotes":"","_links_to":"","_links_to_target":""},"class_list":["post-81","page","type-page","status-publish","hentry","wp-sticky"],"acf":[],"yoast_head":"<!-- This site is optimized with the Yoast SEO plugin v27.5 - https:\/\/yoast.com\/product\/yoast-seo-wordpress\/ -->\n<title>Kontakta oss - Mag- och tarmf\u00f6reningen i Stockholms l\u00e4n<\/title>\n<meta name=\"robots\" content=\"index, follow, max-snippet:-1, max-image-preview:large, max-video-preview:-1\" \/>\n<link rel=\"canonical\" href=\"https:\/\/magotarm.se\/stockholms-lansforening\/kontakta-oss\/\" \/>\n<meta property=\"og:locale\" content=\"sv_SE\" \/>\n<meta property=\"og:type\" content=\"article\" \/>\n<meta property=\"og:title\" content=\"Kontakta oss - Mag- och tarmf\u00f6reningen i Stockholms l\u00e4n\" \/>\n<meta property=\"og:description\" content=\"V\u00e5rt prim\u00e4ra verktyg f\u00f6r kommunikation \u00e4r e-post. Vi l\u00e4ser och svarar p\u00e5 e-post dagligen. Anv\u00e4nd g\u00e4rna formul\u00e4ret nedan f\u00f6r ...\" \/>\n<meta property=\"og:url\" content=\"https:\/\/magotarm.se\/stockholms-lansforening\/kontakta-oss\/\" \/>\n<meta property=\"og:site_name\" content=\"Mag- och tarmf\u00f6reningen i Stockholms l\u00e4n\" \/>\n<meta property=\"article:modified_time\" content=\"2023-04-25T19:45:09+00:00\" \/>\n<meta name=\"twitter:card\" content=\"summary_large_image\" \/>\n<meta name=\"twitter:label1\" content=\"Ber\u00e4knad l\u00e4stid\" \/>\n\t<meta name=\"twitter:data1\" content=\"1 minut\" \/>\n<script type=\"application\/ld+json\" class=\"yoast-schema-graph\">{\"@context\":\"https:\\\/\\\/schema.org\",\"@graph\":[{\"@type\":\"WebPage\",\"@id\":\"https:\\\/\\\/magotarm.se\\\/stockholms-lansforening\\\/kontakta-oss\\\/\",\"url\":\"https:\\\/\\\/magotarm.se\\\/stockholms-lansforening\\\/kontakta-oss\\\/\",\"name\":\"Kontakta oss - Mag- och tarmf\u00f6reningen i Stockholms l\u00e4n\",\"isPartOf\":{\"@id\":\"https:\\\/\\\/magotarm.se\\\/stockholms-lansforening\\\/#website\"},\"datePublished\":\"2015-11-29T10:37:23+00:00\",\"dateModified\":\"2023-04-25T19:45:09+00:00\",\"breadcrumb\":{\"@id\":\"https:\\\/\\\/magotarm.se\\\/stockholms-lansforening\\\/kontakta-oss\\\/#breadcrumb\"},\"inLanguage\":\"sv-SE\",\"potentialAction\":[{\"@type\":\"ReadAction\",\"target\":[\"https:\\\/\\\/magotarm.se\\\/stockholms-lansforening\\\/kontakta-oss\\\/\"]}]},{\"@type\":\"BreadcrumbList\",\"@id\":\"https:\\\/\\\/magotarm.se\\\/stockholms-lansforening\\\/kontakta-oss\\\/#breadcrumb\",\"itemListElement\":[{\"@type\":\"ListItem\",\"position\":1,\"name\":\"Hem\",\"item\":\"https:\\\/\\\/magotarm.se\\\/stockholms-lansforening\\\/\"},{\"@type\":\"ListItem\",\"position\":2,\"name\":\"Kontakta oss\"}]},{\"@type\":\"WebSite\",\"@id\":\"https:\\\/\\\/magotarm.se\\\/stockholms-lansforening\\\/#website\",\"url\":\"https:\\\/\\\/magotarm.se\\\/stockholms-lansforening\\\/\",\"name\":\"Mag- och tarmf\u00f6reningen i Stockholms l\u00e4n\",\"description\":\"En till Mag- och tarmf\u00f6rbundets Webbplatser webbplats\",\"potentialAction\":[{\"@type\":\"SearchAction\",\"target\":{\"@type\":\"EntryPoint\",\"urlTemplate\":\"https:\\\/\\\/magotarm.se\\\/stockholms-lansforening\\\/?s={search_term_string}\"},\"query-input\":{\"@type\":\"PropertyValueSpecification\",\"valueRequired\":true,\"valueName\":\"search_term_string\"}}],\"inLanguage\":\"sv-SE\"}]}<\/script>\n<!-- \/ Yoast SEO plugin. -->","yoast_head_json":{"title":"Kontakta oss - Mag- och tarmf\u00f6reningen i Stockholms l\u00e4n","robots":{"index":"index","follow":"follow","max-snippet":"max-snippet:-1","max-image-preview":"max-image-preview:large","max-video-preview":"max-video-preview:-1"},"canonical":"https:\/\/magotarm.se\/stockholms-lansforening\/kontakta-oss\/","og_locale":"sv_SE","og_type":"article","og_title":"Kontakta oss - Mag- och tarmf\u00f6reningen i Stockholms l\u00e4n","og_description":"V\u00e5rt prim\u00e4ra verktyg f\u00f6r kommunikation \u00e4r e-post. Vi l\u00e4ser och svarar p\u00e5 e-post dagligen. Anv\u00e4nd g\u00e4rna formul\u00e4ret nedan f\u00f6r ...","og_url":"https:\/\/magotarm.se\/stockholms-lansforening\/kontakta-oss\/","og_site_name":"Mag- och tarmf\u00f6reningen i Stockholms l\u00e4n","article_modified_time":"2023-04-25T19:45:09+00:00","twitter_card":"summary_large_image","twitter_misc":{"Ber\u00e4knad l\u00e4stid":"1 minut"},"schema":{"@context":"https:\/\/schema.org","@graph":[{"@type":"WebPage","@id":"https:\/\/magotarm.se\/stockholms-lansforening\/kontakta-oss\/","url":"https:\/\/magotarm.se\/stockholms-lansforening\/kontakta-oss\/","name":"Kontakta oss - Mag- och tarmf\u00f6reningen i Stockholms l\u00e4n","isPartOf":{"@id":"https:\/\/magotarm.se\/stockholms-lansforening\/#website"},"datePublished":"2015-11-29T10:37:23+00:00","dateModified":"2023-04-25T19:45:09+00:00","breadcrumb":{"@id":"https:\/\/magotarm.se\/stockholms-lansforening\/kontakta-oss\/#breadcrumb"},"inLanguage":"sv-SE","potentialAction":[{"@type":"ReadAction","target":["https:\/\/magotarm.se\/stockholms-lansforening\/kontakta-oss\/"]}]},{"@type":"BreadcrumbList","@id":"https:\/\/magotarm.se\/stockholms-lansforening\/kontakta-oss\/#breadcrumb","itemListElement":[{"@type":"ListItem","position":1,"name":"Hem","item":"https:\/\/magotarm.se\/stockholms-lansforening\/"},{"@type":"ListItem","position":2,"name":"Kontakta oss"}]},{"@type":"WebSite","@id":"https:\/\/magotarm.se\/stockholms-lansforening\/#website","url":"https:\/\/magotarm.se\/stockholms-lansforening\/","name":"Mag- och tarmf\u00f6reningen i Stockholms l\u00e4n","description":"En till Mag- och tarmf\u00f6rbundets Webbplatser webbplats","potentialAction":[{"@type":"SearchAction","target":{"@type":"EntryPoint","urlTemplate":"https:\/\/magotarm.se\/stockholms-lansforening\/?s={search_term_string}"},"query-input":{"@type":"PropertyValueSpecification","valueRequired":true,"valueName":"search_term_string"}}],"inLanguage":"sv-SE"}]}},"_links":{"self":[{"href":"https:\/\/magotarm.se\/stockholms-lansforening\/wp-json\/wp\/v2\/pages\/81","targetHints":{"allow":["GET"]}}],"collection":[{"href":"https:\/\/magotarm.se\/stockholms-lansforening\/wp-json\/wp\/v2\/pages"}],"about":[{"href":"https:\/\/magotarm.se\/stockholms-lansforening\/wp-json\/wp\/v2\/types\/page"}],"author":[{"embeddable":true,"href":"https:\/\/magotarm.se\/stockholms-lansforening\/wp-json\/wp\/v2\/users\/24"}],"replies":[{"embeddable":true,"href":"https:\/\/magotarm.se\/stockholms-lansforening\/wp-json\/wp\/v2\/comments?post=81"}],"version-history":[{"count":16,"href":"https:\/\/magotarm.se\/stockholms-lansforening\/wp-json\/wp\/v2\/pages\/81\/revisions"}],"predecessor-version":[{"id":1197,"href":"https:\/\/magotarm.se\/stockholms-lansforening\/wp-json\/wp\/v2\/pages\/81\/revisions\/1197"}],"wp:attachment":[{"href":"https:\/\/magotarm.se\/stockholms-lansforening\/wp-json\/wp\/v2\/media?parent=81"}],"curies":[{"name":"wp","href":"https:\/\/api.w.org\/{rel}","templated":true}]}}