{"id":7,"date":"2015-10-07T14:51:53","date_gmt":"2015-10-07T12:51:53","guid":{"rendered":"http:\/\/magotarm.se\/stockholms-lansforening\/?page_id=7"},"modified":"2025-10-02T11:48:37","modified_gmt":"2025-10-02T09:48:37","slug":"startsida","status":"publish","type":"page","link":"https:\/\/magotarm.se\/stockholms-lansforening\/","title":{"rendered":"Startsida"},"content":{"rendered":"","protected":false},"excerpt":{"rendered":"","protected":false},"author":1,"featured_media":0,"parent":0,"menu_order":1,"comment_status":"closed","ping_status":"closed","template":"","meta":{"_acf_changed":false,"footnotes":"","_links_to":"","_links_to_target":""},"class_list":["post-7","page","type-page","status-publish","hentry","wp-sticky"],"acf":[],"yoast_head":"<!-- This site is optimized with the Yoast SEO plugin v27.4 - https:\/\/yoast.com\/product\/yoast-seo-wordpress\/ -->\n<title>Startsida - Mag- och tarmf\u00f6reningen i Stockholms l\u00e4n<\/title>\n<meta name=\"description\" content=\"Mag- och tarmf\u00f6reningen i Stockholms l\u00e4n \u00e4r en ideell intressef\u00f6rening f\u00f6r personer med mag- och tarmproblem.Det \u00f6vergripande m\u00e5let f\u00f6r v\u00e5r verksamhet \u00e4r att \u00e5terskapa livskvalitet f\u00f6r m\u00e4nniskor med mag- och tarmproblem s\u00e5 att de skall kunna leva ett liv som s\u00e5 lite som m\u00f6jligt begr\u00e4nsas av \u00e5komman. F\u00f6rbundet och l\u00e4nsf\u00f6reningarna arbetar tillsammans f\u00f6r att samh\u00e4llets st\u00f6d och insatser ska g\u00f6ra detta m\u00f6jligt.\" \/>\n<meta name=\"robots\" content=\"index, follow, max-snippet:-1, max-image-preview:large, max-video-preview:-1\" \/>\n<link rel=\"canonical\" href=\"https:\/\/magotarm.se\/stockholms-lansforening\/\" \/>\n<meta property=\"og:locale\" content=\"sv_SE\" \/>\n<meta property=\"og:type\" content=\"article\" \/>\n<meta property=\"og:title\" content=\"Startsida - Mag- och tarmf\u00f6reningen i Stockholms l\u00e4n\" \/>\n<meta property=\"og:description\" content=\"Mag- och tarmf\u00f6reningen i Stockholms l\u00e4n \u00e4r en ideell intressef\u00f6rening f\u00f6r personer med mag- och tarmproblem.Det \u00f6vergripande m\u00e5let f\u00f6r v\u00e5r verksamhet \u00e4r att \u00e5terskapa livskvalitet f\u00f6r m\u00e4nniskor med mag- och tarmproblem s\u00e5 att de skall kunna leva ett liv som s\u00e5 lite som m\u00f6jligt begr\u00e4nsas av \u00e5komman. F\u00f6rbundet och l\u00e4nsf\u00f6reningarna arbetar tillsammans f\u00f6r att samh\u00e4llets st\u00f6d och insatser ska g\u00f6ra detta m\u00f6jligt.\" \/>\n<meta property=\"og:url\" content=\"https:\/\/magotarm.se\/stockholms-lansforening\/\" \/>\n<meta property=\"og:site_name\" content=\"Mag- och tarmf\u00f6reningen i Stockholms l\u00e4n\" \/>\n<meta property=\"article:modified_time\" content=\"2025-10-02T09:48:37+00:00\" \/>\n<meta name=\"twitter:card\" content=\"summary_large_image\" \/>\n<script type=\"application\/ld+json\" class=\"yoast-schema-graph\">{\"@context\":\"https:\\\/\\\/schema.org\",\"@graph\":[{\"@type\":\"WebPage\",\"@id\":\"https:\\\/\\\/magotarm.se\\\/stockholms-lansforening\\\/\",\"url\":\"https:\\\/\\\/magotarm.se\\\/stockholms-lansforening\\\/\",\"name\":\"Startsida - Mag- och tarmf\u00f6reningen i Stockholms l\u00e4n\",\"isPartOf\":{\"@id\":\"https:\\\/\\\/magotarm.se\\\/stockholms-lansforening\\\/#website\"},\"datePublished\":\"2015-10-07T12:51:53+00:00\",\"dateModified\":\"2025-10-02T09:48:37+00:00\",\"description\":\"Mag- och tarmf\u00f6reningen i Stockholms l\u00e4n \u00e4r en ideell intressef\u00f6rening f\u00f6r personer med mag- och tarmproblem.Det \u00f6vergripande m\u00e5let f\u00f6r v\u00e5r verksamhet \u00e4r att \u00e5terskapa livskvalitet f\u00f6r m\u00e4nniskor med mag- och tarmproblem s\u00e5 att de skall kunna leva ett liv som s\u00e5 lite som m\u00f6jligt begr\u00e4nsas av \u00e5komman. F\u00f6rbundet och l\u00e4nsf\u00f6reningarna arbetar tillsammans f\u00f6r att samh\u00e4llets st\u00f6d och insatser ska g\u00f6ra detta m\u00f6jligt.\",\"breadcrumb\":{\"@id\":\"https:\\\/\\\/magotarm.se\\\/stockholms-lansforening\\\/#breadcrumb\"},\"inLanguage\":\"sv-SE\",\"potentialAction\":[{\"@type\":\"ReadAction\",\"target\":[\"https:\\\/\\\/magotarm.se\\\/stockholms-lansforening\\\/\"]}]},{\"@type\":\"BreadcrumbList\",\"@id\":\"https:\\\/\\\/magotarm.se\\\/stockholms-lansforening\\\/#breadcrumb\",\"itemListElement\":[{\"@type\":\"ListItem\",\"position\":1,\"name\":\"Hem\",\"item\":\"https:\\\/\\\/magotarm.se\\\/stockholms-lansforening\\\/\"},{\"@type\":\"ListItem\",\"position\":2,\"name\":\"Startsida\"}]},{\"@type\":\"WebSite\",\"@id\":\"https:\\\/\\\/magotarm.se\\\/stockholms-lansforening\\\/#website\",\"url\":\"https:\\\/\\\/magotarm.se\\\/stockholms-lansforening\\\/\",\"name\":\"Mag- och tarmf\u00f6reningen i Stockholms l\u00e4n\",\"description\":\"En till Mag- och tarmf\u00f6rbundets Webbplatser webbplats\",\"potentialAction\":[{\"@type\":\"SearchAction\",\"target\":{\"@type\":\"EntryPoint\",\"urlTemplate\":\"https:\\\/\\\/magotarm.se\\\/stockholms-lansforening\\\/?s={search_term_string}\"},\"query-input\":{\"@type\":\"PropertyValueSpecification\",\"valueRequired\":true,\"valueName\":\"search_term_string\"}}],\"inLanguage\":\"sv-SE\"}]}<\/script>\n<!-- \/ Yoast SEO plugin. -->","yoast_head_json":{"title":"Startsida - Mag- och tarmf\u00f6reningen i Stockholms l\u00e4n","description":"Mag- och tarmf\u00f6reningen i Stockholms l\u00e4n \u00e4r en ideell intressef\u00f6rening f\u00f6r personer med mag- och tarmproblem.Det \u00f6vergripande m\u00e5let f\u00f6r v\u00e5r verksamhet \u00e4r att \u00e5terskapa livskvalitet f\u00f6r m\u00e4nniskor med mag- och tarmproblem s\u00e5 att de skall kunna leva ett liv som s\u00e5 lite som m\u00f6jligt begr\u00e4nsas av \u00e5komman. F\u00f6rbundet och l\u00e4nsf\u00f6reningarna arbetar tillsammans f\u00f6r att samh\u00e4llets st\u00f6d och insatser ska g\u00f6ra detta m\u00f6jligt.","robots":{"index":"index","follow":"follow","max-snippet":"max-snippet:-1","max-image-preview":"max-image-preview:large","max-video-preview":"max-video-preview:-1"},"canonical":"https:\/\/magotarm.se\/stockholms-lansforening\/","og_locale":"sv_SE","og_type":"article","og_title":"Startsida - Mag- och tarmf\u00f6reningen i Stockholms l\u00e4n","og_description":"Mag- och tarmf\u00f6reningen i Stockholms l\u00e4n \u00e4r en ideell intressef\u00f6rening f\u00f6r personer med mag- och tarmproblem.Det \u00f6vergripande m\u00e5let f\u00f6r v\u00e5r verksamhet \u00e4r att \u00e5terskapa livskvalitet f\u00f6r m\u00e4nniskor med mag- och tarmproblem s\u00e5 att de skall kunna leva ett liv som s\u00e5 lite som m\u00f6jligt begr\u00e4nsas av \u00e5komman. F\u00f6rbundet och l\u00e4nsf\u00f6reningarna arbetar tillsammans f\u00f6r att samh\u00e4llets st\u00f6d och insatser ska g\u00f6ra detta m\u00f6jligt.","og_url":"https:\/\/magotarm.se\/stockholms-lansforening\/","og_site_name":"Mag- och tarmf\u00f6reningen i Stockholms l\u00e4n","article_modified_time":"2025-10-02T09:48:37+00:00","twitter_card":"summary_large_image","schema":{"@context":"https:\/\/schema.org","@graph":[{"@type":"WebPage","@id":"https:\/\/magotarm.se\/stockholms-lansforening\/","url":"https:\/\/magotarm.se\/stockholms-lansforening\/","name":"Startsida - Mag- och tarmf\u00f6reningen i Stockholms l\u00e4n","isPartOf":{"@id":"https:\/\/magotarm.se\/stockholms-lansforening\/#website"},"datePublished":"2015-10-07T12:51:53+00:00","dateModified":"2025-10-02T09:48:37+00:00","description":"Mag- och tarmf\u00f6reningen i Stockholms l\u00e4n \u00e4r en ideell intressef\u00f6rening f\u00f6r personer med mag- och tarmproblem.Det \u00f6vergripande m\u00e5let f\u00f6r v\u00e5r verksamhet \u00e4r att \u00e5terskapa livskvalitet f\u00f6r m\u00e4nniskor med mag- och tarmproblem s\u00e5 att de skall kunna leva ett liv som s\u00e5 lite som m\u00f6jligt begr\u00e4nsas av \u00e5komman. F\u00f6rbundet och l\u00e4nsf\u00f6reningarna arbetar tillsammans f\u00f6r att samh\u00e4llets st\u00f6d och insatser ska g\u00f6ra detta m\u00f6jligt.","breadcrumb":{"@id":"https:\/\/magotarm.se\/stockholms-lansforening\/#breadcrumb"},"inLanguage":"sv-SE","potentialAction":[{"@type":"ReadAction","target":["https:\/\/magotarm.se\/stockholms-lansforening\/"]}]},{"@type":"BreadcrumbList","@id":"https:\/\/magotarm.se\/stockholms-lansforening\/#breadcrumb","itemListElement":[{"@type":"ListItem","position":1,"name":"Hem","item":"https:\/\/magotarm.se\/stockholms-lansforening\/"},{"@type":"ListItem","position":2,"name":"Startsida"}]},{"@type":"WebSite","@id":"https:\/\/magotarm.se\/stockholms-lansforening\/#website","url":"https:\/\/magotarm.se\/stockholms-lansforening\/","name":"Mag- och tarmf\u00f6reningen i Stockholms l\u00e4n","description":"En till Mag- och tarmf\u00f6rbundets Webbplatser webbplats","potentialAction":[{"@type":"SearchAction","target":{"@type":"EntryPoint","urlTemplate":"https:\/\/magotarm.se\/stockholms-lansforening\/?s={search_term_string}"},"query-input":{"@type":"PropertyValueSpecification","valueRequired":true,"valueName":"search_term_string"}}],"inLanguage":"sv-SE"}]}},"_links":{"self":[{"href":"https:\/\/magotarm.se\/stockholms-lansforening\/wp-json\/wp\/v2\/pages\/7","targetHints":{"allow":["GET"]}}],"collection":[{"href":"https:\/\/magotarm.se\/stockholms-lansforening\/wp-json\/wp\/v2\/pages"}],"about":[{"href":"https:\/\/magotarm.se\/stockholms-lansforening\/wp-json\/wp\/v2\/types\/page"}],"author":[{"embeddable":true,"href":"https:\/\/magotarm.se\/stockholms-lansforening\/wp-json\/wp\/v2\/users\/1"}],"replies":[{"embeddable":true,"href":"https:\/\/magotarm.se\/stockholms-lansforening\/wp-json\/wp\/v2\/comments?post=7"}],"version-history":[{"count":80,"href":"https:\/\/magotarm.se\/stockholms-lansforening\/wp-json\/wp\/v2\/pages\/7\/revisions"}],"predecessor-version":[{"id":1610,"href":"https:\/\/magotarm.se\/stockholms-lansforening\/wp-json\/wp\/v2\/pages\/7\/revisions\/1610"}],"wp:attachment":[{"href":"https:\/\/magotarm.se\/stockholms-lansforening\/wp-json\/wp\/v2\/media?parent=7"}],"curies":[{"name":"wp","href":"https:\/\/api.w.org\/{rel}","templated":true}]}}