{"id":63,"date":"2015-11-29T11:13:45","date_gmt":"2015-11-29T10:13:45","guid":{"rendered":"http:\/\/magotarm.se\/stockholms-lansforening\/?page_id=63"},"modified":"2024-04-12T10:45:30","modified_gmt":"2024-04-12T08:45:30","slug":"styrelsen","status":"publish","type":"page","link":"https:\/\/magotarm.se\/stockholms-lansforening\/om-oss\/styrelsen\/","title":{"rendered":"Styrelsen"},"content":{"rendered":"\n<p>L\u00e4nsf\u00f6reningens h\u00f6gsta beslutande organ \u00e4r \u00e5rsm\u00f6tet. Inom l\u00e4nsf\u00f6reningen till\u00e4mpas direkt demokrati, vilket inneb\u00e4r att samtliga medlemmar har r\u00e4tt att delta i l\u00e4nsf\u00f6reningens \u00e5rsm\u00f6te med alla de r\u00e4ttigheter som f\u00f6ljer av medlemskapet. Vid f\u00f6reningens \u00e5rsm\u00f6te utses styrelsen som ansvarar f\u00f6r organisation, f\u00f6rvaltning, ekonomi och strategisk inriktning av all verksamhet. Mellan \u00e5rsm\u00f6tena \u00e4r styrelsen f\u00f6reningens h\u00f6gsta beslutande instans.<\/p>\n","protected":false},"excerpt":{"rendered":"<p>L\u00e4nsf\u00f6reningens h\u00f6gsta beslutande organ \u00e4r \u00e5rsm\u00f6tet. Inom l\u00e4nsf\u00f6reningen till\u00e4mpas direkt demokrati, vilket inneb\u00e4r att samtliga medlemmar har r\u00e4tt att &#8230;<\/p>\n","protected":false},"author":24,"featured_media":1480,"parent":16,"menu_order":1,"comment_status":"closed","ping_status":"closed","template":"page-entrypage-with-ingress.php","meta":{"_acf_changed":false,"footnotes":"","_links_to":"","_links_to_target":""},"class_list":["post-63","page","type-page","status-publish","has-post-thumbnail","hentry","wp-sticky"],"acf":[],"yoast_head":"<!-- This site is optimized with the Yoast SEO plugin v27.5 - https:\/\/yoast.com\/product\/yoast-seo-wordpress\/ -->\n<title>Styrelsen - Mag- och tarmf\u00f6reningen i Stockholms l\u00e4n<\/title>\n<meta name=\"description\" content=\"styrelsen ansvarar f\u00f6r organisation, f\u00f6rvaltning, ekonomi och strategisk inriktning av all verksamhet. Mellan \u00e5rsm\u00f6tena \u00e4r styrelsen f\u00f6reningens h\u00f6gsta beslutande instans.\" \/>\n<meta name=\"robots\" content=\"index, follow, max-snippet:-1, max-image-preview:large, max-video-preview:-1\" \/>\n<link rel=\"canonical\" href=\"https:\/\/magotarm.se\/stockholms-lansforening\/om-oss\/styrelsen\/\" \/>\n<meta property=\"og:locale\" content=\"sv_SE\" \/>\n<meta property=\"og:type\" content=\"article\" \/>\n<meta property=\"og:title\" content=\"Styrelsen - Mag- och tarmf\u00f6reningen i Stockholms l\u00e4n\" \/>\n<meta property=\"og:description\" content=\"styrelsen ansvarar f\u00f6r organisation, f\u00f6rvaltning, ekonomi och strategisk inriktning av all verksamhet. Mellan \u00e5rsm\u00f6tena \u00e4r styrelsen f\u00f6reningens h\u00f6gsta beslutande instans.\" \/>\n<meta property=\"og:url\" content=\"https:\/\/magotarm.se\/stockholms-lansforening\/om-oss\/styrelsen\/\" \/>\n<meta property=\"og:site_name\" content=\"Mag- och tarmf\u00f6reningen i Stockholms l\u00e4n\" \/>\n<meta property=\"article:modified_time\" content=\"2024-04-12T08:45:30+00:00\" \/>\n<meta property=\"og:image\" content=\"https:\/\/magotarm.se\/stockholms-lansforening\/wp-content\/uploads\/sites\/19\/2024\/04\/grupp-scaled.jpeg\" \/>\n\t<meta property=\"og:image:width\" content=\"2560\" \/>\n\t<meta property=\"og:image:height\" content=\"1440\" \/>\n\t<meta property=\"og:image:type\" content=\"image\/jpeg\" \/>\n<meta name=\"twitter:card\" content=\"summary_large_image\" \/>\n<meta name=\"twitter:label1\" content=\"Ber\u00e4knad l\u00e4stid\" \/>\n\t<meta name=\"twitter:data1\" content=\"1 minut\" \/>\n<script type=\"application\/ld+json\" class=\"yoast-schema-graph\">{\"@context\":\"https:\\\/\\\/schema.org\",\"@graph\":[{\"@type\":\"WebPage\",\"@id\":\"https:\\\/\\\/magotarm.se\\\/stockholms-lansforening\\\/om-oss\\\/styrelsen\\\/\",\"url\":\"https:\\\/\\\/magotarm.se\\\/stockholms-lansforening\\\/om-oss\\\/styrelsen\\\/\",\"name\":\"Styrelsen - Mag- och tarmf\u00f6reningen i Stockholms l\u00e4n\",\"isPartOf\":{\"@id\":\"https:\\\/\\\/magotarm.se\\\/stockholms-lansforening\\\/#website\"},\"primaryImageOfPage\":{\"@id\":\"https:\\\/\\\/magotarm.se\\\/stockholms-lansforening\\\/om-oss\\\/styrelsen\\\/#primaryimage\"},\"image\":{\"@id\":\"https:\\\/\\\/magotarm.se\\\/stockholms-lansforening\\\/om-oss\\\/styrelsen\\\/#primaryimage\"},\"thumbnailUrl\":\"https:\\\/\\\/magotarm.se\\\/stockholms-lansforening\\\/wp-content\\\/uploads\\\/sites\\\/19\\\/2024\\\/04\\\/grupp-scaled.jpeg\",\"datePublished\":\"2015-11-29T10:13:45+00:00\",\"dateModified\":\"2024-04-12T08:45:30+00:00\",\"description\":\"styrelsen ansvarar f\u00f6r organisation, f\u00f6rvaltning, ekonomi och strategisk inriktning av all verksamhet. Mellan \u00e5rsm\u00f6tena \u00e4r styrelsen f\u00f6reningens h\u00f6gsta beslutande instans.\",\"breadcrumb\":{\"@id\":\"https:\\\/\\\/magotarm.se\\\/stockholms-lansforening\\\/om-oss\\\/styrelsen\\\/#breadcrumb\"},\"inLanguage\":\"sv-SE\",\"potentialAction\":[{\"@type\":\"ReadAction\",\"target\":[\"https:\\\/\\\/magotarm.se\\\/stockholms-lansforening\\\/om-oss\\\/styrelsen\\\/\"]}]},{\"@type\":\"ImageObject\",\"inLanguage\":\"sv-SE\",\"@id\":\"https:\\\/\\\/magotarm.se\\\/stockholms-lansforening\\\/om-oss\\\/styrelsen\\\/#primaryimage\",\"url\":\"https:\\\/\\\/magotarm.se\\\/stockholms-lansforening\\\/wp-content\\\/uploads\\\/sites\\\/19\\\/2024\\\/04\\\/grupp-scaled.jpeg\",\"contentUrl\":\"https:\\\/\\\/magotarm.se\\\/stockholms-lansforening\\\/wp-content\\\/uploads\\\/sites\\\/19\\\/2024\\\/04\\\/grupp-scaled.jpeg\",\"width\":2560,\"height\":1440},{\"@type\":\"BreadcrumbList\",\"@id\":\"https:\\\/\\\/magotarm.se\\\/stockholms-lansforening\\\/om-oss\\\/styrelsen\\\/#breadcrumb\",\"itemListElement\":[{\"@type\":\"ListItem\",\"position\":1,\"name\":\"Hem\",\"item\":\"https:\\\/\\\/magotarm.se\\\/stockholms-lansforening\\\/\"},{\"@type\":\"ListItem\",\"position\":2,\"name\":\"Om oss\",\"item\":\"https:\\\/\\\/magotarm.se\\\/stockholms-lansforening\\\/om-oss\\\/\"},{\"@type\":\"ListItem\",\"position\":3,\"name\":\"Styrelsen\"}]},{\"@type\":\"WebSite\",\"@id\":\"https:\\\/\\\/magotarm.se\\\/stockholms-lansforening\\\/#website\",\"url\":\"https:\\\/\\\/magotarm.se\\\/stockholms-lansforening\\\/\",\"name\":\"Mag- och tarmf\u00f6reningen i Stockholms l\u00e4n\",\"description\":\"En till Mag- och tarmf\u00f6rbundets Webbplatser webbplats\",\"potentialAction\":[{\"@type\":\"SearchAction\",\"target\":{\"@type\":\"EntryPoint\",\"urlTemplate\":\"https:\\\/\\\/magotarm.se\\\/stockholms-lansforening\\\/?s={search_term_string}\"},\"query-input\":{\"@type\":\"PropertyValueSpecification\",\"valueRequired\":true,\"valueName\":\"search_term_string\"}}],\"inLanguage\":\"sv-SE\"}]}<\/script>\n<!-- \/ Yoast SEO plugin. -->","yoast_head_json":{"title":"Styrelsen - Mag- och tarmf\u00f6reningen i Stockholms l\u00e4n","description":"styrelsen ansvarar f\u00f6r organisation, f\u00f6rvaltning, ekonomi och strategisk inriktning av all verksamhet. Mellan \u00e5rsm\u00f6tena \u00e4r styrelsen f\u00f6reningens h\u00f6gsta beslutande instans.","robots":{"index":"index","follow":"follow","max-snippet":"max-snippet:-1","max-image-preview":"max-image-preview:large","max-video-preview":"max-video-preview:-1"},"canonical":"https:\/\/magotarm.se\/stockholms-lansforening\/om-oss\/styrelsen\/","og_locale":"sv_SE","og_type":"article","og_title":"Styrelsen - Mag- och tarmf\u00f6reningen i Stockholms l\u00e4n","og_description":"styrelsen ansvarar f\u00f6r organisation, f\u00f6rvaltning, ekonomi och strategisk inriktning av all verksamhet. Mellan \u00e5rsm\u00f6tena \u00e4r styrelsen f\u00f6reningens h\u00f6gsta beslutande instans.","og_url":"https:\/\/magotarm.se\/stockholms-lansforening\/om-oss\/styrelsen\/","og_site_name":"Mag- och tarmf\u00f6reningen i Stockholms l\u00e4n","article_modified_time":"2024-04-12T08:45:30+00:00","og_image":[{"width":2560,"height":1440,"url":"https:\/\/magotarm.se\/stockholms-lansforening\/wp-content\/uploads\/sites\/19\/2024\/04\/grupp-scaled.jpeg","type":"image\/jpeg"}],"twitter_card":"summary_large_image","twitter_misc":{"Ber\u00e4knad l\u00e4stid":"1 minut"},"schema":{"@context":"https:\/\/schema.org","@graph":[{"@type":"WebPage","@id":"https:\/\/magotarm.se\/stockholms-lansforening\/om-oss\/styrelsen\/","url":"https:\/\/magotarm.se\/stockholms-lansforening\/om-oss\/styrelsen\/","name":"Styrelsen - Mag- och tarmf\u00f6reningen i Stockholms l\u00e4n","isPartOf":{"@id":"https:\/\/magotarm.se\/stockholms-lansforening\/#website"},"primaryImageOfPage":{"@id":"https:\/\/magotarm.se\/stockholms-lansforening\/om-oss\/styrelsen\/#primaryimage"},"image":{"@id":"https:\/\/magotarm.se\/stockholms-lansforening\/om-oss\/styrelsen\/#primaryimage"},"thumbnailUrl":"https:\/\/magotarm.se\/stockholms-lansforening\/wp-content\/uploads\/sites\/19\/2024\/04\/grupp-scaled.jpeg","datePublished":"2015-11-29T10:13:45+00:00","dateModified":"2024-04-12T08:45:30+00:00","description":"styrelsen ansvarar f\u00f6r organisation, f\u00f6rvaltning, ekonomi och strategisk inriktning av all verksamhet. Mellan \u00e5rsm\u00f6tena \u00e4r styrelsen f\u00f6reningens h\u00f6gsta beslutande instans.","breadcrumb":{"@id":"https:\/\/magotarm.se\/stockholms-lansforening\/om-oss\/styrelsen\/#breadcrumb"},"inLanguage":"sv-SE","potentialAction":[{"@type":"ReadAction","target":["https:\/\/magotarm.se\/stockholms-lansforening\/om-oss\/styrelsen\/"]}]},{"@type":"ImageObject","inLanguage":"sv-SE","@id":"https:\/\/magotarm.se\/stockholms-lansforening\/om-oss\/styrelsen\/#primaryimage","url":"https:\/\/magotarm.se\/stockholms-lansforening\/wp-content\/uploads\/sites\/19\/2024\/04\/grupp-scaled.jpeg","contentUrl":"https:\/\/magotarm.se\/stockholms-lansforening\/wp-content\/uploads\/sites\/19\/2024\/04\/grupp-scaled.jpeg","width":2560,"height":1440},{"@type":"BreadcrumbList","@id":"https:\/\/magotarm.se\/stockholms-lansforening\/om-oss\/styrelsen\/#breadcrumb","itemListElement":[{"@type":"ListItem","position":1,"name":"Hem","item":"https:\/\/magotarm.se\/stockholms-lansforening\/"},{"@type":"ListItem","position":2,"name":"Om oss","item":"https:\/\/magotarm.se\/stockholms-lansforening\/om-oss\/"},{"@type":"ListItem","position":3,"name":"Styrelsen"}]},{"@type":"WebSite","@id":"https:\/\/magotarm.se\/stockholms-lansforening\/#website","url":"https:\/\/magotarm.se\/stockholms-lansforening\/","name":"Mag- och tarmf\u00f6reningen i Stockholms l\u00e4n","description":"En till Mag- och tarmf\u00f6rbundets Webbplatser webbplats","potentialAction":[{"@type":"SearchAction","target":{"@type":"EntryPoint","urlTemplate":"https:\/\/magotarm.se\/stockholms-lansforening\/?s={search_term_string}"},"query-input":{"@type":"PropertyValueSpecification","valueRequired":true,"valueName":"search_term_string"}}],"inLanguage":"sv-SE"}]}},"_links":{"self":[{"href":"https:\/\/magotarm.se\/stockholms-lansforening\/wp-json\/wp\/v2\/pages\/63","targetHints":{"allow":["GET"]}}],"collection":[{"href":"https:\/\/magotarm.se\/stockholms-lansforening\/wp-json\/wp\/v2\/pages"}],"about":[{"href":"https:\/\/magotarm.se\/stockholms-lansforening\/wp-json\/wp\/v2\/types\/page"}],"author":[{"embeddable":true,"href":"https:\/\/magotarm.se\/stockholms-lansforening\/wp-json\/wp\/v2\/users\/24"}],"replies":[{"embeddable":true,"href":"https:\/\/magotarm.se\/stockholms-lansforening\/wp-json\/wp\/v2\/comments?post=63"}],"version-history":[{"count":3,"href":"https:\/\/magotarm.se\/stockholms-lansforening\/wp-json\/wp\/v2\/pages\/63\/revisions"}],"predecessor-version":[{"id":1194,"href":"https:\/\/magotarm.se\/stockholms-lansforening\/wp-json\/wp\/v2\/pages\/63\/revisions\/1194"}],"up":[{"embeddable":true,"href":"https:\/\/magotarm.se\/stockholms-lansforening\/wp-json\/wp\/v2\/pages\/16"}],"wp:featuredmedia":[{"embeddable":true,"href":"https:\/\/magotarm.se\/stockholms-lansforening\/wp-json\/wp\/v2\/media\/1480"}],"wp:attachment":[{"href":"https:\/\/magotarm.se\/stockholms-lansforening\/wp-json\/wp\/v2\/media?parent=63"}],"curies":[{"name":"wp","href":"https:\/\/api.w.org\/{rel}","templated":true}]}}