{"id":527,"date":"2017-11-29T11:17:18","date_gmt":"2017-11-29T10:17:18","guid":{"rendered":"http:\/\/magotarm.se\/stockholms-lansforening\/?page_id=527"},"modified":"2025-03-05T09:01:18","modified_gmt":"2025-03-05T08:01:18","slug":"527-2","status":"publish","type":"page","link":"https:\/\/magotarm.se\/stockholms-lansforening\/verksamhet\/kunskap\/527-2\/","title":{"rendered":"Diagnoser"},"content":{"rendered":"\n<p>Mag- och tarmf\u00f6reningen i Stockholms l\u00e4n \u00e4r inte en diagnosf\u00f6rening utan arbetar med ett flertal fr\u00e5gor som r\u00f6r matsm\u00e4ltningssystemet som organ. I organet kan det uppst\u00e5 problem, sjukdomar eller annat som \u00e4r en del av det vi arbetar med. <\/p>\n\n\n\n<p>Ibland h\u00e5ller vi kunskapsf\u00f6rel\u00e4singar inom omr\u00e5den som i sig kr\u00e4ver diagnosf\u00f6rklaring, ibland finns det specifika ekonomiska st\u00f6d att s\u00f6ka f\u00f6r att h\u00e5lla raka diagnosf\u00f6rel\u00e4sningar, annars f\u00f6rs\u00f6ker vi bredda och prata om sp\u00f6rsm\u00e5l som \u00e4r relevanta f\u00f6r flera personer oavsett diagnos. <\/p>\n\n\n\n<p>Oavsett ovan finns ett behov fr\u00e5n medlemmar, deras n\u00e4st\u00e5ende och andra intresserade, att veta mer om specifika diagnoser. Vi har d\u00e4rf\u00f6r valt att h\u00e4nvisa till till externa webbplatser som har information baserat p\u00e5 vetenskap samt sj\u00e4lva ser till att uppr\u00e4tth\u00e5lla aktuell och korrekt information. Vill du se den information som v\u00e5rt rikst\u00e4ckande f\u00f6rbund erbjuder g\u00f6r du det via f\u00f6ljande l\u00e4nk; <br><a href=\"https:\/\/magotarm.se\/vad-vi-gor\/diagnoser\/\" target=\"_blank\" rel=\"noreferrer noopener\">Mag- och tarmf\u00f6rbundet &#8211; Diagnoser<\/a> <\/p>\n\n\n\n<figure class=\"wp-block-table alignleft is-style-regular\"><table class=\"has-light-green-cyan-background-color has-background\"><tbody><tr><td><strong>1177.se<\/strong><\/td><td class=\"has-text-align-left\" data-align=\"left\"><strong>internetmedicin.se<\/strong><\/td><\/tr><tr><td><a href=\"https:\/\/www.1177.se\/Stockholm\/sjukdomar--besvar\/mage-och-tarm\/tarmsjukdomar\/crohns-sjukdom\/\" target=\"_blank\" rel=\"noreferrer noopener\">Crohns sjukdom<\/a> <a href=\"https:\/\/www.1177.se\/Stockholm\/sjukdomar--besvar\/mage-och-tarm\/tarmsjukdomar\/crohns-sjukdom\/\" target=\"_blank\" rel=\"noreferrer noopener\"><br><\/a><a href=\"https:\/\/www.1177.se\/Stockholm\/sjukdomar--besvar\/mage-och-tarm\/tarmsjukdomar\/ulceros-kolit\/\" target=\"_blank\" rel=\"noreferrer noopener\">Ulcer\u00f6s kolit<\/a> <a href=\"https:\/\/www.1177.se\/Stockholm\/sjukdomar--besvar\/mage-och-tarm\/tarmsjukdomar\/ulceros-kolit\/\" target=\"_blank\" rel=\"noreferrer noopener\"><br><\/a><a href=\"https:\/\/www.1177.se\/Stockholm\/sjukdomar--besvar\/mage-och-tarm\/tarmbesvar\/ibs--kanslig-tarm\/\">IBS<\/a><br><a href=\"https:\/\/www.1177.se\/Stockholm\/sjukdomar--besvar\/cancer\/cancerformer\/tjocktarmscancer-och-andtarmscancer\/\" target=\"_blank\" rel=\"noreferrer noopener\">Tjock- och \u00e4ndtarmscancer<\/a><br><a href=\"https:\/\/www.1177.se\/Stockholm\/sjukdomar--besvar\/cancer\/cancerformer\/tunntarmscancer\/\" target=\"_blank\" rel=\"noreferrer noopener\">Tunntarmscancer<\/a><br><a href=\"https:\/\/www.1177.se\/Stockholm\/fragor--svar\/nationellt\/sjukdomar--besvar\/vad-ar-esofagusatresi\/\" target=\"_blank\" rel=\"noreferrer noopener\">Esofagusatresi<\/a><a href=\"https:\/\/www.1177.se\/Stockholm\/sjukdomar--besvar\/mage-och-tarm\/tarmbesvar\/ibs--kanslig-tarm\/\"><br><\/a><a href=\"https:\/\/www.1177.se\/Stockholm\/sjukdomar--besvar\/mage-och-tarm\/diarre-forstoppning-och-blod-i-avforingen\/forstoppning\/\" target=\"_blank\" rel=\"noreferrer noopener\">F\u00f6rstoppning<\/a><br><a href=\"https:\/\/www.1177.se\/Stockholm\/sjukdomar--besvar\/mage-och-tarm\/andtarmsoppning\/avforingsinkontinens\/\" target=\"_blank\" rel=\"noreferrer noopener\">Analinkontinens<\/a><br><a href=\"https:\/\/www.1177.se\/Stockholm\/sjukdomar--besvar\/mage-och-tarm\/tarmbesvar\/inflammerade-tarmfickor\/\">Divertikulit<\/a><br><a href=\"https:\/\/www.1177.se\/Stockholm\/sjukdomar--besvar\/mage-och-tarm\/magsack-och-matstrupe\/halsbranna--magsaftsreflux\/\">Reflux<\/a><br><a href=\"https:\/\/www.1177.se\/Stockholm\/behandling--hjalpmedel\/operationer\/operationer-av-mage-och-tarmar\/stomi\/\" target=\"_blank\" rel=\"noreferrer noopener\">Stomi<\/a><br>  <\/td><td class=\"has-text-align-left\" data-align=\"left\"><a href=\"https:\/\/www.internetmedicin.se\/behandlingsoversikter\/kirurgi\/inflammatorisk-tarmsjukdom-ibd-kirurgisk-behandling\/\" target=\"_blank\" rel=\"noreferrer noopener\">Kirurgisk behandling vid IBD<\/a><br><a href=\"https:\/\/www.internetmedicin.se\/behandlingsoversikter\/kirurgi\/korttarmsyndrom-och-tarmsvikt\/\" target=\"_blank\" rel=\"noreferrer noopener\">Korttarmssyndrom och tarmsvikt<\/a><br><a href=\"https:\/\/www.internetmedicin.se\/behandlingsoversikter\/obesitas\/obesitas-kirurgi\/\" target=\"_blank\" rel=\"noreferrer noopener\">\u00d6verviktsopererade<\/a><br><a href=\"https:\/\/www.internetmedicin.se\/behandlingsoversikter\/gastroenterologi\/forstoppning-kronisk\/\" target=\"_blank\" rel=\"noreferrer noopener\">Kronisk f\u00f6rstoppning<\/a><br><a href=\"https:\/\/www.internetmedicin.se\/behandlingsoversikter\/gastroenterologi\/mikroskopisk-kolit\/\" target=\"_blank\" rel=\"noreferrer noopener\">Mikroskopisk kolit<\/a><br><a href=\"https:\/\/www.internetmedicin.se\/behandlingsoversikter\/kirurgi\/ileus-inklusive-slitsherniering\/\" target=\"_blank\" rel=\"noreferrer noopener\">Ileus\/Tarmvred<\/a><br><a href=\"https:\/\/www.internetmedicin.se\/behandlingsoversikter\/gastroenterologi\/enteral-dysmotilitet\/\" target=\"_blank\" rel=\"noreferrer noopener\">Enteral dysmotilitet<\/a><a href=\"https:\/\/www.internetmedicin.se\/behandlingsoversikter\/gastroenterologi\/enteral-dysmotilitet\/\"> och Pseudoobstruktion<\/a><br><a href=\"https:\/\/www.internetmedicin.se\/behandlingsoversikter\/kirurgi\/divertikulit\/\" target=\"_blank\" rel=\"noreferrer noopener\">Divertikulit<\/a><br><a href=\"https:\/\/www.internetmedicin.se\/behandlingsoversikter\/kirurgi\/kolonpolypos\/\" target=\"_blank\" rel=\"noreferrer noopener\">Familj\u00e4r polypos (FAP)<\/a><br><a href=\"http:\/\/Gastroesofageal refluxsjukdom (GERD)\" target=\"_blank\" rel=\"noreferrer noopener\">Reflux<\/a><br><a href=\"https:\/\/www.internetmedicin.se\/behandlingsoversikter\/onkologi\/gastrointestinal-stromacellstumor-gist\/\" target=\"_blank\" rel=\"noreferrer noopener\">GIST<\/a><\/td><\/tr><\/tbody><\/table><figcaption class=\"wp-element-caption\">Externa rekommenderade l\u00e4nkar<\/figcaption><\/figure>\n\n\n\n<p><br><\/p>\n","protected":false},"excerpt":{"rendered":"<p>Mag- och tarmf\u00f6reningen i Stockholms l\u00e4n \u00e4r inte en diagnosf\u00f6rening utan arbetar med ett flertal fr\u00e5gor som r\u00f6r matsm\u00e4ltningssystemet &#8230;<\/p>\n","protected":false},"author":24,"featured_media":1560,"parent":453,"menu_order":0,"comment_status":"closed","ping_status":"closed","template":"","meta":{"_acf_changed":false,"footnotes":"","_links_to":"","_links_to_target":""},"class_list":["post-527","page","type-page","status-publish","has-post-thumbnail","hentry","wp-sticky"],"acf":[],"yoast_head":"<!-- This site is optimized with the Yoast SEO plugin v27.5 - https:\/\/yoast.com\/product\/yoast-seo-wordpress\/ -->\n<title>Diagnoser - Mag- och tarmf\u00f6reningen i Stockholms l\u00e4n<\/title>\n<meta name=\"description\" content=\"Mag- och tarmf\u00f6reningen i Stockholms l\u00e4n arbetar med ett flertal fr\u00e5gor som r\u00f6r matsm\u00e4ltningssystemet som organ. I organet kan det uppst\u00e5 problem, sjukdomar eller annat som \u00e4r en del av det vi arbetar med. H\u00e4r listar vi diagnos- och tillst\u00e5ndsinformation fr\u00e5n 1177.se samt internmedicin.se\" \/>\n<meta name=\"robots\" content=\"index, follow, max-snippet:-1, max-image-preview:large, max-video-preview:-1\" \/>\n<link rel=\"canonical\" href=\"https:\/\/magotarm.se\/stockholms-lansforening\/verksamhet\/kunskap\/527-2\/\" \/>\n<meta property=\"og:locale\" content=\"sv_SE\" \/>\n<meta property=\"og:type\" content=\"article\" \/>\n<meta property=\"og:title\" content=\"Diagnoser - Mag- och tarmf\u00f6reningen i Stockholms l\u00e4n\" \/>\n<meta property=\"og:description\" content=\"Mag- och tarmf\u00f6reningen i Stockholms l\u00e4n arbetar med ett flertal fr\u00e5gor som r\u00f6r matsm\u00e4ltningssystemet som organ. I organet kan det uppst\u00e5 problem, sjukdomar eller annat som \u00e4r en del av det vi arbetar med. H\u00e4r listar vi diagnos- och tillst\u00e5ndsinformation fr\u00e5n 1177.se samt internmedicin.se\" \/>\n<meta property=\"og:url\" content=\"https:\/\/magotarm.se\/stockholms-lansforening\/verksamhet\/kunskap\/527-2\/\" \/>\n<meta property=\"og:site_name\" content=\"Mag- och tarmf\u00f6reningen i Stockholms l\u00e4n\" \/>\n<meta property=\"article:modified_time\" content=\"2025-03-05T08:01:18+00:00\" \/>\n<meta property=\"og:image\" content=\"https:\/\/magotarm.se\/stockholms-lansforening\/wp-content\/uploads\/sites\/19\/2025\/03\/Gemini_Generated_Image_wer85jwer85jwer8.jpeg\" \/>\n\t<meta property=\"og:image:width\" content=\"2048\" \/>\n\t<meta property=\"og:image:height\" content=\"2048\" \/>\n\t<meta property=\"og:image:type\" content=\"image\/jpeg\" \/>\n<meta name=\"twitter:card\" content=\"summary_large_image\" \/>\n<meta name=\"twitter:label1\" content=\"Ber\u00e4knad l\u00e4stid\" \/>\n\t<meta name=\"twitter:data1\" content=\"2 minuter\" \/>\n<script type=\"application\/ld+json\" class=\"yoast-schema-graph\">{\"@context\":\"https:\\\/\\\/schema.org\",\"@graph\":[{\"@type\":\"WebPage\",\"@id\":\"https:\\\/\\\/magotarm.se\\\/stockholms-lansforening\\\/verksamhet\\\/kunskap\\\/527-2\\\/\",\"url\":\"https:\\\/\\\/magotarm.se\\\/stockholms-lansforening\\\/verksamhet\\\/kunskap\\\/527-2\\\/\",\"name\":\"Diagnoser - Mag- och tarmf\u00f6reningen i Stockholms l\u00e4n\",\"isPartOf\":{\"@id\":\"https:\\\/\\\/magotarm.se\\\/stockholms-lansforening\\\/#website\"},\"primaryImageOfPage\":{\"@id\":\"https:\\\/\\\/magotarm.se\\\/stockholms-lansforening\\\/verksamhet\\\/kunskap\\\/527-2\\\/#primaryimage\"},\"image\":{\"@id\":\"https:\\\/\\\/magotarm.se\\\/stockholms-lansforening\\\/verksamhet\\\/kunskap\\\/527-2\\\/#primaryimage\"},\"thumbnailUrl\":\"https:\\\/\\\/magotarm.se\\\/stockholms-lansforening\\\/wp-content\\\/uploads\\\/sites\\\/19\\\/2025\\\/03\\\/Gemini_Generated_Image_wer85jwer85jwer8.jpeg\",\"datePublished\":\"2017-11-29T10:17:18+00:00\",\"dateModified\":\"2025-03-05T08:01:18+00:00\",\"description\":\"Mag- och tarmf\u00f6reningen i Stockholms l\u00e4n arbetar med ett flertal fr\u00e5gor som r\u00f6r matsm\u00e4ltningssystemet som organ. I organet kan det uppst\u00e5 problem, sjukdomar eller annat som \u00e4r en del av det vi arbetar med. H\u00e4r listar vi diagnos- och tillst\u00e5ndsinformation fr\u00e5n 1177.se samt internmedicin.se\",\"breadcrumb\":{\"@id\":\"https:\\\/\\\/magotarm.se\\\/stockholms-lansforening\\\/verksamhet\\\/kunskap\\\/527-2\\\/#breadcrumb\"},\"inLanguage\":\"sv-SE\",\"potentialAction\":[{\"@type\":\"ReadAction\",\"target\":[\"https:\\\/\\\/magotarm.se\\\/stockholms-lansforening\\\/verksamhet\\\/kunskap\\\/527-2\\\/\"]}]},{\"@type\":\"ImageObject\",\"inLanguage\":\"sv-SE\",\"@id\":\"https:\\\/\\\/magotarm.se\\\/stockholms-lansforening\\\/verksamhet\\\/kunskap\\\/527-2\\\/#primaryimage\",\"url\":\"https:\\\/\\\/magotarm.se\\\/stockholms-lansforening\\\/wp-content\\\/uploads\\\/sites\\\/19\\\/2025\\\/03\\\/Gemini_Generated_Image_wer85jwer85jwer8.jpeg\",\"contentUrl\":\"https:\\\/\\\/magotarm.se\\\/stockholms-lansforening\\\/wp-content\\\/uploads\\\/sites\\\/19\\\/2025\\\/03\\\/Gemini_Generated_Image_wer85jwer85jwer8.jpeg\",\"width\":2048,\"height\":2048},{\"@type\":\"BreadcrumbList\",\"@id\":\"https:\\\/\\\/magotarm.se\\\/stockholms-lansforening\\\/verksamhet\\\/kunskap\\\/527-2\\\/#breadcrumb\",\"itemListElement\":[{\"@type\":\"ListItem\",\"position\":1,\"name\":\"Hem\",\"item\":\"https:\\\/\\\/magotarm.se\\\/stockholms-lansforening\\\/\"},{\"@type\":\"ListItem\",\"position\":2,\"name\":\"Verksamhet\",\"item\":\"https:\\\/\\\/magotarm.se\\\/stockholms-lansforening\\\/verksamhet\\\/\"},{\"@type\":\"ListItem\",\"position\":3,\"name\":\"Kunskap\",\"item\":\"https:\\\/\\\/magotarm.se\\\/stockholms-lansforening\\\/verksamhet\\\/kunskap\\\/\"},{\"@type\":\"ListItem\",\"position\":4,\"name\":\"Diagnoser\"}]},{\"@type\":\"WebSite\",\"@id\":\"https:\\\/\\\/magotarm.se\\\/stockholms-lansforening\\\/#website\",\"url\":\"https:\\\/\\\/magotarm.se\\\/stockholms-lansforening\\\/\",\"name\":\"Mag- och tarmf\u00f6reningen i Stockholms l\u00e4n\",\"description\":\"En till Mag- och tarmf\u00f6rbundets Webbplatser webbplats\",\"potentialAction\":[{\"@type\":\"SearchAction\",\"target\":{\"@type\":\"EntryPoint\",\"urlTemplate\":\"https:\\\/\\\/magotarm.se\\\/stockholms-lansforening\\\/?s={search_term_string}\"},\"query-input\":{\"@type\":\"PropertyValueSpecification\",\"valueRequired\":true,\"valueName\":\"search_term_string\"}}],\"inLanguage\":\"sv-SE\"}]}<\/script>\n<!-- \/ Yoast SEO plugin. -->","yoast_head_json":{"title":"Diagnoser - Mag- och tarmf\u00f6reningen i Stockholms l\u00e4n","description":"Mag- och tarmf\u00f6reningen i Stockholms l\u00e4n arbetar med ett flertal fr\u00e5gor som r\u00f6r matsm\u00e4ltningssystemet som organ. I organet kan det uppst\u00e5 problem, sjukdomar eller annat som \u00e4r en del av det vi arbetar med. H\u00e4r listar vi diagnos- och tillst\u00e5ndsinformation fr\u00e5n 1177.se samt internmedicin.se","robots":{"index":"index","follow":"follow","max-snippet":"max-snippet:-1","max-image-preview":"max-image-preview:large","max-video-preview":"max-video-preview:-1"},"canonical":"https:\/\/magotarm.se\/stockholms-lansforening\/verksamhet\/kunskap\/527-2\/","og_locale":"sv_SE","og_type":"article","og_title":"Diagnoser - Mag- och tarmf\u00f6reningen i Stockholms l\u00e4n","og_description":"Mag- och tarmf\u00f6reningen i Stockholms l\u00e4n arbetar med ett flertal fr\u00e5gor som r\u00f6r matsm\u00e4ltningssystemet som organ. I organet kan det uppst\u00e5 problem, sjukdomar eller annat som \u00e4r en del av det vi arbetar med. H\u00e4r listar vi diagnos- och tillst\u00e5ndsinformation fr\u00e5n 1177.se samt internmedicin.se","og_url":"https:\/\/magotarm.se\/stockholms-lansforening\/verksamhet\/kunskap\/527-2\/","og_site_name":"Mag- och tarmf\u00f6reningen i Stockholms l\u00e4n","article_modified_time":"2025-03-05T08:01:18+00:00","og_image":[{"width":2048,"height":2048,"url":"https:\/\/magotarm.se\/stockholms-lansforening\/wp-content\/uploads\/sites\/19\/2025\/03\/Gemini_Generated_Image_wer85jwer85jwer8.jpeg","type":"image\/jpeg"}],"twitter_card":"summary_large_image","twitter_misc":{"Ber\u00e4knad l\u00e4stid":"2 minuter"},"schema":{"@context":"https:\/\/schema.org","@graph":[{"@type":"WebPage","@id":"https:\/\/magotarm.se\/stockholms-lansforening\/verksamhet\/kunskap\/527-2\/","url":"https:\/\/magotarm.se\/stockholms-lansforening\/verksamhet\/kunskap\/527-2\/","name":"Diagnoser - Mag- och tarmf\u00f6reningen i Stockholms l\u00e4n","isPartOf":{"@id":"https:\/\/magotarm.se\/stockholms-lansforening\/#website"},"primaryImageOfPage":{"@id":"https:\/\/magotarm.se\/stockholms-lansforening\/verksamhet\/kunskap\/527-2\/#primaryimage"},"image":{"@id":"https:\/\/magotarm.se\/stockholms-lansforening\/verksamhet\/kunskap\/527-2\/#primaryimage"},"thumbnailUrl":"https:\/\/magotarm.se\/stockholms-lansforening\/wp-content\/uploads\/sites\/19\/2025\/03\/Gemini_Generated_Image_wer85jwer85jwer8.jpeg","datePublished":"2017-11-29T10:17:18+00:00","dateModified":"2025-03-05T08:01:18+00:00","description":"Mag- och tarmf\u00f6reningen i Stockholms l\u00e4n arbetar med ett flertal fr\u00e5gor som r\u00f6r matsm\u00e4ltningssystemet som organ. I organet kan det uppst\u00e5 problem, sjukdomar eller annat som \u00e4r en del av det vi arbetar med. H\u00e4r listar vi diagnos- och tillst\u00e5ndsinformation fr\u00e5n 1177.se samt internmedicin.se","breadcrumb":{"@id":"https:\/\/magotarm.se\/stockholms-lansforening\/verksamhet\/kunskap\/527-2\/#breadcrumb"},"inLanguage":"sv-SE","potentialAction":[{"@type":"ReadAction","target":["https:\/\/magotarm.se\/stockholms-lansforening\/verksamhet\/kunskap\/527-2\/"]}]},{"@type":"ImageObject","inLanguage":"sv-SE","@id":"https:\/\/magotarm.se\/stockholms-lansforening\/verksamhet\/kunskap\/527-2\/#primaryimage","url":"https:\/\/magotarm.se\/stockholms-lansforening\/wp-content\/uploads\/sites\/19\/2025\/03\/Gemini_Generated_Image_wer85jwer85jwer8.jpeg","contentUrl":"https:\/\/magotarm.se\/stockholms-lansforening\/wp-content\/uploads\/sites\/19\/2025\/03\/Gemini_Generated_Image_wer85jwer85jwer8.jpeg","width":2048,"height":2048},{"@type":"BreadcrumbList","@id":"https:\/\/magotarm.se\/stockholms-lansforening\/verksamhet\/kunskap\/527-2\/#breadcrumb","itemListElement":[{"@type":"ListItem","position":1,"name":"Hem","item":"https:\/\/magotarm.se\/stockholms-lansforening\/"},{"@type":"ListItem","position":2,"name":"Verksamhet","item":"https:\/\/magotarm.se\/stockholms-lansforening\/verksamhet\/"},{"@type":"ListItem","position":3,"name":"Kunskap","item":"https:\/\/magotarm.se\/stockholms-lansforening\/verksamhet\/kunskap\/"},{"@type":"ListItem","position":4,"name":"Diagnoser"}]},{"@type":"WebSite","@id":"https:\/\/magotarm.se\/stockholms-lansforening\/#website","url":"https:\/\/magotarm.se\/stockholms-lansforening\/","name":"Mag- och tarmf\u00f6reningen i Stockholms l\u00e4n","description":"En till Mag- och tarmf\u00f6rbundets Webbplatser webbplats","potentialAction":[{"@type":"SearchAction","target":{"@type":"EntryPoint","urlTemplate":"https:\/\/magotarm.se\/stockholms-lansforening\/?s={search_term_string}"},"query-input":{"@type":"PropertyValueSpecification","valueRequired":true,"valueName":"search_term_string"}}],"inLanguage":"sv-SE"}]}},"_links":{"self":[{"href":"https:\/\/magotarm.se\/stockholms-lansforening\/wp-json\/wp\/v2\/pages\/527","targetHints":{"allow":["GET"]}}],"collection":[{"href":"https:\/\/magotarm.se\/stockholms-lansforening\/wp-json\/wp\/v2\/pages"}],"about":[{"href":"https:\/\/magotarm.se\/stockholms-lansforening\/wp-json\/wp\/v2\/types\/page"}],"author":[{"embeddable":true,"href":"https:\/\/magotarm.se\/stockholms-lansforening\/wp-json\/wp\/v2\/users\/24"}],"replies":[{"embeddable":true,"href":"https:\/\/magotarm.se\/stockholms-lansforening\/wp-json\/wp\/v2\/comments?post=527"}],"version-history":[{"count":12,"href":"https:\/\/magotarm.se\/stockholms-lansforening\/wp-json\/wp\/v2\/pages\/527\/revisions"}],"predecessor-version":[{"id":1429,"href":"https:\/\/magotarm.se\/stockholms-lansforening\/wp-json\/wp\/v2\/pages\/527\/revisions\/1429"}],"up":[{"embeddable":true,"href":"https:\/\/magotarm.se\/stockholms-lansforening\/wp-json\/wp\/v2\/pages\/453"}],"wp:featuredmedia":[{"embeddable":true,"href":"https:\/\/magotarm.se\/stockholms-lansforening\/wp-json\/wp\/v2\/media\/1560"}],"wp:attachment":[{"href":"https:\/\/magotarm.se\/stockholms-lansforening\/wp-json\/wp\/v2\/media?parent=527"}],"curies":[{"name":"wp","href":"https:\/\/api.w.org\/{rel}","templated":true}]}}