{"id":453,"date":"2017-04-28T12:46:26","date_gmt":"2017-04-28T10:46:26","guid":{"rendered":"http:\/\/magotarm.se\/stockholms-lansforening\/?page_id=453"},"modified":"2023-05-04T11:14:17","modified_gmt":"2023-05-04T09:14:17","slug":"kunskap","status":"publish","type":"page","link":"https:\/\/magotarm.se\/stockholms-lansforening\/verksamhet\/kunskap\/","title":{"rendered":"Kunskap"},"content":{"rendered":"\n<p><em>Mag- och tarmf\u00f6reningen i Stockholms l\u00e4n verkar f\u00f6r att sprida kunskap om mag- och tarmsjukdomar, b\u00e5de till sina medlemmar och till allm\u00e4nheten.<\/em><\/p>\n\n\n\n<p>Vi hanterar kunskapsfr\u00e5gor genom att samla in och granska relevant vetenskaplig forskning, riktlinjer och rekommendationer, samt genom att ge utbildning och information till medlemmar och allm\u00e4nheten. Vi samarbetar \u00e4ven med andra organisationer och experter inom omr\u00e5det f\u00f6r att f\u00e5 en bredare kunskapsbas  och f\u00f6r att f\u00e5 hj\u00e4lp att validera det som framkommer.<\/p>\n","protected":false},"excerpt":{"rendered":"<p>Mag- och tarmf\u00f6reningen i Stockholms l\u00e4n verkar f\u00f6r att sprida kunskap om mag- och tarmsjukdomar, b\u00e5de till sina medlemmar &#8230;<\/p>\n","protected":false},"author":24,"featured_media":1249,"parent":20,"menu_order":0,"comment_status":"closed","ping_status":"closed","template":"page-entrypage-with-ingress.php","meta":{"_acf_changed":false,"footnotes":"","_links_to":"","_links_to_target":""},"class_list":["post-453","page","type-page","status-publish","has-post-thumbnail","hentry","wp-sticky"],"acf":[],"yoast_head":"<!-- This site is optimized with the Yoast SEO plugin v27.5 - https:\/\/yoast.com\/product\/yoast-seo-wordpress\/ -->\n<title>Kunskap - Mag- och tarmf\u00f6reningen i Stockholms l\u00e4n<\/title>\n<meta name=\"description\" content=\"Mag- och tarmf\u00f6reningen i Stockholms l\u00e4n verkar f\u00f6r att sprida kunskap om mag- och tarmsjukdomar, b\u00e5de till sina medlemmar och till allm\u00e4nheten.\" \/>\n<meta name=\"robots\" content=\"index, follow, max-snippet:-1, max-image-preview:large, max-video-preview:-1\" \/>\n<link rel=\"canonical\" href=\"https:\/\/magotarm.se\/stockholms-lansforening\/verksamhet\/kunskap\/\" \/>\n<meta property=\"og:locale\" content=\"sv_SE\" \/>\n<meta property=\"og:type\" content=\"article\" \/>\n<meta property=\"og:title\" content=\"Kunskap - Mag- och tarmf\u00f6reningen i Stockholms l\u00e4n\" \/>\n<meta property=\"og:description\" content=\"Mag- och tarmf\u00f6reningen i Stockholms l\u00e4n verkar f\u00f6r att sprida kunskap om mag- och tarmsjukdomar, b\u00e5de till sina medlemmar och till allm\u00e4nheten.\" \/>\n<meta property=\"og:url\" content=\"https:\/\/magotarm.se\/stockholms-lansforening\/verksamhet\/kunskap\/\" \/>\n<meta property=\"og:site_name\" content=\"Mag- och tarmf\u00f6reningen i Stockholms l\u00e4n\" \/>\n<meta property=\"article:modified_time\" content=\"2023-05-04T09:14:17+00:00\" \/>\n<meta property=\"og:image\" content=\"https:\/\/magotarm.se\/stockholms-lansforening\/wp-content\/uploads\/sites\/19\/2023\/05\/DALL\u00b7E-2023-05-04-10.49.46-a-group-attending-a-lecture-about-digestive-system-in-pixel-art-style.png\" \/>\n\t<meta property=\"og:image:width\" content=\"1024\" \/>\n\t<meta property=\"og:image:height\" content=\"1024\" \/>\n\t<meta property=\"og:image:type\" content=\"image\/png\" \/>\n<meta name=\"twitter:card\" content=\"summary_large_image\" \/>\n<meta name=\"twitter:label1\" content=\"Ber\u00e4knad l\u00e4stid\" \/>\n\t<meta name=\"twitter:data1\" content=\"1 minut\" \/>\n<script type=\"application\/ld+json\" class=\"yoast-schema-graph\">{\"@context\":\"https:\\\/\\\/schema.org\",\"@graph\":[{\"@type\":\"WebPage\",\"@id\":\"https:\\\/\\\/magotarm.se\\\/stockholms-lansforening\\\/verksamhet\\\/kunskap\\\/\",\"url\":\"https:\\\/\\\/magotarm.se\\\/stockholms-lansforening\\\/verksamhet\\\/kunskap\\\/\",\"name\":\"Kunskap - Mag- och tarmf\u00f6reningen i Stockholms l\u00e4n\",\"isPartOf\":{\"@id\":\"https:\\\/\\\/magotarm.se\\\/stockholms-lansforening\\\/#website\"},\"primaryImageOfPage\":{\"@id\":\"https:\\\/\\\/magotarm.se\\\/stockholms-lansforening\\\/verksamhet\\\/kunskap\\\/#primaryimage\"},\"image\":{\"@id\":\"https:\\\/\\\/magotarm.se\\\/stockholms-lansforening\\\/verksamhet\\\/kunskap\\\/#primaryimage\"},\"thumbnailUrl\":\"https:\\\/\\\/magotarm.se\\\/stockholms-lansforening\\\/wp-content\\\/uploads\\\/sites\\\/19\\\/2023\\\/05\\\/DALL\u00b7E-2023-05-04-10.49.46-a-group-attending-a-lecture-about-digestive-system-in-pixel-art-style.png\",\"datePublished\":\"2017-04-28T10:46:26+00:00\",\"dateModified\":\"2023-05-04T09:14:17+00:00\",\"description\":\"Mag- och tarmf\u00f6reningen i Stockholms l\u00e4n verkar f\u00f6r att sprida kunskap om mag- och tarmsjukdomar, b\u00e5de till sina medlemmar och till allm\u00e4nheten.\",\"breadcrumb\":{\"@id\":\"https:\\\/\\\/magotarm.se\\\/stockholms-lansforening\\\/verksamhet\\\/kunskap\\\/#breadcrumb\"},\"inLanguage\":\"sv-SE\",\"potentialAction\":[{\"@type\":\"ReadAction\",\"target\":[\"https:\\\/\\\/magotarm.se\\\/stockholms-lansforening\\\/verksamhet\\\/kunskap\\\/\"]}]},{\"@type\":\"ImageObject\",\"inLanguage\":\"sv-SE\",\"@id\":\"https:\\\/\\\/magotarm.se\\\/stockholms-lansforening\\\/verksamhet\\\/kunskap\\\/#primaryimage\",\"url\":\"https:\\\/\\\/magotarm.se\\\/stockholms-lansforening\\\/wp-content\\\/uploads\\\/sites\\\/19\\\/2023\\\/05\\\/DALL\u00b7E-2023-05-04-10.49.46-a-group-attending-a-lecture-about-digestive-system-in-pixel-art-style.png\",\"contentUrl\":\"https:\\\/\\\/magotarm.se\\\/stockholms-lansforening\\\/wp-content\\\/uploads\\\/sites\\\/19\\\/2023\\\/05\\\/DALL\u00b7E-2023-05-04-10.49.46-a-group-attending-a-lecture-about-digestive-system-in-pixel-art-style.png\",\"width\":1024,\"height\":1024},{\"@type\":\"BreadcrumbList\",\"@id\":\"https:\\\/\\\/magotarm.se\\\/stockholms-lansforening\\\/verksamhet\\\/kunskap\\\/#breadcrumb\",\"itemListElement\":[{\"@type\":\"ListItem\",\"position\":1,\"name\":\"Hem\",\"item\":\"https:\\\/\\\/magotarm.se\\\/stockholms-lansforening\\\/\"},{\"@type\":\"ListItem\",\"position\":2,\"name\":\"Verksamhet\",\"item\":\"https:\\\/\\\/magotarm.se\\\/stockholms-lansforening\\\/verksamhet\\\/\"},{\"@type\":\"ListItem\",\"position\":3,\"name\":\"Kunskap\"}]},{\"@type\":\"WebSite\",\"@id\":\"https:\\\/\\\/magotarm.se\\\/stockholms-lansforening\\\/#website\",\"url\":\"https:\\\/\\\/magotarm.se\\\/stockholms-lansforening\\\/\",\"name\":\"Mag- och tarmf\u00f6reningen i Stockholms l\u00e4n\",\"description\":\"En till Mag- och tarmf\u00f6rbundets Webbplatser webbplats\",\"potentialAction\":[{\"@type\":\"SearchAction\",\"target\":{\"@type\":\"EntryPoint\",\"urlTemplate\":\"https:\\\/\\\/magotarm.se\\\/stockholms-lansforening\\\/?s={search_term_string}\"},\"query-input\":{\"@type\":\"PropertyValueSpecification\",\"valueRequired\":true,\"valueName\":\"search_term_string\"}}],\"inLanguage\":\"sv-SE\"}]}<\/script>\n<!-- \/ Yoast SEO plugin. -->","yoast_head_json":{"title":"Kunskap - Mag- och tarmf\u00f6reningen i Stockholms l\u00e4n","description":"Mag- och tarmf\u00f6reningen i Stockholms l\u00e4n verkar f\u00f6r att sprida kunskap om mag- och tarmsjukdomar, b\u00e5de till sina medlemmar och till allm\u00e4nheten.","robots":{"index":"index","follow":"follow","max-snippet":"max-snippet:-1","max-image-preview":"max-image-preview:large","max-video-preview":"max-video-preview:-1"},"canonical":"https:\/\/magotarm.se\/stockholms-lansforening\/verksamhet\/kunskap\/","og_locale":"sv_SE","og_type":"article","og_title":"Kunskap - Mag- och tarmf\u00f6reningen i Stockholms l\u00e4n","og_description":"Mag- och tarmf\u00f6reningen i Stockholms l\u00e4n verkar f\u00f6r att sprida kunskap om mag- och tarmsjukdomar, b\u00e5de till sina medlemmar och till allm\u00e4nheten.","og_url":"https:\/\/magotarm.se\/stockholms-lansforening\/verksamhet\/kunskap\/","og_site_name":"Mag- och tarmf\u00f6reningen i Stockholms l\u00e4n","article_modified_time":"2023-05-04T09:14:17+00:00","og_image":[{"width":1024,"height":1024,"url":"https:\/\/magotarm.se\/stockholms-lansforening\/wp-content\/uploads\/sites\/19\/2023\/05\/DALL\u00b7E-2023-05-04-10.49.46-a-group-attending-a-lecture-about-digestive-system-in-pixel-art-style.png","type":"image\/png"}],"twitter_card":"summary_large_image","twitter_misc":{"Ber\u00e4knad l\u00e4stid":"1 minut"},"schema":{"@context":"https:\/\/schema.org","@graph":[{"@type":"WebPage","@id":"https:\/\/magotarm.se\/stockholms-lansforening\/verksamhet\/kunskap\/","url":"https:\/\/magotarm.se\/stockholms-lansforening\/verksamhet\/kunskap\/","name":"Kunskap - Mag- och tarmf\u00f6reningen i Stockholms l\u00e4n","isPartOf":{"@id":"https:\/\/magotarm.se\/stockholms-lansforening\/#website"},"primaryImageOfPage":{"@id":"https:\/\/magotarm.se\/stockholms-lansforening\/verksamhet\/kunskap\/#primaryimage"},"image":{"@id":"https:\/\/magotarm.se\/stockholms-lansforening\/verksamhet\/kunskap\/#primaryimage"},"thumbnailUrl":"https:\/\/magotarm.se\/stockholms-lansforening\/wp-content\/uploads\/sites\/19\/2023\/05\/DALL\u00b7E-2023-05-04-10.49.46-a-group-attending-a-lecture-about-digestive-system-in-pixel-art-style.png","datePublished":"2017-04-28T10:46:26+00:00","dateModified":"2023-05-04T09:14:17+00:00","description":"Mag- och tarmf\u00f6reningen i Stockholms l\u00e4n verkar f\u00f6r att sprida kunskap om mag- och tarmsjukdomar, b\u00e5de till sina medlemmar och till allm\u00e4nheten.","breadcrumb":{"@id":"https:\/\/magotarm.se\/stockholms-lansforening\/verksamhet\/kunskap\/#breadcrumb"},"inLanguage":"sv-SE","potentialAction":[{"@type":"ReadAction","target":["https:\/\/magotarm.se\/stockholms-lansforening\/verksamhet\/kunskap\/"]}]},{"@type":"ImageObject","inLanguage":"sv-SE","@id":"https:\/\/magotarm.se\/stockholms-lansforening\/verksamhet\/kunskap\/#primaryimage","url":"https:\/\/magotarm.se\/stockholms-lansforening\/wp-content\/uploads\/sites\/19\/2023\/05\/DALL\u00b7E-2023-05-04-10.49.46-a-group-attending-a-lecture-about-digestive-system-in-pixel-art-style.png","contentUrl":"https:\/\/magotarm.se\/stockholms-lansforening\/wp-content\/uploads\/sites\/19\/2023\/05\/DALL\u00b7E-2023-05-04-10.49.46-a-group-attending-a-lecture-about-digestive-system-in-pixel-art-style.png","width":1024,"height":1024},{"@type":"BreadcrumbList","@id":"https:\/\/magotarm.se\/stockholms-lansforening\/verksamhet\/kunskap\/#breadcrumb","itemListElement":[{"@type":"ListItem","position":1,"name":"Hem","item":"https:\/\/magotarm.se\/stockholms-lansforening\/"},{"@type":"ListItem","position":2,"name":"Verksamhet","item":"https:\/\/magotarm.se\/stockholms-lansforening\/verksamhet\/"},{"@type":"ListItem","position":3,"name":"Kunskap"}]},{"@type":"WebSite","@id":"https:\/\/magotarm.se\/stockholms-lansforening\/#website","url":"https:\/\/magotarm.se\/stockholms-lansforening\/","name":"Mag- och tarmf\u00f6reningen i Stockholms l\u00e4n","description":"En till Mag- och tarmf\u00f6rbundets Webbplatser webbplats","potentialAction":[{"@type":"SearchAction","target":{"@type":"EntryPoint","urlTemplate":"https:\/\/magotarm.se\/stockholms-lansforening\/?s={search_term_string}"},"query-input":{"@type":"PropertyValueSpecification","valueRequired":true,"valueName":"search_term_string"}}],"inLanguage":"sv-SE"}]}},"_links":{"self":[{"href":"https:\/\/magotarm.se\/stockholms-lansforening\/wp-json\/wp\/v2\/pages\/453","targetHints":{"allow":["GET"]}}],"collection":[{"href":"https:\/\/magotarm.se\/stockholms-lansforening\/wp-json\/wp\/v2\/pages"}],"about":[{"href":"https:\/\/magotarm.se\/stockholms-lansforening\/wp-json\/wp\/v2\/types\/page"}],"author":[{"embeddable":true,"href":"https:\/\/magotarm.se\/stockholms-lansforening\/wp-json\/wp\/v2\/users\/24"}],"replies":[{"embeddable":true,"href":"https:\/\/magotarm.se\/stockholms-lansforening\/wp-json\/wp\/v2\/comments?post=453"}],"version-history":[{"count":4,"href":"https:\/\/magotarm.se\/stockholms-lansforening\/wp-json\/wp\/v2\/pages\/453\/revisions"}],"predecessor-version":[{"id":1260,"href":"https:\/\/magotarm.se\/stockholms-lansforening\/wp-json\/wp\/v2\/pages\/453\/revisions\/1260"}],"up":[{"embeddable":true,"href":"https:\/\/magotarm.se\/stockholms-lansforening\/wp-json\/wp\/v2\/pages\/20"}],"wp:featuredmedia":[{"embeddable":true,"href":"https:\/\/magotarm.se\/stockholms-lansforening\/wp-json\/wp\/v2\/media\/1249"}],"wp:attachment":[{"href":"https:\/\/magotarm.se\/stockholms-lansforening\/wp-json\/wp\/v2\/media?parent=453"}],"curies":[{"name":"wp","href":"https:\/\/api.w.org\/{rel}","templated":true}]}}