{"id":451,"date":"2017-04-28T12:46:04","date_gmt":"2017-04-28T10:46:04","guid":{"rendered":"http:\/\/magotarm.se\/stockholms-lansforening\/?page_id=451"},"modified":"2023-04-25T21:19:40","modified_gmt":"2023-04-25T19:19:40","slug":"intressepolitik","status":"publish","type":"page","link":"https:\/\/magotarm.se\/stockholms-lansforening\/verksamhet\/intressepolitik\/","title":{"rendered":"Intressepolitik"},"content":{"rendered":"\n<p>En av l\u00e4nsf\u00f6reningens viktigaste uppgifter \u00e4r att bevaka och tillvarata medlemmarnas intressen gentemot beslutsfattare i region och kommun. Detta sker genom ett intensivt intressepolitiskt arbete som \u00e4r resurskr\u00e4vande men ocks\u00e5 v\u00e4ldigt givande och, f\u00f6r f\u00f6reningen, livsn\u00f6dv\u00e4ndigt. <\/p>\n\n\n\n<h2 class=\"wp-block-heading\">Vi samlar och f\u00f6rmedlar v\u00e5r syn<\/h2>\n\n\n\n<p>F\u00f6reningen har en aktiv och givande dialog med sjukhuspersonal, b\u00e5de klinisk och strategiskt arbetande, l\u00e4kemedelsf\u00f6retag, andra funktionshinder organisationer, Mag- och tarmf\u00f6rbundet samt tj\u00e4nstepersoner inom region Stockholm. <\/p>\n\n\n\n<p>Inom regionen deltar vi samverkansr\u00e5d inom ett flertal omr\u00e5den som Patient- och n\u00e4rst\u00e5ender\u00e5d till Regionalt Cancercentrum Stockholm-Gotland, Region Stockholms L\u00e4kemedelskommittes brukarr\u00e5d, R\u00e5d f\u00f6r funktionshinderfr\u00e5gor via Funktionsr\u00e4tt Stockholms l\u00e4n och stad samt ett antal r\u00e5d inom olika terapiomr\u00e5det och samverkansgrupper med olika akt\u00f6rer som patientorganisationer och l\u00e4kemedelsf\u00f6retag. <\/p>\n\n\n\n<p>Vi \u00e4r \u00e4ven behj\u00e4lpliga v\u00e5rt f\u00f6rbund och tar ansvar f\u00f6r flera fr\u00e5gor, uppdrag och m\u00f6ten p\u00e5 nationell niv\u00e5 n\u00e4r behov f\u00f6r det finns. <\/p>\n\n\n\n<p>Vi tar l\u00f6pande emot f\u00f6rfr\u00e5gningar om samverkan. <\/p>\n","protected":false},"excerpt":{"rendered":"<p>En av l\u00e4nsf\u00f6reningens viktigaste uppgifter \u00e4r att bevaka och tillvarata medlemmarnas intressen gentemot beslutsfattare i region och kommun. Detta &#8230;<\/p>\n","protected":false},"author":24,"featured_media":1188,"parent":20,"menu_order":0,"comment_status":"closed","ping_status":"closed","template":"page-entrypage-with-ingress.php","meta":{"_acf_changed":false,"footnotes":"","_links_to":"","_links_to_target":""},"class_list":["post-451","page","type-page","status-publish","has-post-thumbnail","hentry","wp-sticky"],"acf":[],"yoast_head":"<!-- This site is optimized with the Yoast SEO plugin v27.5 - https:\/\/yoast.com\/product\/yoast-seo-wordpress\/ -->\n<title>Intressepolitik - Mag- och tarmf\u00f6reningen i Stockholms l\u00e4n<\/title>\n<meta name=\"description\" content=\"En av l\u00e4nsf\u00f6reningens viktigaste uppgifter \u00e4r att bevaka och tillvarata medlemmarnas intressen gentemot beslutsfattare i region och kommun. Detta sker genom ett intensivt intressepolitiskt arbete som \u00e4r resurskr\u00e4vande men ocks\u00e5 v\u00e4ldigt givande och, f\u00f6r f\u00f6reningen, livsn\u00f6dv\u00e4ndigt.\" \/>\n<meta name=\"robots\" content=\"index, follow, max-snippet:-1, max-image-preview:large, max-video-preview:-1\" \/>\n<link rel=\"canonical\" href=\"https:\/\/magotarm.se\/stockholms-lansforening\/verksamhet\/intressepolitik\/\" \/>\n<meta property=\"og:locale\" content=\"sv_SE\" \/>\n<meta property=\"og:type\" content=\"article\" \/>\n<meta property=\"og:title\" content=\"Intressepolitik - Mag- och tarmf\u00f6reningen i Stockholms l\u00e4n\" \/>\n<meta property=\"og:description\" content=\"En av l\u00e4nsf\u00f6reningens viktigaste uppgifter \u00e4r att bevaka och tillvarata medlemmarnas intressen gentemot beslutsfattare i region och kommun. Detta sker genom ett intensivt intressepolitiskt arbete som \u00e4r resurskr\u00e4vande men ocks\u00e5 v\u00e4ldigt givande och, f\u00f6r f\u00f6reningen, livsn\u00f6dv\u00e4ndigt.\" \/>\n<meta property=\"og:url\" content=\"https:\/\/magotarm.se\/stockholms-lansforening\/verksamhet\/intressepolitik\/\" \/>\n<meta property=\"og:site_name\" content=\"Mag- och tarmf\u00f6reningen i Stockholms l\u00e4n\" \/>\n<meta property=\"article:modified_time\" content=\"2023-04-25T19:19:40+00:00\" \/>\n<meta property=\"og:image\" content=\"https:\/\/magotarm.se\/stockholms-lansforening\/wp-content\/uploads\/sites\/19\/2023\/04\/DALL\u00b7E-2023-04-25-20.35.50-a-conference-room-with-a-doctor-explaining-different-diagnoses-for-a-group-of-attendees-in-pixel-art.png\" \/>\n\t<meta property=\"og:image:width\" content=\"1024\" \/>\n\t<meta property=\"og:image:height\" content=\"1024\" \/>\n\t<meta property=\"og:image:type\" content=\"image\/png\" \/>\n<meta name=\"twitter:card\" content=\"summary_large_image\" \/>\n<meta name=\"twitter:label1\" content=\"Ber\u00e4knad l\u00e4stid\" \/>\n\t<meta name=\"twitter:data1\" content=\"1 minut\" \/>\n<script type=\"application\/ld+json\" class=\"yoast-schema-graph\">{\"@context\":\"https:\\\/\\\/schema.org\",\"@graph\":[{\"@type\":\"WebPage\",\"@id\":\"https:\\\/\\\/magotarm.se\\\/stockholms-lansforening\\\/verksamhet\\\/intressepolitik\\\/\",\"url\":\"https:\\\/\\\/magotarm.se\\\/stockholms-lansforening\\\/verksamhet\\\/intressepolitik\\\/\",\"name\":\"Intressepolitik - Mag- och tarmf\u00f6reningen i Stockholms l\u00e4n\",\"isPartOf\":{\"@id\":\"https:\\\/\\\/magotarm.se\\\/stockholms-lansforening\\\/#website\"},\"primaryImageOfPage\":{\"@id\":\"https:\\\/\\\/magotarm.se\\\/stockholms-lansforening\\\/verksamhet\\\/intressepolitik\\\/#primaryimage\"},\"image\":{\"@id\":\"https:\\\/\\\/magotarm.se\\\/stockholms-lansforening\\\/verksamhet\\\/intressepolitik\\\/#primaryimage\"},\"thumbnailUrl\":\"https:\\\/\\\/magotarm.se\\\/stockholms-lansforening\\\/wp-content\\\/uploads\\\/sites\\\/19\\\/2023\\\/04\\\/DALL\u00b7E-2023-04-25-20.35.50-a-conference-room-with-a-doctor-explaining-different-diagnoses-for-a-group-of-attendees-in-pixel-art.png\",\"datePublished\":\"2017-04-28T10:46:04+00:00\",\"dateModified\":\"2023-04-25T19:19:40+00:00\",\"description\":\"En av l\u00e4nsf\u00f6reningens viktigaste uppgifter \u00e4r att bevaka och tillvarata medlemmarnas intressen gentemot beslutsfattare i region och kommun. Detta sker genom ett intensivt intressepolitiskt arbete som \u00e4r resurskr\u00e4vande men ocks\u00e5 v\u00e4ldigt givande och, f\u00f6r f\u00f6reningen, livsn\u00f6dv\u00e4ndigt.\",\"breadcrumb\":{\"@id\":\"https:\\\/\\\/magotarm.se\\\/stockholms-lansforening\\\/verksamhet\\\/intressepolitik\\\/#breadcrumb\"},\"inLanguage\":\"sv-SE\",\"potentialAction\":[{\"@type\":\"ReadAction\",\"target\":[\"https:\\\/\\\/magotarm.se\\\/stockholms-lansforening\\\/verksamhet\\\/intressepolitik\\\/\"]}]},{\"@type\":\"ImageObject\",\"inLanguage\":\"sv-SE\",\"@id\":\"https:\\\/\\\/magotarm.se\\\/stockholms-lansforening\\\/verksamhet\\\/intressepolitik\\\/#primaryimage\",\"url\":\"https:\\\/\\\/magotarm.se\\\/stockholms-lansforening\\\/wp-content\\\/uploads\\\/sites\\\/19\\\/2023\\\/04\\\/DALL\u00b7E-2023-04-25-20.35.50-a-conference-room-with-a-doctor-explaining-different-diagnoses-for-a-group-of-attendees-in-pixel-art.png\",\"contentUrl\":\"https:\\\/\\\/magotarm.se\\\/stockholms-lansforening\\\/wp-content\\\/uploads\\\/sites\\\/19\\\/2023\\\/04\\\/DALL\u00b7E-2023-04-25-20.35.50-a-conference-room-with-a-doctor-explaining-different-diagnoses-for-a-group-of-attendees-in-pixel-art.png\",\"width\":1024,\"height\":1024},{\"@type\":\"BreadcrumbList\",\"@id\":\"https:\\\/\\\/magotarm.se\\\/stockholms-lansforening\\\/verksamhet\\\/intressepolitik\\\/#breadcrumb\",\"itemListElement\":[{\"@type\":\"ListItem\",\"position\":1,\"name\":\"Hem\",\"item\":\"https:\\\/\\\/magotarm.se\\\/stockholms-lansforening\\\/\"},{\"@type\":\"ListItem\",\"position\":2,\"name\":\"Verksamhet\",\"item\":\"https:\\\/\\\/magotarm.se\\\/stockholms-lansforening\\\/verksamhet\\\/\"},{\"@type\":\"ListItem\",\"position\":3,\"name\":\"Intressepolitik\"}]},{\"@type\":\"WebSite\",\"@id\":\"https:\\\/\\\/magotarm.se\\\/stockholms-lansforening\\\/#website\",\"url\":\"https:\\\/\\\/magotarm.se\\\/stockholms-lansforening\\\/\",\"name\":\"Mag- och tarmf\u00f6reningen i Stockholms l\u00e4n\",\"description\":\"En till Mag- och tarmf\u00f6rbundets Webbplatser webbplats\",\"potentialAction\":[{\"@type\":\"SearchAction\",\"target\":{\"@type\":\"EntryPoint\",\"urlTemplate\":\"https:\\\/\\\/magotarm.se\\\/stockholms-lansforening\\\/?s={search_term_string}\"},\"query-input\":{\"@type\":\"PropertyValueSpecification\",\"valueRequired\":true,\"valueName\":\"search_term_string\"}}],\"inLanguage\":\"sv-SE\"}]}<\/script>\n<!-- \/ Yoast SEO plugin. -->","yoast_head_json":{"title":"Intressepolitik - Mag- och tarmf\u00f6reningen i Stockholms l\u00e4n","description":"En av l\u00e4nsf\u00f6reningens viktigaste uppgifter \u00e4r att bevaka och tillvarata medlemmarnas intressen gentemot beslutsfattare i region och kommun. Detta sker genom ett intensivt intressepolitiskt arbete som \u00e4r resurskr\u00e4vande men ocks\u00e5 v\u00e4ldigt givande och, f\u00f6r f\u00f6reningen, livsn\u00f6dv\u00e4ndigt.","robots":{"index":"index","follow":"follow","max-snippet":"max-snippet:-1","max-image-preview":"max-image-preview:large","max-video-preview":"max-video-preview:-1"},"canonical":"https:\/\/magotarm.se\/stockholms-lansforening\/verksamhet\/intressepolitik\/","og_locale":"sv_SE","og_type":"article","og_title":"Intressepolitik - Mag- och tarmf\u00f6reningen i Stockholms l\u00e4n","og_description":"En av l\u00e4nsf\u00f6reningens viktigaste uppgifter \u00e4r att bevaka och tillvarata medlemmarnas intressen gentemot beslutsfattare i region och kommun. Detta sker genom ett intensivt intressepolitiskt arbete som \u00e4r resurskr\u00e4vande men ocks\u00e5 v\u00e4ldigt givande och, f\u00f6r f\u00f6reningen, livsn\u00f6dv\u00e4ndigt.","og_url":"https:\/\/magotarm.se\/stockholms-lansforening\/verksamhet\/intressepolitik\/","og_site_name":"Mag- och tarmf\u00f6reningen i Stockholms l\u00e4n","article_modified_time":"2023-04-25T19:19:40+00:00","og_image":[{"width":1024,"height":1024,"url":"https:\/\/magotarm.se\/stockholms-lansforening\/wp-content\/uploads\/sites\/19\/2023\/04\/DALL\u00b7E-2023-04-25-20.35.50-a-conference-room-with-a-doctor-explaining-different-diagnoses-for-a-group-of-attendees-in-pixel-art.png","type":"image\/png"}],"twitter_card":"summary_large_image","twitter_misc":{"Ber\u00e4knad l\u00e4stid":"1 minut"},"schema":{"@context":"https:\/\/schema.org","@graph":[{"@type":"WebPage","@id":"https:\/\/magotarm.se\/stockholms-lansforening\/verksamhet\/intressepolitik\/","url":"https:\/\/magotarm.se\/stockholms-lansforening\/verksamhet\/intressepolitik\/","name":"Intressepolitik - Mag- och tarmf\u00f6reningen i Stockholms l\u00e4n","isPartOf":{"@id":"https:\/\/magotarm.se\/stockholms-lansforening\/#website"},"primaryImageOfPage":{"@id":"https:\/\/magotarm.se\/stockholms-lansforening\/verksamhet\/intressepolitik\/#primaryimage"},"image":{"@id":"https:\/\/magotarm.se\/stockholms-lansforening\/verksamhet\/intressepolitik\/#primaryimage"},"thumbnailUrl":"https:\/\/magotarm.se\/stockholms-lansforening\/wp-content\/uploads\/sites\/19\/2023\/04\/DALL\u00b7E-2023-04-25-20.35.50-a-conference-room-with-a-doctor-explaining-different-diagnoses-for-a-group-of-attendees-in-pixel-art.png","datePublished":"2017-04-28T10:46:04+00:00","dateModified":"2023-04-25T19:19:40+00:00","description":"En av l\u00e4nsf\u00f6reningens viktigaste uppgifter \u00e4r att bevaka och tillvarata medlemmarnas intressen gentemot beslutsfattare i region och kommun. Detta sker genom ett intensivt intressepolitiskt arbete som \u00e4r resurskr\u00e4vande men ocks\u00e5 v\u00e4ldigt givande och, f\u00f6r f\u00f6reningen, livsn\u00f6dv\u00e4ndigt.","breadcrumb":{"@id":"https:\/\/magotarm.se\/stockholms-lansforening\/verksamhet\/intressepolitik\/#breadcrumb"},"inLanguage":"sv-SE","potentialAction":[{"@type":"ReadAction","target":["https:\/\/magotarm.se\/stockholms-lansforening\/verksamhet\/intressepolitik\/"]}]},{"@type":"ImageObject","inLanguage":"sv-SE","@id":"https:\/\/magotarm.se\/stockholms-lansforening\/verksamhet\/intressepolitik\/#primaryimage","url":"https:\/\/magotarm.se\/stockholms-lansforening\/wp-content\/uploads\/sites\/19\/2023\/04\/DALL\u00b7E-2023-04-25-20.35.50-a-conference-room-with-a-doctor-explaining-different-diagnoses-for-a-group-of-attendees-in-pixel-art.png","contentUrl":"https:\/\/magotarm.se\/stockholms-lansforening\/wp-content\/uploads\/sites\/19\/2023\/04\/DALL\u00b7E-2023-04-25-20.35.50-a-conference-room-with-a-doctor-explaining-different-diagnoses-for-a-group-of-attendees-in-pixel-art.png","width":1024,"height":1024},{"@type":"BreadcrumbList","@id":"https:\/\/magotarm.se\/stockholms-lansforening\/verksamhet\/intressepolitik\/#breadcrumb","itemListElement":[{"@type":"ListItem","position":1,"name":"Hem","item":"https:\/\/magotarm.se\/stockholms-lansforening\/"},{"@type":"ListItem","position":2,"name":"Verksamhet","item":"https:\/\/magotarm.se\/stockholms-lansforening\/verksamhet\/"},{"@type":"ListItem","position":3,"name":"Intressepolitik"}]},{"@type":"WebSite","@id":"https:\/\/magotarm.se\/stockholms-lansforening\/#website","url":"https:\/\/magotarm.se\/stockholms-lansforening\/","name":"Mag- och tarmf\u00f6reningen i Stockholms l\u00e4n","description":"En till Mag- och tarmf\u00f6rbundets Webbplatser webbplats","potentialAction":[{"@type":"SearchAction","target":{"@type":"EntryPoint","urlTemplate":"https:\/\/magotarm.se\/stockholms-lansforening\/?s={search_term_string}"},"query-input":{"@type":"PropertyValueSpecification","valueRequired":true,"valueName":"search_term_string"}}],"inLanguage":"sv-SE"}]}},"_links":{"self":[{"href":"https:\/\/magotarm.se\/stockholms-lansforening\/wp-json\/wp\/v2\/pages\/451","targetHints":{"allow":["GET"]}}],"collection":[{"href":"https:\/\/magotarm.se\/stockholms-lansforening\/wp-json\/wp\/v2\/pages"}],"about":[{"href":"https:\/\/magotarm.se\/stockholms-lansforening\/wp-json\/wp\/v2\/types\/page"}],"author":[{"embeddable":true,"href":"https:\/\/magotarm.se\/stockholms-lansforening\/wp-json\/wp\/v2\/users\/24"}],"replies":[{"embeddable":true,"href":"https:\/\/magotarm.se\/stockholms-lansforening\/wp-json\/wp\/v2\/comments?post=451"}],"version-history":[{"count":6,"href":"https:\/\/magotarm.se\/stockholms-lansforening\/wp-json\/wp\/v2\/pages\/451\/revisions"}],"predecessor-version":[{"id":1192,"href":"https:\/\/magotarm.se\/stockholms-lansforening\/wp-json\/wp\/v2\/pages\/451\/revisions\/1192"}],"up":[{"embeddable":true,"href":"https:\/\/magotarm.se\/stockholms-lansforening\/wp-json\/wp\/v2\/pages\/20"}],"wp:featuredmedia":[{"embeddable":true,"href":"https:\/\/magotarm.se\/stockholms-lansforening\/wp-json\/wp\/v2\/media\/1188"}],"wp:attachment":[{"href":"https:\/\/magotarm.se\/stockholms-lansforening\/wp-json\/wp\/v2\/media?parent=451"}],"curies":[{"name":"wp","href":"https:\/\/api.w.org\/{rel}","templated":true}]}}