{"id":1433,"date":"2024-03-14T20:33:25","date_gmt":"2024-03-14T19:33:25","guid":{"rendered":"https:\/\/magotarm.se\/stockholms-lansforening\/?page_id=1433"},"modified":"2025-03-24T19:09:22","modified_gmt":"2025-03-24T18:09:22","slug":"christina-johansson","status":"publish","type":"page","link":"https:\/\/magotarm.se\/stockholms-lansforening\/om-oss\/styrelsen\/christina-johansson\/","title":{"rendered":"Christina Johansson"},"content":{"rendered":"\n<p>Christina \u00e4r auktoriserad redovisningskonsult och driver en redovisningsbyr\u00e5.\u00a0<br>Hon \u00e4r en erfaren f\u00f6reningsm\u00e4nniska och bist\u00e5r bland annat med n\u00e4rst\u00e5endeperspektiv fr\u00e5n flera olika besv\u00e4r.\u00a0<br>Hon vill l\u00e4ra sig mer och bidra till \u00f6kad f\u00f6rst\u00e5else i samh\u00e4llet f\u00f6r m\u00e4nniskor med mag- och tarmsjukdomar.<\/p>\n","protected":false},"excerpt":{"rendered":"<p>Christina \u00e4r auktoriserad redovisningskonsult och driver en redovisningsbyr\u00e5.\u00a0Hon \u00e4r en erfaren f\u00f6reningsm\u00e4nniska och bist\u00e5r bland annat med n\u00e4rst\u00e5endeperspektiv fr\u00e5n &#8230;<\/p>\n","protected":false},"author":24,"featured_media":1477,"parent":63,"menu_order":4,"comment_status":"closed","ping_status":"closed","template":"page-contact-person.php","meta":{"_acf_changed":false,"footnotes":"","_links_to":"","_links_to_target":""},"class_list":["post-1433","page","type-page","status-publish","has-post-thumbnail","hentry","wp-sticky"],"acf":[],"yoast_head":"<!-- This site is optimized with the Yoast SEO plugin v27.5 - https:\/\/yoast.com\/product\/yoast-seo-wordpress\/ -->\n<title>Christina Johansson - Mag- och tarmf\u00f6reningen i Stockholms l\u00e4n<\/title>\n<meta name=\"robots\" content=\"index, follow, max-snippet:-1, max-image-preview:large, max-video-preview:-1\" \/>\n<link rel=\"canonical\" href=\"https:\/\/magotarm.se\/stockholms-lansforening\/om-oss\/styrelsen\/christina-johansson\/\" \/>\n<meta property=\"og:locale\" content=\"sv_SE\" \/>\n<meta property=\"og:type\" content=\"article\" \/>\n<meta property=\"og:title\" content=\"Christina Johansson - Mag- och tarmf\u00f6reningen i Stockholms l\u00e4n\" \/>\n<meta property=\"og:description\" content=\"Christina \u00e4r auktoriserad redovisningskonsult och driver en redovisningsbyr\u00e5.\u00a0Hon \u00e4r en erfaren f\u00f6reningsm\u00e4nniska och bist\u00e5r bland annat med n\u00e4rst\u00e5endeperspektiv fr\u00e5n ...\" \/>\n<meta property=\"og:url\" content=\"https:\/\/magotarm.se\/stockholms-lansforening\/om-oss\/styrelsen\/christina-johansson\/\" \/>\n<meta property=\"og:site_name\" content=\"Mag- och tarmf\u00f6reningen i Stockholms l\u00e4n\" \/>\n<meta property=\"article:modified_time\" content=\"2025-03-24T18:09:22+00:00\" \/>\n<meta property=\"og:image\" content=\"https:\/\/magotarm.se\/stockholms-lansforening\/wp-content\/uploads\/sites\/19\/2024\/04\/IMG_4867-4-Edited-scaled.jpg\" \/>\n\t<meta property=\"og:image:width\" content=\"2048\" \/>\n\t<meta property=\"og:image:height\" content=\"2560\" \/>\n\t<meta property=\"og:image:type\" content=\"image\/jpeg\" \/>\n<meta name=\"twitter:card\" content=\"summary_large_image\" \/>\n<meta name=\"twitter:label1\" content=\"Ber\u00e4knad l\u00e4stid\" \/>\n\t<meta name=\"twitter:data1\" content=\"1 minut\" \/>\n<script type=\"application\/ld+json\" class=\"yoast-schema-graph\">{\"@context\":\"https:\\\/\\\/schema.org\",\"@graph\":[{\"@type\":\"WebPage\",\"@id\":\"https:\\\/\\\/magotarm.se\\\/stockholms-lansforening\\\/om-oss\\\/styrelsen\\\/christina-johansson\\\/\",\"url\":\"https:\\\/\\\/magotarm.se\\\/stockholms-lansforening\\\/om-oss\\\/styrelsen\\\/christina-johansson\\\/\",\"name\":\"Christina Johansson - Mag- och tarmf\u00f6reningen i Stockholms l\u00e4n\",\"isPartOf\":{\"@id\":\"https:\\\/\\\/magotarm.se\\\/stockholms-lansforening\\\/#website\"},\"primaryImageOfPage\":{\"@id\":\"https:\\\/\\\/magotarm.se\\\/stockholms-lansforening\\\/om-oss\\\/styrelsen\\\/christina-johansson\\\/#primaryimage\"},\"image\":{\"@id\":\"https:\\\/\\\/magotarm.se\\\/stockholms-lansforening\\\/om-oss\\\/styrelsen\\\/christina-johansson\\\/#primaryimage\"},\"thumbnailUrl\":\"https:\\\/\\\/magotarm.se\\\/stockholms-lansforening\\\/wp-content\\\/uploads\\\/sites\\\/19\\\/2024\\\/04\\\/IMG_4867-4-Edited-scaled.jpg\",\"datePublished\":\"2024-03-14T19:33:25+00:00\",\"dateModified\":\"2025-03-24T18:09:22+00:00\",\"breadcrumb\":{\"@id\":\"https:\\\/\\\/magotarm.se\\\/stockholms-lansforening\\\/om-oss\\\/styrelsen\\\/christina-johansson\\\/#breadcrumb\"},\"inLanguage\":\"sv-SE\",\"potentialAction\":[{\"@type\":\"ReadAction\",\"target\":[\"https:\\\/\\\/magotarm.se\\\/stockholms-lansforening\\\/om-oss\\\/styrelsen\\\/christina-johansson\\\/\"]}]},{\"@type\":\"ImageObject\",\"inLanguage\":\"sv-SE\",\"@id\":\"https:\\\/\\\/magotarm.se\\\/stockholms-lansforening\\\/om-oss\\\/styrelsen\\\/christina-johansson\\\/#primaryimage\",\"url\":\"https:\\\/\\\/magotarm.se\\\/stockholms-lansforening\\\/wp-content\\\/uploads\\\/sites\\\/19\\\/2024\\\/04\\\/IMG_4867-4-Edited-scaled.jpg\",\"contentUrl\":\"https:\\\/\\\/magotarm.se\\\/stockholms-lansforening\\\/wp-content\\\/uploads\\\/sites\\\/19\\\/2024\\\/04\\\/IMG_4867-4-Edited-scaled.jpg\",\"width\":2048,\"height\":2560},{\"@type\":\"BreadcrumbList\",\"@id\":\"https:\\\/\\\/magotarm.se\\\/stockholms-lansforening\\\/om-oss\\\/styrelsen\\\/christina-johansson\\\/#breadcrumb\",\"itemListElement\":[{\"@type\":\"ListItem\",\"position\":1,\"name\":\"Hem\",\"item\":\"https:\\\/\\\/magotarm.se\\\/stockholms-lansforening\\\/\"},{\"@type\":\"ListItem\",\"position\":2,\"name\":\"Om oss\",\"item\":\"https:\\\/\\\/magotarm.se\\\/stockholms-lansforening\\\/om-oss\\\/\"},{\"@type\":\"ListItem\",\"position\":3,\"name\":\"Styrelsen\",\"item\":\"https:\\\/\\\/magotarm.se\\\/stockholms-lansforening\\\/om-oss\\\/styrelsen\\\/\"},{\"@type\":\"ListItem\",\"position\":4,\"name\":\"Christina Johansson\"}]},{\"@type\":\"WebSite\",\"@id\":\"https:\\\/\\\/magotarm.se\\\/stockholms-lansforening\\\/#website\",\"url\":\"https:\\\/\\\/magotarm.se\\\/stockholms-lansforening\\\/\",\"name\":\"Mag- och tarmf\u00f6reningen i Stockholms l\u00e4n\",\"description\":\"En till Mag- och tarmf\u00f6rbundets Webbplatser webbplats\",\"potentialAction\":[{\"@type\":\"SearchAction\",\"target\":{\"@type\":\"EntryPoint\",\"urlTemplate\":\"https:\\\/\\\/magotarm.se\\\/stockholms-lansforening\\\/?s={search_term_string}\"},\"query-input\":{\"@type\":\"PropertyValueSpecification\",\"valueRequired\":true,\"valueName\":\"search_term_string\"}}],\"inLanguage\":\"sv-SE\"}]}<\/script>\n<!-- \/ Yoast SEO plugin. -->","yoast_head_json":{"title":"Christina Johansson - Mag- och tarmf\u00f6reningen i Stockholms l\u00e4n","robots":{"index":"index","follow":"follow","max-snippet":"max-snippet:-1","max-image-preview":"max-image-preview:large","max-video-preview":"max-video-preview:-1"},"canonical":"https:\/\/magotarm.se\/stockholms-lansforening\/om-oss\/styrelsen\/christina-johansson\/","og_locale":"sv_SE","og_type":"article","og_title":"Christina Johansson - Mag- och tarmf\u00f6reningen i Stockholms l\u00e4n","og_description":"Christina \u00e4r auktoriserad redovisningskonsult och driver en redovisningsbyr\u00e5.\u00a0Hon \u00e4r en erfaren f\u00f6reningsm\u00e4nniska och bist\u00e5r bland annat med n\u00e4rst\u00e5endeperspektiv fr\u00e5n ...","og_url":"https:\/\/magotarm.se\/stockholms-lansforening\/om-oss\/styrelsen\/christina-johansson\/","og_site_name":"Mag- och tarmf\u00f6reningen i Stockholms l\u00e4n","article_modified_time":"2025-03-24T18:09:22+00:00","og_image":[{"width":2048,"height":2560,"url":"https:\/\/magotarm.se\/stockholms-lansforening\/wp-content\/uploads\/sites\/19\/2024\/04\/IMG_4867-4-Edited-scaled.jpg","type":"image\/jpeg"}],"twitter_card":"summary_large_image","twitter_misc":{"Ber\u00e4knad l\u00e4stid":"1 minut"},"schema":{"@context":"https:\/\/schema.org","@graph":[{"@type":"WebPage","@id":"https:\/\/magotarm.se\/stockholms-lansforening\/om-oss\/styrelsen\/christina-johansson\/","url":"https:\/\/magotarm.se\/stockholms-lansforening\/om-oss\/styrelsen\/christina-johansson\/","name":"Christina Johansson - Mag- och tarmf\u00f6reningen i Stockholms l\u00e4n","isPartOf":{"@id":"https:\/\/magotarm.se\/stockholms-lansforening\/#website"},"primaryImageOfPage":{"@id":"https:\/\/magotarm.se\/stockholms-lansforening\/om-oss\/styrelsen\/christina-johansson\/#primaryimage"},"image":{"@id":"https:\/\/magotarm.se\/stockholms-lansforening\/om-oss\/styrelsen\/christina-johansson\/#primaryimage"},"thumbnailUrl":"https:\/\/magotarm.se\/stockholms-lansforening\/wp-content\/uploads\/sites\/19\/2024\/04\/IMG_4867-4-Edited-scaled.jpg","datePublished":"2024-03-14T19:33:25+00:00","dateModified":"2025-03-24T18:09:22+00:00","breadcrumb":{"@id":"https:\/\/magotarm.se\/stockholms-lansforening\/om-oss\/styrelsen\/christina-johansson\/#breadcrumb"},"inLanguage":"sv-SE","potentialAction":[{"@type":"ReadAction","target":["https:\/\/magotarm.se\/stockholms-lansforening\/om-oss\/styrelsen\/christina-johansson\/"]}]},{"@type":"ImageObject","inLanguage":"sv-SE","@id":"https:\/\/magotarm.se\/stockholms-lansforening\/om-oss\/styrelsen\/christina-johansson\/#primaryimage","url":"https:\/\/magotarm.se\/stockholms-lansforening\/wp-content\/uploads\/sites\/19\/2024\/04\/IMG_4867-4-Edited-scaled.jpg","contentUrl":"https:\/\/magotarm.se\/stockholms-lansforening\/wp-content\/uploads\/sites\/19\/2024\/04\/IMG_4867-4-Edited-scaled.jpg","width":2048,"height":2560},{"@type":"BreadcrumbList","@id":"https:\/\/magotarm.se\/stockholms-lansforening\/om-oss\/styrelsen\/christina-johansson\/#breadcrumb","itemListElement":[{"@type":"ListItem","position":1,"name":"Hem","item":"https:\/\/magotarm.se\/stockholms-lansforening\/"},{"@type":"ListItem","position":2,"name":"Om oss","item":"https:\/\/magotarm.se\/stockholms-lansforening\/om-oss\/"},{"@type":"ListItem","position":3,"name":"Styrelsen","item":"https:\/\/magotarm.se\/stockholms-lansforening\/om-oss\/styrelsen\/"},{"@type":"ListItem","position":4,"name":"Christina Johansson"}]},{"@type":"WebSite","@id":"https:\/\/magotarm.se\/stockholms-lansforening\/#website","url":"https:\/\/magotarm.se\/stockholms-lansforening\/","name":"Mag- och tarmf\u00f6reningen i Stockholms l\u00e4n","description":"En till Mag- och tarmf\u00f6rbundets Webbplatser webbplats","potentialAction":[{"@type":"SearchAction","target":{"@type":"EntryPoint","urlTemplate":"https:\/\/magotarm.se\/stockholms-lansforening\/?s={search_term_string}"},"query-input":{"@type":"PropertyValueSpecification","valueRequired":true,"valueName":"search_term_string"}}],"inLanguage":"sv-SE"}]}},"_links":{"self":[{"href":"https:\/\/magotarm.se\/stockholms-lansforening\/wp-json\/wp\/v2\/pages\/1433","targetHints":{"allow":["GET"]}}],"collection":[{"href":"https:\/\/magotarm.se\/stockholms-lansforening\/wp-json\/wp\/v2\/pages"}],"about":[{"href":"https:\/\/magotarm.se\/stockholms-lansforening\/wp-json\/wp\/v2\/types\/page"}],"author":[{"embeddable":true,"href":"https:\/\/magotarm.se\/stockholms-lansforening\/wp-json\/wp\/v2\/users\/24"}],"replies":[{"embeddable":true,"href":"https:\/\/magotarm.se\/stockholms-lansforening\/wp-json\/wp\/v2\/comments?post=1433"}],"version-history":[{"count":6,"href":"https:\/\/magotarm.se\/stockholms-lansforening\/wp-json\/wp\/v2\/pages\/1433\/revisions"}],"predecessor-version":[{"id":1500,"href":"https:\/\/magotarm.se\/stockholms-lansforening\/wp-json\/wp\/v2\/pages\/1433\/revisions\/1500"}],"up":[{"embeddable":true,"href":"https:\/\/magotarm.se\/stockholms-lansforening\/wp-json\/wp\/v2\/pages\/63"}],"wp:featuredmedia":[{"embeddable":true,"href":"https:\/\/magotarm.se\/stockholms-lansforening\/wp-json\/wp\/v2\/media\/1477"}],"wp:attachment":[{"href":"https:\/\/magotarm.se\/stockholms-lansforening\/wp-json\/wp\/v2\/media?parent=1433"}],"curies":[{"name":"wp","href":"https:\/\/api.w.org\/{rel}","templated":true}]}}