{"id":1156,"date":"2023-04-25T10:08:08","date_gmt":"2023-04-25T08:08:08","guid":{"rendered":"https:\/\/magotarm.se\/stockholms-lansforening\/?page_id=1156"},"modified":"2023-04-25T22:24:35","modified_gmt":"2023-04-25T20:24:35","slug":"medlemsmoten","status":"publish","type":"page","link":"https:\/\/magotarm.se\/stockholms-lansforening\/verksamhet\/gemenskap\/medlemsmoten\/","title":{"rendered":"Medlemsm\u00f6ten"},"content":{"rendered":"\n<p class=\"has-light-green-cyan-background-color has-background\">F\u00f6reningen erbjuder \u00e5rligen medlemsm\u00f6ten med olika teman och former. De annonseras i medlemsbladet och sprids vanligtvis ut under \u00e5ret. Till h\u00f6sten brukar det erbjudas ett dedikerat nymedlemsm\u00f6te f\u00f6r att prata mer grundl\u00e4ggande om f\u00f6reningen.<\/p>\n\n\n\n<p class=\"has-light-green-cyan-background-color has-background\">Medlemsm\u00f6ten varierar stort i antal deltagare fr\u00e5n g\u00e5ng till g\u00e5ng men \u00e4r en viktig del i f\u00f6reningens \u00f6vergripande arbete. En f\u00f6ruts\u00e4ttning f\u00f6r att driva p\u00e5verkansfr\u00e5gor \u00e4r att h\u00e4mta synvinklar och \u00e5sikter inom medlemsk\u00e5ren, ofta \u00e4r dessa tr\u00e4ffar ett utomordentligt tillf\u00e4lle att samtala kring dessa fr\u00e5gor.<\/p>\n","protected":false},"excerpt":{"rendered":"<p>F\u00f6reningen erbjuder \u00e5rligen medlemsm\u00f6ten med olika teman och former. De annonseras i medlemsbladet och sprids vanligtvis ut under \u00e5ret. &#8230;<\/p>\n","protected":false},"author":24,"featured_media":1209,"parent":449,"menu_order":2,"comment_status":"closed","ping_status":"closed","template":"","meta":{"_acf_changed":false,"footnotes":"","_links_to":"","_links_to_target":""},"class_list":["post-1156","page","type-page","status-publish","has-post-thumbnail","hentry","wp-sticky"],"acf":[],"yoast_head":"<!-- This site is optimized with the Yoast SEO plugin v27.5 - https:\/\/yoast.com\/product\/yoast-seo-wordpress\/ -->\n<title>Medlemsm\u00f6ten - Mag- och tarmf\u00f6reningen i Stockholms l\u00e4n<\/title>\n<meta name=\"description\" content=\"F\u00f6reningen erbjuder \u00e5rligen medlemsm\u00f6ten med olika teman och former. De annonseras i medlemsbladet och sprids vanligtvis ut under \u00e5ret.\" \/>\n<meta name=\"robots\" content=\"index, follow, max-snippet:-1, max-image-preview:large, max-video-preview:-1\" \/>\n<link rel=\"canonical\" href=\"https:\/\/magotarm.se\/stockholms-lansforening\/verksamhet\/gemenskap\/medlemsmoten\/\" \/>\n<meta property=\"og:locale\" content=\"sv_SE\" \/>\n<meta property=\"og:type\" content=\"article\" \/>\n<meta property=\"og:title\" content=\"Medlemsm\u00f6ten - Mag- och tarmf\u00f6reningen i Stockholms l\u00e4n\" \/>\n<meta property=\"og:description\" content=\"F\u00f6reningen erbjuder \u00e5rligen medlemsm\u00f6ten med olika teman och former. De annonseras i medlemsbladet och sprids vanligtvis ut under \u00e5ret.\" \/>\n<meta property=\"og:url\" content=\"https:\/\/magotarm.se\/stockholms-lansforening\/verksamhet\/gemenskap\/medlemsmoten\/\" \/>\n<meta property=\"og:site_name\" content=\"Mag- och tarmf\u00f6reningen i Stockholms l\u00e4n\" \/>\n<meta property=\"article:modified_time\" content=\"2023-04-25T20:24:35+00:00\" \/>\n<meta property=\"og:image\" content=\"https:\/\/magotarm.se\/stockholms-lansforening\/wp-content\/uploads\/sites\/19\/2023\/04\/DALL\u00b7E-2023-04-25-20.40.06-a-group-of-diverse-people-meeting-in-a-park-in-the-spring-in-pixel-art-style.png\" \/>\n\t<meta property=\"og:image:width\" content=\"1024\" \/>\n\t<meta property=\"og:image:height\" content=\"1024\" \/>\n\t<meta property=\"og:image:type\" content=\"image\/png\" \/>\n<meta name=\"twitter:card\" content=\"summary_large_image\" \/>\n<meta name=\"twitter:label1\" content=\"Ber\u00e4knad l\u00e4stid\" \/>\n\t<meta name=\"twitter:data1\" content=\"1 minut\" \/>\n<script type=\"application\/ld+json\" class=\"yoast-schema-graph\">{\"@context\":\"https:\\\/\\\/schema.org\",\"@graph\":[{\"@type\":\"WebPage\",\"@id\":\"https:\\\/\\\/magotarm.se\\\/stockholms-lansforening\\\/verksamhet\\\/gemenskap\\\/medlemsmoten\\\/\",\"url\":\"https:\\\/\\\/magotarm.se\\\/stockholms-lansforening\\\/verksamhet\\\/gemenskap\\\/medlemsmoten\\\/\",\"name\":\"Medlemsm\u00f6ten - Mag- och tarmf\u00f6reningen i Stockholms l\u00e4n\",\"isPartOf\":{\"@id\":\"https:\\\/\\\/magotarm.se\\\/stockholms-lansforening\\\/#website\"},\"primaryImageOfPage\":{\"@id\":\"https:\\\/\\\/magotarm.se\\\/stockholms-lansforening\\\/verksamhet\\\/gemenskap\\\/medlemsmoten\\\/#primaryimage\"},\"image\":{\"@id\":\"https:\\\/\\\/magotarm.se\\\/stockholms-lansforening\\\/verksamhet\\\/gemenskap\\\/medlemsmoten\\\/#primaryimage\"},\"thumbnailUrl\":\"https:\\\/\\\/magotarm.se\\\/stockholms-lansforening\\\/wp-content\\\/uploads\\\/sites\\\/19\\\/2023\\\/04\\\/DALL\u00b7E-2023-04-25-20.40.06-a-group-of-diverse-people-meeting-in-a-park-in-the-spring-in-pixel-art-style.png\",\"datePublished\":\"2023-04-25T08:08:08+00:00\",\"dateModified\":\"2023-04-25T20:24:35+00:00\",\"description\":\"F\u00f6reningen erbjuder \u00e5rligen medlemsm\u00f6ten med olika teman och former. De annonseras i medlemsbladet och sprids vanligtvis ut under \u00e5ret.\",\"breadcrumb\":{\"@id\":\"https:\\\/\\\/magotarm.se\\\/stockholms-lansforening\\\/verksamhet\\\/gemenskap\\\/medlemsmoten\\\/#breadcrumb\"},\"inLanguage\":\"sv-SE\",\"potentialAction\":[{\"@type\":\"ReadAction\",\"target\":[\"https:\\\/\\\/magotarm.se\\\/stockholms-lansforening\\\/verksamhet\\\/gemenskap\\\/medlemsmoten\\\/\"]}]},{\"@type\":\"ImageObject\",\"inLanguage\":\"sv-SE\",\"@id\":\"https:\\\/\\\/magotarm.se\\\/stockholms-lansforening\\\/verksamhet\\\/gemenskap\\\/medlemsmoten\\\/#primaryimage\",\"url\":\"https:\\\/\\\/magotarm.se\\\/stockholms-lansforening\\\/wp-content\\\/uploads\\\/sites\\\/19\\\/2023\\\/04\\\/DALL\u00b7E-2023-04-25-20.40.06-a-group-of-diverse-people-meeting-in-a-park-in-the-spring-in-pixel-art-style.png\",\"contentUrl\":\"https:\\\/\\\/magotarm.se\\\/stockholms-lansforening\\\/wp-content\\\/uploads\\\/sites\\\/19\\\/2023\\\/04\\\/DALL\u00b7E-2023-04-25-20.40.06-a-group-of-diverse-people-meeting-in-a-park-in-the-spring-in-pixel-art-style.png\",\"width\":1024,\"height\":1024},{\"@type\":\"BreadcrumbList\",\"@id\":\"https:\\\/\\\/magotarm.se\\\/stockholms-lansforening\\\/verksamhet\\\/gemenskap\\\/medlemsmoten\\\/#breadcrumb\",\"itemListElement\":[{\"@type\":\"ListItem\",\"position\":1,\"name\":\"Hem\",\"item\":\"https:\\\/\\\/magotarm.se\\\/stockholms-lansforening\\\/\"},{\"@type\":\"ListItem\",\"position\":2,\"name\":\"Verksamhet\",\"item\":\"https:\\\/\\\/magotarm.se\\\/stockholms-lansforening\\\/verksamhet\\\/\"},{\"@type\":\"ListItem\",\"position\":3,\"name\":\"Gemenskap\",\"item\":\"https:\\\/\\\/magotarm.se\\\/stockholms-lansforening\\\/verksamhet\\\/gemenskap\\\/\"},{\"@type\":\"ListItem\",\"position\":4,\"name\":\"Medlemsm\u00f6ten\"}]},{\"@type\":\"WebSite\",\"@id\":\"https:\\\/\\\/magotarm.se\\\/stockholms-lansforening\\\/#website\",\"url\":\"https:\\\/\\\/magotarm.se\\\/stockholms-lansforening\\\/\",\"name\":\"Mag- och tarmf\u00f6reningen i Stockholms l\u00e4n\",\"description\":\"En till Mag- och tarmf\u00f6rbundets Webbplatser webbplats\",\"potentialAction\":[{\"@type\":\"SearchAction\",\"target\":{\"@type\":\"EntryPoint\",\"urlTemplate\":\"https:\\\/\\\/magotarm.se\\\/stockholms-lansforening\\\/?s={search_term_string}\"},\"query-input\":{\"@type\":\"PropertyValueSpecification\",\"valueRequired\":true,\"valueName\":\"search_term_string\"}}],\"inLanguage\":\"sv-SE\"}]}<\/script>\n<!-- \/ Yoast SEO plugin. -->","yoast_head_json":{"title":"Medlemsm\u00f6ten - Mag- och tarmf\u00f6reningen i Stockholms l\u00e4n","description":"F\u00f6reningen erbjuder \u00e5rligen medlemsm\u00f6ten med olika teman och former. De annonseras i medlemsbladet och sprids vanligtvis ut under \u00e5ret.","robots":{"index":"index","follow":"follow","max-snippet":"max-snippet:-1","max-image-preview":"max-image-preview:large","max-video-preview":"max-video-preview:-1"},"canonical":"https:\/\/magotarm.se\/stockholms-lansforening\/verksamhet\/gemenskap\/medlemsmoten\/","og_locale":"sv_SE","og_type":"article","og_title":"Medlemsm\u00f6ten - Mag- och tarmf\u00f6reningen i Stockholms l\u00e4n","og_description":"F\u00f6reningen erbjuder \u00e5rligen medlemsm\u00f6ten med olika teman och former. De annonseras i medlemsbladet och sprids vanligtvis ut under \u00e5ret.","og_url":"https:\/\/magotarm.se\/stockholms-lansforening\/verksamhet\/gemenskap\/medlemsmoten\/","og_site_name":"Mag- och tarmf\u00f6reningen i Stockholms l\u00e4n","article_modified_time":"2023-04-25T20:24:35+00:00","og_image":[{"width":1024,"height":1024,"url":"https:\/\/magotarm.se\/stockholms-lansforening\/wp-content\/uploads\/sites\/19\/2023\/04\/DALL\u00b7E-2023-04-25-20.40.06-a-group-of-diverse-people-meeting-in-a-park-in-the-spring-in-pixel-art-style.png","type":"image\/png"}],"twitter_card":"summary_large_image","twitter_misc":{"Ber\u00e4knad l\u00e4stid":"1 minut"},"schema":{"@context":"https:\/\/schema.org","@graph":[{"@type":"WebPage","@id":"https:\/\/magotarm.se\/stockholms-lansforening\/verksamhet\/gemenskap\/medlemsmoten\/","url":"https:\/\/magotarm.se\/stockholms-lansforening\/verksamhet\/gemenskap\/medlemsmoten\/","name":"Medlemsm\u00f6ten - Mag- och tarmf\u00f6reningen i Stockholms l\u00e4n","isPartOf":{"@id":"https:\/\/magotarm.se\/stockholms-lansforening\/#website"},"primaryImageOfPage":{"@id":"https:\/\/magotarm.se\/stockholms-lansforening\/verksamhet\/gemenskap\/medlemsmoten\/#primaryimage"},"image":{"@id":"https:\/\/magotarm.se\/stockholms-lansforening\/verksamhet\/gemenskap\/medlemsmoten\/#primaryimage"},"thumbnailUrl":"https:\/\/magotarm.se\/stockholms-lansforening\/wp-content\/uploads\/sites\/19\/2023\/04\/DALL\u00b7E-2023-04-25-20.40.06-a-group-of-diverse-people-meeting-in-a-park-in-the-spring-in-pixel-art-style.png","datePublished":"2023-04-25T08:08:08+00:00","dateModified":"2023-04-25T20:24:35+00:00","description":"F\u00f6reningen erbjuder \u00e5rligen medlemsm\u00f6ten med olika teman och former. De annonseras i medlemsbladet och sprids vanligtvis ut under \u00e5ret.","breadcrumb":{"@id":"https:\/\/magotarm.se\/stockholms-lansforening\/verksamhet\/gemenskap\/medlemsmoten\/#breadcrumb"},"inLanguage":"sv-SE","potentialAction":[{"@type":"ReadAction","target":["https:\/\/magotarm.se\/stockholms-lansforening\/verksamhet\/gemenskap\/medlemsmoten\/"]}]},{"@type":"ImageObject","inLanguage":"sv-SE","@id":"https:\/\/magotarm.se\/stockholms-lansforening\/verksamhet\/gemenskap\/medlemsmoten\/#primaryimage","url":"https:\/\/magotarm.se\/stockholms-lansforening\/wp-content\/uploads\/sites\/19\/2023\/04\/DALL\u00b7E-2023-04-25-20.40.06-a-group-of-diverse-people-meeting-in-a-park-in-the-spring-in-pixel-art-style.png","contentUrl":"https:\/\/magotarm.se\/stockholms-lansforening\/wp-content\/uploads\/sites\/19\/2023\/04\/DALL\u00b7E-2023-04-25-20.40.06-a-group-of-diverse-people-meeting-in-a-park-in-the-spring-in-pixel-art-style.png","width":1024,"height":1024},{"@type":"BreadcrumbList","@id":"https:\/\/magotarm.se\/stockholms-lansforening\/verksamhet\/gemenskap\/medlemsmoten\/#breadcrumb","itemListElement":[{"@type":"ListItem","position":1,"name":"Hem","item":"https:\/\/magotarm.se\/stockholms-lansforening\/"},{"@type":"ListItem","position":2,"name":"Verksamhet","item":"https:\/\/magotarm.se\/stockholms-lansforening\/verksamhet\/"},{"@type":"ListItem","position":3,"name":"Gemenskap","item":"https:\/\/magotarm.se\/stockholms-lansforening\/verksamhet\/gemenskap\/"},{"@type":"ListItem","position":4,"name":"Medlemsm\u00f6ten"}]},{"@type":"WebSite","@id":"https:\/\/magotarm.se\/stockholms-lansforening\/#website","url":"https:\/\/magotarm.se\/stockholms-lansforening\/","name":"Mag- och tarmf\u00f6reningen i Stockholms l\u00e4n","description":"En till Mag- och tarmf\u00f6rbundets Webbplatser webbplats","potentialAction":[{"@type":"SearchAction","target":{"@type":"EntryPoint","urlTemplate":"https:\/\/magotarm.se\/stockholms-lansforening\/?s={search_term_string}"},"query-input":{"@type":"PropertyValueSpecification","valueRequired":true,"valueName":"search_term_string"}}],"inLanguage":"sv-SE"}]}},"_links":{"self":[{"href":"https:\/\/magotarm.se\/stockholms-lansforening\/wp-json\/wp\/v2\/pages\/1156","targetHints":{"allow":["GET"]}}],"collection":[{"href":"https:\/\/magotarm.se\/stockholms-lansforening\/wp-json\/wp\/v2\/pages"}],"about":[{"href":"https:\/\/magotarm.se\/stockholms-lansforening\/wp-json\/wp\/v2\/types\/page"}],"author":[{"embeddable":true,"href":"https:\/\/magotarm.se\/stockholms-lansforening\/wp-json\/wp\/v2\/users\/24"}],"replies":[{"embeddable":true,"href":"https:\/\/magotarm.se\/stockholms-lansforening\/wp-json\/wp\/v2\/comments?post=1156"}],"version-history":[{"count":2,"href":"https:\/\/magotarm.se\/stockholms-lansforening\/wp-json\/wp\/v2\/pages\/1156\/revisions"}],"predecessor-version":[{"id":1158,"href":"https:\/\/magotarm.se\/stockholms-lansforening\/wp-json\/wp\/v2\/pages\/1156\/revisions\/1158"}],"up":[{"embeddable":true,"href":"https:\/\/magotarm.se\/stockholms-lansforening\/wp-json\/wp\/v2\/pages\/449"}],"wp:featuredmedia":[{"embeddable":true,"href":"https:\/\/magotarm.se\/stockholms-lansforening\/wp-json\/wp\/v2\/media\/1209"}],"wp:attachment":[{"href":"https:\/\/magotarm.se\/stockholms-lansforening\/wp-json\/wp\/v2\/media?parent=1156"}],"curies":[{"name":"wp","href":"https:\/\/api.w.org\/{rel}","templated":true}]}}