{"id":1151,"date":"2023-04-24T12:35:22","date_gmt":"2023-04-24T10:35:22","guid":{"rendered":"https:\/\/magotarm.se\/stockholms-lansforening\/?page_id=1151"},"modified":"2025-12-03T20:08:31","modified_gmt":"2025-12-03T19:08:31","slug":"magstark","status":"publish","type":"page","link":"https:\/\/magotarm.se\/stockholms-lansforening\/verksamhet\/kunskap\/magstark\/","title":{"rendered":"Magstark!"},"content":{"rendered":"\n<blockquote class=\"wp-block-quote is-layout-flow wp-block-quote-is-layout-flow\">\n<p class=\"has-light-green-cyan-background-color has-background\"><em>en podcast fr\u00e5n oss<\/em><\/p>\n<\/blockquote>\n\n\n\n<p>Vi har startat en podcast som heter Magstark. Den handlar om fr\u00e5gor som \u00e4r relevanta i f\u00f6reningen och finns ute p\u00e5 s\u00e5 v\u00e4l <a href=\"https:\/\/open.spotify.com\/show\/1aULkXOviQLQiiGiuwPtng\" target=\"_blank\" rel=\"noreferrer noopener\">Spotify<\/a>, <a href=\"https:\/\/podcasts.apple.com\/us\/podcast\/magstark\/id1675042542\" target=\"_blank\" rel=\"noreferrer noopener\">Apple Podcaster<\/a> och <a href=\"http:\/\/www.youtube.com\/@magotarmsthlm\" target=\"_blank\" rel=\"noreferrer noopener\">YouTube<\/a>. L\u00e4nkar finns i plattformsnamnen samt utskrivna nedan.<\/p>\n\n\n\n<blockquote class=\"wp-block-quote is-layout-flow wp-block-quote-is-layout-flow\"><\/blockquote>\n\n\n\n<figure class=\"wp-block-embed is-type-rich is-provider-spotify wp-block-embed-spotify wp-embed-aspect-21-9 wp-has-aspect-ratio\"><div class=\"wp-block-embed__wrapper\">\n<iframe title=\"Spotify Embed: Egenv\u00e5rd - Tomas ber\u00e4ttelse\" style=\"border-radius: 12px\" width=\"100%\" height=\"152\" frameborder=\"0\" allowfullscreen allow=\"autoplay; clipboard-write; encrypted-media; fullscreen; picture-in-picture\" loading=\"lazy\" src=\"https:\/\/open.spotify.com\/embed\/episode\/10QXKu4LzKdhKaCdlLJS87?si=30813384ecaf4d92&#038;utm_source=oembed\"><\/iframe>\n<\/div><\/figure>\n\n\n\n<p class=\"has-black-color has-text-color has-link-color wp-elements-f76259b2372aef3861afd37db2ed7027\">H\u00f6r g\u00e4rna av dig om du har tankar, funderingar, tips eller helt enkelt vill vara med i ett avsnitt. Enklaste v\u00e4gen att n\u00e5 oss \u00e4r via epost. Vi \u00e4r redan i full g\u00e5ng med att spela in fler avsnitt. <\/p>\n\n\n\n<figure class=\"wp-block-table alignleft\"><table><tbody><tr><td>Spotify: <\/td><td><a href=\"https:\/\/open.spotify.com\/show\/1aULkXOviQLQiiGiuwPtng\" target=\"_blank\" rel=\"noreferrer noopener\">https:\/\/open.spotify.com\/show\/1aULkXOviQLQiiGiuwPtng<\/a><\/td><\/tr><tr><td>Apple Podcaster:<\/td><td><a href=\"https:\/\/podcasts.apple.com\/us\/podcast\/magstark\/id1675042542\" target=\"_blank\" rel=\"noreferrer noopener\">https:\/\/podcasts.apple.com\/us\/podcast\/magstark\/id1675042542<\/a><\/td><\/tr><tr><td>YouTube Podcast:<\/td><td><a href=\"https:\/\/www.youtube.com\/@magotarmsthlm\/podcasts\">https:\/\/www.youtube.com\/@magotarmsthlm\/podcasts<\/a><\/td><\/tr><\/tbody><\/table><\/figure>\n\n\n\n<p><\/p>\n","protected":false},"excerpt":{"rendered":"<p>en podcast fr\u00e5n oss Vi har startat en podcast som heter Magstark. Den handlar om fr\u00e5gor som \u00e4r relevanta &#8230;<\/p>\n","protected":false},"author":24,"featured_media":1060,"parent":453,"menu_order":2,"comment_status":"closed","ping_status":"closed","template":"","meta":{"_acf_changed":false,"footnotes":"","_links_to":"","_links_to_target":""},"class_list":["post-1151","page","type-page","status-publish","has-post-thumbnail","hentry","wp-sticky"],"acf":[],"yoast_head":"<!-- This site is optimized with the Yoast SEO plugin v27.4 - https:\/\/yoast.com\/product\/yoast-seo-wordpress\/ -->\n<title>Magstark! - Mag- och tarmf\u00f6reningen i Stockholms l\u00e4n<\/title>\n<meta name=\"description\" content=\"Vi har startat en podcast som heter Magstark. Den handlar om fr\u00e5gor som \u00e4r relevanta i f\u00f6reningen och finns ute p\u00e5 s\u00e5 v\u00e4l Spotify, Apple Podcaster och Google Podcasts. L\u00e4nkar finns i plattformsnamnet samt utskrivna nedan.\" \/>\n<meta name=\"robots\" content=\"index, follow, max-snippet:-1, max-image-preview:large, max-video-preview:-1\" \/>\n<link rel=\"canonical\" href=\"https:\/\/magotarm.se\/stockholms-lansforening\/verksamhet\/kunskap\/magstark\/\" \/>\n<meta property=\"og:locale\" content=\"sv_SE\" \/>\n<meta property=\"og:type\" content=\"article\" \/>\n<meta property=\"og:title\" content=\"Magstark! - Mag- och tarmf\u00f6reningen i Stockholms l\u00e4n\" \/>\n<meta property=\"og:description\" content=\"Vi har startat en podcast som heter Magstark. Den handlar om fr\u00e5gor som \u00e4r relevanta i f\u00f6reningen och finns ute p\u00e5 s\u00e5 v\u00e4l Spotify, Apple Podcaster och Google Podcasts. L\u00e4nkar finns i plattformsnamnet samt utskrivna nedan.\" \/>\n<meta property=\"og:url\" content=\"https:\/\/magotarm.se\/stockholms-lansforening\/verksamhet\/kunskap\/magstark\/\" \/>\n<meta property=\"og:site_name\" content=\"Mag- och tarmf\u00f6reningen i Stockholms l\u00e4n\" \/>\n<meta property=\"article:modified_time\" content=\"2025-12-03T19:08:31+00:00\" \/>\n<meta property=\"og:image\" content=\"https:\/\/magotarm.se\/stockholms-lansforening\/wp-content\/uploads\/sites\/19\/2023\/03\/34969892-1669988801035-78222691a7b1c.jpg\" \/>\n\t<meta property=\"og:image:width\" content=\"400\" \/>\n\t<meta property=\"og:image:height\" content=\"400\" \/>\n\t<meta property=\"og:image:type\" content=\"image\/jpeg\" \/>\n<meta name=\"twitter:card\" content=\"summary_large_image\" \/>\n<meta name=\"twitter:label1\" content=\"Ber\u00e4knad l\u00e4stid\" \/>\n\t<meta name=\"twitter:data1\" content=\"1 minut\" \/>\n<script type=\"application\/ld+json\" class=\"yoast-schema-graph\">{\"@context\":\"https:\\\/\\\/schema.org\",\"@graph\":[{\"@type\":\"WebPage\",\"@id\":\"https:\\\/\\\/magotarm.se\\\/stockholms-lansforening\\\/verksamhet\\\/kunskap\\\/magstark\\\/\",\"url\":\"https:\\\/\\\/magotarm.se\\\/stockholms-lansforening\\\/verksamhet\\\/kunskap\\\/magstark\\\/\",\"name\":\"Magstark! - Mag- och tarmf\u00f6reningen i Stockholms l\u00e4n\",\"isPartOf\":{\"@id\":\"https:\\\/\\\/magotarm.se\\\/stockholms-lansforening\\\/#website\"},\"primaryImageOfPage\":{\"@id\":\"https:\\\/\\\/magotarm.se\\\/stockholms-lansforening\\\/verksamhet\\\/kunskap\\\/magstark\\\/#primaryimage\"},\"image\":{\"@id\":\"https:\\\/\\\/magotarm.se\\\/stockholms-lansforening\\\/verksamhet\\\/kunskap\\\/magstark\\\/#primaryimage\"},\"thumbnailUrl\":\"https:\\\/\\\/magotarm.se\\\/stockholms-lansforening\\\/wp-content\\\/uploads\\\/sites\\\/19\\\/2023\\\/03\\\/34969892-1669988801035-78222691a7b1c.jpg\",\"datePublished\":\"2023-04-24T10:35:22+00:00\",\"dateModified\":\"2025-12-03T19:08:31+00:00\",\"description\":\"Vi har startat en podcast som heter Magstark. Den handlar om fr\u00e5gor som \u00e4r relevanta i f\u00f6reningen och finns ute p\u00e5 s\u00e5 v\u00e4l Spotify, Apple Podcaster och Google Podcasts. L\u00e4nkar finns i plattformsnamnet samt utskrivna nedan.\",\"breadcrumb\":{\"@id\":\"https:\\\/\\\/magotarm.se\\\/stockholms-lansforening\\\/verksamhet\\\/kunskap\\\/magstark\\\/#breadcrumb\"},\"inLanguage\":\"sv-SE\",\"potentialAction\":[{\"@type\":\"ReadAction\",\"target\":[\"https:\\\/\\\/magotarm.se\\\/stockholms-lansforening\\\/verksamhet\\\/kunskap\\\/magstark\\\/\"]}]},{\"@type\":\"ImageObject\",\"inLanguage\":\"sv-SE\",\"@id\":\"https:\\\/\\\/magotarm.se\\\/stockholms-lansforening\\\/verksamhet\\\/kunskap\\\/magstark\\\/#primaryimage\",\"url\":\"https:\\\/\\\/magotarm.se\\\/stockholms-lansforening\\\/wp-content\\\/uploads\\\/sites\\\/19\\\/2023\\\/03\\\/34969892-1669988801035-78222691a7b1c.jpg\",\"contentUrl\":\"https:\\\/\\\/magotarm.se\\\/stockholms-lansforening\\\/wp-content\\\/uploads\\\/sites\\\/19\\\/2023\\\/03\\\/34969892-1669988801035-78222691a7b1c.jpg\",\"width\":400,\"height\":400},{\"@type\":\"BreadcrumbList\",\"@id\":\"https:\\\/\\\/magotarm.se\\\/stockholms-lansforening\\\/verksamhet\\\/kunskap\\\/magstark\\\/#breadcrumb\",\"itemListElement\":[{\"@type\":\"ListItem\",\"position\":1,\"name\":\"Hem\",\"item\":\"https:\\\/\\\/magotarm.se\\\/stockholms-lansforening\\\/\"},{\"@type\":\"ListItem\",\"position\":2,\"name\":\"Verksamhet\",\"item\":\"https:\\\/\\\/magotarm.se\\\/stockholms-lansforening\\\/verksamhet\\\/\"},{\"@type\":\"ListItem\",\"position\":3,\"name\":\"Kunskap\",\"item\":\"https:\\\/\\\/magotarm.se\\\/stockholms-lansforening\\\/verksamhet\\\/kunskap\\\/\"},{\"@type\":\"ListItem\",\"position\":4,\"name\":\"Magstark!\"}]},{\"@type\":\"WebSite\",\"@id\":\"https:\\\/\\\/magotarm.se\\\/stockholms-lansforening\\\/#website\",\"url\":\"https:\\\/\\\/magotarm.se\\\/stockholms-lansforening\\\/\",\"name\":\"Mag- och tarmf\u00f6reningen i Stockholms l\u00e4n\",\"description\":\"En till Mag- och tarmf\u00f6rbundets Webbplatser webbplats\",\"potentialAction\":[{\"@type\":\"SearchAction\",\"target\":{\"@type\":\"EntryPoint\",\"urlTemplate\":\"https:\\\/\\\/magotarm.se\\\/stockholms-lansforening\\\/?s={search_term_string}\"},\"query-input\":{\"@type\":\"PropertyValueSpecification\",\"valueRequired\":true,\"valueName\":\"search_term_string\"}}],\"inLanguage\":\"sv-SE\"}]}<\/script>\n<!-- \/ Yoast SEO plugin. -->","yoast_head_json":{"title":"Magstark! - Mag- och tarmf\u00f6reningen i Stockholms l\u00e4n","description":"Vi har startat en podcast som heter Magstark. Den handlar om fr\u00e5gor som \u00e4r relevanta i f\u00f6reningen och finns ute p\u00e5 s\u00e5 v\u00e4l Spotify, Apple Podcaster och Google Podcasts. L\u00e4nkar finns i plattformsnamnet samt utskrivna nedan.","robots":{"index":"index","follow":"follow","max-snippet":"max-snippet:-1","max-image-preview":"max-image-preview:large","max-video-preview":"max-video-preview:-1"},"canonical":"https:\/\/magotarm.se\/stockholms-lansforening\/verksamhet\/kunskap\/magstark\/","og_locale":"sv_SE","og_type":"article","og_title":"Magstark! - Mag- och tarmf\u00f6reningen i Stockholms l\u00e4n","og_description":"Vi har startat en podcast som heter Magstark. Den handlar om fr\u00e5gor som \u00e4r relevanta i f\u00f6reningen och finns ute p\u00e5 s\u00e5 v\u00e4l Spotify, Apple Podcaster och Google Podcasts. L\u00e4nkar finns i plattformsnamnet samt utskrivna nedan.","og_url":"https:\/\/magotarm.se\/stockholms-lansforening\/verksamhet\/kunskap\/magstark\/","og_site_name":"Mag- och tarmf\u00f6reningen i Stockholms l\u00e4n","article_modified_time":"2025-12-03T19:08:31+00:00","og_image":[{"width":400,"height":400,"url":"https:\/\/magotarm.se\/stockholms-lansforening\/wp-content\/uploads\/sites\/19\/2023\/03\/34969892-1669988801035-78222691a7b1c.jpg","type":"image\/jpeg"}],"twitter_card":"summary_large_image","twitter_misc":{"Ber\u00e4knad l\u00e4stid":"1 minut"},"schema":{"@context":"https:\/\/schema.org","@graph":[{"@type":"WebPage","@id":"https:\/\/magotarm.se\/stockholms-lansforening\/verksamhet\/kunskap\/magstark\/","url":"https:\/\/magotarm.se\/stockholms-lansforening\/verksamhet\/kunskap\/magstark\/","name":"Magstark! - Mag- och tarmf\u00f6reningen i Stockholms l\u00e4n","isPartOf":{"@id":"https:\/\/magotarm.se\/stockholms-lansforening\/#website"},"primaryImageOfPage":{"@id":"https:\/\/magotarm.se\/stockholms-lansforening\/verksamhet\/kunskap\/magstark\/#primaryimage"},"image":{"@id":"https:\/\/magotarm.se\/stockholms-lansforening\/verksamhet\/kunskap\/magstark\/#primaryimage"},"thumbnailUrl":"https:\/\/magotarm.se\/stockholms-lansforening\/wp-content\/uploads\/sites\/19\/2023\/03\/34969892-1669988801035-78222691a7b1c.jpg","datePublished":"2023-04-24T10:35:22+00:00","dateModified":"2025-12-03T19:08:31+00:00","description":"Vi har startat en podcast som heter Magstark. Den handlar om fr\u00e5gor som \u00e4r relevanta i f\u00f6reningen och finns ute p\u00e5 s\u00e5 v\u00e4l Spotify, Apple Podcaster och Google Podcasts. L\u00e4nkar finns i plattformsnamnet samt utskrivna nedan.","breadcrumb":{"@id":"https:\/\/magotarm.se\/stockholms-lansforening\/verksamhet\/kunskap\/magstark\/#breadcrumb"},"inLanguage":"sv-SE","potentialAction":[{"@type":"ReadAction","target":["https:\/\/magotarm.se\/stockholms-lansforening\/verksamhet\/kunskap\/magstark\/"]}]},{"@type":"ImageObject","inLanguage":"sv-SE","@id":"https:\/\/magotarm.se\/stockholms-lansforening\/verksamhet\/kunskap\/magstark\/#primaryimage","url":"https:\/\/magotarm.se\/stockholms-lansforening\/wp-content\/uploads\/sites\/19\/2023\/03\/34969892-1669988801035-78222691a7b1c.jpg","contentUrl":"https:\/\/magotarm.se\/stockholms-lansforening\/wp-content\/uploads\/sites\/19\/2023\/03\/34969892-1669988801035-78222691a7b1c.jpg","width":400,"height":400},{"@type":"BreadcrumbList","@id":"https:\/\/magotarm.se\/stockholms-lansforening\/verksamhet\/kunskap\/magstark\/#breadcrumb","itemListElement":[{"@type":"ListItem","position":1,"name":"Hem","item":"https:\/\/magotarm.se\/stockholms-lansforening\/"},{"@type":"ListItem","position":2,"name":"Verksamhet","item":"https:\/\/magotarm.se\/stockholms-lansforening\/verksamhet\/"},{"@type":"ListItem","position":3,"name":"Kunskap","item":"https:\/\/magotarm.se\/stockholms-lansforening\/verksamhet\/kunskap\/"},{"@type":"ListItem","position":4,"name":"Magstark!"}]},{"@type":"WebSite","@id":"https:\/\/magotarm.se\/stockholms-lansforening\/#website","url":"https:\/\/magotarm.se\/stockholms-lansforening\/","name":"Mag- och tarmf\u00f6reningen i Stockholms l\u00e4n","description":"En till Mag- och tarmf\u00f6rbundets Webbplatser webbplats","potentialAction":[{"@type":"SearchAction","target":{"@type":"EntryPoint","urlTemplate":"https:\/\/magotarm.se\/stockholms-lansforening\/?s={search_term_string}"},"query-input":{"@type":"PropertyValueSpecification","valueRequired":true,"valueName":"search_term_string"}}],"inLanguage":"sv-SE"}]}},"_links":{"self":[{"href":"https:\/\/magotarm.se\/stockholms-lansforening\/wp-json\/wp\/v2\/pages\/1151","targetHints":{"allow":["GET"]}}],"collection":[{"href":"https:\/\/magotarm.se\/stockholms-lansforening\/wp-json\/wp\/v2\/pages"}],"about":[{"href":"https:\/\/magotarm.se\/stockholms-lansforening\/wp-json\/wp\/v2\/types\/page"}],"author":[{"embeddable":true,"href":"https:\/\/magotarm.se\/stockholms-lansforening\/wp-json\/wp\/v2\/users\/24"}],"replies":[{"embeddable":true,"href":"https:\/\/magotarm.se\/stockholms-lansforening\/wp-json\/wp\/v2\/comments?post=1151"}],"version-history":[{"count":14,"href":"https:\/\/magotarm.se\/stockholms-lansforening\/wp-json\/wp\/v2\/pages\/1151\/revisions"}],"predecessor-version":[{"id":1650,"href":"https:\/\/magotarm.se\/stockholms-lansforening\/wp-json\/wp\/v2\/pages\/1151\/revisions\/1650"}],"up":[{"embeddable":true,"href":"https:\/\/magotarm.se\/stockholms-lansforening\/wp-json\/wp\/v2\/pages\/453"}],"wp:featuredmedia":[{"embeddable":true,"href":"https:\/\/magotarm.se\/stockholms-lansforening\/wp-json\/wp\/v2\/media\/1060"}],"wp:attachment":[{"href":"https:\/\/magotarm.se\/stockholms-lansforening\/wp-json\/wp\/v2\/media?parent=1151"}],"curies":[{"name":"wp","href":"https:\/\/api.w.org\/{rel}","templated":true}]}}