{"id":1068,"date":"2023-03-17T09:11:37","date_gmt":"2023-03-17T08:11:37","guid":{"rendered":"https:\/\/magotarm.se\/stockholms-lansforening\/?page_id=1068"},"modified":"2024-04-12T10:43:15","modified_gmt":"2024-04-12T08:43:15","slug":"irma-bornhede","status":"publish","type":"page","link":"https:\/\/magotarm.se\/stockholms-lansforening\/om-oss\/styrelsen\/irma-bornhede\/","title":{"rendered":"Irma Bornhede"},"content":{"rendered":"\n<p>Irma \u00e4r en pensionerad civilingenj\u00f6r som nu har tid att jobba med n\u00e5got annat. Hon har erfarenhet av IBS-besv\u00e4r och vill l\u00e4ra sig mer om IBS och andra sjukdomar inom detta omr\u00e5de.<\/p>\n","protected":false},"excerpt":{"rendered":"<p>Irma \u00e4r en pensionerad civilingenj\u00f6r som nu har tid att jobba med n\u00e5got annat. Hon har erfarenhet av IBS-besv\u00e4r &#8230;<\/p>\n","protected":false},"author":24,"featured_media":1475,"parent":63,"menu_order":2,"comment_status":"closed","ping_status":"closed","template":"page-contact-person.php","meta":{"_acf_changed":false,"footnotes":"","_links_to":"","_links_to_target":""},"class_list":["post-1068","page","type-page","status-publish","has-post-thumbnail","hentry","wp-sticky"],"acf":[],"yoast_head":"<!-- This site is optimized with the Yoast SEO plugin v27.5 - https:\/\/yoast.com\/product\/yoast-seo-wordpress\/ -->\n<title>Irma Bornhede - Mag- och tarmf\u00f6reningen i Stockholms l\u00e4n<\/title>\n<meta name=\"robots\" content=\"index, follow, max-snippet:-1, max-image-preview:large, max-video-preview:-1\" \/>\n<link rel=\"canonical\" href=\"https:\/\/magotarm.se\/stockholms-lansforening\/om-oss\/styrelsen\/irma-bornhede\/\" \/>\n<meta property=\"og:locale\" content=\"sv_SE\" \/>\n<meta property=\"og:type\" content=\"article\" \/>\n<meta property=\"og:title\" content=\"Irma Bornhede - Mag- och tarmf\u00f6reningen i Stockholms l\u00e4n\" \/>\n<meta property=\"og:description\" content=\"Irma \u00e4r en pensionerad civilingenj\u00f6r som nu har tid att jobba med n\u00e5got annat. Hon har erfarenhet av IBS-besv\u00e4r ...\" \/>\n<meta property=\"og:url\" content=\"https:\/\/magotarm.se\/stockholms-lansforening\/om-oss\/styrelsen\/irma-bornhede\/\" \/>\n<meta property=\"og:site_name\" content=\"Mag- och tarmf\u00f6reningen i Stockholms l\u00e4n\" \/>\n<meta property=\"article:modified_time\" content=\"2024-04-12T08:43:15+00:00\" \/>\n<meta property=\"og:image\" content=\"https:\/\/magotarm.se\/stockholms-lansforening\/wp-content\/uploads\/sites\/19\/2024\/04\/IMG_4859-2-Edited-scaled.jpg\" \/>\n\t<meta property=\"og:image:width\" content=\"2048\" \/>\n\t<meta property=\"og:image:height\" content=\"2560\" \/>\n\t<meta property=\"og:image:type\" content=\"image\/jpeg\" \/>\n<meta name=\"twitter:card\" content=\"summary_large_image\" \/>\n<meta name=\"twitter:label1\" content=\"Ber\u00e4knad l\u00e4stid\" \/>\n\t<meta name=\"twitter:data1\" content=\"1 minut\" \/>\n<script type=\"application\/ld+json\" class=\"yoast-schema-graph\">{\"@context\":\"https:\\\/\\\/schema.org\",\"@graph\":[{\"@type\":\"WebPage\",\"@id\":\"https:\\\/\\\/magotarm.se\\\/stockholms-lansforening\\\/om-oss\\\/styrelsen\\\/irma-bornhede\\\/\",\"url\":\"https:\\\/\\\/magotarm.se\\\/stockholms-lansforening\\\/om-oss\\\/styrelsen\\\/irma-bornhede\\\/\",\"name\":\"Irma Bornhede - Mag- och tarmf\u00f6reningen i Stockholms l\u00e4n\",\"isPartOf\":{\"@id\":\"https:\\\/\\\/magotarm.se\\\/stockholms-lansforening\\\/#website\"},\"primaryImageOfPage\":{\"@id\":\"https:\\\/\\\/magotarm.se\\\/stockholms-lansforening\\\/om-oss\\\/styrelsen\\\/irma-bornhede\\\/#primaryimage\"},\"image\":{\"@id\":\"https:\\\/\\\/magotarm.se\\\/stockholms-lansforening\\\/om-oss\\\/styrelsen\\\/irma-bornhede\\\/#primaryimage\"},\"thumbnailUrl\":\"https:\\\/\\\/magotarm.se\\\/stockholms-lansforening\\\/wp-content\\\/uploads\\\/sites\\\/19\\\/2024\\\/04\\\/IMG_4859-2-Edited-scaled.jpg\",\"datePublished\":\"2023-03-17T08:11:37+00:00\",\"dateModified\":\"2024-04-12T08:43:15+00:00\",\"breadcrumb\":{\"@id\":\"https:\\\/\\\/magotarm.se\\\/stockholms-lansforening\\\/om-oss\\\/styrelsen\\\/irma-bornhede\\\/#breadcrumb\"},\"inLanguage\":\"sv-SE\",\"potentialAction\":[{\"@type\":\"ReadAction\",\"target\":[\"https:\\\/\\\/magotarm.se\\\/stockholms-lansforening\\\/om-oss\\\/styrelsen\\\/irma-bornhede\\\/\"]}]},{\"@type\":\"ImageObject\",\"inLanguage\":\"sv-SE\",\"@id\":\"https:\\\/\\\/magotarm.se\\\/stockholms-lansforening\\\/om-oss\\\/styrelsen\\\/irma-bornhede\\\/#primaryimage\",\"url\":\"https:\\\/\\\/magotarm.se\\\/stockholms-lansforening\\\/wp-content\\\/uploads\\\/sites\\\/19\\\/2024\\\/04\\\/IMG_4859-2-Edited-scaled.jpg\",\"contentUrl\":\"https:\\\/\\\/magotarm.se\\\/stockholms-lansforening\\\/wp-content\\\/uploads\\\/sites\\\/19\\\/2024\\\/04\\\/IMG_4859-2-Edited-scaled.jpg\",\"width\":2048,\"height\":2560},{\"@type\":\"BreadcrumbList\",\"@id\":\"https:\\\/\\\/magotarm.se\\\/stockholms-lansforening\\\/om-oss\\\/styrelsen\\\/irma-bornhede\\\/#breadcrumb\",\"itemListElement\":[{\"@type\":\"ListItem\",\"position\":1,\"name\":\"Hem\",\"item\":\"https:\\\/\\\/magotarm.se\\\/stockholms-lansforening\\\/\"},{\"@type\":\"ListItem\",\"position\":2,\"name\":\"Om oss\",\"item\":\"https:\\\/\\\/magotarm.se\\\/stockholms-lansforening\\\/om-oss\\\/\"},{\"@type\":\"ListItem\",\"position\":3,\"name\":\"Styrelsen\",\"item\":\"https:\\\/\\\/magotarm.se\\\/stockholms-lansforening\\\/om-oss\\\/styrelsen\\\/\"},{\"@type\":\"ListItem\",\"position\":4,\"name\":\"Irma Bornhede\"}]},{\"@type\":\"WebSite\",\"@id\":\"https:\\\/\\\/magotarm.se\\\/stockholms-lansforening\\\/#website\",\"url\":\"https:\\\/\\\/magotarm.se\\\/stockholms-lansforening\\\/\",\"name\":\"Mag- och tarmf\u00f6reningen i Stockholms l\u00e4n\",\"description\":\"En till Mag- och tarmf\u00f6rbundets Webbplatser webbplats\",\"potentialAction\":[{\"@type\":\"SearchAction\",\"target\":{\"@type\":\"EntryPoint\",\"urlTemplate\":\"https:\\\/\\\/magotarm.se\\\/stockholms-lansforening\\\/?s={search_term_string}\"},\"query-input\":{\"@type\":\"PropertyValueSpecification\",\"valueRequired\":true,\"valueName\":\"search_term_string\"}}],\"inLanguage\":\"sv-SE\"}]}<\/script>\n<!-- \/ Yoast SEO plugin. -->","yoast_head_json":{"title":"Irma Bornhede - Mag- och tarmf\u00f6reningen i Stockholms l\u00e4n","robots":{"index":"index","follow":"follow","max-snippet":"max-snippet:-1","max-image-preview":"max-image-preview:large","max-video-preview":"max-video-preview:-1"},"canonical":"https:\/\/magotarm.se\/stockholms-lansforening\/om-oss\/styrelsen\/irma-bornhede\/","og_locale":"sv_SE","og_type":"article","og_title":"Irma Bornhede - Mag- och tarmf\u00f6reningen i Stockholms l\u00e4n","og_description":"Irma \u00e4r en pensionerad civilingenj\u00f6r som nu har tid att jobba med n\u00e5got annat. Hon har erfarenhet av IBS-besv\u00e4r ...","og_url":"https:\/\/magotarm.se\/stockholms-lansforening\/om-oss\/styrelsen\/irma-bornhede\/","og_site_name":"Mag- och tarmf\u00f6reningen i Stockholms l\u00e4n","article_modified_time":"2024-04-12T08:43:15+00:00","og_image":[{"width":2048,"height":2560,"url":"https:\/\/magotarm.se\/stockholms-lansforening\/wp-content\/uploads\/sites\/19\/2024\/04\/IMG_4859-2-Edited-scaled.jpg","type":"image\/jpeg"}],"twitter_card":"summary_large_image","twitter_misc":{"Ber\u00e4knad l\u00e4stid":"1 minut"},"schema":{"@context":"https:\/\/schema.org","@graph":[{"@type":"WebPage","@id":"https:\/\/magotarm.se\/stockholms-lansforening\/om-oss\/styrelsen\/irma-bornhede\/","url":"https:\/\/magotarm.se\/stockholms-lansforening\/om-oss\/styrelsen\/irma-bornhede\/","name":"Irma Bornhede - Mag- och tarmf\u00f6reningen i Stockholms l\u00e4n","isPartOf":{"@id":"https:\/\/magotarm.se\/stockholms-lansforening\/#website"},"primaryImageOfPage":{"@id":"https:\/\/magotarm.se\/stockholms-lansforening\/om-oss\/styrelsen\/irma-bornhede\/#primaryimage"},"image":{"@id":"https:\/\/magotarm.se\/stockholms-lansforening\/om-oss\/styrelsen\/irma-bornhede\/#primaryimage"},"thumbnailUrl":"https:\/\/magotarm.se\/stockholms-lansforening\/wp-content\/uploads\/sites\/19\/2024\/04\/IMG_4859-2-Edited-scaled.jpg","datePublished":"2023-03-17T08:11:37+00:00","dateModified":"2024-04-12T08:43:15+00:00","breadcrumb":{"@id":"https:\/\/magotarm.se\/stockholms-lansforening\/om-oss\/styrelsen\/irma-bornhede\/#breadcrumb"},"inLanguage":"sv-SE","potentialAction":[{"@type":"ReadAction","target":["https:\/\/magotarm.se\/stockholms-lansforening\/om-oss\/styrelsen\/irma-bornhede\/"]}]},{"@type":"ImageObject","inLanguage":"sv-SE","@id":"https:\/\/magotarm.se\/stockholms-lansforening\/om-oss\/styrelsen\/irma-bornhede\/#primaryimage","url":"https:\/\/magotarm.se\/stockholms-lansforening\/wp-content\/uploads\/sites\/19\/2024\/04\/IMG_4859-2-Edited-scaled.jpg","contentUrl":"https:\/\/magotarm.se\/stockholms-lansforening\/wp-content\/uploads\/sites\/19\/2024\/04\/IMG_4859-2-Edited-scaled.jpg","width":2048,"height":2560},{"@type":"BreadcrumbList","@id":"https:\/\/magotarm.se\/stockholms-lansforening\/om-oss\/styrelsen\/irma-bornhede\/#breadcrumb","itemListElement":[{"@type":"ListItem","position":1,"name":"Hem","item":"https:\/\/magotarm.se\/stockholms-lansforening\/"},{"@type":"ListItem","position":2,"name":"Om oss","item":"https:\/\/magotarm.se\/stockholms-lansforening\/om-oss\/"},{"@type":"ListItem","position":3,"name":"Styrelsen","item":"https:\/\/magotarm.se\/stockholms-lansforening\/om-oss\/styrelsen\/"},{"@type":"ListItem","position":4,"name":"Irma Bornhede"}]},{"@type":"WebSite","@id":"https:\/\/magotarm.se\/stockholms-lansforening\/#website","url":"https:\/\/magotarm.se\/stockholms-lansforening\/","name":"Mag- och tarmf\u00f6reningen i Stockholms l\u00e4n","description":"En till Mag- och tarmf\u00f6rbundets Webbplatser webbplats","potentialAction":[{"@type":"SearchAction","target":{"@type":"EntryPoint","urlTemplate":"https:\/\/magotarm.se\/stockholms-lansforening\/?s={search_term_string}"},"query-input":{"@type":"PropertyValueSpecification","valueRequired":true,"valueName":"search_term_string"}}],"inLanguage":"sv-SE"}]}},"_links":{"self":[{"href":"https:\/\/magotarm.se\/stockholms-lansforening\/wp-json\/wp\/v2\/pages\/1068","targetHints":{"allow":["GET"]}}],"collection":[{"href":"https:\/\/magotarm.se\/stockholms-lansforening\/wp-json\/wp\/v2\/pages"}],"about":[{"href":"https:\/\/magotarm.se\/stockholms-lansforening\/wp-json\/wp\/v2\/types\/page"}],"author":[{"embeddable":true,"href":"https:\/\/magotarm.se\/stockholms-lansforening\/wp-json\/wp\/v2\/users\/24"}],"replies":[{"embeddable":true,"href":"https:\/\/magotarm.se\/stockholms-lansforening\/wp-json\/wp\/v2\/comments?post=1068"}],"version-history":[{"count":6,"href":"https:\/\/magotarm.se\/stockholms-lansforening\/wp-json\/wp\/v2\/pages\/1068\/revisions"}],"predecessor-version":[{"id":1442,"href":"https:\/\/magotarm.se\/stockholms-lansforening\/wp-json\/wp\/v2\/pages\/1068\/revisions\/1442"}],"up":[{"embeddable":true,"href":"https:\/\/magotarm.se\/stockholms-lansforening\/wp-json\/wp\/v2\/pages\/63"}],"wp:featuredmedia":[{"embeddable":true,"href":"https:\/\/magotarm.se\/stockholms-lansforening\/wp-json\/wp\/v2\/media\/1475"}],"wp:attachment":[{"href":"https:\/\/magotarm.se\/stockholms-lansforening\/wp-json\/wp\/v2\/media?parent=1068"}],"curies":[{"name":"wp","href":"https:\/\/api.w.org\/{rel}","templated":true}]}}