{"id":15,"date":"2015-11-02T14:02:23","date_gmt":"2015-11-02T13:02:23","guid":{"rendered":"http:\/\/magotarm.se\/skaraborgs-lokalavdelning\/?page_id=15"},"modified":"2015-11-17T14:50:58","modified_gmt":"2015-11-17T13:50:58","slug":"vilka-vi-ar","status":"publish","type":"page","link":"https:\/\/magotarm.se\/skaraborgs-lokalavdelning\/vilka-vi-ar\/","title":{"rendered":"Vilka vi \u00e4r"},"content":{"rendered":"<p><strong>V\u00e4lkommen till Skaraborgsf\u00f6reningen\u00a0av Mag och tarmf\u00f6rbundet.<\/strong><br \/>\nVi har som m\u00e5l att ge r\u00e5d och st\u00f6d till medlemmar och sprida information till s\u00e5v\u00e4l medlemmar som allm\u00e4nhet, sjukv\u00e5rdspersonal, politiker och myndigheter.<\/p>\n<p>Vidare vill vi samla intresserade medlemmar med syftet att ta tillvara deras kunskaper och ge dem m\u00f6jligheter till erfarenhetsutbyte.<\/p>\n<p>Vi vill inom de omr\u00e5den som ber\u00f6r Mag och tarmf\u00f6rbundets m\u00e5lgrupp verka f\u00f6r att samh\u00e4llets st\u00f6d och insatser f\u00f6r m\u00e4nniskor med funktionshinder utformas s\u00e5 att full delaktighet och j\u00e4mlikhet uppn\u00e5s.<\/p>\n<p>Vi vill initiera, f\u00f6lja och st\u00f6dja arbete som syftar till att f\u00f6rebygga skador och vetenskaplig forskning.<\/p>\n<p>Under \u00e5ren vill Skaraborgs f\u00f6reningen av Mag och tarmf\u00f6rbundet forts\u00e4tta att vara ut\u00e5triktad kraft f\u00f6r v\u00e5ra medlemmar n\u00e4r den egna orken tryter. Tillsammans blir vi starka och kan bedriva det arbete som kr\u00e4vs f\u00f6r att mag- och tarmsjuka ska f\u00e5 den n\u00f6dv\u00e4ndiga tillg\u00e4ngligheten i samh\u00e4llet.<\/p>\n","protected":false},"excerpt":{"rendered":"<p>V\u00e4lkommen till Skaraborgsf\u00f6reningen\u00a0av Mag och tarmf\u00f6rbundet. Vi har som m\u00e5l att ge r\u00e5d och st\u00f6d till medlemmar och sprida &#8230;<\/p>\n","protected":false},"author":3,"featured_media":0,"parent":0,"menu_order":2,"comment_status":"closed","ping_status":"closed","template":"","meta":{"_acf_changed":false,"footnotes":"","_links_to":"","_links_to_target":""},"class_list":["post-15","page","type-page","status-publish","hentry","wp-sticky"],"acf":[],"yoast_head":"<!-- This site is optimized with the Yoast SEO plugin v27.4 - https:\/\/yoast.com\/product\/yoast-seo-wordpress\/ -->\n<title>Vilka vi \u00e4r - Mag- och tarmf\u00f6reningen i Skaraborg<\/title>\n<meta name=\"robots\" content=\"index, follow, max-snippet:-1, max-image-preview:large, max-video-preview:-1\" \/>\n<link rel=\"canonical\" href=\"https:\/\/magotarm.se\/skaraborgs-lokalavdelning\/vilka-vi-ar\/\" \/>\n<meta property=\"og:locale\" content=\"sv_SE\" \/>\n<meta property=\"og:type\" content=\"article\" \/>\n<meta property=\"og:title\" content=\"Vilka vi \u00e4r - Mag- och tarmf\u00f6reningen i Skaraborg\" \/>\n<meta property=\"og:description\" content=\"V\u00e4lkommen till Skaraborgsf\u00f6reningen\u00a0av Mag och tarmf\u00f6rbundet. Vi har som m\u00e5l att ge r\u00e5d och st\u00f6d till medlemmar och sprida ...\" \/>\n<meta property=\"og:url\" content=\"https:\/\/magotarm.se\/skaraborgs-lokalavdelning\/vilka-vi-ar\/\" \/>\n<meta property=\"og:site_name\" content=\"Mag- och tarmf\u00f6reningen i Skaraborg\" \/>\n<meta property=\"article:modified_time\" content=\"2015-11-17T13:50:58+00:00\" \/>\n<meta name=\"twitter:card\" content=\"summary_large_image\" \/>\n<meta name=\"twitter:label1\" content=\"Ber\u00e4knad l\u00e4stid\" \/>\n\t<meta name=\"twitter:data1\" content=\"1 minut\" \/>\n<script type=\"application\/ld+json\" class=\"yoast-schema-graph\">{\"@context\":\"https:\\\/\\\/schema.org\",\"@graph\":[{\"@type\":\"WebPage\",\"@id\":\"https:\\\/\\\/magotarm.se\\\/skaraborgs-lokalavdelning\\\/vilka-vi-ar\\\/\",\"url\":\"https:\\\/\\\/magotarm.se\\\/skaraborgs-lokalavdelning\\\/vilka-vi-ar\\\/\",\"name\":\"Vilka vi \u00e4r - Mag- och tarmf\u00f6reningen i Skaraborg\",\"isPartOf\":{\"@id\":\"https:\\\/\\\/magotarm.se\\\/skaraborgs-lokalavdelning\\\/#website\"},\"datePublished\":\"2015-11-02T13:02:23+00:00\",\"dateModified\":\"2015-11-17T13:50:58+00:00\",\"breadcrumb\":{\"@id\":\"https:\\\/\\\/magotarm.se\\\/skaraborgs-lokalavdelning\\\/vilka-vi-ar\\\/#breadcrumb\"},\"inLanguage\":\"sv-SE\",\"potentialAction\":[{\"@type\":\"ReadAction\",\"target\":[\"https:\\\/\\\/magotarm.se\\\/skaraborgs-lokalavdelning\\\/vilka-vi-ar\\\/\"]}]},{\"@type\":\"BreadcrumbList\",\"@id\":\"https:\\\/\\\/magotarm.se\\\/skaraborgs-lokalavdelning\\\/vilka-vi-ar\\\/#breadcrumb\",\"itemListElement\":[{\"@type\":\"ListItem\",\"position\":1,\"name\":\"Hem\",\"item\":\"https:\\\/\\\/magotarm.se\\\/skaraborgs-lokalavdelning\\\/\"},{\"@type\":\"ListItem\",\"position\":2,\"name\":\"Vilka vi \u00e4r\"}]},{\"@type\":\"WebSite\",\"@id\":\"https:\\\/\\\/magotarm.se\\\/skaraborgs-lokalavdelning\\\/#website\",\"url\":\"https:\\\/\\\/magotarm.se\\\/skaraborgs-lokalavdelning\\\/\",\"name\":\"Mag- och tarmf\u00f6reningen i Skaraborg\",\"description\":\"En till Mag- och tarmf\u00f6rbundets Webbplatser webbplats\",\"potentialAction\":[{\"@type\":\"SearchAction\",\"target\":{\"@type\":\"EntryPoint\",\"urlTemplate\":\"https:\\\/\\\/magotarm.se\\\/skaraborgs-lokalavdelning\\\/?s={search_term_string}\"},\"query-input\":{\"@type\":\"PropertyValueSpecification\",\"valueRequired\":true,\"valueName\":\"search_term_string\"}}],\"inLanguage\":\"sv-SE\"}]}<\/script>\n<!-- \/ Yoast SEO plugin. -->","yoast_head_json":{"title":"Vilka vi \u00e4r - Mag- och tarmf\u00f6reningen i Skaraborg","robots":{"index":"index","follow":"follow","max-snippet":"max-snippet:-1","max-image-preview":"max-image-preview:large","max-video-preview":"max-video-preview:-1"},"canonical":"https:\/\/magotarm.se\/skaraborgs-lokalavdelning\/vilka-vi-ar\/","og_locale":"sv_SE","og_type":"article","og_title":"Vilka vi \u00e4r - Mag- och tarmf\u00f6reningen i Skaraborg","og_description":"V\u00e4lkommen till Skaraborgsf\u00f6reningen\u00a0av Mag och tarmf\u00f6rbundet. Vi har som m\u00e5l att ge r\u00e5d och st\u00f6d till medlemmar och sprida ...","og_url":"https:\/\/magotarm.se\/skaraborgs-lokalavdelning\/vilka-vi-ar\/","og_site_name":"Mag- och tarmf\u00f6reningen i Skaraborg","article_modified_time":"2015-11-17T13:50:58+00:00","twitter_card":"summary_large_image","twitter_misc":{"Ber\u00e4knad l\u00e4stid":"1 minut"},"schema":{"@context":"https:\/\/schema.org","@graph":[{"@type":"WebPage","@id":"https:\/\/magotarm.se\/skaraborgs-lokalavdelning\/vilka-vi-ar\/","url":"https:\/\/magotarm.se\/skaraborgs-lokalavdelning\/vilka-vi-ar\/","name":"Vilka vi \u00e4r - Mag- och tarmf\u00f6reningen i Skaraborg","isPartOf":{"@id":"https:\/\/magotarm.se\/skaraborgs-lokalavdelning\/#website"},"datePublished":"2015-11-02T13:02:23+00:00","dateModified":"2015-11-17T13:50:58+00:00","breadcrumb":{"@id":"https:\/\/magotarm.se\/skaraborgs-lokalavdelning\/vilka-vi-ar\/#breadcrumb"},"inLanguage":"sv-SE","potentialAction":[{"@type":"ReadAction","target":["https:\/\/magotarm.se\/skaraborgs-lokalavdelning\/vilka-vi-ar\/"]}]},{"@type":"BreadcrumbList","@id":"https:\/\/magotarm.se\/skaraborgs-lokalavdelning\/vilka-vi-ar\/#breadcrumb","itemListElement":[{"@type":"ListItem","position":1,"name":"Hem","item":"https:\/\/magotarm.se\/skaraborgs-lokalavdelning\/"},{"@type":"ListItem","position":2,"name":"Vilka vi \u00e4r"}]},{"@type":"WebSite","@id":"https:\/\/magotarm.se\/skaraborgs-lokalavdelning\/#website","url":"https:\/\/magotarm.se\/skaraborgs-lokalavdelning\/","name":"Mag- och tarmf\u00f6reningen i Skaraborg","description":"En till Mag- och tarmf\u00f6rbundets Webbplatser webbplats","potentialAction":[{"@type":"SearchAction","target":{"@type":"EntryPoint","urlTemplate":"https:\/\/magotarm.se\/skaraborgs-lokalavdelning\/?s={search_term_string}"},"query-input":{"@type":"PropertyValueSpecification","valueRequired":true,"valueName":"search_term_string"}}],"inLanguage":"sv-SE"}]}},"_links":{"self":[{"href":"https:\/\/magotarm.se\/skaraborgs-lokalavdelning\/wp-json\/wp\/v2\/pages\/15","targetHints":{"allow":["GET"]}}],"collection":[{"href":"https:\/\/magotarm.se\/skaraborgs-lokalavdelning\/wp-json\/wp\/v2\/pages"}],"about":[{"href":"https:\/\/magotarm.se\/skaraborgs-lokalavdelning\/wp-json\/wp\/v2\/types\/page"}],"author":[{"embeddable":true,"href":"https:\/\/magotarm.se\/skaraborgs-lokalavdelning\/wp-json\/wp\/v2\/users\/3"}],"replies":[{"embeddable":true,"href":"https:\/\/magotarm.se\/skaraborgs-lokalavdelning\/wp-json\/wp\/v2\/comments?post=15"}],"version-history":[{"count":2,"href":"https:\/\/magotarm.se\/skaraborgs-lokalavdelning\/wp-json\/wp\/v2\/pages\/15\/revisions"}],"predecessor-version":[{"id":42,"href":"https:\/\/magotarm.se\/skaraborgs-lokalavdelning\/wp-json\/wp\/v2\/pages\/15\/revisions\/42"}],"wp:attachment":[{"href":"https:\/\/magotarm.se\/skaraborgs-lokalavdelning\/wp-json\/wp\/v2\/media?parent=15"}],"curies":[{"name":"wp","href":"https:\/\/api.w.org\/{rel}","templated":true}]}}