{"id":15,"date":"2015-11-02T14:14:04","date_gmt":"2015-11-02T13:14:04","guid":{"rendered":"http:\/\/magotarm.se\/skane-lansforening\/?page_id=15"},"modified":"2016-01-17T10:09:56","modified_gmt":"2016-01-17T09:09:56","slug":"vilka-vi-ar","status":"publish","type":"page","link":"https:\/\/magotarm.se\/skane-lansforening\/vilka-vi-ar\/","title":{"rendered":"Vilka vi \u00e4r"},"content":{"rendered":"<p><strong>Mag- och tarmf\u00f6reningen i Sk\u00e5ne\u00a0f\u00f6rst\u00e5r &#8221;hur det k\u00e4nns&#8221; att ha en mag- och\/eller tarmsjukdom. Personalen vid l\u00e4nets gastro-enheter \u00e4r vana\u00a0att m\u00f6ta och behandla oss patienter med mag- och\/eller tarmbesv\u00e4r. Det \u00e4r s\u00e5ledes flera som samverkar f\u00f6r att g\u00f6ra livet f\u00f6r mag-tarmpatienter dr\u00e4gligare.<\/strong><\/p>\n<p><strong>Vad kan vi inom Mag- och tarmf\u00f6reningen i Sk\u00e5ne erbjuda Dig?<\/strong><br \/>\nFramf\u00f6rallt r\u00e5d och st\u00f6d &#8211; n\u00e5gon att prata med som &#8221;vet hur det k\u00e4nns&#8221;. R\u00e5d och st\u00f6d \u00e4r n\u00e5got som g\u00e5r som en r\u00f6d tr\u00e5d genom hela v\u00e5r verksamhet, vare sig det \u00e4r i form av medlemsm\u00f6ten eller M\u00e5 B\u00e4ttre-helger. P\u00e5 denna, v\u00e5r nya hemsida, kan Du l\u00e4sa mer om de aktiviteter vi bedriver.<\/p>\n<p>Har dessa rader gjort Dig mer nyfiken p\u00e5 v\u00e5r verksamhet s\u00e5 \u00e4r Du \u00e4r du varmt v\u00e4lkommen att kontakta oss s\u00e5 \u00e5terkommer vi med mer information till Dig inom kort.<\/p>\n","protected":false},"excerpt":{"rendered":"<p>Mag- och tarmf\u00f6reningen i Sk\u00e5ne\u00a0f\u00f6rst\u00e5r &#8221;hur det k\u00e4nns&#8221; att ha en mag- och\/eller tarmsjukdom. Personalen vid l\u00e4nets gastro-enheter \u00e4r &#8230;<\/p>\n","protected":false},"author":3,"featured_media":0,"parent":0,"menu_order":2,"comment_status":"closed","ping_status":"closed","template":"","meta":{"_acf_changed":false,"footnotes":"","_links_to":"","_links_to_target":""},"class_list":["post-15","page","type-page","status-publish","hentry","wp-sticky"],"acf":[],"yoast_head":"<!-- This site is optimized with the Yoast SEO plugin v27.4 - https:\/\/yoast.com\/product\/yoast-seo-wordpress\/ -->\n<title>Vilka vi \u00e4r - Mag- och tarmf\u00f6reningen i Sk\u00e5ne<\/title>\n<meta name=\"robots\" content=\"index, follow, max-snippet:-1, max-image-preview:large, max-video-preview:-1\" \/>\n<link rel=\"canonical\" href=\"https:\/\/magotarm.se\/skane-lansforening\/vilka-vi-ar\/\" \/>\n<meta property=\"og:locale\" content=\"sv_SE\" \/>\n<meta property=\"og:type\" content=\"article\" \/>\n<meta property=\"og:title\" content=\"Vilka vi \u00e4r - Mag- och tarmf\u00f6reningen i Sk\u00e5ne\" \/>\n<meta property=\"og:description\" content=\"Mag- och tarmf\u00f6reningen i Sk\u00e5ne\u00a0f\u00f6rst\u00e5r &#8221;hur det k\u00e4nns&#8221; att ha en mag- och\/eller tarmsjukdom. Personalen vid l\u00e4nets gastro-enheter \u00e4r ...\" \/>\n<meta property=\"og:url\" content=\"https:\/\/magotarm.se\/skane-lansforening\/vilka-vi-ar\/\" \/>\n<meta property=\"og:site_name\" content=\"Mag- och tarmf\u00f6reningen i Sk\u00e5ne\" \/>\n<meta property=\"article:modified_time\" content=\"2016-01-17T09:09:56+00:00\" \/>\n<meta name=\"twitter:card\" content=\"summary_large_image\" \/>\n<meta name=\"twitter:label1\" content=\"Ber\u00e4knad l\u00e4stid\" \/>\n\t<meta name=\"twitter:data1\" content=\"1 minut\" \/>\n<script type=\"application\/ld+json\" class=\"yoast-schema-graph\">{\"@context\":\"https:\\\/\\\/schema.org\",\"@graph\":[{\"@type\":\"WebPage\",\"@id\":\"https:\\\/\\\/magotarm.se\\\/skane-lansforening\\\/vilka-vi-ar\\\/\",\"url\":\"https:\\\/\\\/magotarm.se\\\/skane-lansforening\\\/vilka-vi-ar\\\/\",\"name\":\"Vilka vi \u00e4r - Mag- och tarmf\u00f6reningen i Sk\u00e5ne\",\"isPartOf\":{\"@id\":\"https:\\\/\\\/magotarm.se\\\/skane-lansforening\\\/#website\"},\"datePublished\":\"2015-11-02T13:14:04+00:00\",\"dateModified\":\"2016-01-17T09:09:56+00:00\",\"breadcrumb\":{\"@id\":\"https:\\\/\\\/magotarm.se\\\/skane-lansforening\\\/vilka-vi-ar\\\/#breadcrumb\"},\"inLanguage\":\"sv-SE\",\"potentialAction\":[{\"@type\":\"ReadAction\",\"target\":[\"https:\\\/\\\/magotarm.se\\\/skane-lansforening\\\/vilka-vi-ar\\\/\"]}]},{\"@type\":\"BreadcrumbList\",\"@id\":\"https:\\\/\\\/magotarm.se\\\/skane-lansforening\\\/vilka-vi-ar\\\/#breadcrumb\",\"itemListElement\":[{\"@type\":\"ListItem\",\"position\":1,\"name\":\"Hem\",\"item\":\"https:\\\/\\\/magotarm.se\\\/skane-lansforening\\\/\"},{\"@type\":\"ListItem\",\"position\":2,\"name\":\"Vilka vi \u00e4r\"}]},{\"@type\":\"WebSite\",\"@id\":\"https:\\\/\\\/magotarm.se\\\/skane-lansforening\\\/#website\",\"url\":\"https:\\\/\\\/magotarm.se\\\/skane-lansforening\\\/\",\"name\":\"Mag- och tarmf\u00f6reningen i Sk\u00e5ne\",\"description\":\"En till Mag- och tarmf\u00f6rbundets Webbplatser webbplats\",\"potentialAction\":[{\"@type\":\"SearchAction\",\"target\":{\"@type\":\"EntryPoint\",\"urlTemplate\":\"https:\\\/\\\/magotarm.se\\\/skane-lansforening\\\/?s={search_term_string}\"},\"query-input\":{\"@type\":\"PropertyValueSpecification\",\"valueRequired\":true,\"valueName\":\"search_term_string\"}}],\"inLanguage\":\"sv-SE\"}]}<\/script>\n<!-- \/ Yoast SEO plugin. -->","yoast_head_json":{"title":"Vilka vi \u00e4r - Mag- och tarmf\u00f6reningen i Sk\u00e5ne","robots":{"index":"index","follow":"follow","max-snippet":"max-snippet:-1","max-image-preview":"max-image-preview:large","max-video-preview":"max-video-preview:-1"},"canonical":"https:\/\/magotarm.se\/skane-lansforening\/vilka-vi-ar\/","og_locale":"sv_SE","og_type":"article","og_title":"Vilka vi \u00e4r - Mag- och tarmf\u00f6reningen i Sk\u00e5ne","og_description":"Mag- och tarmf\u00f6reningen i Sk\u00e5ne\u00a0f\u00f6rst\u00e5r &#8221;hur det k\u00e4nns&#8221; att ha en mag- och\/eller tarmsjukdom. Personalen vid l\u00e4nets gastro-enheter \u00e4r ...","og_url":"https:\/\/magotarm.se\/skane-lansforening\/vilka-vi-ar\/","og_site_name":"Mag- och tarmf\u00f6reningen i Sk\u00e5ne","article_modified_time":"2016-01-17T09:09:56+00:00","twitter_card":"summary_large_image","twitter_misc":{"Ber\u00e4knad l\u00e4stid":"1 minut"},"schema":{"@context":"https:\/\/schema.org","@graph":[{"@type":"WebPage","@id":"https:\/\/magotarm.se\/skane-lansforening\/vilka-vi-ar\/","url":"https:\/\/magotarm.se\/skane-lansforening\/vilka-vi-ar\/","name":"Vilka vi \u00e4r - Mag- och tarmf\u00f6reningen i Sk\u00e5ne","isPartOf":{"@id":"https:\/\/magotarm.se\/skane-lansforening\/#website"},"datePublished":"2015-11-02T13:14:04+00:00","dateModified":"2016-01-17T09:09:56+00:00","breadcrumb":{"@id":"https:\/\/magotarm.se\/skane-lansforening\/vilka-vi-ar\/#breadcrumb"},"inLanguage":"sv-SE","potentialAction":[{"@type":"ReadAction","target":["https:\/\/magotarm.se\/skane-lansforening\/vilka-vi-ar\/"]}]},{"@type":"BreadcrumbList","@id":"https:\/\/magotarm.se\/skane-lansforening\/vilka-vi-ar\/#breadcrumb","itemListElement":[{"@type":"ListItem","position":1,"name":"Hem","item":"https:\/\/magotarm.se\/skane-lansforening\/"},{"@type":"ListItem","position":2,"name":"Vilka vi \u00e4r"}]},{"@type":"WebSite","@id":"https:\/\/magotarm.se\/skane-lansforening\/#website","url":"https:\/\/magotarm.se\/skane-lansforening\/","name":"Mag- och tarmf\u00f6reningen i Sk\u00e5ne","description":"En till Mag- och tarmf\u00f6rbundets Webbplatser webbplats","potentialAction":[{"@type":"SearchAction","target":{"@type":"EntryPoint","urlTemplate":"https:\/\/magotarm.se\/skane-lansforening\/?s={search_term_string}"},"query-input":{"@type":"PropertyValueSpecification","valueRequired":true,"valueName":"search_term_string"}}],"inLanguage":"sv-SE"}]}},"_links":{"self":[{"href":"https:\/\/magotarm.se\/skane-lansforening\/wp-json\/wp\/v2\/pages\/15","targetHints":{"allow":["GET"]}}],"collection":[{"href":"https:\/\/magotarm.se\/skane-lansforening\/wp-json\/wp\/v2\/pages"}],"about":[{"href":"https:\/\/magotarm.se\/skane-lansforening\/wp-json\/wp\/v2\/types\/page"}],"author":[{"embeddable":true,"href":"https:\/\/magotarm.se\/skane-lansforening\/wp-json\/wp\/v2\/users\/3"}],"replies":[{"embeddable":true,"href":"https:\/\/magotarm.se\/skane-lansforening\/wp-json\/wp\/v2\/comments?post=15"}],"version-history":[{"count":6,"href":"https:\/\/magotarm.se\/skane-lansforening\/wp-json\/wp\/v2\/pages\/15\/revisions"}],"predecessor-version":[{"id":111,"href":"https:\/\/magotarm.se\/skane-lansforening\/wp-json\/wp\/v2\/pages\/15\/revisions\/111"}],"wp:attachment":[{"href":"https:\/\/magotarm.se\/skane-lansforening\/wp-json\/wp\/v2\/media?parent=15"}],"curies":[{"name":"wp","href":"https:\/\/api.w.org\/{rel}","templated":true}]}}