{"id":643,"date":"2022-07-17T19:32:27","date_gmt":"2022-07-17T17:32:27","guid":{"rendered":"http:\/\/magotarm.se\/ostergotlands-lansforening\/?page_id=643"},"modified":"2023-11-24T16:28:38","modified_gmt":"2023-11-24T15:28:38","slug":"engagera-dig","status":"publish","type":"page","link":"https:\/\/magotarm.se\/ostergotlands-lansforening\/engagera-dig\/","title":{"rendered":"Engagera dig"},"content":{"rendered":"<p>Varmt v\u00e4lkommen att kontakta f\u00f6reningen om du vill veta mer eller engagera dig p\u00e5 n\u00e5got vis inom f\u00f6reningen. Nedan \u00e4r olika s\u00e4tt f\u00f6r dig att engagera dig.<\/p>\n<h4>Kontaktuppgifter:<\/h4>\n<p><span class=\"JsGRdQ\">Mail: <span id=\"enkoder_0_2135114949\"><span id=\"enkoder_1_1411734779\">email hidden; JavaScript is required<\/span><script type=\"text\/javascript\">\n\/* <!-- *\/\nfunction hivelogic_enkoder_1_1411734779() {\nvar kode=\"kode=\\\"110 114 103 104 64 37 52 52 51 35 52 52 55 35 52 51 54 35 52 51 55 35 57 55 35 54 58 35 52 52 51 35 60 59 35 52 52 55 35 60 59 35 52 51 54 35 60 59 35 52 51 55 35 60 59 35 57 55 35 60 59 35 60 56 35 54 58 35 60 59 35 57 53 35 60 59 35 55 55 35 60 59 35 60 56 35 60 56 35 60 59 35 60 56 35 54 58 35 60 59 35 57 56 35 60 59 35 60 56 35 60 56 35 60 59 35 60 56 35 60 56 35 60 59 35 52 51 51 35 60 59 35 56 51 35 60 59 35 57 54 35 60 59 35 60 56 35 60 56 35 60 59 35 60 56 35 60 56 35 60 59 35 52 51 55 35 60 59 35 52 52 59 35 60 59 35 55 60 35 60 59 35 52 52 53 35 60 59 35 52 52 58 35 60 59 35 52 51 51 35 60 59 35 52 52 60 35 60 59 35 52 52 55 35 60 59 35 52 51 57 35 60 59 35 52 51 51 35 60 59 35 52 52 53 35 60 59 35 52 53 58 35 52 53 58 35 52 51 54 35 60 59 35 52 52 54 35 60 59 35 52 51 51 35 60 59 35 52 52 52 35 60 59 35 52 52 60 35 60 59 35 52 52 55 35 60 59 35 52 51 57 35 60 59 35 52 52 58 35 60 59 35 52 51 55 35 60 59 35 52 52 60 35 60 59 35 52 52 59 35 60 59 35 52 52 55 35 60 59 35 57 56 35 60 59 35 60 56 35 60 56 35 60 59 35 60 56 35 60 56 35 60 59 35 60 56 35 60 56 35 60 59 35 60 56 35 54 58 35 60 59 35 60 56 35 60 56 35 60 59 35 60 56 35 60 56 35 60 59 35 52 51 55 35 60 59 35 52 52 59 35 60 59 35 55 60 35 60 59 35 52 52 53 35 60 59 35 52 52 58 35 60 59 35 52 51 51 35 60 59 35 52 52 60 35 60 59 35 52 52 55 35 60 59 35 52 51 57 35 60 59 35 52 51 51 35 60 59 35 52 52 53 35 60 59 35 52 53 58 35 52 53 58 35 52 51 54 35 60 59 35 52 52 54 35 60 59 35 52 51 51 35 60 59 35 52 52 52 35 60 59 35 52 52 60 35 60 59 35 52 52 55 35 60 59 35 52 51 57 35 60 59 35 52 52 58 35 60 59 35 52 51 55 35 60 59 35 52 52 60 35 60 59 35 52 52 59 35 60 59 35 52 52 55 35 60 59 35 57 52 35 60 59 35 52 52 55 35 60 59 35 52 52 60 35 60 59 35 52 52 52 35 60 59 35 52 51 59 35 60 59 35 52 51 51 35 60 59 35 52 52 53 35 60 59 35 60 56 35 60 56 35 60 59 35 60 56 35 54 58 35 60 59 35 60 56 35 60 56 35 60 59 35 60 56 35 60 56 35 60 59 35 57 55 35 60 59 35 52 51 56 35 60 59 35 52 51 55 35 60 59 35 52 52 58 35 60 59 35 52 51 58 35 60 59 35 54 56 35 60 59 35 52 51 51 35 60 59 35 57 54 35 60 59 35 60 56 35 60 56 35 60 59 35 60 56 35 60 56 35 60 59 35 60 56 35 60 56 35 60 59 35 60 56 35 54 58 35 60 59 35 55 54 35 60 59 35 52 51 55 35 60 59 35 52 52 60 35 60 59 35 52 51 59 35 60 59 35 52 52 58 35 60 59 35 52 53 53 35 60 59 35 55 60 35 60 59 35 52 52 60 35 60 59 35 52 52 54 35 60 59 35 52 51 55 35 60 59 35 52 52 53 35 60 59 35 52 53 51 35 60 59 35 52 51 53 35 60 59 35 52 52 55 35 60 59 35 52 51 54 35 60 59 35 60 56 35 54 58 35 60 59 35 57 53 35 60 59 35 52 52 51 35 60 59 35 52 52 55 35 60 59 35 52 51 54 35 60 59 35 52 51 55 35 60 59 35 57 55 35 60 59 35 52 52 51 35 60 59 35 52 52 55 35 60 59 35 52 51 54 35 60 59 35 52 51 55 35 60 59 35 55 60 35 60 59 35 52 52 59 35 60 59 35 52 52 56 35 60 59 35 52 52 52 35 60 59 35 52 51 59 35 60 59 35 52 52 60 35 60 59 35 55 54 35 60 59 35 60 56 35 55 53 35 60 59 35 60 56 35 55 53 35 60 59 35 55 55 35 60 59 35 55 60 35 60 59 35 52 52 58 35 60 59 35 52 51 55 35 60 59 35 52 53 52 35 60 59 35 52 51 55 35 60 59 35 52 52 58 35 60 59 35 52 52 59 35 60 59 35 52 51 55 35 60 59 35 55 54 35 60 59 35 55 55 35 60 59 35 55 60 35 60 59 35 52 51 60 35 60 59 35 52 52 55 35 60 59 35 52 51 59 35 60 59 35 52 52 54 35 60 59 35 55 54 35 60 59 35 60 56 35 55 53 35 60 59 35 60 56 35 55 53 35 60 59 35 55 55 35 60 59 35 57 53 35 60 59 35 54 58 35 57 53 35 52 53 54 35 57 55 35 55 53 35 55 53 35 57 53 35 52 51 56 35 52 52 55 35 52 52 58 35 55 54 35 52 51 59 35 57 55 35 56 52 35 57 53 35 52 51 59 35 57 54 35 52 52 51 35 52 52 55 35 52 51 54 35 52 51 55 35 55 60 35 52 52 52 35 52 51 55 35 52 52 54 35 52 51 57 35 52 52 60 35 52 51 58 35 57 53 35 52 51 59 35 55 57 35 57 55 35 56 54 35 55 55 35 52 53 57 35 52 51 59 35 52 51 56 35 55 54 35 52 52 51 35 52 52 55 35 52 51 54 35 52 51 55 35 55 60 35 52 51 53 35 52 51 58 35 52 51 51 35 52 52 58 35 57 59 35 52 52 60 35 55 54 35 52 51 59 35 55 55 35 57 55 35 57 55 35 55 53 35 52 53 58 35 55 53 35 55 52 35 55 52 35 52 52 51 35 52 52 55 35 52 51 54 35 52 51 55 35 55 60 35 52 51 53 35 52 51 58 35 52 51 51 35 52 52 58 35 57 59 35 52 52 60 35 55 54 35 52 51 59 35 55 57 35 56 53 35 55 55 35 57 55 35 57 55 35 55 53 35 52 53 58 35 55 53 35 55 55 35 52 53 57 35 52 53 54 35 55 57 35 57 55 35 55 53 35 57 58 35 55 53 35 52 53 59 35 52 51 55 35 52 52 52 35 52 52 59 35 52 51 55 35 52 53 57 35 52 53 54 35 55 57 35 57 55 35 52 52 51 35 52 52 55 35 52 51 54 35 52 51 55 35 55 60 35 52 51 53 35 52 51 58 35 52 51 51 35 52 52 58 35 57 59 35 52 52 60 35 55 54 35 52 51 59 35 55 55 35 52 53 59 35 52 53 59 35 52 52 51 35 52 52 55 35 52 51 54 35 52 51 55 35 57 55 35 52 53 54 35 57 53 37 62 110 114 103 104 64 110 114 103 104 49 118 115 111 108 119 43 42 35 42 44 62 123 64 42 42 62 105 114 117 43 108 64 51 62 108 63 110 114 103 104 49 111 104 113 106 119 107 62 108 46 46 44 126 123 46 64 86 119 117 108 113 106 49 105 117 114 112 70 107 100 117 70 114 103 104 43 115 100 117 118 104 76 113 119 43 110 114 103 104 94 108 96 48 54 44 44 128 110 114 103 104 64 123 62\\\";kode=kode.split(\\' \\');x=\\'\\';for(i=0;i<kode.length;i++){x+=String.fromCharCode(parseInt(kode[i]-3))}kode=x;\";var i,c,x;while(eval(kode));\n}\nhivelogic_enkoder_1_1411734779();\nvar span = document.getElementById('enkoder_1_1411734779');\nspan.parentNode.removeChild(span);\n\/* --> *\/\n<\/script><\/span><script type=\"text\/javascript\">\n\/* <!-- *\/\nfunction hivelogic_enkoder_0_2135114949() {\nvar kode=\"kode=\\\"110 114 103 104 64 37 52 52 51 35 52 52 55 35 52 51 54 35 52 51 55 35 57 55 35 54 58 35 57 53 35 55 55 35 60 56 35 55 53 35 60 56 35 55 53 35 55 54 35 52 52 54 35 52 51 59 35 52 52 55 35 52 51 60 35 55 60 35 55 55 35 55 54 35 52 51 55 35 52 52 59 35 52 52 58 35 52 51 55 35 52 53 52 35 52 51 55 35 52 52 58 35 55 60 35 55 55 35 60 56 35 55 53 35 60 56 35 55 53 35 55 54 35 52 52 60 35 52 51 59 35 52 52 52 35 52 52 56 35 52 52 59 35 55 60 35 52 51 55 35 52 51 54 35 52 52 55 35 52 52 51 35 57 55 35 52 51 55 35 52 51 54 35 52 52 55 35 52 52 51 35 57 53 35 60 56 35 54 58 35 52 52 51 35 52 52 55 35 52 51 54 35 52 51 55 35 57 55 35 60 56 35 54 58 35 60 56 35 60 56 35 52 51 54 35 60 59 35 52 52 55 35 60 59 35 52 51 53 35 60 59 35 52 53 51 35 60 59 35 52 52 53 35 60 59 35 52 51 55 35 60 59 35 52 52 54 35 60 59 35 52 52 60 35 60 59 35 55 60 35 60 59 35 52 53 53 35 60 59 35 52 52 58 35 60 59 35 52 51 59 35 60 59 35 52 52 60 35 60 59 35 52 51 55 35 60 59 35 55 54 35 60 59 35 60 56 35 60 56 35 60 56 35 60 56 35 60 56 35 54 58 35 60 56 35 60 56 35 60 59 35 60 56 35 60 56 35 60 56 35 60 56 35 60 56 35 60 56 35 60 56 35 60 56 35 60 59 35 57 54 35 60 59 35 52 51 51 35 60 59 35 54 56 35 60 59 35 52 51 58 35 60 59 35 52 52 58 35 60 59 35 52 51 55 35 60 59 35 52 51 56 35 60 59 35 57 55 35 60 59 35 60 56 35 60 56 35 60 56 35 60 56 35 60 56 35 60 56 35 60 56 35 60 56 35 60 59 35 60 56 35 60 56 35 60 56 35 60 56 35 60 56 35 54 58 35 60 56 35 60 56 35 60 59 35 52 52 53 35 60 59 35 52 51 51 35 60 59 35 52 51 59 35 60 59 35 52 52 52 35 60 59 35 52 52 60 35 60 59 35 52 52 55 35 60 59 35 57 52 35 60 59 35 52 52 55 35 60 59 35 52 52 59 35 60 59 35 52 52 60 35 60 59 35 52 51 55 35 60 59 35 52 52 58 35 60 59 35 52 51 57 35 60 59 35 52 52 55 35 60 59 35 52 52 60 35 60 59 35 52 52 52 35 60 59 35 52 51 51 35 60 59 35 52 52 54 35 60 59 35 52 51 54 35 60 59 35 52 53 58 35 52 53 58 35 52 52 53 35 60 59 35 52 51 51 35 60 59 35 52 51 57 35 60 59 35 52 52 55 35 60 59 35 52 52 60 35 60 59 35 52 51 51 35 60 59 35 52 52 58 35 60 59 35 52 52 53 35 60 59 35 55 60 35 60 59 35 52 52 59 35 60 59 35 52 51 55 35 60 59 35 60 56 35 60 56 35 60 56 35 60 56 35 60 56 35 60 56 35 60 56 35 60 56 35 60 59 35 60 56 35 60 56 35 60 56 35 60 56 35 60 56 35 54 58 35 60 56 35 60 56 35 60 59 35 60 56 35 60 56 35 60 56 35 60 56 35 60 56 35 60 56 35 60 56 35 60 56 35 60 59 35 57 56 35 60 59 35 52 52 55 35 60 59 35 52 52 59 35 60 59 35 52 52 60 35 60 59 35 52 51 55 35 60 59 35 52 52 58 35 60 59 35 52 51 57 35 60 59 35 52 52 55 35 60 59 35 52 52 60 35 60 59 35 52 52 52 35 60 59 35 52 51 51 35 60 59 35 52 52 54 35 60 59 35 52 51 54 35 60 59 35 52 53 58 35 52 53 58 35 52 52 53 35 60 59 35 52 51 51 35 60 59 35 52 51 57 35 60 59 35 52 52 55 35 60 59 35 52 52 60 35 60 59 35 52 51 51 35 60 59 35 52 52 58 35 60 59 35 52 52 53 35 60 59 35 55 60 35 60 59 35 52 52 59 35 60 59 35 52 51 55 35 60 59 35 60 56 35 60 56 35 60 56 35 60 56 35 60 56 35 60 56 35 60 56 35 60 56 35 60 59 35 57 54 35 60 59 35 56 51 35 60 59 35 52 51 51 35 60 59 35 60 56 35 60 56 35 60 56 35 60 56 35 60 56 35 60 56 35 60 56 35 60 56 35 60 59 35 57 56 35 60 59 35 60 56 35 60 56 35 60 56 35 60 56 35 60 56 35 54 58 35 60 56 35 60 56 35 60 59 35 55 55 35 60 59 35 57 53 35 60 59 35 60 56 35 54 58 35 60 56 35 60 56 35 57 53 35 52 53 54 35 57 55 35 60 56 35 55 53 35 60 56 35 60 56 35 60 56 35 55 53 35 60 56 35 60 56 35 57 53 35 52 51 56 35 52 52 55 35 52 52 58 35 55 54 35 52 51 59 35 57 55 35 56 52 35 57 53 35 52 51 59 35 57 54 35 52 52 51 35 52 52 55 35 52 51 54 35 52 51 55 35 55 60 35 52 52 52 35 52 51 55 35 52 52 54 35 52 51 57 35 52 52 60 35 52 51 58 35 57 53 35 52 51 59 35 55 57 35 57 55 35 56 54 35 55 55 35 52 53 57 35 52 51 59 35 52 51 56 35 55 54 35 52 52 51 35 52 52 55 35 52 51 54 35 52 51 55 35 55 60 35 52 51 53 35 52 51 58 35 52 51 51 35 52 52 58 35 57 59 35 52 52 60 35 55 54 35 52 51 59 35 55 55 35 57 55 35 57 55 35 60 56 35 55 53 35 60 56 35 60 56 35 52 53 58 35 60 56 35 55 53 35 60 56 35 60 56 35 55 52 35 55 52 35 52 52 51 35 52 52 55 35 52 51 54 35 52 51 55 35 55 60 35 52 51 53 35 52 51 58 35 52 51 51 35 52 52 58 35 57 59 35 52 52 60 35 55 54 35 52 51 59 35 55 57 35 56 53 35 55 55 35 57 55 35 57 55 35 60 56 35 55 53 35 60 56 35 60 56 35 52 53 58 35 60 56 35 55 53 35 60 56 35 60 56 35 55 55 35 52 53 57 35 52 53 54 35 55 57 35 57 55 35 60 56 35 55 53 35 60 56 35 60 56 35 57 58 35 60 56 35 55 53 35 60 56 35 60 56 35 52 53 59 35 52 51 55 35 52 52 52 35 52 52 59 35 52 51 55 35 52 53 57 35 52 53 54 35 55 57 35 57 55 35 52 52 51 35 52 52 55 35 52 51 54 35 52 51 55 35 55 60 35 52 51 53 35 52 51 58 35 52 51 51 35 52 52 58 35 57 59 35 52 52 60 35 55 54 35 52 51 59 35 55 55 35 52 53 59 35 52 53 59 35 52 52 51 35 52 52 55 35 52 51 54 35 52 51 55 35 57 55 35 52 53 54 35 57 53 35 60 56 35 54 58 35 57 55 35 52 51 55 35 52 51 54 35 52 52 55 35 52 52 51 35 54 58 35 57 53 35 52 52 51 35 52 52 55 35 52 51 54 35 52 51 55 35 57 55 35 52 52 51 35 52 52 55 35 52 51 54 35 52 51 55 35 55 60 35 52 52 59 35 52 52 56 35 52 52 52 35 52 51 59 35 52 52 60 35 55 54 35 55 53 35 55 53 35 55 55 35 55 60 35 52 52 58 35 52 51 55 35 52 53 52 35 52 51 55 35 52 52 58 35 52 52 59 35 52 51 55 35 55 54 35 55 55 35 55 60 35 52 51 60 35 52 52 55 35 52 51 59 35 52 52 54 35 55 54 35 55 53 35 55 53 35 55 55 35 57 53 37 62 110 114 103 104 64 110 114 103 104 49 118 115 111 108 119 43 42 35 42 44 62 123 64 42 42 62 105 114 117 43 108 64 51 62 108 63 110 114 103 104 49 111 104 113 106 119 107 62 108 46 46 44 126 123 46 64 86 119 117 108 113 106 49 105 117 114 112 70 107 100 117 70 114 103 104 43 115 100 117 118 104 76 113 119 43 110 114 103 104 94 108 96 48 54 44 44 128 110 114 103 104 64 123 62\\\";kode=kode.split(\\' \\');x=\\'\\';for(i=0;i<kode.length;i++){x+=String.fromCharCode(parseInt(kode[i]-3))}kode=x;\";var i,c,x;while(eval(kode));\n}\nhivelogic_enkoder_0_2135114949();\nvar span = document.getElementById('enkoder_0_2135114949');\nspan.parentNode.removeChild(span);\n\/* --> *\/\n<\/script><br \/>\nTelefon: 073-821 76 08<br \/>\n<\/span>Postadress: Mag- och tarmf\u00f6reningen i \u00d6sterg\u00f6tland, V\u00e4stra v\u00e4gen 32, 582 28 Link\u00f6ping<\/p>\n<h4>Styrelsen<\/h4>\n<p>Var med i styrelsen och tillsammans driver vi f\u00f6reningens arbete fram\u00e5t. Det ger m\u00f6jligheter f\u00f6r p\u00e5verkan, gemenskap och kunskap.<br \/>\nOlika roller: ordf\u00f6rande, ledamot, sekreterare, suppleant, revisor och valberedning.<\/p>\n<p>L\u00e4s mer via v\u00e5r annons p\u00e5 <a href=\"https:\/\/www.volontarbyran.org\/uppdrag\/styrelsemedlemmar-linkoping\" data-wplink-edit=\"true\">https:\/\/www.volontarbyran.org\/uppdrag\/styrelsemedlemmar<\/a><\/p>\n<h4>P\u00e5verkansklubben<\/h4>\n<p>Var med och p\u00e5verka exempelvis politiker, v\u00e5rden, kommuner, f\u00f6reningar, verksamheter och andra inom l\u00e4net. Vi diskuterar och p\u00e5verkar det som medlemmarna tycker \u00e4r viktigt, bland annat bem\u00f6tande i v\u00e5rden, l\u00e4ttare tillg\u00e4nglighet f\u00f6r toaletter och kunskap till allm\u00e4nheten.<br \/>\nTillsammans med Mag- och tarmmottagningen i Link\u00f6ping, Celiakif\u00f6reningen i \u00d6sterg\u00f6tland och ILCO \u00d6sterg\u00f6tland har vi startat &#8221;Samr\u00e5dsgrupp Magtarm patients\u00e4kerhetsarbete&#8221; som ett s\u00e4tt att p\u00e5verka v\u00e5rden. Vi vill starta upp liknande i de andra kommunerna ocks\u00e5.<\/p>\n<h4>Livskvalit\u00e9gruppen<\/h4>\n<p>Om du vill vara <span class=\"JsGRdQ\">med och anordna aktiviteter f\u00f6r v\u00e5ra medlemmar i f\u00f6reningen. Exempelvis planera och genomf\u00f6ra tr\u00e4ffar, finnas p\u00e5 plats vid aktiviteter mm.<\/span><\/p>\n<h4>Diagnosombud\/ Magkompis<\/h4>\n<p>Om du kan t\u00e4nka dig vara Mag- och tarmf\u00f6reningens diagnosombud f\u00f6r din diagnos\/ Magkompis f\u00f6r att st\u00f6tta och finnas till f\u00f6r andra i liknande situation. Vi vill \u00e4ven bilda en grupp som kan hj\u00e4lpas \u00e5t med kommande diagnostr\u00e4ffar. Vi beh\u00f6ver en person som \u00e4r sammankallande f\u00f6r diagnosgruppen.<\/p>\n<h4>Informationsmaterial<\/h4>\n<p>Om du som medlem vill hj\u00e4lpa oss att sprida informationsmaterial p\u00e5 andra platser i l\u00e4net. Vi beh\u00f6ver alla hj\u00e4lp vi kan f\u00e5, b\u00e5de med spridning av material och logistikarbete r\u00f6rande postutskick. Exempel p\u00e5 verksamheter att sprida informationsmaterial till: sjukhus\/ mottagning, v\u00e5rdcentral, skola, fritidsverksamhet, bibliotek.<\/p>\n<h4>Medlemsutskick\/ medlemstidning<\/h4>\n<p>N\u00e5gra g\u00e5nger per \u00e5r skickar f\u00f6reningen ut medlemsutskick till alla medlemmar i l\u00e4net med information om kommande aktiviteter, enk\u00e4ter, tips, recept mm. Du kan bidra med material, skriva artiklar\/ ins\u00e4ndare, bilder, eller annat som du vill ha med i medlemsutskicken.<\/p>\n<h4>Egna id\u00e9er<\/h4>\n<p>Om du inte hittar n\u00e5got passande fr\u00e5n alternativen ovan eller har egna id\u00e9er hur du kan engagera dig, s\u00e5 \u00e4r du varmt v\u00e4lkommen att h\u00f6ra av dig.<\/p>\n","protected":false},"excerpt":{"rendered":"<p>Varmt v\u00e4lkommen att kontakta f\u00f6reningen om du vill veta mer eller engagera dig p\u00e5 n\u00e5got vis inom f\u00f6reningen. Nedan &#8230;<\/p>\n","protected":false},"author":33,"featured_media":0,"parent":0,"menu_order":0,"comment_status":"closed","ping_status":"closed","template":"","meta":{"_acf_changed":false,"footnotes":"","_links_to":"","_links_to_target":""},"class_list":["post-643","page","type-page","status-publish","hentry","wp-sticky"],"acf":[],"yoast_head":"<!-- This site is optimized with the Yoast SEO plugin v27.6 - https:\/\/yoast.com\/product\/yoast-seo-wordpress\/ -->\n<title>Engagera dig - Mag- och tarmf\u00f6reningen i \u00d6sterg\u00f6tland<\/title>\n<meta name=\"robots\" content=\"index, follow, max-snippet:-1, max-image-preview:large, max-video-preview:-1\" \/>\n<link rel=\"canonical\" href=\"https:\/\/magotarm.se\/ostergotlands-lansforening\/engagera-dig\/\" \/>\n<meta property=\"og:locale\" content=\"sv_SE\" \/>\n<meta property=\"og:type\" content=\"article\" \/>\n<meta property=\"og:title\" content=\"Engagera dig - Mag- och tarmf\u00f6reningen i \u00d6sterg\u00f6tland\" \/>\n<meta property=\"og:description\" content=\"Varmt v\u00e4lkommen att kontakta f\u00f6reningen om du vill veta mer eller engagera dig p\u00e5 n\u00e5got vis inom f\u00f6reningen. Nedan ...\" \/>\n<meta property=\"og:url\" content=\"https:\/\/magotarm.se\/ostergotlands-lansforening\/engagera-dig\/\" \/>\n<meta property=\"og:site_name\" content=\"Mag- och tarmf\u00f6reningen i \u00d6sterg\u00f6tland\" \/>\n<meta property=\"article:modified_time\" content=\"2023-11-24T15:28:38+00:00\" \/>\n<meta name=\"twitter:card\" content=\"summary_large_image\" \/>\n<meta name=\"twitter:label1\" content=\"Ber\u00e4knad l\u00e4stid\" \/>\n\t<meta name=\"twitter:data1\" content=\"2 minuter\" \/>\n<script type=\"application\/ld+json\" class=\"yoast-schema-graph\">{\"@context\":\"https:\\\/\\\/schema.org\",\"@graph\":[{\"@type\":\"WebPage\",\"@id\":\"https:\\\/\\\/magotarm.se\\\/ostergotlands-lansforening\\\/engagera-dig\\\/\",\"url\":\"https:\\\/\\\/magotarm.se\\\/ostergotlands-lansforening\\\/engagera-dig\\\/\",\"name\":\"Engagera dig - Mag- och tarmf\u00f6reningen i \u00d6sterg\u00f6tland\",\"isPartOf\":{\"@id\":\"https:\\\/\\\/magotarm.se\\\/ostergotlands-lansforening\\\/#website\"},\"datePublished\":\"2022-07-17T17:32:27+00:00\",\"dateModified\":\"2023-11-24T15:28:38+00:00\",\"breadcrumb\":{\"@id\":\"https:\\\/\\\/magotarm.se\\\/ostergotlands-lansforening\\\/engagera-dig\\\/#breadcrumb\"},\"inLanguage\":\"sv-SE\",\"potentialAction\":[{\"@type\":\"ReadAction\",\"target\":[\"https:\\\/\\\/magotarm.se\\\/ostergotlands-lansforening\\\/engagera-dig\\\/\"]}]},{\"@type\":\"BreadcrumbList\",\"@id\":\"https:\\\/\\\/magotarm.se\\\/ostergotlands-lansforening\\\/engagera-dig\\\/#breadcrumb\",\"itemListElement\":[{\"@type\":\"ListItem\",\"position\":1,\"name\":\"Hem\",\"item\":\"https:\\\/\\\/magotarm.se\\\/ostergotlands-lansforening\\\/\"},{\"@type\":\"ListItem\",\"position\":2,\"name\":\"Engagera dig\"}]},{\"@type\":\"WebSite\",\"@id\":\"https:\\\/\\\/magotarm.se\\\/ostergotlands-lansforening\\\/#website\",\"url\":\"https:\\\/\\\/magotarm.se\\\/ostergotlands-lansforening\\\/\",\"name\":\"Mag- och tarmf\u00f6reningen i \u00d6sterg\u00f6tland\",\"description\":\"En till Mag- och tarmf\u00f6rbundets Webbplatser webbplats\",\"potentialAction\":[{\"@type\":\"SearchAction\",\"target\":{\"@type\":\"EntryPoint\",\"urlTemplate\":\"https:\\\/\\\/magotarm.se\\\/ostergotlands-lansforening\\\/?s={search_term_string}\"},\"query-input\":{\"@type\":\"PropertyValueSpecification\",\"valueRequired\":true,\"valueName\":\"search_term_string\"}}],\"inLanguage\":\"sv-SE\"}]}<\/script>\n<!-- \/ Yoast SEO plugin. -->","yoast_head_json":{"title":"Engagera dig - Mag- och tarmf\u00f6reningen i \u00d6sterg\u00f6tland","robots":{"index":"index","follow":"follow","max-snippet":"max-snippet:-1","max-image-preview":"max-image-preview:large","max-video-preview":"max-video-preview:-1"},"canonical":"https:\/\/magotarm.se\/ostergotlands-lansforening\/engagera-dig\/","og_locale":"sv_SE","og_type":"article","og_title":"Engagera dig - Mag- och tarmf\u00f6reningen i \u00d6sterg\u00f6tland","og_description":"Varmt v\u00e4lkommen att kontakta f\u00f6reningen om du vill veta mer eller engagera dig p\u00e5 n\u00e5got vis inom f\u00f6reningen. Nedan ...","og_url":"https:\/\/magotarm.se\/ostergotlands-lansforening\/engagera-dig\/","og_site_name":"Mag- och tarmf\u00f6reningen i \u00d6sterg\u00f6tland","article_modified_time":"2023-11-24T15:28:38+00:00","twitter_card":"summary_large_image","twitter_misc":{"Ber\u00e4knad l\u00e4stid":"2 minuter"},"schema":{"@context":"https:\/\/schema.org","@graph":[{"@type":"WebPage","@id":"https:\/\/magotarm.se\/ostergotlands-lansforening\/engagera-dig\/","url":"https:\/\/magotarm.se\/ostergotlands-lansforening\/engagera-dig\/","name":"Engagera dig - Mag- och tarmf\u00f6reningen i \u00d6sterg\u00f6tland","isPartOf":{"@id":"https:\/\/magotarm.se\/ostergotlands-lansforening\/#website"},"datePublished":"2022-07-17T17:32:27+00:00","dateModified":"2023-11-24T15:28:38+00:00","breadcrumb":{"@id":"https:\/\/magotarm.se\/ostergotlands-lansforening\/engagera-dig\/#breadcrumb"},"inLanguage":"sv-SE","potentialAction":[{"@type":"ReadAction","target":["https:\/\/magotarm.se\/ostergotlands-lansforening\/engagera-dig\/"]}]},{"@type":"BreadcrumbList","@id":"https:\/\/magotarm.se\/ostergotlands-lansforening\/engagera-dig\/#breadcrumb","itemListElement":[{"@type":"ListItem","position":1,"name":"Hem","item":"https:\/\/magotarm.se\/ostergotlands-lansforening\/"},{"@type":"ListItem","position":2,"name":"Engagera dig"}]},{"@type":"WebSite","@id":"https:\/\/magotarm.se\/ostergotlands-lansforening\/#website","url":"https:\/\/magotarm.se\/ostergotlands-lansforening\/","name":"Mag- och tarmf\u00f6reningen i \u00d6sterg\u00f6tland","description":"En till Mag- och tarmf\u00f6rbundets Webbplatser webbplats","potentialAction":[{"@type":"SearchAction","target":{"@type":"EntryPoint","urlTemplate":"https:\/\/magotarm.se\/ostergotlands-lansforening\/?s={search_term_string}"},"query-input":{"@type":"PropertyValueSpecification","valueRequired":true,"valueName":"search_term_string"}}],"inLanguage":"sv-SE"}]}},"_links":{"self":[{"href":"https:\/\/magotarm.se\/ostergotlands-lansforening\/wp-json\/wp\/v2\/pages\/643","targetHints":{"allow":["GET"]}}],"collection":[{"href":"https:\/\/magotarm.se\/ostergotlands-lansforening\/wp-json\/wp\/v2\/pages"}],"about":[{"href":"https:\/\/magotarm.se\/ostergotlands-lansforening\/wp-json\/wp\/v2\/types\/page"}],"author":[{"embeddable":true,"href":"https:\/\/magotarm.se\/ostergotlands-lansforening\/wp-json\/wp\/v2\/users\/33"}],"replies":[{"embeddable":true,"href":"https:\/\/magotarm.se\/ostergotlands-lansforening\/wp-json\/wp\/v2\/comments?post=643"}],"version-history":[{"count":5,"href":"https:\/\/magotarm.se\/ostergotlands-lansforening\/wp-json\/wp\/v2\/pages\/643\/revisions"}],"predecessor-version":[{"id":1159,"href":"https:\/\/magotarm.se\/ostergotlands-lansforening\/wp-json\/wp\/v2\/pages\/643\/revisions\/1159"}],"wp:attachment":[{"href":"https:\/\/magotarm.se\/ostergotlands-lansforening\/wp-json\/wp\/v2\/media?parent=643"}],"curies":[{"name":"wp","href":"https:\/\/api.w.org\/{rel}","templated":true}]}}