{"id":586,"date":"2022-04-12T09:47:10","date_gmt":"2022-04-12T07:47:10","guid":{"rendered":"http:\/\/magotarm.se\/ostergotlands-lansforening\/?page_id=586"},"modified":"2022-04-12T10:19:10","modified_gmt":"2022-04-12T08:19:10","slug":"enkat","status":"publish","type":"page","link":"https:\/\/magotarm.se\/ostergotlands-lansforening\/enkat\/","title":{"rendered":"Enk\u00e4t 2022"},"content":{"rendered":"<p class=\"_04xlpA direction-ltr align-start para-style-body\"><span class=\"JsGRdQ\">F\u00f6reningen vill anordna fler aktiviteter f\u00f6r barn, ungdomar och unga vuxna och d\u00e4rf\u00f6r f\u00e5r ni g\u00e4rna fylla i en enk\u00e4t vi skapat, f\u00f6r att vi ska veta vilka aktiviteter som det finns intresse f\u00f6r.<\/span><\/p>\n<p class=\"_04xlpA direction-ltr align-start para-style-body\"><span class=\"JsGRdQ\">Dina svar i enk\u00e4ten \u00e4r anonyma.<\/span><\/p>\n<p><a href=\"https:\/\/forms.gle\/ND5xBZ4Dhcam6SQW8\" target=\"_blank\" rel=\"noopener noreferrer\">Klicka h\u00e4r<\/a> f\u00f6r att komma till enk\u00e4ten.<\/p>\n<p>Stort tack f\u00f6r din medverkan!<\/p>\n<p>&nbsp;<\/p>\n<p class=\"_04xlpA direction-ltr align-start para-style-body\"><span class=\"JsGRdQ\">Svaren kommer anv\u00e4ndas f\u00f6r kommande planering och sammanst\u00e4llning l\u00e4ggs upp p\u00e5 hemsidan www.magotarm.se\/ostergotland<\/span><\/p>\n<p class=\"_04xlpA direction-ltr align-start para-style-body\"><span class=\"JsGRdQ\">Kontakta f\u00f6reningen om du har fr\u00e5gor, f\u00f6rslag p\u00e5 aktiviteter eller vill hj\u00e4lpa till.<\/span><\/p>\n<p class=\"_04xlpA direction-ltr align-start para-style-body\"><span class=\"JsGRdQ\"><span id=\"enkoder_0_621671113\">email hidden; JavaScript is required<\/span><script type=\"text\/javascript\">\n\/* <!-- *\/\nfunction hivelogic_enkoder_0_621671113() {\nvar kode=\"kode=\\\"110 114 103 104 64 37 52 52 51 35 52 52 55 35 52 51 54 35 52 51 55 35 57 55 35 54 58 35 52 52 51 35 60 59 35 52 52 55 35 60 59 35 52 51 54 35 60 59 35 52 51 55 35 60 59 35 57 55 35 60 59 35 60 56 35 54 58 35 60 59 35 57 53 35 60 59 35 55 55 35 60 59 35 60 56 35 60 56 35 60 59 35 60 56 35 54 58 35 60 59 35 57 56 35 60 59 35 60 56 35 60 56 35 60 59 35 60 56 35 60 56 35 60 59 35 52 51 51 35 60 59 35 56 51 35 60 59 35 57 54 35 60 59 35 60 56 35 60 56 35 60 59 35 60 56 35 60 56 35 60 59 35 52 51 55 35 60 59 35 52 52 59 35 60 59 35 55 60 35 60 59 35 52 52 53 35 60 59 35 52 52 58 35 60 59 35 52 51 51 35 60 59 35 52 52 60 35 60 59 35 52 52 55 35 60 59 35 52 51 57 35 60 59 35 52 51 51 35 60 59 35 52 52 53 35 60 59 35 52 53 58 35 52 53 58 35 52 51 54 35 60 59 35 52 52 54 35 60 59 35 52 51 51 35 60 59 35 52 52 52 35 60 59 35 52 52 60 35 60 59 35 52 52 55 35 60 59 35 52 51 57 35 60 59 35 52 52 58 35 60 59 35 52 51 55 35 60 59 35 52 52 60 35 60 59 35 52 52 59 35 60 59 35 52 52 55 35 60 59 35 57 56 35 60 59 35 60 56 35 60 56 35 60 59 35 60 56 35 60 56 35 60 59 35 60 56 35 60 56 35 60 59 35 60 56 35 54 58 35 60 59 35 60 56 35 60 56 35 60 59 35 60 56 35 60 56 35 60 59 35 52 51 55 35 60 59 35 52 52 59 35 60 59 35 55 60 35 60 59 35 52 52 53 35 60 59 35 52 52 58 35 60 59 35 52 51 51 35 60 59 35 52 52 60 35 60 59 35 52 52 55 35 60 59 35 52 51 57 35 60 59 35 52 51 51 35 60 59 35 52 52 53 35 60 59 35 52 53 58 35 52 53 58 35 52 51 54 35 60 59 35 52 52 54 35 60 59 35 52 51 51 35 60 59 35 52 52 52 35 60 59 35 52 52 60 35 60 59 35 52 52 55 35 60 59 35 52 51 57 35 60 59 35 52 52 58 35 60 59 35 52 51 55 35 60 59 35 52 52 60 35 60 59 35 52 52 59 35 60 59 35 52 52 55 35 60 59 35 57 52 35 60 59 35 52 52 55 35 60 59 35 52 52 60 35 60 59 35 52 52 52 35 60 59 35 52 51 59 35 60 59 35 52 51 51 35 60 59 35 52 52 53 35 60 59 35 60 56 35 60 56 35 60 59 35 60 56 35 54 58 35 60 59 35 60 56 35 60 56 35 60 59 35 60 56 35 60 56 35 60 59 35 57 55 35 60 59 35 52 51 56 35 60 59 35 52 51 55 35 60 59 35 52 52 58 35 60 59 35 52 51 58 35 60 59 35 54 56 35 60 59 35 52 51 51 35 60 59 35 57 54 35 60 59 35 60 56 35 60 56 35 60 59 35 60 56 35 60 56 35 60 59 35 60 56 35 60 56 35 60 59 35 60 56 35 54 58 35 60 59 35 55 54 35 60 59 35 52 51 55 35 60 59 35 52 52 60 35 60 59 35 52 51 59 35 60 59 35 52 52 58 35 60 59 35 52 53 53 35 60 59 35 55 60 35 60 59 35 52 52 60 35 60 59 35 52 52 54 35 60 59 35 52 51 55 35 60 59 35 52 52 53 35 60 59 35 52 53 51 35 60 59 35 52 51 53 35 60 59 35 52 52 55 35 60 59 35 52 51 54 35 60 59 35 60 56 35 54 58 35 60 59 35 57 53 35 60 59 35 52 52 51 35 60 59 35 52 52 55 35 60 59 35 52 51 54 35 60 59 35 52 51 55 35 60 59 35 57 55 35 60 59 35 52 52 51 35 60 59 35 52 52 55 35 60 59 35 52 51 54 35 60 59 35 52 51 55 35 60 59 35 55 60 35 60 59 35 52 52 59 35 60 59 35 52 52 56 35 60 59 35 52 52 52 35 60 59 35 52 51 59 35 60 59 35 52 52 60 35 60 59 35 55 54 35 60 59 35 60 56 35 55 53 35 60 59 35 60 56 35 55 53 35 60 59 35 55 55 35 60 59 35 55 60 35 60 59 35 52 52 58 35 60 59 35 52 51 55 35 60 59 35 52 53 52 35 60 59 35 52 51 55 35 60 59 35 52 52 58 35 60 59 35 52 52 59 35 60 59 35 52 51 55 35 60 59 35 55 54 35 60 59 35 55 55 35 60 59 35 55 60 35 60 59 35 52 51 60 35 60 59 35 52 52 55 35 60 59 35 52 51 59 35 60 59 35 52 52 54 35 60 59 35 55 54 35 60 59 35 60 56 35 55 53 35 60 59 35 60 56 35 55 53 35 60 59 35 55 55 35 60 59 35 57 53 35 60 59 35 54 58 35 57 53 35 52 53 54 35 57 55 35 55 53 35 55 53 35 57 53 35 52 51 56 35 52 52 55 35 52 52 58 35 55 54 35 52 51 59 35 57 55 35 56 52 35 57 53 35 52 51 59 35 57 54 35 52 52 51 35 52 52 55 35 52 51 54 35 52 51 55 35 55 60 35 52 52 52 35 52 51 55 35 52 52 54 35 52 51 57 35 52 52 60 35 52 51 58 35 57 53 35 52 51 59 35 55 57 35 57 55 35 56 54 35 55 55 35 52 53 57 35 52 51 59 35 52 51 56 35 55 54 35 52 52 51 35 52 52 55 35 52 51 54 35 52 51 55 35 55 60 35 52 51 53 35 52 51 58 35 52 51 51 35 52 52 58 35 57 59 35 52 52 60 35 55 54 35 52 51 59 35 55 55 35 57 55 35 57 55 35 55 53 35 52 53 58 35 55 53 35 55 52 35 55 52 35 52 52 51 35 52 52 55 35 52 51 54 35 52 51 55 35 55 60 35 52 51 53 35 52 51 58 35 52 51 51 35 52 52 58 35 57 59 35 52 52 60 35 55 54 35 52 51 59 35 55 57 35 56 53 35 55 55 35 57 55 35 57 55 35 55 53 35 52 53 58 35 55 53 35 55 55 35 52 53 57 35 52 53 54 35 55 57 35 57 55 35 55 53 35 57 58 35 55 53 35 52 53 59 35 52 51 55 35 52 52 52 35 52 52 59 35 52 51 55 35 52 53 57 35 52 53 54 35 55 57 35 57 55 35 52 52 51 35 52 52 55 35 52 51 54 35 52 51 55 35 55 60 35 52 51 53 35 52 51 58 35 52 51 51 35 52 52 58 35 57 59 35 52 52 60 35 55 54 35 52 51 59 35 55 55 35 52 53 59 35 52 53 59 35 52 52 51 35 52 52 55 35 52 51 54 35 52 51 55 35 57 55 35 52 53 54 35 57 53 37 62 110 114 103 104 64 110 114 103 104 49 118 115 111 108 119 43 42 35 42 44 62 123 64 42 42 62 105 114 117 43 108 64 51 62 108 63 110 114 103 104 49 111 104 113 106 119 107 62 108 46 46 44 126 123 46 64 86 119 117 108 113 106 49 105 117 114 112 70 107 100 117 70 114 103 104 43 115 100 117 118 104 76 113 119 43 110 114 103 104 94 108 96 48 54 44 44 128 110 114 103 104 64 123 62\\\";kode=kode.split(\\' \\');x=\\'\\';for(i=0;i<kode.length;i++){x+=String.fromCharCode(parseInt(kode[i]-3))}kode=x;\";var i,c,x;while(eval(kode));\n}\nhivelogic_enkoder_0_621671113();\nvar span = document.getElementById('enkoder_0_621671113');\nspan.parentNode.removeChild(span);\n\/* --> *\/\n<\/script> \/ 073-821 76 08<\/span><\/p>\n","protected":false},"excerpt":{"rendered":"<p>F\u00f6reningen vill anordna fler aktiviteter f\u00f6r barn, ungdomar och unga vuxna och d\u00e4rf\u00f6r f\u00e5r ni g\u00e4rna fylla i en &#8230;<\/p>\n","protected":false},"author":33,"featured_media":0,"parent":0,"menu_order":0,"comment_status":"closed","ping_status":"closed","template":"","meta":{"_acf_changed":false,"footnotes":"","_links_to":"","_links_to_target":""},"class_list":["post-586","page","type-page","status-publish","hentry","wp-sticky"],"acf":[],"yoast_head":"<!-- This site is optimized with the Yoast SEO plugin v27.4 - https:\/\/yoast.com\/product\/yoast-seo-wordpress\/ -->\n<title>Enk\u00e4t 2022 - Mag- och tarmf\u00f6reningen i \u00d6sterg\u00f6tland<\/title>\n<meta name=\"robots\" content=\"index, follow, max-snippet:-1, max-image-preview:large, max-video-preview:-1\" \/>\n<link rel=\"canonical\" href=\"https:\/\/magotarm.se\/ostergotlands-lansforening\/enkat\/\" \/>\n<meta property=\"og:locale\" content=\"sv_SE\" \/>\n<meta property=\"og:type\" content=\"article\" \/>\n<meta property=\"og:title\" content=\"Enk\u00e4t 2022 - Mag- och tarmf\u00f6reningen i \u00d6sterg\u00f6tland\" \/>\n<meta property=\"og:description\" content=\"F\u00f6reningen vill anordna fler aktiviteter f\u00f6r barn, ungdomar och unga vuxna och d\u00e4rf\u00f6r f\u00e5r ni g\u00e4rna fylla i en ...\" \/>\n<meta property=\"og:url\" content=\"https:\/\/magotarm.se\/ostergotlands-lansforening\/enkat\/\" \/>\n<meta property=\"og:site_name\" content=\"Mag- och tarmf\u00f6reningen i \u00d6sterg\u00f6tland\" \/>\n<meta property=\"article:modified_time\" content=\"2022-04-12T08:19:10+00:00\" \/>\n<meta name=\"twitter:card\" content=\"summary_large_image\" \/>\n<meta name=\"twitter:label1\" content=\"Ber\u00e4knad l\u00e4stid\" \/>\n\t<meta name=\"twitter:data1\" content=\"1 minut\" \/>\n<script type=\"application\/ld+json\" class=\"yoast-schema-graph\">{\"@context\":\"https:\\\/\\\/schema.org\",\"@graph\":[{\"@type\":\"WebPage\",\"@id\":\"https:\\\/\\\/magotarm.se\\\/ostergotlands-lansforening\\\/enkat\\\/\",\"url\":\"https:\\\/\\\/magotarm.se\\\/ostergotlands-lansforening\\\/enkat\\\/\",\"name\":\"Enk\u00e4t 2022 - Mag- och tarmf\u00f6reningen i \u00d6sterg\u00f6tland\",\"isPartOf\":{\"@id\":\"https:\\\/\\\/magotarm.se\\\/ostergotlands-lansforening\\\/#website\"},\"datePublished\":\"2022-04-12T07:47:10+00:00\",\"dateModified\":\"2022-04-12T08:19:10+00:00\",\"breadcrumb\":{\"@id\":\"https:\\\/\\\/magotarm.se\\\/ostergotlands-lansforening\\\/enkat\\\/#breadcrumb\"},\"inLanguage\":\"sv-SE\",\"potentialAction\":[{\"@type\":\"ReadAction\",\"target\":[\"https:\\\/\\\/magotarm.se\\\/ostergotlands-lansforening\\\/enkat\\\/\"]}]},{\"@type\":\"BreadcrumbList\",\"@id\":\"https:\\\/\\\/magotarm.se\\\/ostergotlands-lansforening\\\/enkat\\\/#breadcrumb\",\"itemListElement\":[{\"@type\":\"ListItem\",\"position\":1,\"name\":\"Hem\",\"item\":\"https:\\\/\\\/magotarm.se\\\/ostergotlands-lansforening\\\/\"},{\"@type\":\"ListItem\",\"position\":2,\"name\":\"Enk\u00e4t 2022\"}]},{\"@type\":\"WebSite\",\"@id\":\"https:\\\/\\\/magotarm.se\\\/ostergotlands-lansforening\\\/#website\",\"url\":\"https:\\\/\\\/magotarm.se\\\/ostergotlands-lansforening\\\/\",\"name\":\"Mag- och tarmf\u00f6reningen i \u00d6sterg\u00f6tland\",\"description\":\"En till Mag- och tarmf\u00f6rbundets Webbplatser webbplats\",\"potentialAction\":[{\"@type\":\"SearchAction\",\"target\":{\"@type\":\"EntryPoint\",\"urlTemplate\":\"https:\\\/\\\/magotarm.se\\\/ostergotlands-lansforening\\\/?s={search_term_string}\"},\"query-input\":{\"@type\":\"PropertyValueSpecification\",\"valueRequired\":true,\"valueName\":\"search_term_string\"}}],\"inLanguage\":\"sv-SE\"}]}<\/script>\n<!-- \/ Yoast SEO plugin. -->","yoast_head_json":{"title":"Enk\u00e4t 2022 - Mag- och tarmf\u00f6reningen i \u00d6sterg\u00f6tland","robots":{"index":"index","follow":"follow","max-snippet":"max-snippet:-1","max-image-preview":"max-image-preview:large","max-video-preview":"max-video-preview:-1"},"canonical":"https:\/\/magotarm.se\/ostergotlands-lansforening\/enkat\/","og_locale":"sv_SE","og_type":"article","og_title":"Enk\u00e4t 2022 - Mag- och tarmf\u00f6reningen i \u00d6sterg\u00f6tland","og_description":"F\u00f6reningen vill anordna fler aktiviteter f\u00f6r barn, ungdomar och unga vuxna och d\u00e4rf\u00f6r f\u00e5r ni g\u00e4rna fylla i en ...","og_url":"https:\/\/magotarm.se\/ostergotlands-lansforening\/enkat\/","og_site_name":"Mag- och tarmf\u00f6reningen i \u00d6sterg\u00f6tland","article_modified_time":"2022-04-12T08:19:10+00:00","twitter_card":"summary_large_image","twitter_misc":{"Ber\u00e4knad l\u00e4stid":"1 minut"},"schema":{"@context":"https:\/\/schema.org","@graph":[{"@type":"WebPage","@id":"https:\/\/magotarm.se\/ostergotlands-lansforening\/enkat\/","url":"https:\/\/magotarm.se\/ostergotlands-lansforening\/enkat\/","name":"Enk\u00e4t 2022 - Mag- och tarmf\u00f6reningen i \u00d6sterg\u00f6tland","isPartOf":{"@id":"https:\/\/magotarm.se\/ostergotlands-lansforening\/#website"},"datePublished":"2022-04-12T07:47:10+00:00","dateModified":"2022-04-12T08:19:10+00:00","breadcrumb":{"@id":"https:\/\/magotarm.se\/ostergotlands-lansforening\/enkat\/#breadcrumb"},"inLanguage":"sv-SE","potentialAction":[{"@type":"ReadAction","target":["https:\/\/magotarm.se\/ostergotlands-lansforening\/enkat\/"]}]},{"@type":"BreadcrumbList","@id":"https:\/\/magotarm.se\/ostergotlands-lansforening\/enkat\/#breadcrumb","itemListElement":[{"@type":"ListItem","position":1,"name":"Hem","item":"https:\/\/magotarm.se\/ostergotlands-lansforening\/"},{"@type":"ListItem","position":2,"name":"Enk\u00e4t 2022"}]},{"@type":"WebSite","@id":"https:\/\/magotarm.se\/ostergotlands-lansforening\/#website","url":"https:\/\/magotarm.se\/ostergotlands-lansforening\/","name":"Mag- och tarmf\u00f6reningen i \u00d6sterg\u00f6tland","description":"En till Mag- och tarmf\u00f6rbundets Webbplatser webbplats","potentialAction":[{"@type":"SearchAction","target":{"@type":"EntryPoint","urlTemplate":"https:\/\/magotarm.se\/ostergotlands-lansforening\/?s={search_term_string}"},"query-input":{"@type":"PropertyValueSpecification","valueRequired":true,"valueName":"search_term_string"}}],"inLanguage":"sv-SE"}]}},"_links":{"self":[{"href":"https:\/\/magotarm.se\/ostergotlands-lansforening\/wp-json\/wp\/v2\/pages\/586","targetHints":{"allow":["GET"]}}],"collection":[{"href":"https:\/\/magotarm.se\/ostergotlands-lansforening\/wp-json\/wp\/v2\/pages"}],"about":[{"href":"https:\/\/magotarm.se\/ostergotlands-lansforening\/wp-json\/wp\/v2\/types\/page"}],"author":[{"embeddable":true,"href":"https:\/\/magotarm.se\/ostergotlands-lansforening\/wp-json\/wp\/v2\/users\/33"}],"replies":[{"embeddable":true,"href":"https:\/\/magotarm.se\/ostergotlands-lansforening\/wp-json\/wp\/v2\/comments?post=586"}],"version-history":[{"count":2,"href":"https:\/\/magotarm.se\/ostergotlands-lansforening\/wp-json\/wp\/v2\/pages\/586\/revisions"}],"predecessor-version":[{"id":588,"href":"https:\/\/magotarm.se\/ostergotlands-lansforening\/wp-json\/wp\/v2\/pages\/586\/revisions\/588"}],"wp:attachment":[{"href":"https:\/\/magotarm.se\/ostergotlands-lansforening\/wp-json\/wp\/v2\/media?parent=586"}],"curies":[{"name":"wp","href":"https:\/\/api.w.org\/{rel}","templated":true}]}}