{"id":240,"date":"2016-10-02T21:46:02","date_gmt":"2016-10-02T19:46:02","guid":{"rendered":"http:\/\/magotarm.se\/ostergotlands-lansforening\/?page_id=240"},"modified":"2025-09-05T10:28:29","modified_gmt":"2025-09-05T08:28:29","slug":"armband","status":"publish","type":"page","link":"https:\/\/magotarm.se\/ostergotlands-lansforening\/armband\/","title":{"rendered":"Best\u00e4ll armband"},"content":{"rendered":"<img loading=\"lazy\" decoding=\"async\" class=\"wp-image-942 aligncenter\" src=\"http:\/\/magotarm.se\/ostergotlands-lansforening\/wp-content\/uploads\/sites\/28\/2023\/06\/thumb_IMG_1154_1024.jpg\" alt=\"\" width=\"446\" height=\"334\" srcset=\"https:\/\/magotarm.se\/ostergotlands-lansforening\/wp-content\/uploads\/sites\/28\/2023\/06\/thumb_IMG_1154_1024.jpg 1024w, https:\/\/magotarm.se\/ostergotlands-lansforening\/wp-content\/uploads\/sites\/28\/2023\/06\/thumb_IMG_1154_1024-300x225.jpg 300w, https:\/\/magotarm.se\/ostergotlands-lansforening\/wp-content\/uploads\/sites\/28\/2023\/06\/thumb_IMG_1154_1024-768x576.jpg 768w\" sizes=\"auto, (max-width: 446px) 100vw, 446px\" \/>\n<p>F\u00f6reningen s\u00e4ljer armband med texten &#8221;<strong>prata mage<\/strong>&#8221;.<\/p>\n<p>Armbanden kostar <strong>100 kr styck exkl frakt (armband inkl frakt 122 kr styck)<\/strong>.<br \/>\nAv pengarna som vi f\u00e5r in g\u00e5r 50 kr till Mag- och tarmf\u00f6reningen i \u00d6sterg\u00f6tland och 50 kr sk\u00e4nks till forskning genom Mag- och tarmfonden.<\/p>\n<p>Fyll i formul\u00e4ret nedan och betala in till oss p\u00e5 Swishnummer 1<span class=\"JsGRdQ\">23 633 99 49 eller bankgiro 69 58 89-6. Ange ditt namn som meddelande.<\/span><\/p>\n<p><a href=\"https:\/\/forms.office.com\/e\/jhuAmNeiiZ\" target=\"_blank\" rel=\"noopener noreferrer\">Klicka h\u00e4r f\u00f6r formul\u00e4ret f\u00f6r att g\u00f6ra en best\u00e4llning.<\/a><\/p>\n<p>Tack f\u00f6r ditt bidrag.<\/p>\n<p>N\u00e4r vi f\u00e5tt in pengarna skickar vi best\u00e4llningen inom 2 veckor.<\/p>\n<p><strong>Beskrivning:<\/strong> Armband med vita bokstavsp\u00e4rlor med texten &#8221;prata mage&#8221; och \u00f6vriga p\u00e4rlor i olika f\u00e4rger. Notera att f\u00e4rgkombinationerna kan skilja n\u00e5got gentemot bilden d\u00e5 varje armband tillverkas f\u00f6r hand.<\/p>\n<p>Vi \u00e5terkommer l\u00e4ngre fram om vi kan g\u00f6ra armband med andra texter te.x &#8221;fight IBD&#8221; och &#8221;fight IBS&#8221; samt i olika storlekar.<\/p>\n<p>H\u00f6r av dig till f\u00f6reningen om du vill hj\u00e4lpa till att p\u00e4rla armband.<\/p>\n<p class=\"_04xlpA direction-ltr align-center para-style-body\"><span class=\"JsGRdQ\">Synligg\u00f6r mag- och tarmbesv\u00e4r samtidigt som du st\u00f6djer f\u00f6reningen och Mag- och tarmfonden.<\/span><\/p>\n<p><em>Senast uppdaterad: 10 december 2022<\/em><\/p>\n","protected":false},"excerpt":{"rendered":"<p>F\u00f6reningen s\u00e4ljer armband med texten &#8221;prata mage&#8221;. Armbanden kostar 100 kr styck exkl frakt (armband inkl frakt 122 kr &#8230;<\/p>\n","protected":false},"author":33,"featured_media":0,"parent":0,"menu_order":0,"comment_status":"closed","ping_status":"closed","template":"","meta":{"_acf_changed":false,"footnotes":"","_links_to":"","_links_to_target":""},"class_list":["post-240","page","type-page","status-publish","hentry","wp-sticky"],"acf":[],"yoast_head":"<!-- This site is optimized with the Yoast SEO plugin v27.3 - https:\/\/yoast.com\/product\/yoast-seo-wordpress\/ -->\n<title>Best\u00e4ll armband - Mag- och tarmf\u00f6reningen i \u00d6sterg\u00f6tland<\/title>\n<meta name=\"robots\" content=\"index, follow, max-snippet:-1, max-image-preview:large, max-video-preview:-1\" \/>\n<link rel=\"canonical\" href=\"https:\/\/magotarm.se\/ostergotlands-lansforening\/armband\/\" \/>\n<meta property=\"og:locale\" content=\"sv_SE\" \/>\n<meta property=\"og:type\" content=\"article\" \/>\n<meta property=\"og:title\" content=\"Best\u00e4ll armband - Mag- och tarmf\u00f6reningen i \u00d6sterg\u00f6tland\" \/>\n<meta property=\"og:description\" content=\"F\u00f6reningen s\u00e4ljer armband med texten &#8221;prata mage&#8221;. Armbanden kostar 100 kr styck exkl frakt (armband inkl frakt 122 kr ...\" \/>\n<meta property=\"og:url\" content=\"https:\/\/magotarm.se\/ostergotlands-lansforening\/armband\/\" \/>\n<meta property=\"og:site_name\" content=\"Mag- och tarmf\u00f6reningen i \u00d6sterg\u00f6tland\" \/>\n<meta property=\"article:modified_time\" content=\"2025-09-05T08:28:29+00:00\" \/>\n<meta property=\"og:image\" content=\"https:\/\/magotarm.se\/ostergotlands-lansforening\/wp-content\/uploads\/sites\/28\/2023\/06\/thumb_IMG_1154_1024.jpg\" \/>\n\t<meta property=\"og:image:width\" content=\"1024\" \/>\n\t<meta property=\"og:image:height\" content=\"768\" \/>\n\t<meta property=\"og:image:type\" content=\"image\/jpeg\" \/>\n<meta name=\"twitter:card\" content=\"summary_large_image\" \/>\n<meta name=\"twitter:label1\" content=\"Ber\u00e4knad l\u00e4stid\" \/>\n\t<meta name=\"twitter:data1\" content=\"2 minuter\" \/>\n<script type=\"application\/ld+json\" class=\"yoast-schema-graph\">{\"@context\":\"https:\\\/\\\/schema.org\",\"@graph\":[{\"@type\":\"WebPage\",\"@id\":\"https:\\\/\\\/magotarm.se\\\/ostergotlands-lansforening\\\/armband\\\/\",\"url\":\"https:\\\/\\\/magotarm.se\\\/ostergotlands-lansforening\\\/armband\\\/\",\"name\":\"Best\u00e4ll armband - Mag- och tarmf\u00f6reningen i \u00d6sterg\u00f6tland\",\"isPartOf\":{\"@id\":\"https:\\\/\\\/magotarm.se\\\/ostergotlands-lansforening\\\/#website\"},\"primaryImageOfPage\":{\"@id\":\"https:\\\/\\\/magotarm.se\\\/ostergotlands-lansforening\\\/armband\\\/#primaryimage\"},\"image\":{\"@id\":\"https:\\\/\\\/magotarm.se\\\/ostergotlands-lansforening\\\/armband\\\/#primaryimage\"},\"thumbnailUrl\":\"http:\\\/\\\/magotarm.se\\\/ostergotlands-lansforening\\\/wp-content\\\/uploads\\\/sites\\\/28\\\/2023\\\/06\\\/thumb_IMG_1154_1024.jpg\",\"datePublished\":\"2016-10-02T19:46:02+00:00\",\"dateModified\":\"2025-09-05T08:28:29+00:00\",\"breadcrumb\":{\"@id\":\"https:\\\/\\\/magotarm.se\\\/ostergotlands-lansforening\\\/armband\\\/#breadcrumb\"},\"inLanguage\":\"sv-SE\",\"potentialAction\":[{\"@type\":\"ReadAction\",\"target\":[\"https:\\\/\\\/magotarm.se\\\/ostergotlands-lansforening\\\/armband\\\/\"]}]},{\"@type\":\"ImageObject\",\"inLanguage\":\"sv-SE\",\"@id\":\"https:\\\/\\\/magotarm.se\\\/ostergotlands-lansforening\\\/armband\\\/#primaryimage\",\"url\":\"http:\\\/\\\/magotarm.se\\\/ostergotlands-lansforening\\\/wp-content\\\/uploads\\\/sites\\\/28\\\/2023\\\/06\\\/thumb_IMG_1154_1024.jpg\",\"contentUrl\":\"http:\\\/\\\/magotarm.se\\\/ostergotlands-lansforening\\\/wp-content\\\/uploads\\\/sites\\\/28\\\/2023\\\/06\\\/thumb_IMG_1154_1024.jpg\"},{\"@type\":\"BreadcrumbList\",\"@id\":\"https:\\\/\\\/magotarm.se\\\/ostergotlands-lansforening\\\/armband\\\/#breadcrumb\",\"itemListElement\":[{\"@type\":\"ListItem\",\"position\":1,\"name\":\"Hem\",\"item\":\"https:\\\/\\\/magotarm.se\\\/ostergotlands-lansforening\\\/\"},{\"@type\":\"ListItem\",\"position\":2,\"name\":\"Best\u00e4ll armband\"}]},{\"@type\":\"WebSite\",\"@id\":\"https:\\\/\\\/magotarm.se\\\/ostergotlands-lansforening\\\/#website\",\"url\":\"https:\\\/\\\/magotarm.se\\\/ostergotlands-lansforening\\\/\",\"name\":\"Mag- och tarmf\u00f6reningen i \u00d6sterg\u00f6tland\",\"description\":\"En till Mag- och tarmf\u00f6rbundets Webbplatser webbplats\",\"potentialAction\":[{\"@type\":\"SearchAction\",\"target\":{\"@type\":\"EntryPoint\",\"urlTemplate\":\"https:\\\/\\\/magotarm.se\\\/ostergotlands-lansforening\\\/?s={search_term_string}\"},\"query-input\":{\"@type\":\"PropertyValueSpecification\",\"valueRequired\":true,\"valueName\":\"search_term_string\"}}],\"inLanguage\":\"sv-SE\"}]}<\/script>\n<!-- \/ Yoast SEO plugin. -->","yoast_head_json":{"title":"Best\u00e4ll armband - Mag- och tarmf\u00f6reningen i \u00d6sterg\u00f6tland","robots":{"index":"index","follow":"follow","max-snippet":"max-snippet:-1","max-image-preview":"max-image-preview:large","max-video-preview":"max-video-preview:-1"},"canonical":"https:\/\/magotarm.se\/ostergotlands-lansforening\/armband\/","og_locale":"sv_SE","og_type":"article","og_title":"Best\u00e4ll armband - Mag- och tarmf\u00f6reningen i \u00d6sterg\u00f6tland","og_description":"F\u00f6reningen s\u00e4ljer armband med texten &#8221;prata mage&#8221;. Armbanden kostar 100 kr styck exkl frakt (armband inkl frakt 122 kr ...","og_url":"https:\/\/magotarm.se\/ostergotlands-lansforening\/armband\/","og_site_name":"Mag- och tarmf\u00f6reningen i \u00d6sterg\u00f6tland","article_modified_time":"2025-09-05T08:28:29+00:00","og_image":[{"width":1024,"height":768,"url":"https:\/\/magotarm.se\/ostergotlands-lansforening\/wp-content\/uploads\/sites\/28\/2023\/06\/thumb_IMG_1154_1024.jpg","type":"image\/jpeg"}],"twitter_card":"summary_large_image","twitter_misc":{"Ber\u00e4knad l\u00e4stid":"2 minuter"},"schema":{"@context":"https:\/\/schema.org","@graph":[{"@type":"WebPage","@id":"https:\/\/magotarm.se\/ostergotlands-lansforening\/armband\/","url":"https:\/\/magotarm.se\/ostergotlands-lansforening\/armband\/","name":"Best\u00e4ll armband - Mag- och tarmf\u00f6reningen i \u00d6sterg\u00f6tland","isPartOf":{"@id":"https:\/\/magotarm.se\/ostergotlands-lansforening\/#website"},"primaryImageOfPage":{"@id":"https:\/\/magotarm.se\/ostergotlands-lansforening\/armband\/#primaryimage"},"image":{"@id":"https:\/\/magotarm.se\/ostergotlands-lansforening\/armband\/#primaryimage"},"thumbnailUrl":"http:\/\/magotarm.se\/ostergotlands-lansforening\/wp-content\/uploads\/sites\/28\/2023\/06\/thumb_IMG_1154_1024.jpg","datePublished":"2016-10-02T19:46:02+00:00","dateModified":"2025-09-05T08:28:29+00:00","breadcrumb":{"@id":"https:\/\/magotarm.se\/ostergotlands-lansforening\/armband\/#breadcrumb"},"inLanguage":"sv-SE","potentialAction":[{"@type":"ReadAction","target":["https:\/\/magotarm.se\/ostergotlands-lansforening\/armband\/"]}]},{"@type":"ImageObject","inLanguage":"sv-SE","@id":"https:\/\/magotarm.se\/ostergotlands-lansforening\/armband\/#primaryimage","url":"http:\/\/magotarm.se\/ostergotlands-lansforening\/wp-content\/uploads\/sites\/28\/2023\/06\/thumb_IMG_1154_1024.jpg","contentUrl":"http:\/\/magotarm.se\/ostergotlands-lansforening\/wp-content\/uploads\/sites\/28\/2023\/06\/thumb_IMG_1154_1024.jpg"},{"@type":"BreadcrumbList","@id":"https:\/\/magotarm.se\/ostergotlands-lansforening\/armband\/#breadcrumb","itemListElement":[{"@type":"ListItem","position":1,"name":"Hem","item":"https:\/\/magotarm.se\/ostergotlands-lansforening\/"},{"@type":"ListItem","position":2,"name":"Best\u00e4ll armband"}]},{"@type":"WebSite","@id":"https:\/\/magotarm.se\/ostergotlands-lansforening\/#website","url":"https:\/\/magotarm.se\/ostergotlands-lansforening\/","name":"Mag- och tarmf\u00f6reningen i \u00d6sterg\u00f6tland","description":"En till Mag- och tarmf\u00f6rbundets Webbplatser webbplats","potentialAction":[{"@type":"SearchAction","target":{"@type":"EntryPoint","urlTemplate":"https:\/\/magotarm.se\/ostergotlands-lansforening\/?s={search_term_string}"},"query-input":{"@type":"PropertyValueSpecification","valueRequired":true,"valueName":"search_term_string"}}],"inLanguage":"sv-SE"}]}},"_links":{"self":[{"href":"https:\/\/magotarm.se\/ostergotlands-lansforening\/wp-json\/wp\/v2\/pages\/240","targetHints":{"allow":["GET"]}}],"collection":[{"href":"https:\/\/magotarm.se\/ostergotlands-lansforening\/wp-json\/wp\/v2\/pages"}],"about":[{"href":"https:\/\/magotarm.se\/ostergotlands-lansforening\/wp-json\/wp\/v2\/types\/page"}],"author":[{"embeddable":true,"href":"https:\/\/magotarm.se\/ostergotlands-lansforening\/wp-json\/wp\/v2\/users\/33"}],"replies":[{"embeddable":true,"href":"https:\/\/magotarm.se\/ostergotlands-lansforening\/wp-json\/wp\/v2\/comments?post=240"}],"version-history":[{"count":17,"href":"https:\/\/magotarm.se\/ostergotlands-lansforening\/wp-json\/wp\/v2\/pages\/240\/revisions"}],"predecessor-version":[{"id":1417,"href":"https:\/\/magotarm.se\/ostergotlands-lansforening\/wp-json\/wp\/v2\/pages\/240\/revisions\/1417"}],"wp:attachment":[{"href":"https:\/\/magotarm.se\/ostergotlands-lansforening\/wp-json\/wp\/v2\/media?parent=240"}],"curies":[{"name":"wp","href":"https:\/\/api.w.org\/{rel}","templated":true}]}}