{"id":16,"date":"2015-11-02T15:17:11","date_gmt":"2015-11-02T14:17:11","guid":{"rendered":"http:\/\/magotarm.se\/ostergotlands-lansforening\/?page_id=16"},"modified":"2025-04-14T19:48:04","modified_gmt":"2025-04-14T17:48:04","slug":"om-oss","status":"publish","type":"page","link":"https:\/\/magotarm.se\/ostergotlands-lansforening\/vilka-vi-ar\/om-oss\/","title":{"rendered":"Om oss"},"content":{"rendered":"<div class=\"page\" title=\"Page 2\">\n<div class=\"section\">\n<div class=\"layoutArea\">\n<div class=\"column\">\n<p><strong>Mag- och tarmfo\u0308reningen i O\u0308stergo\u0308tland a\u0308r en la\u0308nsfo\u0308rening inom Mag- och tarmfo\u0308rbundet som arbetar fo\u0308r att ma\u0308nniskor med varaktiga funktionsnedsa\u0308ttningar, till fo\u0308ljd av sjukdomar, skador eller sto\u0308rningar i matsma\u0308ltningskanalen och ba\u0308ckenbotten skall kunna leva ett liv som sa\u030a lite som mo\u0308jligt styrs och begra\u0308nsas av funktionsnedsa\u0308ttningen samt fa\u030a den hja\u0308lp och det sto\u0308d man beho\u0308ver pa\u030a grund av sin funktionsnedsa\u0308ttning.<\/strong><br \/>\nSom medlem i f\u00f6reningen f\u00e5r du m\u00f6jlighet att tr\u00e4ffa andra i samma situation f\u00f6r erfarenhetsutbyte och ny kunskap.<\/p>\n<\/div>\n<\/div>\n<\/div>\n<\/div>\n<p>Vi arbetar ocks\u00e5 med att informera och p\u00e5verka politiker, v\u00e5rden och samh\u00e4llet.<\/p>\n<p>Fr\u00e5n f\u00f6reningen f\u00e5r du under \u00e5ret v\u00e5rt medlemsutskick med information om kommande aktiviteter och vad som \u00e4r p\u00e5 g\u00e5ng i f\u00f6reningen.<\/p>\n<p>Som medlem f\u00e5r du tidningen Allt om mage 4 g\u00e5nger om \u00e5ret som ges ut av f\u00f6rbundet.\u00a0Den inneh\u00e5ller aktuell information om behandling, forskning, samh\u00e4llsfr\u00e5gor och om f\u00f6rbundets verksamhet.\u00a0Du f\u00e5r l\u00f6pande information om v\u00e5rd och behandling, socialf\u00f6rs\u00e4kringsfr\u00e5gor, kost och andra aktuella fr\u00e5gor.<\/p>\n<p>Medlemsavgiften \u00e4r 250 kr per \u00e5r<br \/>\nFamiljemedlem betalar 50 kr (Familjemedlem = person inom familjen som har samma adress.)<br \/>\nSt\u00f6dmedlem betalar 250 kr (St\u00f6dmedlem = person som vill st\u00f6dja Mag- och tarmf\u00f6rbundet.)<br \/>\nMedlemsavgift inbetald efter 1 oktober avser efterf\u00f6ljande kalender\u00e5r.<\/p>\n<p><strong>St\u00f6tta f\u00f6reningen:<\/strong><\/p>\n<p>Plusgiro: 69 58 89-6<br \/>\nSwish-nummer: 123 633 99 49<\/p>\n","protected":false},"excerpt":{"rendered":"<p>Mag- och tarmfo\u0308reningen i O\u0308stergo\u0308tland a\u0308r en la\u0308nsfo\u0308rening inom Mag- och tarmfo\u0308rbundet som arbetar fo\u0308r att ma\u0308nniskor med varaktiga &#8230;<\/p>\n","protected":false},"author":3,"featured_media":39,"parent":148,"menu_order":1,"comment_status":"closed","ping_status":"closed","template":"","meta":{"_acf_changed":false,"footnotes":"","_links_to":"","_links_to_target":""},"class_list":["post-16","page","type-page","status-publish","has-post-thumbnail","hentry","wp-sticky"],"acf":[],"yoast_head":"<!-- This site is optimized with the Yoast SEO plugin v27.3 - https:\/\/yoast.com\/product\/yoast-seo-wordpress\/ -->\n<title>Om oss - Mag- och tarmf\u00f6reningen i \u00d6sterg\u00f6tland<\/title>\n<meta name=\"robots\" content=\"index, follow, max-snippet:-1, max-image-preview:large, max-video-preview:-1\" \/>\n<link rel=\"canonical\" href=\"https:\/\/magotarm.se\/ostergotlands-lansforening\/vilka-vi-ar\/om-oss\/\" \/>\n<meta property=\"og:locale\" content=\"sv_SE\" \/>\n<meta property=\"og:type\" content=\"article\" \/>\n<meta property=\"og:title\" content=\"Om oss - Mag- och tarmf\u00f6reningen i \u00d6sterg\u00f6tland\" \/>\n<meta property=\"og:description\" content=\"Mag- och tarmfo\u0308reningen i O\u0308stergo\u0308tland a\u0308r en la\u0308nsfo\u0308rening inom Mag- och tarmfo\u0308rbundet som arbetar fo\u0308r att ma\u0308nniskor med varaktiga ...\" \/>\n<meta property=\"og:url\" content=\"https:\/\/magotarm.se\/ostergotlands-lansforening\/vilka-vi-ar\/om-oss\/\" \/>\n<meta property=\"og:site_name\" content=\"Mag- och tarmf\u00f6reningen i \u00d6sterg\u00f6tland\" \/>\n<meta property=\"article:modified_time\" content=\"2025-04-14T17:48:04+00:00\" \/>\n<meta property=\"og:image\" content=\"https:\/\/magotarm.se\/ostergotlands-lansforening\/wp-content\/uploads\/sites\/28\/2015\/10\/Bli-medlem_2.jpg\" \/>\n\t<meta property=\"og:image:width\" content=\"667\" \/>\n\t<meta property=\"og:image:height\" content=\"667\" \/>\n\t<meta property=\"og:image:type\" content=\"image\/jpeg\" \/>\n<meta name=\"twitter:card\" content=\"summary_large_image\" \/>\n<meta name=\"twitter:label1\" content=\"Ber\u00e4knad l\u00e4stid\" \/>\n\t<meta name=\"twitter:data1\" content=\"2 minuter\" \/>\n<script type=\"application\/ld+json\" class=\"yoast-schema-graph\">{\"@context\":\"https:\\\/\\\/schema.org\",\"@graph\":[{\"@type\":\"WebPage\",\"@id\":\"https:\\\/\\\/magotarm.se\\\/ostergotlands-lansforening\\\/vilka-vi-ar\\\/om-oss\\\/\",\"url\":\"https:\\\/\\\/magotarm.se\\\/ostergotlands-lansforening\\\/vilka-vi-ar\\\/om-oss\\\/\",\"name\":\"Om oss - Mag- och tarmf\u00f6reningen i \u00d6sterg\u00f6tland\",\"isPartOf\":{\"@id\":\"https:\\\/\\\/magotarm.se\\\/ostergotlands-lansforening\\\/#website\"},\"primaryImageOfPage\":{\"@id\":\"https:\\\/\\\/magotarm.se\\\/ostergotlands-lansforening\\\/vilka-vi-ar\\\/om-oss\\\/#primaryimage\"},\"image\":{\"@id\":\"https:\\\/\\\/magotarm.se\\\/ostergotlands-lansforening\\\/vilka-vi-ar\\\/om-oss\\\/#primaryimage\"},\"thumbnailUrl\":\"https:\\\/\\\/magotarm.se\\\/ostergotlands-lansforening\\\/wp-content\\\/uploads\\\/sites\\\/28\\\/2015\\\/10\\\/Bli-medlem_2.jpg\",\"datePublished\":\"2015-11-02T14:17:11+00:00\",\"dateModified\":\"2025-04-14T17:48:04+00:00\",\"breadcrumb\":{\"@id\":\"https:\\\/\\\/magotarm.se\\\/ostergotlands-lansforening\\\/vilka-vi-ar\\\/om-oss\\\/#breadcrumb\"},\"inLanguage\":\"sv-SE\",\"potentialAction\":[{\"@type\":\"ReadAction\",\"target\":[\"https:\\\/\\\/magotarm.se\\\/ostergotlands-lansforening\\\/vilka-vi-ar\\\/om-oss\\\/\"]}]},{\"@type\":\"ImageObject\",\"inLanguage\":\"sv-SE\",\"@id\":\"https:\\\/\\\/magotarm.se\\\/ostergotlands-lansforening\\\/vilka-vi-ar\\\/om-oss\\\/#primaryimage\",\"url\":\"https:\\\/\\\/magotarm.se\\\/ostergotlands-lansforening\\\/wp-content\\\/uploads\\\/sites\\\/28\\\/2015\\\/10\\\/Bli-medlem_2.jpg\",\"contentUrl\":\"https:\\\/\\\/magotarm.se\\\/ostergotlands-lansforening\\\/wp-content\\\/uploads\\\/sites\\\/28\\\/2015\\\/10\\\/Bli-medlem_2.jpg\",\"width\":667,\"height\":667},{\"@type\":\"BreadcrumbList\",\"@id\":\"https:\\\/\\\/magotarm.se\\\/ostergotlands-lansforening\\\/vilka-vi-ar\\\/om-oss\\\/#breadcrumb\",\"itemListElement\":[{\"@type\":\"ListItem\",\"position\":1,\"name\":\"Hem\",\"item\":\"https:\\\/\\\/magotarm.se\\\/ostergotlands-lansforening\\\/\"},{\"@type\":\"ListItem\",\"position\":2,\"name\":\"Vilka vi \u00e4r\",\"item\":\"https:\\\/\\\/magotarm.se\\\/ostergotlands-lansforening\\\/vilka-vi-ar\\\/\"},{\"@type\":\"ListItem\",\"position\":3,\"name\":\"Om oss\"}]},{\"@type\":\"WebSite\",\"@id\":\"https:\\\/\\\/magotarm.se\\\/ostergotlands-lansforening\\\/#website\",\"url\":\"https:\\\/\\\/magotarm.se\\\/ostergotlands-lansforening\\\/\",\"name\":\"Mag- och tarmf\u00f6reningen i \u00d6sterg\u00f6tland\",\"description\":\"En till Mag- och tarmf\u00f6rbundets Webbplatser webbplats\",\"potentialAction\":[{\"@type\":\"SearchAction\",\"target\":{\"@type\":\"EntryPoint\",\"urlTemplate\":\"https:\\\/\\\/magotarm.se\\\/ostergotlands-lansforening\\\/?s={search_term_string}\"},\"query-input\":{\"@type\":\"PropertyValueSpecification\",\"valueRequired\":true,\"valueName\":\"search_term_string\"}}],\"inLanguage\":\"sv-SE\"}]}<\/script>\n<!-- \/ Yoast SEO plugin. -->","yoast_head_json":{"title":"Om oss - Mag- och tarmf\u00f6reningen i \u00d6sterg\u00f6tland","robots":{"index":"index","follow":"follow","max-snippet":"max-snippet:-1","max-image-preview":"max-image-preview:large","max-video-preview":"max-video-preview:-1"},"canonical":"https:\/\/magotarm.se\/ostergotlands-lansforening\/vilka-vi-ar\/om-oss\/","og_locale":"sv_SE","og_type":"article","og_title":"Om oss - Mag- och tarmf\u00f6reningen i \u00d6sterg\u00f6tland","og_description":"Mag- och tarmfo\u0308reningen i O\u0308stergo\u0308tland a\u0308r en la\u0308nsfo\u0308rening inom Mag- och tarmfo\u0308rbundet som arbetar fo\u0308r att ma\u0308nniskor med varaktiga ...","og_url":"https:\/\/magotarm.se\/ostergotlands-lansforening\/vilka-vi-ar\/om-oss\/","og_site_name":"Mag- och tarmf\u00f6reningen i \u00d6sterg\u00f6tland","article_modified_time":"2025-04-14T17:48:04+00:00","og_image":[{"width":667,"height":667,"url":"https:\/\/magotarm.se\/ostergotlands-lansforening\/wp-content\/uploads\/sites\/28\/2015\/10\/Bli-medlem_2.jpg","type":"image\/jpeg"}],"twitter_card":"summary_large_image","twitter_misc":{"Ber\u00e4knad l\u00e4stid":"2 minuter"},"schema":{"@context":"https:\/\/schema.org","@graph":[{"@type":"WebPage","@id":"https:\/\/magotarm.se\/ostergotlands-lansforening\/vilka-vi-ar\/om-oss\/","url":"https:\/\/magotarm.se\/ostergotlands-lansforening\/vilka-vi-ar\/om-oss\/","name":"Om oss - Mag- och tarmf\u00f6reningen i \u00d6sterg\u00f6tland","isPartOf":{"@id":"https:\/\/magotarm.se\/ostergotlands-lansforening\/#website"},"primaryImageOfPage":{"@id":"https:\/\/magotarm.se\/ostergotlands-lansforening\/vilka-vi-ar\/om-oss\/#primaryimage"},"image":{"@id":"https:\/\/magotarm.se\/ostergotlands-lansforening\/vilka-vi-ar\/om-oss\/#primaryimage"},"thumbnailUrl":"https:\/\/magotarm.se\/ostergotlands-lansforening\/wp-content\/uploads\/sites\/28\/2015\/10\/Bli-medlem_2.jpg","datePublished":"2015-11-02T14:17:11+00:00","dateModified":"2025-04-14T17:48:04+00:00","breadcrumb":{"@id":"https:\/\/magotarm.se\/ostergotlands-lansforening\/vilka-vi-ar\/om-oss\/#breadcrumb"},"inLanguage":"sv-SE","potentialAction":[{"@type":"ReadAction","target":["https:\/\/magotarm.se\/ostergotlands-lansforening\/vilka-vi-ar\/om-oss\/"]}]},{"@type":"ImageObject","inLanguage":"sv-SE","@id":"https:\/\/magotarm.se\/ostergotlands-lansforening\/vilka-vi-ar\/om-oss\/#primaryimage","url":"https:\/\/magotarm.se\/ostergotlands-lansforening\/wp-content\/uploads\/sites\/28\/2015\/10\/Bli-medlem_2.jpg","contentUrl":"https:\/\/magotarm.se\/ostergotlands-lansforening\/wp-content\/uploads\/sites\/28\/2015\/10\/Bli-medlem_2.jpg","width":667,"height":667},{"@type":"BreadcrumbList","@id":"https:\/\/magotarm.se\/ostergotlands-lansforening\/vilka-vi-ar\/om-oss\/#breadcrumb","itemListElement":[{"@type":"ListItem","position":1,"name":"Hem","item":"https:\/\/magotarm.se\/ostergotlands-lansforening\/"},{"@type":"ListItem","position":2,"name":"Vilka vi \u00e4r","item":"https:\/\/magotarm.se\/ostergotlands-lansforening\/vilka-vi-ar\/"},{"@type":"ListItem","position":3,"name":"Om oss"}]},{"@type":"WebSite","@id":"https:\/\/magotarm.se\/ostergotlands-lansforening\/#website","url":"https:\/\/magotarm.se\/ostergotlands-lansforening\/","name":"Mag- och tarmf\u00f6reningen i \u00d6sterg\u00f6tland","description":"En till Mag- och tarmf\u00f6rbundets Webbplatser webbplats","potentialAction":[{"@type":"SearchAction","target":{"@type":"EntryPoint","urlTemplate":"https:\/\/magotarm.se\/ostergotlands-lansforening\/?s={search_term_string}"},"query-input":{"@type":"PropertyValueSpecification","valueRequired":true,"valueName":"search_term_string"}}],"inLanguage":"sv-SE"}]}},"_links":{"self":[{"href":"https:\/\/magotarm.se\/ostergotlands-lansforening\/wp-json\/wp\/v2\/pages\/16","targetHints":{"allow":["GET"]}}],"collection":[{"href":"https:\/\/magotarm.se\/ostergotlands-lansforening\/wp-json\/wp\/v2\/pages"}],"about":[{"href":"https:\/\/magotarm.se\/ostergotlands-lansforening\/wp-json\/wp\/v2\/types\/page"}],"author":[{"embeddable":true,"href":"https:\/\/magotarm.se\/ostergotlands-lansforening\/wp-json\/wp\/v2\/users\/3"}],"replies":[{"embeddable":true,"href":"https:\/\/magotarm.se\/ostergotlands-lansforening\/wp-json\/wp\/v2\/comments?post=16"}],"version-history":[{"count":15,"href":"https:\/\/magotarm.se\/ostergotlands-lansforening\/wp-json\/wp\/v2\/pages\/16\/revisions"}],"predecessor-version":[{"id":1392,"href":"https:\/\/magotarm.se\/ostergotlands-lansforening\/wp-json\/wp\/v2\/pages\/16\/revisions\/1392"}],"up":[{"embeddable":true,"href":"https:\/\/magotarm.se\/ostergotlands-lansforening\/wp-json\/wp\/v2\/pages\/148"}],"wp:featuredmedia":[{"embeddable":true,"href":"https:\/\/magotarm.se\/ostergotlands-lansforening\/wp-json\/wp\/v2\/media\/39"}],"wp:attachment":[{"href":"https:\/\/magotarm.se\/ostergotlands-lansforening\/wp-json\/wp\/v2\/media?parent=16"}],"curies":[{"name":"wp","href":"https:\/\/api.w.org\/{rel}","templated":true}]}}