{"id":148,"date":"2016-04-22T18:39:50","date_gmt":"2016-04-22T16:39:50","guid":{"rendered":"http:\/\/magotarm.se\/ostergotlands-lansforening\/?page_id=148"},"modified":"2016-05-28T17:36:36","modified_gmt":"2016-05-28T15:36:36","slug":"vilka-vi-ar","status":"publish","type":"page","link":"https:\/\/magotarm.se\/ostergotlands-lansforening\/vilka-vi-ar\/","title":{"rendered":"Vilka vi \u00e4r"},"content":{"rendered":"","protected":false},"excerpt":{"rendered":"","protected":false},"author":33,"featured_media":0,"parent":0,"menu_order":3,"comment_status":"closed","ping_status":"closed","template":"page-entrypage.php","meta":{"_acf_changed":false,"footnotes":"","_links_to":"","_links_to_target":""},"class_list":["post-148","page","type-page","status-publish","hentry","wp-sticky"],"acf":[],"yoast_head":"<!-- This site is optimized with the Yoast SEO plugin v27.3 - https:\/\/yoast.com\/product\/yoast-seo-wordpress\/ -->\n<title>Vilka vi \u00e4r - Mag- och tarmf\u00f6reningen i \u00d6sterg\u00f6tland<\/title>\n<meta name=\"robots\" content=\"index, follow, max-snippet:-1, max-image-preview:large, max-video-preview:-1\" \/>\n<link rel=\"canonical\" href=\"https:\/\/magotarm.se\/ostergotlands-lansforening\/vilka-vi-ar\/\" \/>\n<meta property=\"og:locale\" content=\"sv_SE\" \/>\n<meta property=\"og:type\" content=\"article\" \/>\n<meta property=\"og:title\" content=\"Vilka vi \u00e4r - Mag- och tarmf\u00f6reningen i \u00d6sterg\u00f6tland\" \/>\n<meta property=\"og:url\" content=\"https:\/\/magotarm.se\/ostergotlands-lansforening\/vilka-vi-ar\/\" \/>\n<meta property=\"og:site_name\" content=\"Mag- och tarmf\u00f6reningen i \u00d6sterg\u00f6tland\" \/>\n<meta property=\"article:modified_time\" content=\"2016-05-28T15:36:36+00:00\" \/>\n<meta name=\"twitter:card\" content=\"summary_large_image\" \/>\n<script type=\"application\/ld+json\" class=\"yoast-schema-graph\">{\"@context\":\"https:\\\/\\\/schema.org\",\"@graph\":[{\"@type\":\"WebPage\",\"@id\":\"https:\\\/\\\/magotarm.se\\\/ostergotlands-lansforening\\\/vilka-vi-ar\\\/\",\"url\":\"https:\\\/\\\/magotarm.se\\\/ostergotlands-lansforening\\\/vilka-vi-ar\\\/\",\"name\":\"Vilka vi \u00e4r - Mag- och tarmf\u00f6reningen i \u00d6sterg\u00f6tland\",\"isPartOf\":{\"@id\":\"https:\\\/\\\/magotarm.se\\\/ostergotlands-lansforening\\\/#website\"},\"datePublished\":\"2016-04-22T16:39:50+00:00\",\"dateModified\":\"2016-05-28T15:36:36+00:00\",\"breadcrumb\":{\"@id\":\"https:\\\/\\\/magotarm.se\\\/ostergotlands-lansforening\\\/vilka-vi-ar\\\/#breadcrumb\"},\"inLanguage\":\"sv-SE\",\"potentialAction\":[{\"@type\":\"ReadAction\",\"target\":[\"https:\\\/\\\/magotarm.se\\\/ostergotlands-lansforening\\\/vilka-vi-ar\\\/\"]}]},{\"@type\":\"BreadcrumbList\",\"@id\":\"https:\\\/\\\/magotarm.se\\\/ostergotlands-lansforening\\\/vilka-vi-ar\\\/#breadcrumb\",\"itemListElement\":[{\"@type\":\"ListItem\",\"position\":1,\"name\":\"Hem\",\"item\":\"https:\\\/\\\/magotarm.se\\\/ostergotlands-lansforening\\\/\"},{\"@type\":\"ListItem\",\"position\":2,\"name\":\"Vilka vi \u00e4r\"}]},{\"@type\":\"WebSite\",\"@id\":\"https:\\\/\\\/magotarm.se\\\/ostergotlands-lansforening\\\/#website\",\"url\":\"https:\\\/\\\/magotarm.se\\\/ostergotlands-lansforening\\\/\",\"name\":\"Mag- och tarmf\u00f6reningen i \u00d6sterg\u00f6tland\",\"description\":\"En till Mag- och tarmf\u00f6rbundets Webbplatser webbplats\",\"potentialAction\":[{\"@type\":\"SearchAction\",\"target\":{\"@type\":\"EntryPoint\",\"urlTemplate\":\"https:\\\/\\\/magotarm.se\\\/ostergotlands-lansforening\\\/?s={search_term_string}\"},\"query-input\":{\"@type\":\"PropertyValueSpecification\",\"valueRequired\":true,\"valueName\":\"search_term_string\"}}],\"inLanguage\":\"sv-SE\"}]}<\/script>\n<!-- \/ Yoast SEO plugin. -->","yoast_head_json":{"title":"Vilka vi \u00e4r - Mag- och tarmf\u00f6reningen i \u00d6sterg\u00f6tland","robots":{"index":"index","follow":"follow","max-snippet":"max-snippet:-1","max-image-preview":"max-image-preview:large","max-video-preview":"max-video-preview:-1"},"canonical":"https:\/\/magotarm.se\/ostergotlands-lansforening\/vilka-vi-ar\/","og_locale":"sv_SE","og_type":"article","og_title":"Vilka vi \u00e4r - Mag- och tarmf\u00f6reningen i \u00d6sterg\u00f6tland","og_url":"https:\/\/magotarm.se\/ostergotlands-lansforening\/vilka-vi-ar\/","og_site_name":"Mag- och tarmf\u00f6reningen i \u00d6sterg\u00f6tland","article_modified_time":"2016-05-28T15:36:36+00:00","twitter_card":"summary_large_image","schema":{"@context":"https:\/\/schema.org","@graph":[{"@type":"WebPage","@id":"https:\/\/magotarm.se\/ostergotlands-lansforening\/vilka-vi-ar\/","url":"https:\/\/magotarm.se\/ostergotlands-lansforening\/vilka-vi-ar\/","name":"Vilka vi \u00e4r - Mag- och tarmf\u00f6reningen i \u00d6sterg\u00f6tland","isPartOf":{"@id":"https:\/\/magotarm.se\/ostergotlands-lansforening\/#website"},"datePublished":"2016-04-22T16:39:50+00:00","dateModified":"2016-05-28T15:36:36+00:00","breadcrumb":{"@id":"https:\/\/magotarm.se\/ostergotlands-lansforening\/vilka-vi-ar\/#breadcrumb"},"inLanguage":"sv-SE","potentialAction":[{"@type":"ReadAction","target":["https:\/\/magotarm.se\/ostergotlands-lansforening\/vilka-vi-ar\/"]}]},{"@type":"BreadcrumbList","@id":"https:\/\/magotarm.se\/ostergotlands-lansforening\/vilka-vi-ar\/#breadcrumb","itemListElement":[{"@type":"ListItem","position":1,"name":"Hem","item":"https:\/\/magotarm.se\/ostergotlands-lansforening\/"},{"@type":"ListItem","position":2,"name":"Vilka vi \u00e4r"}]},{"@type":"WebSite","@id":"https:\/\/magotarm.se\/ostergotlands-lansforening\/#website","url":"https:\/\/magotarm.se\/ostergotlands-lansforening\/","name":"Mag- och tarmf\u00f6reningen i \u00d6sterg\u00f6tland","description":"En till Mag- och tarmf\u00f6rbundets Webbplatser webbplats","potentialAction":[{"@type":"SearchAction","target":{"@type":"EntryPoint","urlTemplate":"https:\/\/magotarm.se\/ostergotlands-lansforening\/?s={search_term_string}"},"query-input":{"@type":"PropertyValueSpecification","valueRequired":true,"valueName":"search_term_string"}}],"inLanguage":"sv-SE"}]}},"_links":{"self":[{"href":"https:\/\/magotarm.se\/ostergotlands-lansforening\/wp-json\/wp\/v2\/pages\/148","targetHints":{"allow":["GET"]}}],"collection":[{"href":"https:\/\/magotarm.se\/ostergotlands-lansforening\/wp-json\/wp\/v2\/pages"}],"about":[{"href":"https:\/\/magotarm.se\/ostergotlands-lansforening\/wp-json\/wp\/v2\/types\/page"}],"author":[{"embeddable":true,"href":"https:\/\/magotarm.se\/ostergotlands-lansforening\/wp-json\/wp\/v2\/users\/33"}],"replies":[{"embeddable":true,"href":"https:\/\/magotarm.se\/ostergotlands-lansforening\/wp-json\/wp\/v2\/comments?post=148"}],"version-history":[{"count":1,"href":"https:\/\/magotarm.se\/ostergotlands-lansforening\/wp-json\/wp\/v2\/pages\/148\/revisions"}],"predecessor-version":[{"id":149,"href":"https:\/\/magotarm.se\/ostergotlands-lansforening\/wp-json\/wp\/v2\/pages\/148\/revisions\/149"}],"wp:attachment":[{"href":"https:\/\/magotarm.se\/ostergotlands-lansforening\/wp-json\/wp\/v2\/media?parent=148"}],"curies":[{"name":"wp","href":"https:\/\/api.w.org\/{rel}","templated":true}]}}