{"id":21,"date":"2015-11-02T13:43:11","date_gmt":"2015-11-02T12:43:11","guid":{"rendered":"http:\/\/magotarm.se\/kalmar-lansforening\/?page_id=21"},"modified":"2024-02-28T18:03:03","modified_gmt":"2024-02-28T17:03:03","slug":"dokument-kalmar","status":"publish","type":"page","link":"https:\/\/magotarm.se\/kalmar-lansforening\/dokument-kalmar\/","title":{"rendered":"Dokument Kalmar"},"content":{"rendered":"","protected":false},"excerpt":{"rendered":"","protected":false},"author":3,"featured_media":0,"parent":0,"menu_order":6,"comment_status":"closed","ping_status":"closed","template":"page-document.php","meta":{"_acf_changed":false,"footnotes":"","_links_to":"","_links_to_target":""},"class_list":["post-21","page","type-page","status-publish","hentry","wp-sticky"],"acf":[],"yoast_head":"<!-- This site is optimized with the Yoast SEO plugin v27.4 - https:\/\/yoast.com\/product\/yoast-seo-wordpress\/ -->\n<title>Dokument Kalmar - Mag- och tarmf\u00f6reningen i Kalmar l\u00e4n<\/title>\n<meta name=\"robots\" content=\"index, follow, max-snippet:-1, max-image-preview:large, max-video-preview:-1\" \/>\n<link rel=\"canonical\" href=\"https:\/\/magotarm.se\/kalmar-lansforening\/dokument-kalmar\/\" \/>\n<meta property=\"og:locale\" content=\"sv_SE\" \/>\n<meta property=\"og:type\" content=\"article\" \/>\n<meta property=\"og:title\" content=\"Dokument Kalmar - Mag- och tarmf\u00f6reningen i Kalmar l\u00e4n\" \/>\n<meta property=\"og:url\" content=\"https:\/\/magotarm.se\/kalmar-lansforening\/dokument-kalmar\/\" \/>\n<meta property=\"og:site_name\" content=\"Mag- och tarmf\u00f6reningen i Kalmar l\u00e4n\" \/>\n<meta property=\"article:modified_time\" content=\"2024-02-28T17:03:03+00:00\" \/>\n<meta name=\"twitter:card\" content=\"summary_large_image\" \/>\n<script type=\"application\/ld+json\" class=\"yoast-schema-graph\">{\"@context\":\"https:\\\/\\\/schema.org\",\"@graph\":[{\"@type\":\"WebPage\",\"@id\":\"https:\\\/\\\/magotarm.se\\\/kalmar-lansforening\\\/dokument-kalmar\\\/\",\"url\":\"https:\\\/\\\/magotarm.se\\\/kalmar-lansforening\\\/dokument-kalmar\\\/\",\"name\":\"Dokument Kalmar - Mag- och tarmf\u00f6reningen i Kalmar l\u00e4n\",\"isPartOf\":{\"@id\":\"https:\\\/\\\/magotarm.se\\\/kalmar-lansforening\\\/#website\"},\"datePublished\":\"2015-11-02T12:43:11+00:00\",\"dateModified\":\"2024-02-28T17:03:03+00:00\",\"breadcrumb\":{\"@id\":\"https:\\\/\\\/magotarm.se\\\/kalmar-lansforening\\\/dokument-kalmar\\\/#breadcrumb\"},\"inLanguage\":\"sv-SE\",\"potentialAction\":[{\"@type\":\"ReadAction\",\"target\":[\"https:\\\/\\\/magotarm.se\\\/kalmar-lansforening\\\/dokument-kalmar\\\/\"]}]},{\"@type\":\"BreadcrumbList\",\"@id\":\"https:\\\/\\\/magotarm.se\\\/kalmar-lansforening\\\/dokument-kalmar\\\/#breadcrumb\",\"itemListElement\":[{\"@type\":\"ListItem\",\"position\":1,\"name\":\"Hem\",\"item\":\"https:\\\/\\\/magotarm.se\\\/kalmar-lansforening\\\/\"},{\"@type\":\"ListItem\",\"position\":2,\"name\":\"Dokument Kalmar\"}]},{\"@type\":\"WebSite\",\"@id\":\"https:\\\/\\\/magotarm.se\\\/kalmar-lansforening\\\/#website\",\"url\":\"https:\\\/\\\/magotarm.se\\\/kalmar-lansforening\\\/\",\"name\":\"Mag- och tarmf\u00f6reningen i Kalmar l\u00e4n\",\"description\":\"En till Mag- och tarmf\u00f6rbundets Webbplatser webbplats\",\"potentialAction\":[{\"@type\":\"SearchAction\",\"target\":{\"@type\":\"EntryPoint\",\"urlTemplate\":\"https:\\\/\\\/magotarm.se\\\/kalmar-lansforening\\\/?s={search_term_string}\"},\"query-input\":{\"@type\":\"PropertyValueSpecification\",\"valueRequired\":true,\"valueName\":\"search_term_string\"}}],\"inLanguage\":\"sv-SE\"}]}<\/script>\n<!-- \/ Yoast SEO plugin. -->","yoast_head_json":{"title":"Dokument Kalmar - Mag- och tarmf\u00f6reningen i Kalmar l\u00e4n","robots":{"index":"index","follow":"follow","max-snippet":"max-snippet:-1","max-image-preview":"max-image-preview:large","max-video-preview":"max-video-preview:-1"},"canonical":"https:\/\/magotarm.se\/kalmar-lansforening\/dokument-kalmar\/","og_locale":"sv_SE","og_type":"article","og_title":"Dokument Kalmar - Mag- och tarmf\u00f6reningen i Kalmar l\u00e4n","og_url":"https:\/\/magotarm.se\/kalmar-lansforening\/dokument-kalmar\/","og_site_name":"Mag- och tarmf\u00f6reningen i Kalmar l\u00e4n","article_modified_time":"2024-02-28T17:03:03+00:00","twitter_card":"summary_large_image","schema":{"@context":"https:\/\/schema.org","@graph":[{"@type":"WebPage","@id":"https:\/\/magotarm.se\/kalmar-lansforening\/dokument-kalmar\/","url":"https:\/\/magotarm.se\/kalmar-lansforening\/dokument-kalmar\/","name":"Dokument Kalmar - Mag- och tarmf\u00f6reningen i Kalmar l\u00e4n","isPartOf":{"@id":"https:\/\/magotarm.se\/kalmar-lansforening\/#website"},"datePublished":"2015-11-02T12:43:11+00:00","dateModified":"2024-02-28T17:03:03+00:00","breadcrumb":{"@id":"https:\/\/magotarm.se\/kalmar-lansforening\/dokument-kalmar\/#breadcrumb"},"inLanguage":"sv-SE","potentialAction":[{"@type":"ReadAction","target":["https:\/\/magotarm.se\/kalmar-lansforening\/dokument-kalmar\/"]}]},{"@type":"BreadcrumbList","@id":"https:\/\/magotarm.se\/kalmar-lansforening\/dokument-kalmar\/#breadcrumb","itemListElement":[{"@type":"ListItem","position":1,"name":"Hem","item":"https:\/\/magotarm.se\/kalmar-lansforening\/"},{"@type":"ListItem","position":2,"name":"Dokument Kalmar"}]},{"@type":"WebSite","@id":"https:\/\/magotarm.se\/kalmar-lansforening\/#website","url":"https:\/\/magotarm.se\/kalmar-lansforening\/","name":"Mag- och tarmf\u00f6reningen i Kalmar l\u00e4n","description":"En till Mag- och tarmf\u00f6rbundets Webbplatser webbplats","potentialAction":[{"@type":"SearchAction","target":{"@type":"EntryPoint","urlTemplate":"https:\/\/magotarm.se\/kalmar-lansforening\/?s={search_term_string}"},"query-input":{"@type":"PropertyValueSpecification","valueRequired":true,"valueName":"search_term_string"}}],"inLanguage":"sv-SE"}]}},"_links":{"self":[{"href":"https:\/\/magotarm.se\/kalmar-lansforening\/wp-json\/wp\/v2\/pages\/21","targetHints":{"allow":["GET"]}}],"collection":[{"href":"https:\/\/magotarm.se\/kalmar-lansforening\/wp-json\/wp\/v2\/pages"}],"about":[{"href":"https:\/\/magotarm.se\/kalmar-lansforening\/wp-json\/wp\/v2\/types\/page"}],"author":[{"embeddable":true,"href":"https:\/\/magotarm.se\/kalmar-lansforening\/wp-json\/wp\/v2\/users\/3"}],"replies":[{"embeddable":true,"href":"https:\/\/magotarm.se\/kalmar-lansforening\/wp-json\/wp\/v2\/comments?post=21"}],"version-history":[{"count":11,"href":"https:\/\/magotarm.se\/kalmar-lansforening\/wp-json\/wp\/v2\/pages\/21\/revisions"}],"predecessor-version":[{"id":213,"href":"https:\/\/magotarm.se\/kalmar-lansforening\/wp-json\/wp\/v2\/pages\/21\/revisions\/213"}],"wp:attachment":[{"href":"https:\/\/magotarm.se\/kalmar-lansforening\/wp-json\/wp\/v2\/media?parent=21"}],"curies":[{"name":"wp","href":"https:\/\/api.w.org\/{rel}","templated":true}]}}