{"id":19,"date":"2015-11-02T13:40:04","date_gmt":"2015-11-02T12:40:04","guid":{"rendered":"http:\/\/magotarm.se\/jonkopings-lansforening\/?page_id=19"},"modified":"2026-03-15T16:37:58","modified_gmt":"2026-03-15T15:37:58","slug":"vilka-vi-ar","status":"publish","type":"page","link":"https:\/\/magotarm.se\/jonkopings-lansforening\/vilka-vi-ar\/","title":{"rendered":"Vilka \u00e4r vi?"},"content":{"rendered":"<p><strong>Mag- och tarmf\u00f6reningen i J\u00f6nk\u00f6pings l\u00e4n har f\u00f6r n\u00e4rvarande cirka 237 medlemmar.\u00a0<\/strong><\/p>\n<p>Vi verkar f\u00f6r att m\u00e4nniskor med sjukdomar, skador och andra funktionsneds\u00e4ttningar i matsm\u00e4ltningskanalen ska kunna leva ett s\u00e5 bra liv som m\u00f6jligt trots sjukdomen. Vi anordnar medlemstr\u00e4ffar f\u00f6r gemenskap med andra i en liknande situation och f\u00f6r att vi och medlemmar ska f\u00e5 m\u00f6jlighet att dela kunskap kring sjukdomen och hur det \u00e4r att leva med den till varandra. Vi \u00e4r en del av Mag- och tarmf\u00f6rbundet och v\u00e5ra gemensamma k\u00e4rnv\u00e4rden som v\u00e5rt arbete genomsyras av \u00e4r: KUNSKAP GEMENSKAP OCH P\u00c5VERKAN<\/p>\n","protected":false},"excerpt":{"rendered":"<p>Mag- och tarmf\u00f6reningen i J\u00f6nk\u00f6pings l\u00e4n har f\u00f6r n\u00e4rvarande cirka 237 medlemmar.\u00a0 Vi verkar f\u00f6r att m\u00e4nniskor med sjukdomar, &#8230;<\/p>\n","protected":false},"author":3,"featured_media":0,"parent":0,"menu_order":2,"comment_status":"closed","ping_status":"closed","template":"","meta":{"_acf_changed":false,"footnotes":"","_links_to":"","_links_to_target":""},"class_list":["post-19","page","type-page","status-publish","hentry","wp-sticky"],"acf":[],"yoast_head":"<!-- This site is optimized with the Yoast SEO plugin v27.6 - https:\/\/yoast.com\/product\/yoast-seo-wordpress\/ -->\n<title>Vilka \u00e4r vi? - Mag- och tarmf\u00f6reningen i J\u00f6nk\u00f6pings l\u00e4n<\/title>\n<meta name=\"robots\" content=\"index, follow, max-snippet:-1, max-image-preview:large, max-video-preview:-1\" \/>\n<link rel=\"canonical\" href=\"https:\/\/magotarm.se\/jonkopings-lansforening\/vilka-vi-ar\/\" \/>\n<meta property=\"og:locale\" content=\"sv_SE\" \/>\n<meta property=\"og:type\" content=\"article\" \/>\n<meta property=\"og:title\" content=\"Vilka \u00e4r vi? - Mag- och tarmf\u00f6reningen i J\u00f6nk\u00f6pings l\u00e4n\" \/>\n<meta property=\"og:description\" content=\"Mag- och tarmf\u00f6reningen i J\u00f6nk\u00f6pings l\u00e4n har f\u00f6r n\u00e4rvarande cirka 237 medlemmar.\u00a0 Vi verkar f\u00f6r att m\u00e4nniskor med sjukdomar, ...\" \/>\n<meta property=\"og:url\" content=\"https:\/\/magotarm.se\/jonkopings-lansforening\/vilka-vi-ar\/\" \/>\n<meta property=\"og:site_name\" content=\"Mag- och tarmf\u00f6reningen i J\u00f6nk\u00f6pings l\u00e4n\" \/>\n<meta property=\"article:modified_time\" content=\"2026-03-15T15:37:58+00:00\" \/>\n<meta name=\"twitter:card\" content=\"summary_large_image\" \/>\n<meta name=\"twitter:label1\" content=\"Ber\u00e4knad l\u00e4stid\" \/>\n\t<meta name=\"twitter:data1\" content=\"1 minut\" \/>\n<script type=\"application\/ld+json\" class=\"yoast-schema-graph\">{\"@context\":\"https:\\\/\\\/schema.org\",\"@graph\":[{\"@type\":\"WebPage\",\"@id\":\"https:\\\/\\\/magotarm.se\\\/jonkopings-lansforening\\\/vilka-vi-ar\\\/\",\"url\":\"https:\\\/\\\/magotarm.se\\\/jonkopings-lansforening\\\/vilka-vi-ar\\\/\",\"name\":\"Vilka \u00e4r vi? - Mag- och tarmf\u00f6reningen i J\u00f6nk\u00f6pings l\u00e4n\",\"isPartOf\":{\"@id\":\"https:\\\/\\\/magotarm.se\\\/jonkopings-lansforening\\\/#website\"},\"datePublished\":\"2015-11-02T12:40:04+00:00\",\"dateModified\":\"2026-03-15T15:37:58+00:00\",\"breadcrumb\":{\"@id\":\"https:\\\/\\\/magotarm.se\\\/jonkopings-lansforening\\\/vilka-vi-ar\\\/#breadcrumb\"},\"inLanguage\":\"sv-SE\",\"potentialAction\":[{\"@type\":\"ReadAction\",\"target\":[\"https:\\\/\\\/magotarm.se\\\/jonkopings-lansforening\\\/vilka-vi-ar\\\/\"]}]},{\"@type\":\"BreadcrumbList\",\"@id\":\"https:\\\/\\\/magotarm.se\\\/jonkopings-lansforening\\\/vilka-vi-ar\\\/#breadcrumb\",\"itemListElement\":[{\"@type\":\"ListItem\",\"position\":1,\"name\":\"Hem\",\"item\":\"https:\\\/\\\/magotarm.se\\\/jonkopings-lansforening\\\/\"},{\"@type\":\"ListItem\",\"position\":2,\"name\":\"Vilka \u00e4r vi?\"}]},{\"@type\":\"WebSite\",\"@id\":\"https:\\\/\\\/magotarm.se\\\/jonkopings-lansforening\\\/#website\",\"url\":\"https:\\\/\\\/magotarm.se\\\/jonkopings-lansforening\\\/\",\"name\":\"Mag- och tarmf\u00f6reningen i J\u00f6nk\u00f6pings l\u00e4n\",\"description\":\"En till Mag- och tarmf\u00f6rbundets Webbplatser webbplats\",\"potentialAction\":[{\"@type\":\"SearchAction\",\"target\":{\"@type\":\"EntryPoint\",\"urlTemplate\":\"https:\\\/\\\/magotarm.se\\\/jonkopings-lansforening\\\/?s={search_term_string}\"},\"query-input\":{\"@type\":\"PropertyValueSpecification\",\"valueRequired\":true,\"valueName\":\"search_term_string\"}}],\"inLanguage\":\"sv-SE\"}]}<\/script>\n<!-- \/ Yoast SEO plugin. -->","yoast_head_json":{"title":"Vilka \u00e4r vi? - Mag- och tarmf\u00f6reningen i J\u00f6nk\u00f6pings l\u00e4n","robots":{"index":"index","follow":"follow","max-snippet":"max-snippet:-1","max-image-preview":"max-image-preview:large","max-video-preview":"max-video-preview:-1"},"canonical":"https:\/\/magotarm.se\/jonkopings-lansforening\/vilka-vi-ar\/","og_locale":"sv_SE","og_type":"article","og_title":"Vilka \u00e4r vi? - Mag- och tarmf\u00f6reningen i J\u00f6nk\u00f6pings l\u00e4n","og_description":"Mag- och tarmf\u00f6reningen i J\u00f6nk\u00f6pings l\u00e4n har f\u00f6r n\u00e4rvarande cirka 237 medlemmar.\u00a0 Vi verkar f\u00f6r att m\u00e4nniskor med sjukdomar, ...","og_url":"https:\/\/magotarm.se\/jonkopings-lansforening\/vilka-vi-ar\/","og_site_name":"Mag- och tarmf\u00f6reningen i J\u00f6nk\u00f6pings l\u00e4n","article_modified_time":"2026-03-15T15:37:58+00:00","twitter_card":"summary_large_image","twitter_misc":{"Ber\u00e4knad l\u00e4stid":"1 minut"},"schema":{"@context":"https:\/\/schema.org","@graph":[{"@type":"WebPage","@id":"https:\/\/magotarm.se\/jonkopings-lansforening\/vilka-vi-ar\/","url":"https:\/\/magotarm.se\/jonkopings-lansforening\/vilka-vi-ar\/","name":"Vilka \u00e4r vi? - Mag- och tarmf\u00f6reningen i J\u00f6nk\u00f6pings l\u00e4n","isPartOf":{"@id":"https:\/\/magotarm.se\/jonkopings-lansforening\/#website"},"datePublished":"2015-11-02T12:40:04+00:00","dateModified":"2026-03-15T15:37:58+00:00","breadcrumb":{"@id":"https:\/\/magotarm.se\/jonkopings-lansforening\/vilka-vi-ar\/#breadcrumb"},"inLanguage":"sv-SE","potentialAction":[{"@type":"ReadAction","target":["https:\/\/magotarm.se\/jonkopings-lansforening\/vilka-vi-ar\/"]}]},{"@type":"BreadcrumbList","@id":"https:\/\/magotarm.se\/jonkopings-lansforening\/vilka-vi-ar\/#breadcrumb","itemListElement":[{"@type":"ListItem","position":1,"name":"Hem","item":"https:\/\/magotarm.se\/jonkopings-lansforening\/"},{"@type":"ListItem","position":2,"name":"Vilka \u00e4r vi?"}]},{"@type":"WebSite","@id":"https:\/\/magotarm.se\/jonkopings-lansforening\/#website","url":"https:\/\/magotarm.se\/jonkopings-lansforening\/","name":"Mag- och tarmf\u00f6reningen i J\u00f6nk\u00f6pings l\u00e4n","description":"En till Mag- och tarmf\u00f6rbundets Webbplatser webbplats","potentialAction":[{"@type":"SearchAction","target":{"@type":"EntryPoint","urlTemplate":"https:\/\/magotarm.se\/jonkopings-lansforening\/?s={search_term_string}"},"query-input":{"@type":"PropertyValueSpecification","valueRequired":true,"valueName":"search_term_string"}}],"inLanguage":"sv-SE"}]}},"_links":{"self":[{"href":"https:\/\/magotarm.se\/jonkopings-lansforening\/wp-json\/wp\/v2\/pages\/19","targetHints":{"allow":["GET"]}}],"collection":[{"href":"https:\/\/magotarm.se\/jonkopings-lansforening\/wp-json\/wp\/v2\/pages"}],"about":[{"href":"https:\/\/magotarm.se\/jonkopings-lansforening\/wp-json\/wp\/v2\/types\/page"}],"author":[{"embeddable":true,"href":"https:\/\/magotarm.se\/jonkopings-lansforening\/wp-json\/wp\/v2\/users\/3"}],"replies":[{"embeddable":true,"href":"https:\/\/magotarm.se\/jonkopings-lansforening\/wp-json\/wp\/v2\/comments?post=19"}],"version-history":[{"count":15,"href":"https:\/\/magotarm.se\/jonkopings-lansforening\/wp-json\/wp\/v2\/pages\/19\/revisions"}],"predecessor-version":[{"id":518,"href":"https:\/\/magotarm.se\/jonkopings-lansforening\/wp-json\/wp\/v2\/pages\/19\/revisions\/518"}],"wp:attachment":[{"href":"https:\/\/magotarm.se\/jonkopings-lansforening\/wp-json\/wp\/v2\/media?parent=19"}],"curies":[{"name":"wp","href":"https:\/\/api.w.org\/{rel}","templated":true}]}}