{"id":513,"date":"2019-02-05T12:05:04","date_gmt":"2019-02-05T11:05:04","guid":{"rendered":"http:\/\/magotarm.se\/goteborgs-lokalavdelning\/?page_id=513"},"modified":"2026-01-26T17:23:25","modified_gmt":"2026-01-26T16:23:25","slug":"idrottens-bingo","status":"publish","type":"page","link":"https:\/\/magotarm.se\/goteborgs-lokalavdelning\/idrottens-bingo\/","title":{"rendered":"Idrottens bingo"},"content":{"rendered":"<div id=\"content\">\n<div class=\"entry-content\">\n<h1>Spela bingo och st\u00f6tta Mag- och tarmf\u00f6reningen<\/h1>\n<p>Spela bingo och st\u00f6tta Mag- och tarmf\u00f6reningen i G\u00f6teborg. Bli medlem p\u00e5 <a href=\"https:\/\/www.idrottensbingo.se\/\" target=\"_blank\" rel=\"noopener noreferrer\">idrottensbingo.se &gt;&gt;&gt;<\/a><\/p>\n<p>Kom ig\u00e5ng i fyra enkla steg.<br \/>\n1. Skapa ett konto p\u00e5 <a href=\"https:\/\/www.idrottensbingo.se\/\" target=\"_blank\" rel=\"noopener noreferrer\">idrottensbingo.se &gt;&gt;&gt;<\/a>\u00a0f\u00e5 50 kronor direkt att spela f\u00f6r.<br \/>\n2. Ange f\u00f6reningskoden <strong>M1<br \/>\n<\/strong>3. S\u00e4tt in 100 kronor och f\u00e5 ytterligare 100 kronor att spela f\u00f6r.<br \/>\n4. Spela Bingo och h\u00e5ll tummarna f\u00f6r vinst.<\/p>\n<a href=\"http:\/\/magotarm.se\/goteborgs-lokalavdelning\/wp-content\/uploads\/sites\/9\/2018\/08\/Idrottens-bingo-e1549360661464.png\"><img loading=\"lazy\" decoding=\"async\" class=\"alignnone wp-image-510\" src=\"http:\/\/magotarm.se\/goteborgs-lokalavdelning\/wp-content\/uploads\/sites\/9\/2018\/08\/Idrottens-bingo-300x160.png\" alt=\"\" width=\"223\" height=\"119\" \/><\/a>\n<\/div>\n<\/div>\n","protected":false},"excerpt":{"rendered":"<p>Spela bingo och st\u00f6tta Mag- och tarmf\u00f6reningen Spela bingo och st\u00f6tta Mag- och tarmf\u00f6reningen i G\u00f6teborg. Bli medlem p\u00e5 &#8230;<\/p>\n","protected":false},"author":3,"featured_media":0,"parent":0,"menu_order":0,"comment_status":"closed","ping_status":"closed","template":"","meta":{"_acf_changed":false,"footnotes":"","_links_to":"","_links_to_target":""},"class_list":["post-513","page","type-page","status-publish","hentry","wp-sticky"],"acf":[],"yoast_head":"<!-- This site is optimized with the Yoast SEO plugin v27.4 - https:\/\/yoast.com\/product\/yoast-seo-wordpress\/ -->\n<title>Idrottens bingo - Mag- och tarmf\u00f6reningen i G\u00f6teborgsomr\u00e5det<\/title>\n<meta name=\"robots\" content=\"index, follow, max-snippet:-1, max-image-preview:large, max-video-preview:-1\" \/>\n<link rel=\"canonical\" href=\"https:\/\/magotarm.se\/goteborgs-lokalavdelning\/idrottens-bingo\/\" \/>\n<meta property=\"og:locale\" content=\"sv_SE\" \/>\n<meta property=\"og:type\" content=\"article\" \/>\n<meta property=\"og:title\" content=\"Idrottens bingo - Mag- och tarmf\u00f6reningen i G\u00f6teborgsomr\u00e5det\" \/>\n<meta property=\"og:description\" content=\"Spela bingo och st\u00f6tta Mag- och tarmf\u00f6reningen Spela bingo och st\u00f6tta Mag- och tarmf\u00f6reningen i G\u00f6teborg. Bli medlem p\u00e5 ...\" \/>\n<meta property=\"og:url\" content=\"https:\/\/magotarm.se\/goteborgs-lokalavdelning\/idrottens-bingo\/\" \/>\n<meta property=\"og:site_name\" content=\"Mag- och tarmf\u00f6reningen i G\u00f6teborgsomr\u00e5det\" \/>\n<meta property=\"article:modified_time\" content=\"2026-01-26T16:23:25+00:00\" \/>\n<meta property=\"og:image\" content=\"https:\/\/magotarm.se\/goteborgs-lokalavdelning\/wp-content\/uploads\/sites\/9\/2018\/08\/Idrottens-bingo-e1549360661464.png\" \/>\n\t<meta property=\"og:image:width\" content=\"375\" \/>\n\t<meta property=\"og:image:height\" content=\"200\" \/>\n\t<meta property=\"og:image:type\" content=\"image\/png\" \/>\n<meta name=\"twitter:card\" content=\"summary_large_image\" \/>\n<meta name=\"twitter:label1\" content=\"Ber\u00e4knad l\u00e4stid\" \/>\n\t<meta name=\"twitter:data1\" content=\"1 minut\" \/>\n<script type=\"application\/ld+json\" class=\"yoast-schema-graph\">{\"@context\":\"https:\\\/\\\/schema.org\",\"@graph\":[{\"@type\":\"WebPage\",\"@id\":\"https:\\\/\\\/magotarm.se\\\/goteborgs-lokalavdelning\\\/idrottens-bingo\\\/\",\"url\":\"https:\\\/\\\/magotarm.se\\\/goteborgs-lokalavdelning\\\/idrottens-bingo\\\/\",\"name\":\"Idrottens bingo - Mag- och tarmf\u00f6reningen i G\u00f6teborgsomr\u00e5det\",\"isPartOf\":{\"@id\":\"https:\\\/\\\/magotarm.se\\\/goteborgs-lokalavdelning\\\/#website\"},\"primaryImageOfPage\":{\"@id\":\"https:\\\/\\\/magotarm.se\\\/goteborgs-lokalavdelning\\\/idrottens-bingo\\\/#primaryimage\"},\"image\":{\"@id\":\"https:\\\/\\\/magotarm.se\\\/goteborgs-lokalavdelning\\\/idrottens-bingo\\\/#primaryimage\"},\"thumbnailUrl\":\"http:\\\/\\\/magotarm.se\\\/goteborgs-lokalavdelning\\\/wp-content\\\/uploads\\\/sites\\\/9\\\/2018\\\/08\\\/Idrottens-bingo-300x160.png\",\"datePublished\":\"2019-02-05T11:05:04+00:00\",\"dateModified\":\"2026-01-26T16:23:25+00:00\",\"breadcrumb\":{\"@id\":\"https:\\\/\\\/magotarm.se\\\/goteborgs-lokalavdelning\\\/idrottens-bingo\\\/#breadcrumb\"},\"inLanguage\":\"sv-SE\",\"potentialAction\":[{\"@type\":\"ReadAction\",\"target\":[\"https:\\\/\\\/magotarm.se\\\/goteborgs-lokalavdelning\\\/idrottens-bingo\\\/\"]}]},{\"@type\":\"ImageObject\",\"inLanguage\":\"sv-SE\",\"@id\":\"https:\\\/\\\/magotarm.se\\\/goteborgs-lokalavdelning\\\/idrottens-bingo\\\/#primaryimage\",\"url\":\"http:\\\/\\\/magotarm.se\\\/goteborgs-lokalavdelning\\\/wp-content\\\/uploads\\\/sites\\\/9\\\/2018\\\/08\\\/Idrottens-bingo-300x160.png\",\"contentUrl\":\"http:\\\/\\\/magotarm.se\\\/goteborgs-lokalavdelning\\\/wp-content\\\/uploads\\\/sites\\\/9\\\/2018\\\/08\\\/Idrottens-bingo-300x160.png\"},{\"@type\":\"BreadcrumbList\",\"@id\":\"https:\\\/\\\/magotarm.se\\\/goteborgs-lokalavdelning\\\/idrottens-bingo\\\/#breadcrumb\",\"itemListElement\":[{\"@type\":\"ListItem\",\"position\":1,\"name\":\"Hem\",\"item\":\"https:\\\/\\\/magotarm.se\\\/goteborgs-lokalavdelning\\\/\"},{\"@type\":\"ListItem\",\"position\":2,\"name\":\"Idrottens bingo\"}]},{\"@type\":\"WebSite\",\"@id\":\"https:\\\/\\\/magotarm.se\\\/goteborgs-lokalavdelning\\\/#website\",\"url\":\"https:\\\/\\\/magotarm.se\\\/goteborgs-lokalavdelning\\\/\",\"name\":\"Mag- och tarmf\u00f6reningen i G\u00f6teborgsomr\u00e5det\",\"description\":\"En till Mag- och tarmf\u00f6rbundets Webbplatser webbplats\",\"potentialAction\":[{\"@type\":\"SearchAction\",\"target\":{\"@type\":\"EntryPoint\",\"urlTemplate\":\"https:\\\/\\\/magotarm.se\\\/goteborgs-lokalavdelning\\\/?s={search_term_string}\"},\"query-input\":{\"@type\":\"PropertyValueSpecification\",\"valueRequired\":true,\"valueName\":\"search_term_string\"}}],\"inLanguage\":\"sv-SE\"}]}<\/script>\n<!-- \/ Yoast SEO plugin. -->","yoast_head_json":{"title":"Idrottens bingo - Mag- och tarmf\u00f6reningen i G\u00f6teborgsomr\u00e5det","robots":{"index":"index","follow":"follow","max-snippet":"max-snippet:-1","max-image-preview":"max-image-preview:large","max-video-preview":"max-video-preview:-1"},"canonical":"https:\/\/magotarm.se\/goteborgs-lokalavdelning\/idrottens-bingo\/","og_locale":"sv_SE","og_type":"article","og_title":"Idrottens bingo - Mag- och tarmf\u00f6reningen i G\u00f6teborgsomr\u00e5det","og_description":"Spela bingo och st\u00f6tta Mag- och tarmf\u00f6reningen Spela bingo och st\u00f6tta Mag- och tarmf\u00f6reningen i G\u00f6teborg. Bli medlem p\u00e5 ...","og_url":"https:\/\/magotarm.se\/goteborgs-lokalavdelning\/idrottens-bingo\/","og_site_name":"Mag- och tarmf\u00f6reningen i G\u00f6teborgsomr\u00e5det","article_modified_time":"2026-01-26T16:23:25+00:00","og_image":[{"width":375,"height":200,"url":"https:\/\/magotarm.se\/goteborgs-lokalavdelning\/wp-content\/uploads\/sites\/9\/2018\/08\/Idrottens-bingo-e1549360661464.png","type":"image\/png"}],"twitter_card":"summary_large_image","twitter_misc":{"Ber\u00e4knad l\u00e4stid":"1 minut"},"schema":{"@context":"https:\/\/schema.org","@graph":[{"@type":"WebPage","@id":"https:\/\/magotarm.se\/goteborgs-lokalavdelning\/idrottens-bingo\/","url":"https:\/\/magotarm.se\/goteborgs-lokalavdelning\/idrottens-bingo\/","name":"Idrottens bingo - Mag- och tarmf\u00f6reningen i G\u00f6teborgsomr\u00e5det","isPartOf":{"@id":"https:\/\/magotarm.se\/goteborgs-lokalavdelning\/#website"},"primaryImageOfPage":{"@id":"https:\/\/magotarm.se\/goteborgs-lokalavdelning\/idrottens-bingo\/#primaryimage"},"image":{"@id":"https:\/\/magotarm.se\/goteborgs-lokalavdelning\/idrottens-bingo\/#primaryimage"},"thumbnailUrl":"http:\/\/magotarm.se\/goteborgs-lokalavdelning\/wp-content\/uploads\/sites\/9\/2018\/08\/Idrottens-bingo-300x160.png","datePublished":"2019-02-05T11:05:04+00:00","dateModified":"2026-01-26T16:23:25+00:00","breadcrumb":{"@id":"https:\/\/magotarm.se\/goteborgs-lokalavdelning\/idrottens-bingo\/#breadcrumb"},"inLanguage":"sv-SE","potentialAction":[{"@type":"ReadAction","target":["https:\/\/magotarm.se\/goteborgs-lokalavdelning\/idrottens-bingo\/"]}]},{"@type":"ImageObject","inLanguage":"sv-SE","@id":"https:\/\/magotarm.se\/goteborgs-lokalavdelning\/idrottens-bingo\/#primaryimage","url":"http:\/\/magotarm.se\/goteborgs-lokalavdelning\/wp-content\/uploads\/sites\/9\/2018\/08\/Idrottens-bingo-300x160.png","contentUrl":"http:\/\/magotarm.se\/goteborgs-lokalavdelning\/wp-content\/uploads\/sites\/9\/2018\/08\/Idrottens-bingo-300x160.png"},{"@type":"BreadcrumbList","@id":"https:\/\/magotarm.se\/goteborgs-lokalavdelning\/idrottens-bingo\/#breadcrumb","itemListElement":[{"@type":"ListItem","position":1,"name":"Hem","item":"https:\/\/magotarm.se\/goteborgs-lokalavdelning\/"},{"@type":"ListItem","position":2,"name":"Idrottens bingo"}]},{"@type":"WebSite","@id":"https:\/\/magotarm.se\/goteborgs-lokalavdelning\/#website","url":"https:\/\/magotarm.se\/goteborgs-lokalavdelning\/","name":"Mag- och tarmf\u00f6reningen i G\u00f6teborgsomr\u00e5det","description":"En till Mag- och tarmf\u00f6rbundets Webbplatser webbplats","potentialAction":[{"@type":"SearchAction","target":{"@type":"EntryPoint","urlTemplate":"https:\/\/magotarm.se\/goteborgs-lokalavdelning\/?s={search_term_string}"},"query-input":{"@type":"PropertyValueSpecification","valueRequired":true,"valueName":"search_term_string"}}],"inLanguage":"sv-SE"}]}},"_links":{"self":[{"href":"https:\/\/magotarm.se\/goteborgs-lokalavdelning\/wp-json\/wp\/v2\/pages\/513","targetHints":{"allow":["GET"]}}],"collection":[{"href":"https:\/\/magotarm.se\/goteborgs-lokalavdelning\/wp-json\/wp\/v2\/pages"}],"about":[{"href":"https:\/\/magotarm.se\/goteborgs-lokalavdelning\/wp-json\/wp\/v2\/types\/page"}],"author":[{"embeddable":true,"href":"https:\/\/magotarm.se\/goteborgs-lokalavdelning\/wp-json\/wp\/v2\/users\/3"}],"replies":[{"embeddable":true,"href":"https:\/\/magotarm.se\/goteborgs-lokalavdelning\/wp-json\/wp\/v2\/comments?post=513"}],"version-history":[{"count":8,"href":"https:\/\/magotarm.se\/goteborgs-lokalavdelning\/wp-json\/wp\/v2\/pages\/513\/revisions"}],"predecessor-version":[{"id":523,"href":"https:\/\/magotarm.se\/goteborgs-lokalavdelning\/wp-json\/wp\/v2\/pages\/513\/revisions\/523"}],"wp:attachment":[{"href":"https:\/\/magotarm.se\/goteborgs-lokalavdelning\/wp-json\/wp\/v2\/media?parent=513"}],"curies":[{"name":"wp","href":"https:\/\/api.w.org\/{rel}","templated":true}]}}