{"id":26,"date":"2015-11-02T13:29:55","date_gmt":"2015-11-02T12:29:55","guid":{"rendered":"http:\/\/magotarm.se\/goteborgs-lokalavdelning\/?page_id=26"},"modified":"2025-11-14T13:29:55","modified_gmt":"2025-11-14T12:29:55","slug":"vilka-vi-ar","status":"publish","type":"page","link":"https:\/\/magotarm.se\/goteborgs-lokalavdelning\/vilka-vi-ar\/","title":{"rendered":"Vilka vi \u00e4r"},"content":{"rendered":"<p><strong>Mag- och tarmf\u00f6reningen i G\u00f6teborgsomr\u00e5det \u00e4r till f\u00f6r personer med sjukdomar, skador och andra funktionsst\u00f6rningar i mag-tarmkanalen samt deras n\u00e4rst\u00e5ende.<\/strong><\/p>\n<p>Det finns 21 st l\u00e4nsf\u00f6reningar och 4 st lokalf\u00f6reningar, varav vi \u00e4r en av lokalf\u00f6reningarna. Vi har ca 450 medlemmar i G\u00f6teborgsomr\u00e5det.<\/p>\n<p>Vi i lokalavdelningen anordnar medlemsaktiviteter tex:<\/p>\n<ul>\n<li>Diagnostr\u00e4ffar d\u00e4r medlemmar utbyter erfarenheter<\/li>\n<li>L\u00e4karf\u00f6rel\u00e4sningar<\/li>\n<li>Dietistf\u00f6rel\u00e4sningar<\/li>\n<li>Samtalsgrupper f\u00f6r enskilda diagnoser<\/li>\n<li>Grillafton<\/li>\n<li>Bowling<\/li>\n<li>Studiecirklar<\/li>\n<li>Som mag- och tarmsjuk \u00e4r det viktigt att f\u00e5 tr\u00e4ffa andra i samma situation. Du \u00e4r inte ensam! Vi vet hur det k\u00e4nns!<\/li>\n<\/ul>\n<p>F\u00f6r alla under 30 \u00e5r har vi en &#8221;ungdomsgrupp&#8221; som g\u00f6r egna aktiviteter.<\/p>\n<p>V\u00e5rt m\u00e5l \u00e4r \u00e4ven att p\u00e5verka politikerna i G\u00f6teborg f\u00f6r att vi som \u00e4r mag- och tarmsjuka ska kunna leva ett liv som s\u00e5 lite som m\u00f6jligt begr\u00e4nsas av sjukdomen.<\/p>\n<p><strong>V\u00c4LKOMMEN TILL OSS!<\/strong><\/p>\n","protected":false},"excerpt":{"rendered":"<p>Mag- och tarmf\u00f6reningen i G\u00f6teborgsomr\u00e5det \u00e4r till f\u00f6r personer med sjukdomar, skador och andra funktionsst\u00f6rningar i mag-tarmkanalen samt deras &#8230;<\/p>\n","protected":false},"author":3,"featured_media":0,"parent":0,"menu_order":1,"comment_status":"closed","ping_status":"closed","template":"","meta":{"_acf_changed":false,"footnotes":"","_links_to":"","_links_to_target":""},"class_list":["post-26","page","type-page","status-publish","hentry","wp-sticky"],"acf":[],"yoast_head":"<!-- This site is optimized with the Yoast SEO plugin v27.6 - https:\/\/yoast.com\/product\/yoast-seo-wordpress\/ -->\n<title>Vilka vi \u00e4r - Mag- och tarmf\u00f6reningen i G\u00f6teborgsomr\u00e5det<\/title>\n<meta name=\"robots\" content=\"index, follow, max-snippet:-1, max-image-preview:large, max-video-preview:-1\" \/>\n<link rel=\"canonical\" href=\"https:\/\/magotarm.se\/goteborgs-lokalavdelning\/vilka-vi-ar\/\" \/>\n<meta property=\"og:locale\" content=\"sv_SE\" \/>\n<meta property=\"og:type\" content=\"article\" \/>\n<meta property=\"og:title\" content=\"Vilka vi \u00e4r - Mag- och tarmf\u00f6reningen i G\u00f6teborgsomr\u00e5det\" \/>\n<meta property=\"og:description\" content=\"Mag- och tarmf\u00f6reningen i G\u00f6teborgsomr\u00e5det \u00e4r till f\u00f6r personer med sjukdomar, skador och andra funktionsst\u00f6rningar i mag-tarmkanalen samt deras ...\" \/>\n<meta property=\"og:url\" content=\"https:\/\/magotarm.se\/goteborgs-lokalavdelning\/vilka-vi-ar\/\" \/>\n<meta property=\"og:site_name\" content=\"Mag- och tarmf\u00f6reningen i G\u00f6teborgsomr\u00e5det\" \/>\n<meta property=\"article:modified_time\" content=\"2025-11-14T12:29:55+00:00\" \/>\n<meta name=\"twitter:card\" content=\"summary_large_image\" \/>\n<meta name=\"twitter:label1\" content=\"Ber\u00e4knad l\u00e4stid\" \/>\n\t<meta name=\"twitter:data1\" content=\"1 minut\" \/>\n<script type=\"application\/ld+json\" class=\"yoast-schema-graph\">{\"@context\":\"https:\\\/\\\/schema.org\",\"@graph\":[{\"@type\":\"WebPage\",\"@id\":\"https:\\\/\\\/magotarm.se\\\/goteborgs-lokalavdelning\\\/vilka-vi-ar\\\/\",\"url\":\"https:\\\/\\\/magotarm.se\\\/goteborgs-lokalavdelning\\\/vilka-vi-ar\\\/\",\"name\":\"Vilka vi \u00e4r - Mag- och tarmf\u00f6reningen i G\u00f6teborgsomr\u00e5det\",\"isPartOf\":{\"@id\":\"https:\\\/\\\/magotarm.se\\\/goteborgs-lokalavdelning\\\/#website\"},\"datePublished\":\"2015-11-02T12:29:55+00:00\",\"dateModified\":\"2025-11-14T12:29:55+00:00\",\"breadcrumb\":{\"@id\":\"https:\\\/\\\/magotarm.se\\\/goteborgs-lokalavdelning\\\/vilka-vi-ar\\\/#breadcrumb\"},\"inLanguage\":\"sv-SE\",\"potentialAction\":[{\"@type\":\"ReadAction\",\"target\":[\"https:\\\/\\\/magotarm.se\\\/goteborgs-lokalavdelning\\\/vilka-vi-ar\\\/\"]}]},{\"@type\":\"BreadcrumbList\",\"@id\":\"https:\\\/\\\/magotarm.se\\\/goteborgs-lokalavdelning\\\/vilka-vi-ar\\\/#breadcrumb\",\"itemListElement\":[{\"@type\":\"ListItem\",\"position\":1,\"name\":\"Hem\",\"item\":\"https:\\\/\\\/magotarm.se\\\/goteborgs-lokalavdelning\\\/\"},{\"@type\":\"ListItem\",\"position\":2,\"name\":\"Vilka vi \u00e4r\"}]},{\"@type\":\"WebSite\",\"@id\":\"https:\\\/\\\/magotarm.se\\\/goteborgs-lokalavdelning\\\/#website\",\"url\":\"https:\\\/\\\/magotarm.se\\\/goteborgs-lokalavdelning\\\/\",\"name\":\"Mag- och tarmf\u00f6reningen i G\u00f6teborgsomr\u00e5det\",\"description\":\"En till Mag- och tarmf\u00f6rbundets Webbplatser webbplats\",\"potentialAction\":[{\"@type\":\"SearchAction\",\"target\":{\"@type\":\"EntryPoint\",\"urlTemplate\":\"https:\\\/\\\/magotarm.se\\\/goteborgs-lokalavdelning\\\/?s={search_term_string}\"},\"query-input\":{\"@type\":\"PropertyValueSpecification\",\"valueRequired\":true,\"valueName\":\"search_term_string\"}}],\"inLanguage\":\"sv-SE\"}]}<\/script>\n<!-- \/ Yoast SEO plugin. -->","yoast_head_json":{"title":"Vilka vi \u00e4r - Mag- och tarmf\u00f6reningen i G\u00f6teborgsomr\u00e5det","robots":{"index":"index","follow":"follow","max-snippet":"max-snippet:-1","max-image-preview":"max-image-preview:large","max-video-preview":"max-video-preview:-1"},"canonical":"https:\/\/magotarm.se\/goteborgs-lokalavdelning\/vilka-vi-ar\/","og_locale":"sv_SE","og_type":"article","og_title":"Vilka vi \u00e4r - Mag- och tarmf\u00f6reningen i G\u00f6teborgsomr\u00e5det","og_description":"Mag- och tarmf\u00f6reningen i G\u00f6teborgsomr\u00e5det \u00e4r till f\u00f6r personer med sjukdomar, skador och andra funktionsst\u00f6rningar i mag-tarmkanalen samt deras ...","og_url":"https:\/\/magotarm.se\/goteborgs-lokalavdelning\/vilka-vi-ar\/","og_site_name":"Mag- och tarmf\u00f6reningen i G\u00f6teborgsomr\u00e5det","article_modified_time":"2025-11-14T12:29:55+00:00","twitter_card":"summary_large_image","twitter_misc":{"Ber\u00e4knad l\u00e4stid":"1 minut"},"schema":{"@context":"https:\/\/schema.org","@graph":[{"@type":"WebPage","@id":"https:\/\/magotarm.se\/goteborgs-lokalavdelning\/vilka-vi-ar\/","url":"https:\/\/magotarm.se\/goteborgs-lokalavdelning\/vilka-vi-ar\/","name":"Vilka vi \u00e4r - Mag- och tarmf\u00f6reningen i G\u00f6teborgsomr\u00e5det","isPartOf":{"@id":"https:\/\/magotarm.se\/goteborgs-lokalavdelning\/#website"},"datePublished":"2015-11-02T12:29:55+00:00","dateModified":"2025-11-14T12:29:55+00:00","breadcrumb":{"@id":"https:\/\/magotarm.se\/goteborgs-lokalavdelning\/vilka-vi-ar\/#breadcrumb"},"inLanguage":"sv-SE","potentialAction":[{"@type":"ReadAction","target":["https:\/\/magotarm.se\/goteborgs-lokalavdelning\/vilka-vi-ar\/"]}]},{"@type":"BreadcrumbList","@id":"https:\/\/magotarm.se\/goteborgs-lokalavdelning\/vilka-vi-ar\/#breadcrumb","itemListElement":[{"@type":"ListItem","position":1,"name":"Hem","item":"https:\/\/magotarm.se\/goteborgs-lokalavdelning\/"},{"@type":"ListItem","position":2,"name":"Vilka vi \u00e4r"}]},{"@type":"WebSite","@id":"https:\/\/magotarm.se\/goteborgs-lokalavdelning\/#website","url":"https:\/\/magotarm.se\/goteborgs-lokalavdelning\/","name":"Mag- och tarmf\u00f6reningen i G\u00f6teborgsomr\u00e5det","description":"En till Mag- och tarmf\u00f6rbundets Webbplatser webbplats","potentialAction":[{"@type":"SearchAction","target":{"@type":"EntryPoint","urlTemplate":"https:\/\/magotarm.se\/goteborgs-lokalavdelning\/?s={search_term_string}"},"query-input":{"@type":"PropertyValueSpecification","valueRequired":true,"valueName":"search_term_string"}}],"inLanguage":"sv-SE"}]}},"_links":{"self":[{"href":"https:\/\/magotarm.se\/goteborgs-lokalavdelning\/wp-json\/wp\/v2\/pages\/26","targetHints":{"allow":["GET"]}}],"collection":[{"href":"https:\/\/magotarm.se\/goteborgs-lokalavdelning\/wp-json\/wp\/v2\/pages"}],"about":[{"href":"https:\/\/magotarm.se\/goteborgs-lokalavdelning\/wp-json\/wp\/v2\/types\/page"}],"author":[{"embeddable":true,"href":"https:\/\/magotarm.se\/goteborgs-lokalavdelning\/wp-json\/wp\/v2\/users\/3"}],"replies":[{"embeddable":true,"href":"https:\/\/magotarm.se\/goteborgs-lokalavdelning\/wp-json\/wp\/v2\/comments?post=26"}],"version-history":[{"count":4,"href":"https:\/\/magotarm.se\/goteborgs-lokalavdelning\/wp-json\/wp\/v2\/pages\/26\/revisions"}],"predecessor-version":[{"id":1579,"href":"https:\/\/magotarm.se\/goteborgs-lokalavdelning\/wp-json\/wp\/v2\/pages\/26\/revisions\/1579"}],"wp:attachment":[{"href":"https:\/\/magotarm.se\/goteborgs-lokalavdelning\/wp-json\/wp\/v2\/media?parent=26"}],"curies":[{"name":"wp","href":"https:\/\/api.w.org\/{rel}","templated":true}]}}