{"id":89,"date":"2015-12-02T19:23:22","date_gmt":"2015-12-02T18:23:22","guid":{"rendered":"http:\/\/magotarm.se\/gavleborgs-lansforening\/?page_id=89"},"modified":"2015-12-02T20:02:07","modified_gmt":"2015-12-02T19:02:07","slug":"bingolotto","status":"publish","type":"page","link":"https:\/\/magotarm.se\/gavleborgs-lansforening\/vilka-vi-ar\/bingolotto\/","title":{"rendered":"Bingolotto"},"content":{"rendered":"<div class=\"m-h\">\n<h1>Genom att prenumera p\u00e5 Bingolotto, s\u00e5 kan du st\u00f6tta Mag- och tarmf\u00f6reningen i G\u00e4vleborg.<\/h1>\n<\/div>\n<div class=\"m-c\">\n<p>Prenumeration har revolutionerat hela f\u00f6rs\u00e4ljningen av bingolotter och det \u00e4r inte s\u00e5 konstigt. Det finns m\u00e5nga f\u00f6rdelar f\u00f6r b\u00e5de lottk\u00f6paren och f\u00f6reningen.<\/p>\n<h2>Dina f\u00f6rdelar:<\/h2>\n<ul>\n<li>Lotterna kommer hem i brevl\u00e5dan<\/li>\n<li>Automatisk r\u00e4ttning och vinstp\u00e5minnelse<\/li>\n<li>\u00d6verskottet g\u00e5r direkt till vald klubb\/f\u00f6rening<\/li>\n<li>Extra bonusdragningar och vinster varje m\u00e5nad<\/li>\n<li>Det kostar inte n\u00e5got extra<\/li>\n<\/ul>\n<p>Vill du st\u00f6tta Mag- och tarmf\u00f6reningen i G\u00e4vleborg med att k\u00f6pa bingolotter och f\u00e5 dem hem i din brevl\u00e5da.<\/p>\n<h2>G\u00f6r s\u00e5 h\u00e4r:<\/h2>\n<ul>\n<li><a class=\"new-window\" href=\"http:\/\/www.bingolotto.se\/\" target=\"_blank\">G\u00e5 in p\u00e5 Bingolottos hemsida.<\/a> <em>(\u00f6ppnas i nytt f\u00f6nster)<\/em><\/li>\n<li><strong>V\u00e4lj<\/strong> fliken prenumerera<\/li>\n<li><strong>Fyll i<\/strong> formul\u00e4ret<\/li>\n<li><strong>Vid<\/strong> st\u00f6d en f\u00f6rening &#8211; <strong>v\u00e4lj<\/strong> s\u00f6k en f\u00f6rening &#8211; <strong>skriv<\/strong> mag &#8211; <strong>v\u00e4lj<\/strong> s\u00f6k &#8211; <strong>v\u00e4lj<\/strong> Mag- och tarmf\u00f6reningen i G\u00e4vleborg, Kilafors.<\/li>\n<\/ul>\n<p>&nbsp;<\/p>\n<\/div>\n","protected":false},"excerpt":{"rendered":"<p>Genom att prenumera p\u00e5 Bingolotto, s\u00e5 kan du st\u00f6tta Mag- och tarmf\u00f6reningen i G\u00e4vleborg. Prenumeration har revolutionerat hela f\u00f6rs\u00e4ljningen &#8230;<\/p>\n","protected":false},"author":12,"featured_media":36,"parent":21,"menu_order":3,"comment_status":"closed","ping_status":"closed","template":"","meta":{"_acf_changed":false,"footnotes":"","_links_to":"","_links_to_target":""},"class_list":["post-89","page","type-page","status-publish","has-post-thumbnail","hentry","wp-sticky"],"acf":[],"yoast_head":"<!-- This site is optimized with the Yoast SEO plugin v27.4 - https:\/\/yoast.com\/product\/yoast-seo-wordpress\/ -->\n<title>Bingolotto - Mag- och tarmf\u00f6reningen i G\u00e4vleborg<\/title>\n<meta name=\"robots\" content=\"index, follow, max-snippet:-1, max-image-preview:large, max-video-preview:-1\" \/>\n<link rel=\"canonical\" href=\"https:\/\/magotarm.se\/gavleborgs-lansforening\/vilka-vi-ar\/bingolotto\/\" \/>\n<meta property=\"og:locale\" content=\"sv_SE\" \/>\n<meta property=\"og:type\" content=\"article\" \/>\n<meta property=\"og:title\" content=\"Bingolotto - Mag- och tarmf\u00f6reningen i G\u00e4vleborg\" \/>\n<meta property=\"og:description\" content=\"Genom att prenumera p\u00e5 Bingolotto, s\u00e5 kan du st\u00f6tta Mag- och tarmf\u00f6reningen i G\u00e4vleborg. Prenumeration har revolutionerat hela f\u00f6rs\u00e4ljningen ...\" \/>\n<meta property=\"og:url\" content=\"https:\/\/magotarm.se\/gavleborgs-lansforening\/vilka-vi-ar\/bingolotto\/\" \/>\n<meta property=\"og:site_name\" content=\"Mag- och tarmf\u00f6reningen i G\u00e4vleborg\" \/>\n<meta property=\"article:modified_time\" content=\"2015-12-02T19:02:07+00:00\" \/>\n<meta property=\"og:image\" content=\"https:\/\/magotarm.se\/gavleborgs-lansforening\/wp-content\/uploads\/sites\/8\/2015\/10\/Bli-medlem_2.jpg\" \/>\n\t<meta property=\"og:image:width\" content=\"667\" \/>\n\t<meta property=\"og:image:height\" content=\"667\" \/>\n\t<meta property=\"og:image:type\" content=\"image\/jpeg\" \/>\n<meta name=\"twitter:card\" content=\"summary_large_image\" \/>\n<meta name=\"twitter:label1\" content=\"Ber\u00e4knad l\u00e4stid\" \/>\n\t<meta name=\"twitter:data1\" content=\"1 minut\" \/>\n<script type=\"application\/ld+json\" class=\"yoast-schema-graph\">{\"@context\":\"https:\\\/\\\/schema.org\",\"@graph\":[{\"@type\":\"WebPage\",\"@id\":\"https:\\\/\\\/magotarm.se\\\/gavleborgs-lansforening\\\/vilka-vi-ar\\\/bingolotto\\\/\",\"url\":\"https:\\\/\\\/magotarm.se\\\/gavleborgs-lansforening\\\/vilka-vi-ar\\\/bingolotto\\\/\",\"name\":\"Bingolotto - Mag- och tarmf\u00f6reningen i G\u00e4vleborg\",\"isPartOf\":{\"@id\":\"https:\\\/\\\/magotarm.se\\\/gavleborgs-lansforening\\\/#website\"},\"primaryImageOfPage\":{\"@id\":\"https:\\\/\\\/magotarm.se\\\/gavleborgs-lansforening\\\/vilka-vi-ar\\\/bingolotto\\\/#primaryimage\"},\"image\":{\"@id\":\"https:\\\/\\\/magotarm.se\\\/gavleborgs-lansforening\\\/vilka-vi-ar\\\/bingolotto\\\/#primaryimage\"},\"thumbnailUrl\":\"https:\\\/\\\/magotarm.se\\\/gavleborgs-lansforening\\\/wp-content\\\/uploads\\\/sites\\\/8\\\/2015\\\/10\\\/Bli-medlem_2.jpg\",\"datePublished\":\"2015-12-02T18:23:22+00:00\",\"dateModified\":\"2015-12-02T19:02:07+00:00\",\"breadcrumb\":{\"@id\":\"https:\\\/\\\/magotarm.se\\\/gavleborgs-lansforening\\\/vilka-vi-ar\\\/bingolotto\\\/#breadcrumb\"},\"inLanguage\":\"sv-SE\",\"potentialAction\":[{\"@type\":\"ReadAction\",\"target\":[\"https:\\\/\\\/magotarm.se\\\/gavleborgs-lansforening\\\/vilka-vi-ar\\\/bingolotto\\\/\"]}]},{\"@type\":\"ImageObject\",\"inLanguage\":\"sv-SE\",\"@id\":\"https:\\\/\\\/magotarm.se\\\/gavleborgs-lansforening\\\/vilka-vi-ar\\\/bingolotto\\\/#primaryimage\",\"url\":\"https:\\\/\\\/magotarm.se\\\/gavleborgs-lansforening\\\/wp-content\\\/uploads\\\/sites\\\/8\\\/2015\\\/10\\\/Bli-medlem_2.jpg\",\"contentUrl\":\"https:\\\/\\\/magotarm.se\\\/gavleborgs-lansforening\\\/wp-content\\\/uploads\\\/sites\\\/8\\\/2015\\\/10\\\/Bli-medlem_2.jpg\",\"width\":667,\"height\":667},{\"@type\":\"BreadcrumbList\",\"@id\":\"https:\\\/\\\/magotarm.se\\\/gavleborgs-lansforening\\\/vilka-vi-ar\\\/bingolotto\\\/#breadcrumb\",\"itemListElement\":[{\"@type\":\"ListItem\",\"position\":1,\"name\":\"Hem\",\"item\":\"https:\\\/\\\/magotarm.se\\\/gavleborgs-lansforening\\\/\"},{\"@type\":\"ListItem\",\"position\":2,\"name\":\"Om f\u00f6reningen\",\"item\":\"https:\\\/\\\/magotarm.se\\\/gavleborgs-lansforening\\\/vilka-vi-ar\\\/\"},{\"@type\":\"ListItem\",\"position\":3,\"name\":\"Bingolotto\"}]},{\"@type\":\"WebSite\",\"@id\":\"https:\\\/\\\/magotarm.se\\\/gavleborgs-lansforening\\\/#website\",\"url\":\"https:\\\/\\\/magotarm.se\\\/gavleborgs-lansforening\\\/\",\"name\":\"Mag- och tarmf\u00f6reningen i G\u00e4vleborg\",\"description\":\"En till Mag- och tarmf\u00f6rbundets Webbplatser webbplats\",\"potentialAction\":[{\"@type\":\"SearchAction\",\"target\":{\"@type\":\"EntryPoint\",\"urlTemplate\":\"https:\\\/\\\/magotarm.se\\\/gavleborgs-lansforening\\\/?s={search_term_string}\"},\"query-input\":{\"@type\":\"PropertyValueSpecification\",\"valueRequired\":true,\"valueName\":\"search_term_string\"}}],\"inLanguage\":\"sv-SE\"}]}<\/script>\n<!-- \/ Yoast SEO plugin. -->","yoast_head_json":{"title":"Bingolotto - Mag- och tarmf\u00f6reningen i G\u00e4vleborg","robots":{"index":"index","follow":"follow","max-snippet":"max-snippet:-1","max-image-preview":"max-image-preview:large","max-video-preview":"max-video-preview:-1"},"canonical":"https:\/\/magotarm.se\/gavleborgs-lansforening\/vilka-vi-ar\/bingolotto\/","og_locale":"sv_SE","og_type":"article","og_title":"Bingolotto - Mag- och tarmf\u00f6reningen i G\u00e4vleborg","og_description":"Genom att prenumera p\u00e5 Bingolotto, s\u00e5 kan du st\u00f6tta Mag- och tarmf\u00f6reningen i G\u00e4vleborg. Prenumeration har revolutionerat hela f\u00f6rs\u00e4ljningen ...","og_url":"https:\/\/magotarm.se\/gavleborgs-lansforening\/vilka-vi-ar\/bingolotto\/","og_site_name":"Mag- och tarmf\u00f6reningen i G\u00e4vleborg","article_modified_time":"2015-12-02T19:02:07+00:00","og_image":[{"width":667,"height":667,"url":"https:\/\/magotarm.se\/gavleborgs-lansforening\/wp-content\/uploads\/sites\/8\/2015\/10\/Bli-medlem_2.jpg","type":"image\/jpeg"}],"twitter_card":"summary_large_image","twitter_misc":{"Ber\u00e4knad l\u00e4stid":"1 minut"},"schema":{"@context":"https:\/\/schema.org","@graph":[{"@type":"WebPage","@id":"https:\/\/magotarm.se\/gavleborgs-lansforening\/vilka-vi-ar\/bingolotto\/","url":"https:\/\/magotarm.se\/gavleborgs-lansforening\/vilka-vi-ar\/bingolotto\/","name":"Bingolotto - Mag- och tarmf\u00f6reningen i G\u00e4vleborg","isPartOf":{"@id":"https:\/\/magotarm.se\/gavleborgs-lansforening\/#website"},"primaryImageOfPage":{"@id":"https:\/\/magotarm.se\/gavleborgs-lansforening\/vilka-vi-ar\/bingolotto\/#primaryimage"},"image":{"@id":"https:\/\/magotarm.se\/gavleborgs-lansforening\/vilka-vi-ar\/bingolotto\/#primaryimage"},"thumbnailUrl":"https:\/\/magotarm.se\/gavleborgs-lansforening\/wp-content\/uploads\/sites\/8\/2015\/10\/Bli-medlem_2.jpg","datePublished":"2015-12-02T18:23:22+00:00","dateModified":"2015-12-02T19:02:07+00:00","breadcrumb":{"@id":"https:\/\/magotarm.se\/gavleborgs-lansforening\/vilka-vi-ar\/bingolotto\/#breadcrumb"},"inLanguage":"sv-SE","potentialAction":[{"@type":"ReadAction","target":["https:\/\/magotarm.se\/gavleborgs-lansforening\/vilka-vi-ar\/bingolotto\/"]}]},{"@type":"ImageObject","inLanguage":"sv-SE","@id":"https:\/\/magotarm.se\/gavleborgs-lansforening\/vilka-vi-ar\/bingolotto\/#primaryimage","url":"https:\/\/magotarm.se\/gavleborgs-lansforening\/wp-content\/uploads\/sites\/8\/2015\/10\/Bli-medlem_2.jpg","contentUrl":"https:\/\/magotarm.se\/gavleborgs-lansforening\/wp-content\/uploads\/sites\/8\/2015\/10\/Bli-medlem_2.jpg","width":667,"height":667},{"@type":"BreadcrumbList","@id":"https:\/\/magotarm.se\/gavleborgs-lansforening\/vilka-vi-ar\/bingolotto\/#breadcrumb","itemListElement":[{"@type":"ListItem","position":1,"name":"Hem","item":"https:\/\/magotarm.se\/gavleborgs-lansforening\/"},{"@type":"ListItem","position":2,"name":"Om f\u00f6reningen","item":"https:\/\/magotarm.se\/gavleborgs-lansforening\/vilka-vi-ar\/"},{"@type":"ListItem","position":3,"name":"Bingolotto"}]},{"@type":"WebSite","@id":"https:\/\/magotarm.se\/gavleborgs-lansforening\/#website","url":"https:\/\/magotarm.se\/gavleborgs-lansforening\/","name":"Mag- och tarmf\u00f6reningen i G\u00e4vleborg","description":"En till Mag- och tarmf\u00f6rbundets Webbplatser webbplats","potentialAction":[{"@type":"SearchAction","target":{"@type":"EntryPoint","urlTemplate":"https:\/\/magotarm.se\/gavleborgs-lansforening\/?s={search_term_string}"},"query-input":{"@type":"PropertyValueSpecification","valueRequired":true,"valueName":"search_term_string"}}],"inLanguage":"sv-SE"}]}},"_links":{"self":[{"href":"https:\/\/magotarm.se\/gavleborgs-lansforening\/wp-json\/wp\/v2\/pages\/89","targetHints":{"allow":["GET"]}}],"collection":[{"href":"https:\/\/magotarm.se\/gavleborgs-lansforening\/wp-json\/wp\/v2\/pages"}],"about":[{"href":"https:\/\/magotarm.se\/gavleborgs-lansforening\/wp-json\/wp\/v2\/types\/page"}],"author":[{"embeddable":true,"href":"https:\/\/magotarm.se\/gavleborgs-lansforening\/wp-json\/wp\/v2\/users\/12"}],"replies":[{"embeddable":true,"href":"https:\/\/magotarm.se\/gavleborgs-lansforening\/wp-json\/wp\/v2\/comments?post=89"}],"version-history":[{"count":3,"href":"https:\/\/magotarm.se\/gavleborgs-lansforening\/wp-json\/wp\/v2\/pages\/89\/revisions"}],"predecessor-version":[{"id":94,"href":"https:\/\/magotarm.se\/gavleborgs-lansforening\/wp-json\/wp\/v2\/pages\/89\/revisions\/94"}],"up":[{"embeddable":true,"href":"https:\/\/magotarm.se\/gavleborgs-lansforening\/wp-json\/wp\/v2\/pages\/21"}],"wp:featuredmedia":[{"embeddable":true,"href":"https:\/\/magotarm.se\/gavleborgs-lansforening\/wp-json\/wp\/v2\/media\/36"}],"wp:attachment":[{"href":"https:\/\/magotarm.se\/gavleborgs-lansforening\/wp-json\/wp\/v2\/media?parent=89"}],"curies":[{"name":"wp","href":"https:\/\/api.w.org\/{rel}","templated":true}]}}