{"id":25,"date":"2015-11-02T13:23:24","date_gmt":"2015-11-02T12:23:24","guid":{"rendered":"http:\/\/magotarm.se\/gavleborgs-lansforening\/?page_id=25"},"modified":"2015-11-03T10:13:24","modified_gmt":"2015-11-03T09:13:24","slug":"kalender","status":"publish","type":"page","link":"https:\/\/magotarm.se\/gavleborgs-lansforening\/kalender\/","title":{"rendered":"Kalender"},"content":{"rendered":"","protected":false},"excerpt":{"rendered":"","protected":false},"author":3,"featured_media":0,"parent":0,"menu_order":5,"comment_status":"closed","ping_status":"closed","template":"page-calendar.php","meta":{"_acf_changed":false,"footnotes":"","_links_to":"","_links_to_target":""},"class_list":["post-25","page","type-page","status-publish","hentry","wp-sticky"],"acf":[],"yoast_head":"<!-- This site is optimized with the Yoast SEO plugin v27.4 - https:\/\/yoast.com\/product\/yoast-seo-wordpress\/ -->\n<title>Kalender - Mag- och tarmf\u00f6reningen i G\u00e4vleborg<\/title>\n<meta name=\"robots\" content=\"index, follow, max-snippet:-1, max-image-preview:large, max-video-preview:-1\" \/>\n<link rel=\"canonical\" href=\"https:\/\/magotarm.se\/gavleborgs-lansforening\/kalender\/\" \/>\n<meta property=\"og:locale\" content=\"sv_SE\" \/>\n<meta property=\"og:type\" content=\"article\" \/>\n<meta property=\"og:title\" content=\"Kalender - Mag- och tarmf\u00f6reningen i G\u00e4vleborg\" \/>\n<meta property=\"og:url\" content=\"https:\/\/magotarm.se\/gavleborgs-lansforening\/kalender\/\" \/>\n<meta property=\"og:site_name\" content=\"Mag- och tarmf\u00f6reningen i G\u00e4vleborg\" \/>\n<meta property=\"article:modified_time\" content=\"2015-11-03T09:13:24+00:00\" \/>\n<meta name=\"twitter:card\" content=\"summary_large_image\" \/>\n<script type=\"application\/ld+json\" class=\"yoast-schema-graph\">{\"@context\":\"https:\\\/\\\/schema.org\",\"@graph\":[{\"@type\":\"WebPage\",\"@id\":\"https:\\\/\\\/magotarm.se\\\/gavleborgs-lansforening\\\/kalender\\\/\",\"url\":\"https:\\\/\\\/magotarm.se\\\/gavleborgs-lansforening\\\/kalender\\\/\",\"name\":\"Kalender - Mag- och tarmf\u00f6reningen i G\u00e4vleborg\",\"isPartOf\":{\"@id\":\"https:\\\/\\\/magotarm.se\\\/gavleborgs-lansforening\\\/#website\"},\"datePublished\":\"2015-11-02T12:23:24+00:00\",\"dateModified\":\"2015-11-03T09:13:24+00:00\",\"breadcrumb\":{\"@id\":\"https:\\\/\\\/magotarm.se\\\/gavleborgs-lansforening\\\/kalender\\\/#breadcrumb\"},\"inLanguage\":\"sv-SE\",\"potentialAction\":[{\"@type\":\"ReadAction\",\"target\":[\"https:\\\/\\\/magotarm.se\\\/gavleborgs-lansforening\\\/kalender\\\/\"]}]},{\"@type\":\"BreadcrumbList\",\"@id\":\"https:\\\/\\\/magotarm.se\\\/gavleborgs-lansforening\\\/kalender\\\/#breadcrumb\",\"itemListElement\":[{\"@type\":\"ListItem\",\"position\":1,\"name\":\"Hem\",\"item\":\"https:\\\/\\\/magotarm.se\\\/gavleborgs-lansforening\\\/\"},{\"@type\":\"ListItem\",\"position\":2,\"name\":\"Kalender\"}]},{\"@type\":\"WebSite\",\"@id\":\"https:\\\/\\\/magotarm.se\\\/gavleborgs-lansforening\\\/#website\",\"url\":\"https:\\\/\\\/magotarm.se\\\/gavleborgs-lansforening\\\/\",\"name\":\"Mag- och tarmf\u00f6reningen i G\u00e4vleborg\",\"description\":\"En till Mag- och tarmf\u00f6rbundets Webbplatser webbplats\",\"potentialAction\":[{\"@type\":\"SearchAction\",\"target\":{\"@type\":\"EntryPoint\",\"urlTemplate\":\"https:\\\/\\\/magotarm.se\\\/gavleborgs-lansforening\\\/?s={search_term_string}\"},\"query-input\":{\"@type\":\"PropertyValueSpecification\",\"valueRequired\":true,\"valueName\":\"search_term_string\"}}],\"inLanguage\":\"sv-SE\"}]}<\/script>\n<!-- \/ Yoast SEO plugin. -->","yoast_head_json":{"title":"Kalender - Mag- och tarmf\u00f6reningen i G\u00e4vleborg","robots":{"index":"index","follow":"follow","max-snippet":"max-snippet:-1","max-image-preview":"max-image-preview:large","max-video-preview":"max-video-preview:-1"},"canonical":"https:\/\/magotarm.se\/gavleborgs-lansforening\/kalender\/","og_locale":"sv_SE","og_type":"article","og_title":"Kalender - Mag- och tarmf\u00f6reningen i G\u00e4vleborg","og_url":"https:\/\/magotarm.se\/gavleborgs-lansforening\/kalender\/","og_site_name":"Mag- och tarmf\u00f6reningen i G\u00e4vleborg","article_modified_time":"2015-11-03T09:13:24+00:00","twitter_card":"summary_large_image","schema":{"@context":"https:\/\/schema.org","@graph":[{"@type":"WebPage","@id":"https:\/\/magotarm.se\/gavleborgs-lansforening\/kalender\/","url":"https:\/\/magotarm.se\/gavleborgs-lansforening\/kalender\/","name":"Kalender - Mag- och tarmf\u00f6reningen i G\u00e4vleborg","isPartOf":{"@id":"https:\/\/magotarm.se\/gavleborgs-lansforening\/#website"},"datePublished":"2015-11-02T12:23:24+00:00","dateModified":"2015-11-03T09:13:24+00:00","breadcrumb":{"@id":"https:\/\/magotarm.se\/gavleborgs-lansforening\/kalender\/#breadcrumb"},"inLanguage":"sv-SE","potentialAction":[{"@type":"ReadAction","target":["https:\/\/magotarm.se\/gavleborgs-lansforening\/kalender\/"]}]},{"@type":"BreadcrumbList","@id":"https:\/\/magotarm.se\/gavleborgs-lansforening\/kalender\/#breadcrumb","itemListElement":[{"@type":"ListItem","position":1,"name":"Hem","item":"https:\/\/magotarm.se\/gavleborgs-lansforening\/"},{"@type":"ListItem","position":2,"name":"Kalender"}]},{"@type":"WebSite","@id":"https:\/\/magotarm.se\/gavleborgs-lansforening\/#website","url":"https:\/\/magotarm.se\/gavleborgs-lansforening\/","name":"Mag- och tarmf\u00f6reningen i G\u00e4vleborg","description":"En till Mag- och tarmf\u00f6rbundets Webbplatser webbplats","potentialAction":[{"@type":"SearchAction","target":{"@type":"EntryPoint","urlTemplate":"https:\/\/magotarm.se\/gavleborgs-lansforening\/?s={search_term_string}"},"query-input":{"@type":"PropertyValueSpecification","valueRequired":true,"valueName":"search_term_string"}}],"inLanguage":"sv-SE"}]}},"_links":{"self":[{"href":"https:\/\/magotarm.se\/gavleborgs-lansforening\/wp-json\/wp\/v2\/pages\/25","targetHints":{"allow":["GET"]}}],"collection":[{"href":"https:\/\/magotarm.se\/gavleborgs-lansforening\/wp-json\/wp\/v2\/pages"}],"about":[{"href":"https:\/\/magotarm.se\/gavleborgs-lansforening\/wp-json\/wp\/v2\/types\/page"}],"author":[{"embeddable":true,"href":"https:\/\/magotarm.se\/gavleborgs-lansforening\/wp-json\/wp\/v2\/users\/3"}],"replies":[{"embeddable":true,"href":"https:\/\/magotarm.se\/gavleborgs-lansforening\/wp-json\/wp\/v2\/comments?post=25"}],"version-history":[{"count":2,"href":"https:\/\/magotarm.se\/gavleborgs-lansforening\/wp-json\/wp\/v2\/pages\/25\/revisions"}],"predecessor-version":[{"id":31,"href":"https:\/\/magotarm.se\/gavleborgs-lansforening\/wp-json\/wp\/v2\/pages\/25\/revisions\/31"}],"wp:attachment":[{"href":"https:\/\/magotarm.se\/gavleborgs-lansforening\/wp-json\/wp\/v2\/media?parent=25"}],"curies":[{"name":"wp","href":"https:\/\/api.w.org\/{rel}","templated":true}]}}