{"id":20,"date":"2015-11-02T12:28:20","date_gmt":"2015-11-02T11:28:20","guid":{"rendered":"http:\/\/magotarm.se\/fyrbodals-lokalavdelning\/?page_id=20"},"modified":"2015-11-17T14:34:43","modified_gmt":"2015-11-17T13:34:43","slug":"vilka-vi-ar","status":"publish","type":"page","link":"https:\/\/magotarm.se\/fyrbodals-lokalavdelning\/vilka-vi-ar\/","title":{"rendered":"Vilka vi \u00e4r"},"content":{"rendered":"<p><strong>Mag- och tarmf\u00f6reningen i Fyrbodal har f\u00f6r n\u00e4rvarande cirka 240 medlemmar. F\u00f6reningen v\u00e4nder sig till personer med sjukdomar eller andra funktionsst\u00f6rningar i matsm\u00e4ltningskanalen och som bor i Fyrbodal.<\/strong><\/p>\n<p>Genom medlemsst\u00f6d, informationsverksamhet och p\u00e5verkansarbete medverkar f\u00f6reningen till att mag-tamsjuka ska f\u00e5 st\u00f6d och hj\u00e4lp som beh\u00f6vs till f\u00f6ljd av sjukdomen. Som medlem i avdelningen f\u00e5r du m\u00f6jlighet att tr\u00e4ffa andra i samma situation f\u00f6r utbyte av tips och erfarenheter som kan underl\u00e4tta i vardagen.<\/p>\n<p>Du inbjuds till f\u00f6rel\u00e4sningar och andra aktiviteter d\u00e4r du kan l\u00e4ra dig mer om din sjukdom och f\u00e5 annan v\u00e4rdefull information. Du \u00e4r ocks\u00e5 v\u00e4lkommen att vara med och p\u00e5verka villkoren f\u00f6r dig sj\u00e4lv och andra mag-tarmsjuka genom att medverka i avdelningens informations- och p\u00e5verkansarbete.<\/p>\n","protected":false},"excerpt":{"rendered":"<p>Mag- och tarmf\u00f6reningen i Fyrbodal har f\u00f6r n\u00e4rvarande cirka 240 medlemmar. F\u00f6reningen v\u00e4nder sig till personer med sjukdomar eller &#8230;<\/p>\n","protected":false},"author":3,"featured_media":0,"parent":0,"menu_order":2,"comment_status":"closed","ping_status":"closed","template":"","meta":{"_acf_changed":false,"footnotes":"","_links_to":"","_links_to_target":""},"class_list":["post-20","page","type-page","status-publish","hentry","wp-sticky"],"acf":[],"yoast_head":"<!-- This site is optimized with the Yoast SEO plugin v27.4 - https:\/\/yoast.com\/product\/yoast-seo-wordpress\/ -->\n<title>Vilka vi \u00e4r - Mag- och tarmf\u00f6reningen i Fyrbodal<\/title>\n<meta name=\"robots\" content=\"index, follow, max-snippet:-1, max-image-preview:large, max-video-preview:-1\" \/>\n<link rel=\"canonical\" href=\"https:\/\/magotarm.se\/fyrbodals-lokalavdelning\/vilka-vi-ar\/\" \/>\n<meta property=\"og:locale\" content=\"sv_SE\" \/>\n<meta property=\"og:type\" content=\"article\" \/>\n<meta property=\"og:title\" content=\"Vilka vi \u00e4r - Mag- och tarmf\u00f6reningen i Fyrbodal\" \/>\n<meta property=\"og:description\" content=\"Mag- och tarmf\u00f6reningen i Fyrbodal har f\u00f6r n\u00e4rvarande cirka 240 medlemmar. F\u00f6reningen v\u00e4nder sig till personer med sjukdomar eller ...\" \/>\n<meta property=\"og:url\" content=\"https:\/\/magotarm.se\/fyrbodals-lokalavdelning\/vilka-vi-ar\/\" \/>\n<meta property=\"og:site_name\" content=\"Mag- och tarmf\u00f6reningen i Fyrbodal\" \/>\n<meta property=\"article:modified_time\" content=\"2015-11-17T13:34:43+00:00\" \/>\n<meta name=\"twitter:card\" content=\"summary_large_image\" \/>\n<meta name=\"twitter:label1\" content=\"Ber\u00e4knad l\u00e4stid\" \/>\n\t<meta name=\"twitter:data1\" content=\"1 minut\" \/>\n<script type=\"application\/ld+json\" class=\"yoast-schema-graph\">{\"@context\":\"https:\\\/\\\/schema.org\",\"@graph\":[{\"@type\":\"WebPage\",\"@id\":\"https:\\\/\\\/magotarm.se\\\/fyrbodals-lokalavdelning\\\/vilka-vi-ar\\\/\",\"url\":\"https:\\\/\\\/magotarm.se\\\/fyrbodals-lokalavdelning\\\/vilka-vi-ar\\\/\",\"name\":\"Vilka vi \u00e4r - Mag- och tarmf\u00f6reningen i Fyrbodal\",\"isPartOf\":{\"@id\":\"https:\\\/\\\/magotarm.se\\\/fyrbodals-lokalavdelning\\\/#website\"},\"datePublished\":\"2015-11-02T11:28:20+00:00\",\"dateModified\":\"2015-11-17T13:34:43+00:00\",\"breadcrumb\":{\"@id\":\"https:\\\/\\\/magotarm.se\\\/fyrbodals-lokalavdelning\\\/vilka-vi-ar\\\/#breadcrumb\"},\"inLanguage\":\"sv-SE\",\"potentialAction\":[{\"@type\":\"ReadAction\",\"target\":[\"https:\\\/\\\/magotarm.se\\\/fyrbodals-lokalavdelning\\\/vilka-vi-ar\\\/\"]}]},{\"@type\":\"BreadcrumbList\",\"@id\":\"https:\\\/\\\/magotarm.se\\\/fyrbodals-lokalavdelning\\\/vilka-vi-ar\\\/#breadcrumb\",\"itemListElement\":[{\"@type\":\"ListItem\",\"position\":1,\"name\":\"Hem\",\"item\":\"https:\\\/\\\/magotarm.se\\\/fyrbodals-lokalavdelning\\\/\"},{\"@type\":\"ListItem\",\"position\":2,\"name\":\"Vilka vi \u00e4r\"}]},{\"@type\":\"WebSite\",\"@id\":\"https:\\\/\\\/magotarm.se\\\/fyrbodals-lokalavdelning\\\/#website\",\"url\":\"https:\\\/\\\/magotarm.se\\\/fyrbodals-lokalavdelning\\\/\",\"name\":\"Mag- och tarmf\u00f6reningen i Fyrbodal\",\"description\":\"En till Mag- och tarmf\u00f6rbundets Webbplatser webbplats\",\"potentialAction\":[{\"@type\":\"SearchAction\",\"target\":{\"@type\":\"EntryPoint\",\"urlTemplate\":\"https:\\\/\\\/magotarm.se\\\/fyrbodals-lokalavdelning\\\/?s={search_term_string}\"},\"query-input\":{\"@type\":\"PropertyValueSpecification\",\"valueRequired\":true,\"valueName\":\"search_term_string\"}}],\"inLanguage\":\"sv-SE\"}]}<\/script>\n<!-- \/ Yoast SEO plugin. -->","yoast_head_json":{"title":"Vilka vi \u00e4r - Mag- och tarmf\u00f6reningen i Fyrbodal","robots":{"index":"index","follow":"follow","max-snippet":"max-snippet:-1","max-image-preview":"max-image-preview:large","max-video-preview":"max-video-preview:-1"},"canonical":"https:\/\/magotarm.se\/fyrbodals-lokalavdelning\/vilka-vi-ar\/","og_locale":"sv_SE","og_type":"article","og_title":"Vilka vi \u00e4r - Mag- och tarmf\u00f6reningen i Fyrbodal","og_description":"Mag- och tarmf\u00f6reningen i Fyrbodal har f\u00f6r n\u00e4rvarande cirka 240 medlemmar. F\u00f6reningen v\u00e4nder sig till personer med sjukdomar eller ...","og_url":"https:\/\/magotarm.se\/fyrbodals-lokalavdelning\/vilka-vi-ar\/","og_site_name":"Mag- och tarmf\u00f6reningen i Fyrbodal","article_modified_time":"2015-11-17T13:34:43+00:00","twitter_card":"summary_large_image","twitter_misc":{"Ber\u00e4knad l\u00e4stid":"1 minut"},"schema":{"@context":"https:\/\/schema.org","@graph":[{"@type":"WebPage","@id":"https:\/\/magotarm.se\/fyrbodals-lokalavdelning\/vilka-vi-ar\/","url":"https:\/\/magotarm.se\/fyrbodals-lokalavdelning\/vilka-vi-ar\/","name":"Vilka vi \u00e4r - Mag- och tarmf\u00f6reningen i Fyrbodal","isPartOf":{"@id":"https:\/\/magotarm.se\/fyrbodals-lokalavdelning\/#website"},"datePublished":"2015-11-02T11:28:20+00:00","dateModified":"2015-11-17T13:34:43+00:00","breadcrumb":{"@id":"https:\/\/magotarm.se\/fyrbodals-lokalavdelning\/vilka-vi-ar\/#breadcrumb"},"inLanguage":"sv-SE","potentialAction":[{"@type":"ReadAction","target":["https:\/\/magotarm.se\/fyrbodals-lokalavdelning\/vilka-vi-ar\/"]}]},{"@type":"BreadcrumbList","@id":"https:\/\/magotarm.se\/fyrbodals-lokalavdelning\/vilka-vi-ar\/#breadcrumb","itemListElement":[{"@type":"ListItem","position":1,"name":"Hem","item":"https:\/\/magotarm.se\/fyrbodals-lokalavdelning\/"},{"@type":"ListItem","position":2,"name":"Vilka vi \u00e4r"}]},{"@type":"WebSite","@id":"https:\/\/magotarm.se\/fyrbodals-lokalavdelning\/#website","url":"https:\/\/magotarm.se\/fyrbodals-lokalavdelning\/","name":"Mag- och tarmf\u00f6reningen i Fyrbodal","description":"En till Mag- och tarmf\u00f6rbundets Webbplatser webbplats","potentialAction":[{"@type":"SearchAction","target":{"@type":"EntryPoint","urlTemplate":"https:\/\/magotarm.se\/fyrbodals-lokalavdelning\/?s={search_term_string}"},"query-input":{"@type":"PropertyValueSpecification","valueRequired":true,"valueName":"search_term_string"}}],"inLanguage":"sv-SE"}]}},"_links":{"self":[{"href":"https:\/\/magotarm.se\/fyrbodals-lokalavdelning\/wp-json\/wp\/v2\/pages\/20","targetHints":{"allow":["GET"]}}],"collection":[{"href":"https:\/\/magotarm.se\/fyrbodals-lokalavdelning\/wp-json\/wp\/v2\/pages"}],"about":[{"href":"https:\/\/magotarm.se\/fyrbodals-lokalavdelning\/wp-json\/wp\/v2\/types\/page"}],"author":[{"embeddable":true,"href":"https:\/\/magotarm.se\/fyrbodals-lokalavdelning\/wp-json\/wp\/v2\/users\/3"}],"replies":[{"embeddable":true,"href":"https:\/\/magotarm.se\/fyrbodals-lokalavdelning\/wp-json\/wp\/v2\/comments?post=20"}],"version-history":[{"count":2,"href":"https:\/\/magotarm.se\/fyrbodals-lokalavdelning\/wp-json\/wp\/v2\/pages\/20\/revisions"}],"predecessor-version":[{"id":48,"href":"https:\/\/magotarm.se\/fyrbodals-lokalavdelning\/wp-json\/wp\/v2\/pages\/20\/revisions\/48"}],"wp:attachment":[{"href":"https:\/\/magotarm.se\/fyrbodals-lokalavdelning\/wp-json\/wp\/v2\/media?parent=20"}],"curies":[{"name":"wp","href":"https:\/\/api.w.org\/{rel}","templated":true}]}}